{"id":36628,"date":"2025-04-24T06:28:55","date_gmt":"2025-04-24T04:28:55","guid":{"rendered":"https:\/\/annette-ahrens.at\/onlineshop\/?post_type=product&#038;p=36628"},"modified":"2025-05-16T13:54:21","modified_gmt":"2025-05-16T11:54:21","slug":"6-bunte-kaffeetassen-daisy-fa-lilien-porzellan-wilhelmsburg-um-1960","status":"publish","type":"product","link":"https:\/\/annette-ahrens.at\/onlineshop\/produkt\/6-bunte-kaffeetassen-daisy-fa-lilien-porzellan-wilhelmsburg-um-1960\/","title":{"rendered":"6 seltene, bunte Kaffeetassen &#8222;Daisy&#8220;, Fa. Lilien-Porzellan, Wilhelmsburg, um 1960"},"content":{"rendered":"<p>6 seltene, bunte Doppelmokkatassen &#8222;Daisy&#8220;<\/p>\n<p>Fa. Lilien-Porzellan, Wilhelmsburg, um 1960<\/p>\n<p>Porzellan, glasiert, Wandung in 6 verschiedenen Pastellfarben Dekor: Melange, Form: Cup, eingepresst 15 ( f\u00fcr doppelte Demitasse) wei\u00dfer Henkel, gr\u00fcne Fabriksmarke LILIEN PORZELLAN AUSTRIA (Foto kann von den tats\u00e4chlichen Marken abweichen), Unterteller mit weissem Stellring und bunter Fahne, tadelloser Erhaltungszustand<\/p>\n<p>H 6,4 cm (Tasse), Dm 9,3 cm<\/p>\n<p>Dm 13,8 cm (Unterteller)<\/p>\n<p>Literatur: Ren\u00e9 Edenhofer, Lilien-Porzellan, Daisy, Liebling der Massen, 2011<\/p>\n","protected":false},"excerpt":{"rendered":"<p>Annettes Etikette: Mit \u201eDaisy\u201c, dem pastellfarbigen Tafelgeschirr der Lilienporzellan-Serie, wurde erstmals 1959 ein Tisch gedeckt. Erst 1991 wurde es vom Markt genommen. Bei diesem Set bin ich stolz auf den wunderbaren Erhaltungszustand.Der kantige Unterteller mit weissem Stellring ist laut Autor Ren\u00e9 Edenhofer um 1960 zu datieren. Die doppelte Demitasse Gr\u00f6\u00dfe mit eingepresster Nummer 15 geh\u00f6rt zu den seltenen Ausformungen.<\/p>\n","protected":false},"featured_media":37034,"comment_status":"open","ping_status":"closed","template":"","meta":[],"product_brand":[],"product_cat":[25,297,18,37,147,26],"product_tag":[],"class_list":{"0":"post-36628","1":"product","2":"type-product","3":"status-publish","4":"has-post-thumbnail","6":"product_cat-5o-clock-tea","7":"product_cat-adventjause","8":"product_cat-fruehstueck","9":"product_cat-kaffee","10":"product_cat-moccatassen","11":"product_cat-wiener-melange","13":"first","14":"instock","15":"purchasable","16":"product-type-simple"},"yoast_head":"<!-- This site is optimized with the Yoast SEO Premium plugin v15.8.2 - https:\/\/yoast.com\/wordpress\/plugins\/seo\/ -->\n<title>6 seltene, bunte Kaffeetassen &quot;Daisy&quot;, Fa. Lilien-Porzellan, Wilhelmsburg, um 1960<\/title>\n<meta name=\"description\" content=\"6 seltene, bunte Kaffeetassen &quot;Daisy&quot;, Fa. Lilien-Porzellan, Wilhelmsburg, um 1960 \u2665 Antiquit\u00e4ten Online kaufen \u2713 Sichere Lieferung \u2713\" \/>\n<meta name=\"robots\" content=\"index, follow, max-snippet:-1, max-image-preview:large, max-video-preview:-1\" \/>\n<link rel=\"canonical\" href=\"https:\/\/annette-ahrens.at\/onlineshop\/produkt\/6-bunte-kaffeetassen-daisy-fa-lilien-porzellan-wilhelmsburg-um-1960\/\" \/>\n<meta property=\"og:locale\" content=\"de_DE\" \/>\n<meta property=\"og:type\" content=\"article\" \/>\n<meta property=\"og:title\" content=\"6 seltene, bunte Kaffeetassen &quot;Daisy&quot;, Fa. Lilien-Porzellan, Wilhelmsburg, um 1960\" \/>\n<meta property=\"og:description\" content=\"6 seltene, bunte Kaffeetassen &quot;Daisy&quot;, Fa. Lilien-Porzellan, Wilhelmsburg, um 1960 \u2665 Antiquit\u00e4ten Online kaufen \u2713 Sichere Lieferung \u2713\" \/>\n<meta property=\"og:url\" content=\"https:\/\/annette-ahrens.at\/onlineshop\/produkt\/6-bunte-kaffeetassen-daisy-fa-lilien-porzellan-wilhelmsburg-um-1960\/\" \/>\n<meta property=\"og:site_name\" content=\"Tafelkultur Onlineshop\" \/>\n<meta property=\"article:publisher\" content=\"https:\/\/www.facebook.com\/AnnetteAhrensTafelkultur\" \/>\n<meta property=\"article:modified_time\" content=\"2025-05-16T11:54:21+00:00\" \/>\n<meta property=\"og:image\" content=\"https:\/\/annette-ahrens.at\/onlineshop\/wp-content\/uploads\/2025\/04\/IMG_6649-scaled.jpeg\" \/>\n\t<meta property=\"og:image:width\" content=\"2048\" \/>\n\t<meta property=\"og:image:height\" content=\"1713\" \/>\n<meta name=\"twitter:card\" content=\"summary_large_image\" \/>\n<meta name=\"twitter:label1\" content=\"Gesch\u00e4tzte Lesezeit\">\n\t<meta name=\"twitter:data1\" content=\"1\u00a0Minute\">\n<script type=\"application\/ld+json\" class=\"yoast-schema-graph\">{\"@context\":\"https:\/\/schema.org\",\"@graph\":[{\"@type\":[\"Person\",\"Organization\"],\"@id\":\"https:\/\/annette-ahrens.at\/onlineshop\/#\/schema\/person\/3e19676faae246bba0cb3b7e15f427d8\",\"name\":\"Annette Ahrens\",\"image\":{\"@type\":\"ImageObject\",\"@id\":\"https:\/\/annette-ahrens.at\/onlineshop\/#personlogo\",\"inLanguage\":\"de\",\"url\":\"https:\/\/annette-ahrens.at\/onlineshop\/wp-content\/uploads\/2020\/04\/aa_logo_End.png\",\"width\":800,\"height\":164,\"caption\":\"Annette Ahrens\"},\"logo\":{\"@id\":\"https:\/\/annette-ahrens.at\/onlineshop\/#personlogo\"},\"sameAs\":[\"https:\/\/annette-ahrens.at\",\"https:\/\/www.facebook.com\/AnnetteAhrensTafelkultur\",\"https:\/\/www.instagram.com\/tafelkulturistin\/\",\"https:\/\/de.wikipedia.org\/wiki\/Annette_Ahrens\"]},{\"@type\":\"WebSite\",\"@id\":\"https:\/\/annette-ahrens.at\/onlineshop\/#website\",\"url\":\"https:\/\/annette-ahrens.at\/onlineshop\/\",\"name\":\"Tafelkultur Onlineshop\",\"description\":\"Annette Ahrens\",\"publisher\":{\"@id\":\"https:\/\/annette-ahrens.at\/onlineshop\/#\/schema\/person\/3e19676faae246bba0cb3b7e15f427d8\"},\"potentialAction\":[{\"@type\":\"SearchAction\",\"target\":\"https:\/\/annette-ahrens.at\/onlineshop\/?s={search_term_string}\",\"query-input\":\"required name=search_term_string\"}],\"inLanguage\":\"de\"},{\"@type\":\"ImageObject\",\"@id\":\"https:\/\/annette-ahrens.at\/onlineshop\/produkt\/6-bunte-kaffeetassen-daisy-fa-lilien-porzellan-wilhelmsburg-um-1960\/#primaryimage\",\"inLanguage\":\"de\",\"url\":\"https:\/\/annette-ahrens.at\/onlineshop\/wp-content\/uploads\/2025\/04\/IMG_6649-scaled.jpeg\",\"width\":2048,\"height\":1713,\"caption\":\"kaffeetassen_lilienporzellan_daisy\"},{\"@type\":[\"WebPage\",\"ItemPage\"],\"@id\":\"https:\/\/annette-ahrens.at\/onlineshop\/produkt\/6-bunte-kaffeetassen-daisy-fa-lilien-porzellan-wilhelmsburg-um-1960\/#webpage\",\"url\":\"https:\/\/annette-ahrens.at\/onlineshop\/produkt\/6-bunte-kaffeetassen-daisy-fa-lilien-porzellan-wilhelmsburg-um-1960\/\",\"name\":\"6 seltene, bunte Kaffeetassen \\\"Daisy\\\", Fa. Lilien-Porzellan, Wilhelmsburg, um 1960\",\"isPartOf\":{\"@id\":\"https:\/\/annette-ahrens.at\/onlineshop\/#website\"},\"primaryImageOfPage\":{\"@id\":\"https:\/\/annette-ahrens.at\/onlineshop\/produkt\/6-bunte-kaffeetassen-daisy-fa-lilien-porzellan-wilhelmsburg-um-1960\/#primaryimage\"},\"datePublished\":\"2025-04-24T04:28:55+00:00\",\"dateModified\":\"2025-05-16T11:54:21+00:00\",\"description\":\"6 seltene, bunte Kaffeetassen \\\"Daisy\\\", Fa. Lilien-Porzellan, Wilhelmsburg, um 1960 \\u2665 Antiquit\\u00e4ten Online kaufen \\u2713 Sichere Lieferung \\u2713\",\"breadcrumb\":{\"@id\":\"https:\/\/annette-ahrens.at\/onlineshop\/produkt\/6-bunte-kaffeetassen-daisy-fa-lilien-porzellan-wilhelmsburg-um-1960\/#breadcrumb\"},\"inLanguage\":\"de\",\"potentialAction\":[{\"@type\":\"ReadAction\",\"target\":[\"https:\/\/annette-ahrens.at\/onlineshop\/produkt\/6-bunte-kaffeetassen-daisy-fa-lilien-porzellan-wilhelmsburg-um-1960\/\"]}]},{\"@type\":\"BreadcrumbList\",\"@id\":\"https:\/\/annette-ahrens.at\/onlineshop\/produkt\/6-bunte-kaffeetassen-daisy-fa-lilien-porzellan-wilhelmsburg-um-1960\/#breadcrumb\",\"itemListElement\":[{\"@type\":\"ListItem\",\"position\":1,\"item\":{\"@type\":\"WebPage\",\"@id\":\"https:\/\/annette-ahrens.at\/onlineshop\/\",\"url\":\"https:\/\/annette-ahrens.at\/onlineshop\/\",\"name\":\"Home\"}},{\"@type\":\"ListItem\",\"position\":2,\"item\":{\"@type\":\"WebPage\",\"@id\":\"https:\/\/annette-ahrens.at\/onlineshop\/alle-tafelkultur-objekte\/\",\"url\":\"https:\/\/annette-ahrens.at\/onlineshop\/alle-tafelkultur-objekte\/\",\"name\":\"Alle Tafelkultur Objekte\"}},{\"@type\":\"ListItem\",\"position\":3,\"item\":{\"@type\":\"WebPage\",\"@id\":\"https:\/\/annette-ahrens.at\/onlineshop\/produkt\/6-bunte-kaffeetassen-daisy-fa-lilien-porzellan-wilhelmsburg-um-1960\/\",\"url\":\"https:\/\/annette-ahrens.at\/onlineshop\/produkt\/6-bunte-kaffeetassen-daisy-fa-lilien-porzellan-wilhelmsburg-um-1960\/\",\"name\":\"6 seltene, bunte Kaffeetassen &#8220;Daisy&#8221;, Fa. Lilien-Porzellan, Wilhelmsburg, um 1960\"}}]}]}<\/script>\n<!-- \/ Yoast SEO Premium plugin. -->","_links":{"self":[{"href":"https:\/\/annette-ahrens.at\/onlineshop\/wp-json\/wp\/v2\/product\/36628","targetHints":{"allow":["GET"]}}],"collection":[{"href":"https:\/\/annette-ahrens.at\/onlineshop\/wp-json\/wp\/v2\/product"}],"about":[{"href":"https:\/\/annette-ahrens.at\/onlineshop\/wp-json\/wp\/v2\/types\/product"}],"replies":[{"embeddable":true,"href":"https:\/\/annette-ahrens.at\/onlineshop\/wp-json\/wp\/v2\/comments?post=36628"}],"wp:featuredmedia":[{"embeddable":true,"href":"https:\/\/annette-ahrens.at\/onlineshop\/wp-json\/wp\/v2\/media\/37034"}],"wp:attachment":[{"href":"https:\/\/annette-ahrens.at\/onlineshop\/wp-json\/wp\/v2\/media?parent=36628"}],"wp:term":[{"taxonomy":"product_brand","embeddable":true,"href":"https:\/\/annette-ahrens.at\/onlineshop\/wp-json\/wp\/v2\/product_brand?post=36628"},{"taxonomy":"product_cat","embeddable":true,"href":"https:\/\/annette-ahrens.at\/onlineshop\/wp-json\/wp\/v2\/product_cat?post=36628"},{"taxonomy":"product_tag","embeddable":true,"href":"https:\/\/annette-ahrens.at\/onlineshop\/wp-json\/wp\/v2\/product_tag?post=36628"}],"curies":[{"name":"wp","href":"https:\/\/api.w.org\/{rel}","templated":true}]}}