{"id":36658,"date":"2025-04-16T14:26:53","date_gmt":"2025-04-16T12:26:53","guid":{"rendered":"https:\/\/annette-ahrens.at\/onlineshop\/?post_type=product&#038;p=36658"},"modified":"2025-04-17T20:49:28","modified_gmt":"2025-04-17T18:49:28","slug":"seltene-schnurrbart-tasse-aus-matlock-barth-19-jahrhundert","status":"publish","type":"product","link":"https:\/\/annette-ahrens.at\/onlineshop\/produkt\/seltene-schnurrbart-tasse-aus-matlock-barth-19-jahrhundert\/","title":{"rendered":"Seltene Schnurrbart Tasse aus Matlock Barth, 19. Jahrhundert"},"content":{"rendered":"<p>Antike Schnurrbart Tasse<\/p>\n<p>Deutschland oder England, 19. Jahrhundert<\/p>\n<p>Porzellan, rosa Fond, vergoldet, runder Abstellrand am Boden, frontseitige Vedute: &#8222;The New Pavillion Matlock Bath.&#8220;, Lippenrand mit Abdeckung, um den Schnurrbart zu schonen, kantiger Henkel, ungemarkt, zugeh\u00f6rige Untertasse mit Stellring und identem Fond<\/p>\n<p>H 7,8 cm<\/p>\n<p>Dm 9 cm<\/p>\n<p>Dm 15,5 cm (Untertasse)<\/p>\n","protected":false},"excerpt":{"rendered":"<p>Annettes Etikette: Zu den originellsten St\u00fccken meiner Sammlung z\u00e4hlen sicherlich solche \u201cSchnurrbarttassen\u201d. Bei der heutigen Bartmode ist er ein must-have f\u00fcr seinen stilvollen Tr\u00e4ger. Die bart\u00e4hnlich geschwungene Abdeckung am Lippenrand verhindert ein Eintauchen des Bartes in das Heissgetr\u00e4nk. Richtiges Schnurren mit meinem Schnurrbart-Tasse ist gewiss. Diese Tasse d\u00fcrfte als Souvenir aus dem mond\u00e4nen Touristenort Matlock Bath im englischen Derbyshire gedient haben. Der grosse Pavilion wurde als Konzertsaal bereits 1884 eingeweiht.<\/p>\n","protected":false},"featured_media":36974,"comment_status":"open","ping_status":"closed","template":"","meta":[],"product_brand":[],"product_cat":[18,217,37,226,20,190,38,268,26],"product_tag":[],"class_list":{"0":"post-36658","1":"product","2":"type-product","3":"status-publish","4":"has-post-thumbnail","6":"product_cat-fruehstueck","7":"product_cat-heissgetraenke","8":"product_cat-kaffee","9":"product_cat-kaffee-tee","10":"product_cat-lunchtime","11":"product_cat-suppe","12":"product_cat-tee","13":"product_cat-tee-5o-clock-tea","14":"product_cat-wiener-melange","16":"first","17":"instock","18":"sold-individually","19":"purchasable","20":"product-type-simple"},"yoast_head":"<!-- This site is optimized with the Yoast SEO Premium plugin v15.8.2 - https:\/\/yoast.com\/wordpress\/plugins\/seo\/ -->\n<title>Seltene Schnurrbart Tasse aus Matlock Barth, 19. Jahrhundert<\/title>\n<meta name=\"description\" content=\"Seltene Schnurrbart Tasse aus Matlock Barth, 19. Jahrhundert \u2665 Antiquit\u00e4ten Online kaufen \u2713 Sichere Lieferung \u2713\" \/>\n<meta name=\"robots\" content=\"index, follow, max-snippet:-1, max-image-preview:large, max-video-preview:-1\" \/>\n<link rel=\"canonical\" href=\"https:\/\/annette-ahrens.at\/onlineshop\/produkt\/seltene-schnurrbart-tasse-aus-matlock-barth-19-jahrhundert\/\" \/>\n<meta property=\"og:locale\" content=\"de_DE\" \/>\n<meta property=\"og:type\" content=\"article\" \/>\n<meta property=\"og:title\" content=\"Seltene Schnurrbart Tasse aus Matlock Barth, 19. Jahrhundert\" \/>\n<meta property=\"og:description\" content=\"Seltene Schnurrbart Tasse aus Matlock Barth, 19. Jahrhundert \u2665 Antiquit\u00e4ten Online kaufen \u2713 Sichere Lieferung \u2713\" \/>\n<meta property=\"og:url\" content=\"https:\/\/annette-ahrens.at\/onlineshop\/produkt\/seltene-schnurrbart-tasse-aus-matlock-barth-19-jahrhundert\/\" \/>\n<meta property=\"og:site_name\" content=\"Tafelkultur Onlineshop\" \/>\n<meta property=\"article:publisher\" content=\"https:\/\/www.facebook.com\/AnnetteAhrensTafelkultur\" \/>\n<meta property=\"article:modified_time\" content=\"2025-04-17T18:49:28+00:00\" \/>\n<meta property=\"og:image\" content=\"https:\/\/annette-ahrens.at\/onlineshop\/wp-content\/uploads\/2025\/04\/IMG_6719-scaled.jpeg\" \/>\n\t<meta property=\"og:image:width\" content=\"2048\" \/>\n\t<meta property=\"og:image:height\" content=\"2048\" \/>\n<meta name=\"twitter:card\" content=\"summary_large_image\" \/>\n<meta name=\"twitter:label1\" content=\"Gesch\u00e4tzte Lesezeit\">\n\t<meta name=\"twitter:data1\" content=\"1\u00a0Minute\">\n<script type=\"application\/ld+json\" class=\"yoast-schema-graph\">{\"@context\":\"https:\/\/schema.org\",\"@graph\":[{\"@type\":[\"Person\",\"Organization\"],\"@id\":\"https:\/\/annette-ahrens.at\/onlineshop\/#\/schema\/person\/3e19676faae246bba0cb3b7e15f427d8\",\"name\":\"Annette Ahrens\",\"image\":{\"@type\":\"ImageObject\",\"@id\":\"https:\/\/annette-ahrens.at\/onlineshop\/#personlogo\",\"inLanguage\":\"de\",\"url\":\"https:\/\/annette-ahrens.at\/onlineshop\/wp-content\/uploads\/2020\/04\/aa_logo_End.png\",\"width\":800,\"height\":164,\"caption\":\"Annette Ahrens\"},\"logo\":{\"@id\":\"https:\/\/annette-ahrens.at\/onlineshop\/#personlogo\"},\"sameAs\":[\"https:\/\/annette-ahrens.at\",\"https:\/\/www.facebook.com\/AnnetteAhrensTafelkultur\",\"https:\/\/www.instagram.com\/tafelkulturistin\/\",\"https:\/\/de.wikipedia.org\/wiki\/Annette_Ahrens\"]},{\"@type\":\"WebSite\",\"@id\":\"https:\/\/annette-ahrens.at\/onlineshop\/#website\",\"url\":\"https:\/\/annette-ahrens.at\/onlineshop\/\",\"name\":\"Tafelkultur Onlineshop\",\"description\":\"Annette Ahrens\",\"publisher\":{\"@id\":\"https:\/\/annette-ahrens.at\/onlineshop\/#\/schema\/person\/3e19676faae246bba0cb3b7e15f427d8\"},\"potentialAction\":[{\"@type\":\"SearchAction\",\"target\":\"https:\/\/annette-ahrens.at\/onlineshop\/?s={search_term_string}\",\"query-input\":\"required name=search_term_string\"}],\"inLanguage\":\"de\"},{\"@type\":\"ImageObject\",\"@id\":\"https:\/\/annette-ahrens.at\/onlineshop\/produkt\/seltene-schnurrbart-tasse-aus-matlock-barth-19-jahrhundert\/#primaryimage\",\"inLanguage\":\"de\",\"url\":\"https:\/\/annette-ahrens.at\/onlineshop\/wp-content\/uploads\/2025\/04\/IMG_6719-scaled.jpeg\",\"width\":2048,\"height\":2048},{\"@type\":[\"WebPage\",\"ItemPage\"],\"@id\":\"https:\/\/annette-ahrens.at\/onlineshop\/produkt\/seltene-schnurrbart-tasse-aus-matlock-barth-19-jahrhundert\/#webpage\",\"url\":\"https:\/\/annette-ahrens.at\/onlineshop\/produkt\/seltene-schnurrbart-tasse-aus-matlock-barth-19-jahrhundert\/\",\"name\":\"Seltene Schnurrbart Tasse aus Matlock Barth, 19. Jahrhundert\",\"isPartOf\":{\"@id\":\"https:\/\/annette-ahrens.at\/onlineshop\/#website\"},\"primaryImageOfPage\":{\"@id\":\"https:\/\/annette-ahrens.at\/onlineshop\/produkt\/seltene-schnurrbart-tasse-aus-matlock-barth-19-jahrhundert\/#primaryimage\"},\"datePublished\":\"2025-04-16T12:26:53+00:00\",\"dateModified\":\"2025-04-17T18:49:28+00:00\",\"description\":\"Seltene Schnurrbart Tasse aus Matlock Barth, 19. Jahrhundert \\u2665 Antiquit\\u00e4ten Online kaufen \\u2713 Sichere Lieferung \\u2713\",\"breadcrumb\":{\"@id\":\"https:\/\/annette-ahrens.at\/onlineshop\/produkt\/seltene-schnurrbart-tasse-aus-matlock-barth-19-jahrhundert\/#breadcrumb\"},\"inLanguage\":\"de\",\"potentialAction\":[{\"@type\":\"ReadAction\",\"target\":[\"https:\/\/annette-ahrens.at\/onlineshop\/produkt\/seltene-schnurrbart-tasse-aus-matlock-barth-19-jahrhundert\/\"]}]},{\"@type\":\"BreadcrumbList\",\"@id\":\"https:\/\/annette-ahrens.at\/onlineshop\/produkt\/seltene-schnurrbart-tasse-aus-matlock-barth-19-jahrhundert\/#breadcrumb\",\"itemListElement\":[{\"@type\":\"ListItem\",\"position\":1,\"item\":{\"@type\":\"WebPage\",\"@id\":\"https:\/\/annette-ahrens.at\/onlineshop\/\",\"url\":\"https:\/\/annette-ahrens.at\/onlineshop\/\",\"name\":\"Home\"}},{\"@type\":\"ListItem\",\"position\":2,\"item\":{\"@type\":\"WebPage\",\"@id\":\"https:\/\/annette-ahrens.at\/onlineshop\/alle-tafelkultur-objekte\/\",\"url\":\"https:\/\/annette-ahrens.at\/onlineshop\/alle-tafelkultur-objekte\/\",\"name\":\"Alle Tafelkultur Objekte\"}},{\"@type\":\"ListItem\",\"position\":3,\"item\":{\"@type\":\"WebPage\",\"@id\":\"https:\/\/annette-ahrens.at\/onlineshop\/produkt\/seltene-schnurrbart-tasse-aus-matlock-barth-19-jahrhundert\/\",\"url\":\"https:\/\/annette-ahrens.at\/onlineshop\/produkt\/seltene-schnurrbart-tasse-aus-matlock-barth-19-jahrhundert\/\",\"name\":\"Seltene Schnurrbart Tasse aus Matlock Barth, 19. Jahrhundert\"}}]}]}<\/script>\n<!-- \/ Yoast SEO Premium plugin. -->","_links":{"self":[{"href":"https:\/\/annette-ahrens.at\/onlineshop\/wp-json\/wp\/v2\/product\/36658","targetHints":{"allow":["GET"]}}],"collection":[{"href":"https:\/\/annette-ahrens.at\/onlineshop\/wp-json\/wp\/v2\/product"}],"about":[{"href":"https:\/\/annette-ahrens.at\/onlineshop\/wp-json\/wp\/v2\/types\/product"}],"replies":[{"embeddable":true,"href":"https:\/\/annette-ahrens.at\/onlineshop\/wp-json\/wp\/v2\/comments?post=36658"}],"wp:featuredmedia":[{"embeddable":true,"href":"https:\/\/annette-ahrens.at\/onlineshop\/wp-json\/wp\/v2\/media\/36974"}],"wp:attachment":[{"href":"https:\/\/annette-ahrens.at\/onlineshop\/wp-json\/wp\/v2\/media?parent=36658"}],"wp:term":[{"taxonomy":"product_brand","embeddable":true,"href":"https:\/\/annette-ahrens.at\/onlineshop\/wp-json\/wp\/v2\/product_brand?post=36658"},{"taxonomy":"product_cat","embeddable":true,"href":"https:\/\/annette-ahrens.at\/onlineshop\/wp-json\/wp\/v2\/product_cat?post=36658"},{"taxonomy":"product_tag","embeddable":true,"href":"https:\/\/annette-ahrens.at\/onlineshop\/wp-json\/wp\/v2\/product_tag?post=36658"}],"curies":[{"name":"wp","href":"https:\/\/api.w.org\/{rel}","templated":true}]}}