{"id":36791,"date":"2025-04-18T21:01:21","date_gmt":"2025-04-18T19:01:21","guid":{"rendered":"https:\/\/annette-ahrens.at\/onlineshop\/?post_type=product&#038;p=36791"},"modified":"2025-04-24T16:22:35","modified_gmt":"2025-04-24T14:22:35","slug":"silberne-ei-dose-florenz-2-haelfte-20-jahrhundert-7","status":"publish","type":"product","link":"https:\/\/annette-ahrens.at\/onlineshop\/produkt\/silberne-ei-dose-florenz-2-haelfte-20-jahrhundert-7\/","title":{"rendered":"Silberne Ei-Dose, Florenz, 2. H\u00e4lfte 20. Jahrhundert"},"content":{"rendered":"<p>Silberne Ei-Dose<\/p>\n<p>Florenz, Italien, 2. H\u00e4lfte 20. Jahrhundert<\/p>\n<p>Silber, ovaler, eif\u00f6rmiger Gef\u00e4\u00dfk\u00f6rper, emaillierte Oberfl\u00e4che mit gelb-kobaltblauem Streifendekor, Scharnier mit Daumenrast, gemarkt mit italienischem Feingehaltszeichen 925 im Oval, Stadtmarke Fi f\u00fcr Firenze, handpolierter Erhaltungszustand<\/p>\n<p>L 6 x 4 cm<\/p>\n<p>34 g<\/p>\n<p>Der Eierbecher ist nicht Teil der Lieferung.<\/p>\n","protected":false},"excerpt":{"rendered":"<p>Silberne Ei-Dose Florenz, Italien, 2. H\u00e4lfte 20. Jahrhundert Silber, ovaler, eif\u00f6rmiger Gef\u00e4\u00dfk\u00f6rper, emaillierte Oberfl\u00e4che mit gelb-kobaltblauem Streifendekor, Scharnier mit Daumenrast, gemarkt mit italienischem Feingehaltszeichen 925 im Oval, Stadtmarke Fi f\u00fcr Firenze, handpolierter Erhaltungszustand L 6 x 4 cm 34 g Der Eierbecher ist nicht Teil der Lieferung.<\/p>\n","protected":false},"featured_media":37011,"comment_status":"open","ping_status":"closed","template":"","meta":[],"product_brand":[],"product_cat":[32,31,51,273,131],"product_tag":[],"class_list":{"0":"post-36791","1":"product","2":"type-product","3":"status-publish","4":"has-post-thumbnail","6":"product_cat-festefeiern","7":"product_cat-gastgeschenke","8":"product_cat-ostern","9":"product_cat-silber-fachbuecher","10":"product_cat-tafeldekorationen","12":"first","13":"instock","14":"sold-individually","15":"purchasable","16":"product-type-simple"},"yoast_head":"<!-- This site is optimized with the Yoast SEO Premium plugin v15.8.2 - https:\/\/yoast.com\/wordpress\/plugins\/seo\/ -->\n<title>Silberne Ei-Dose, Florenz, 2. H\u00e4lfte 20. Jahrhundert<\/title>\n<meta name=\"description\" content=\"Silberne Ei-Dose, Florenz, 2. H\u00e4lfte 20. Jahrhundert \u2665 Antiquit\u00e4ten Online kaufen \u2713 Sichere Lieferung \u2713\" \/>\n<meta name=\"robots\" content=\"index, follow, max-snippet:-1, max-image-preview:large, max-video-preview:-1\" \/>\n<link rel=\"canonical\" href=\"https:\/\/annette-ahrens.at\/onlineshop\/produkt\/silberne-ei-dose-florenz-2-haelfte-20-jahrhundert-7\/\" \/>\n<meta property=\"og:locale\" content=\"de_DE\" \/>\n<meta property=\"og:type\" content=\"article\" \/>\n<meta property=\"og:title\" content=\"Silberne Ei-Dose, Florenz, 2. H\u00e4lfte 20. Jahrhundert\" \/>\n<meta property=\"og:description\" content=\"Silberne Ei-Dose, Florenz, 2. H\u00e4lfte 20. Jahrhundert \u2665 Antiquit\u00e4ten Online kaufen \u2713 Sichere Lieferung \u2713\" \/>\n<meta property=\"og:url\" content=\"https:\/\/annette-ahrens.at\/onlineshop\/produkt\/silberne-ei-dose-florenz-2-haelfte-20-jahrhundert-7\/\" \/>\n<meta property=\"og:site_name\" content=\"Tafelkultur Onlineshop\" \/>\n<meta property=\"article:publisher\" content=\"https:\/\/www.facebook.com\/AnnetteAhrensTafelkultur\" \/>\n<meta property=\"article:modified_time\" content=\"2025-04-24T14:22:35+00:00\" \/>\n<meta property=\"og:image\" content=\"https:\/\/annette-ahrens.at\/onlineshop\/wp-content\/uploads\/2025\/04\/IMG_6670-scaled.jpeg\" \/>\n\t<meta property=\"og:image:width\" content=\"1803\" \/>\n\t<meta property=\"og:image:height\" content=\"2048\" \/>\n<meta name=\"twitter:card\" content=\"summary_large_image\" \/>\n<meta name=\"twitter:label1\" content=\"Gesch\u00e4tzte Lesezeit\">\n\t<meta name=\"twitter:data1\" content=\"1\u00a0Minute\">\n<script type=\"application\/ld+json\" class=\"yoast-schema-graph\">{\"@context\":\"https:\/\/schema.org\",\"@graph\":[{\"@type\":[\"Person\",\"Organization\"],\"@id\":\"https:\/\/annette-ahrens.at\/onlineshop\/#\/schema\/person\/3e19676faae246bba0cb3b7e15f427d8\",\"name\":\"Annette Ahrens\",\"image\":{\"@type\":\"ImageObject\",\"@id\":\"https:\/\/annette-ahrens.at\/onlineshop\/#personlogo\",\"inLanguage\":\"de\",\"url\":\"https:\/\/annette-ahrens.at\/onlineshop\/wp-content\/uploads\/2020\/04\/aa_logo_End.png\",\"width\":800,\"height\":164,\"caption\":\"Annette Ahrens\"},\"logo\":{\"@id\":\"https:\/\/annette-ahrens.at\/onlineshop\/#personlogo\"},\"sameAs\":[\"https:\/\/annette-ahrens.at\",\"https:\/\/www.facebook.com\/AnnetteAhrensTafelkultur\",\"https:\/\/www.instagram.com\/tafelkulturistin\/\",\"https:\/\/de.wikipedia.org\/wiki\/Annette_Ahrens\"]},{\"@type\":\"WebSite\",\"@id\":\"https:\/\/annette-ahrens.at\/onlineshop\/#website\",\"url\":\"https:\/\/annette-ahrens.at\/onlineshop\/\",\"name\":\"Tafelkultur Onlineshop\",\"description\":\"Annette Ahrens\",\"publisher\":{\"@id\":\"https:\/\/annette-ahrens.at\/onlineshop\/#\/schema\/person\/3e19676faae246bba0cb3b7e15f427d8\"},\"potentialAction\":[{\"@type\":\"SearchAction\",\"target\":\"https:\/\/annette-ahrens.at\/onlineshop\/?s={search_term_string}\",\"query-input\":\"required name=search_term_string\"}],\"inLanguage\":\"de\"},{\"@type\":\"ImageObject\",\"@id\":\"https:\/\/annette-ahrens.at\/onlineshop\/produkt\/silberne-ei-dose-florenz-2-haelfte-20-jahrhundert-7\/#primaryimage\",\"inLanguage\":\"de\",\"url\":\"https:\/\/annette-ahrens.at\/onlineshop\/wp-content\/uploads\/2025\/04\/IMG_6670-scaled.jpeg\",\"width\":1803,\"height\":2048},{\"@type\":[\"WebPage\",\"ItemPage\"],\"@id\":\"https:\/\/annette-ahrens.at\/onlineshop\/produkt\/silberne-ei-dose-florenz-2-haelfte-20-jahrhundert-7\/#webpage\",\"url\":\"https:\/\/annette-ahrens.at\/onlineshop\/produkt\/silberne-ei-dose-florenz-2-haelfte-20-jahrhundert-7\/\",\"name\":\"Silberne Ei-Dose, Florenz, 2. H\\u00e4lfte 20. Jahrhundert\",\"isPartOf\":{\"@id\":\"https:\/\/annette-ahrens.at\/onlineshop\/#website\"},\"primaryImageOfPage\":{\"@id\":\"https:\/\/annette-ahrens.at\/onlineshop\/produkt\/silberne-ei-dose-florenz-2-haelfte-20-jahrhundert-7\/#primaryimage\"},\"datePublished\":\"2025-04-18T19:01:21+00:00\",\"dateModified\":\"2025-04-24T14:22:35+00:00\",\"description\":\"Silberne Ei-Dose, Florenz, 2. H\\u00e4lfte 20. Jahrhundert \\u2665 Antiquit\\u00e4ten Online kaufen \\u2713 Sichere Lieferung \\u2713\",\"breadcrumb\":{\"@id\":\"https:\/\/annette-ahrens.at\/onlineshop\/produkt\/silberne-ei-dose-florenz-2-haelfte-20-jahrhundert-7\/#breadcrumb\"},\"inLanguage\":\"de\",\"potentialAction\":[{\"@type\":\"ReadAction\",\"target\":[\"https:\/\/annette-ahrens.at\/onlineshop\/produkt\/silberne-ei-dose-florenz-2-haelfte-20-jahrhundert-7\/\"]}]},{\"@type\":\"BreadcrumbList\",\"@id\":\"https:\/\/annette-ahrens.at\/onlineshop\/produkt\/silberne-ei-dose-florenz-2-haelfte-20-jahrhundert-7\/#breadcrumb\",\"itemListElement\":[{\"@type\":\"ListItem\",\"position\":1,\"item\":{\"@type\":\"WebPage\",\"@id\":\"https:\/\/annette-ahrens.at\/onlineshop\/\",\"url\":\"https:\/\/annette-ahrens.at\/onlineshop\/\",\"name\":\"Home\"}},{\"@type\":\"ListItem\",\"position\":2,\"item\":{\"@type\":\"WebPage\",\"@id\":\"https:\/\/annette-ahrens.at\/onlineshop\/alle-tafelkultur-objekte\/\",\"url\":\"https:\/\/annette-ahrens.at\/onlineshop\/alle-tafelkultur-objekte\/\",\"name\":\"Alle Tafelkultur Objekte\"}},{\"@type\":\"ListItem\",\"position\":3,\"item\":{\"@type\":\"WebPage\",\"@id\":\"https:\/\/annette-ahrens.at\/onlineshop\/produkt\/silberne-ei-dose-florenz-2-haelfte-20-jahrhundert-7\/\",\"url\":\"https:\/\/annette-ahrens.at\/onlineshop\/produkt\/silberne-ei-dose-florenz-2-haelfte-20-jahrhundert-7\/\",\"name\":\"Silberne Ei-Dose, Florenz, 2. H\\u00e4lfte 20. Jahrhundert\"}}]}]}<\/script>\n<!-- \/ Yoast SEO Premium plugin. -->","_links":{"self":[{"href":"https:\/\/annette-ahrens.at\/onlineshop\/wp-json\/wp\/v2\/product\/36791","targetHints":{"allow":["GET"]}}],"collection":[{"href":"https:\/\/annette-ahrens.at\/onlineshop\/wp-json\/wp\/v2\/product"}],"about":[{"href":"https:\/\/annette-ahrens.at\/onlineshop\/wp-json\/wp\/v2\/types\/product"}],"replies":[{"embeddable":true,"href":"https:\/\/annette-ahrens.at\/onlineshop\/wp-json\/wp\/v2\/comments?post=36791"}],"wp:featuredmedia":[{"embeddable":true,"href":"https:\/\/annette-ahrens.at\/onlineshop\/wp-json\/wp\/v2\/media\/37011"}],"wp:attachment":[{"href":"https:\/\/annette-ahrens.at\/onlineshop\/wp-json\/wp\/v2\/media?parent=36791"}],"wp:term":[{"taxonomy":"product_brand","embeddable":true,"href":"https:\/\/annette-ahrens.at\/onlineshop\/wp-json\/wp\/v2\/product_brand?post=36791"},{"taxonomy":"product_cat","embeddable":true,"href":"https:\/\/annette-ahrens.at\/onlineshop\/wp-json\/wp\/v2\/product_cat?post=36791"},{"taxonomy":"product_tag","embeddable":true,"href":"https:\/\/annette-ahrens.at\/onlineshop\/wp-json\/wp\/v2\/product_tag?post=36791"}],"curies":[{"name":"wp","href":"https:\/\/api.w.org\/{rel}","templated":true}]}}