{"id":36897,"date":"2025-04-15T07:12:15","date_gmt":"2025-04-15T05:12:15","guid":{"rendered":"https:\/\/annette-ahrens.at\/onlineshop\/?post_type=product&#038;p=36897"},"modified":"2025-04-14T08:37:20","modified_gmt":"2025-04-14T06:37:20","slug":"versilberte-art-deco-sauciere-kopenhagen-um-1940","status":"publish","type":"product","link":"https:\/\/annette-ahrens.at\/onlineshop\/produkt\/versilberte-art-deco-sauciere-kopenhagen-um-1940\/","title":{"rendered":"Versilberte Art Deco Sauci\u00e8re, Kopenhagen, um 1940"},"content":{"rendered":"<p>Versilberte Art Deco Sauci\u00e8re<\/p>\n<p>Fa. Madsen &amp; T. Baag\u00f8es Elektroplet- og Nys\u00f8lvvarefabrik<b>, <\/b>Kopenhagen, D\u00e4nemark, um 1940<\/p>\n<p>Alpacca, versilbert, Schale mit zwei Henkeln, am Boden gemarkt mit d\u00e4nischer Herstellermarke M &amp; TB \u00a0(Fa. Madsen &amp; T. Baag\u00f8es) und N.S. f\u00fcr Ny S\u00f8lv (Versilbert), altersbedingter Erhaltungszustand mit leichten Gebrauchsspuren<\/p>\n<p>L 18,5 x 15 cm<\/p>\n<p>H 7,7 cm<\/p>\n","protected":false},"excerpt":{"rendered":"<p>Annettes Etikette: Sauci\u00e8ren sind so herrlich altmodisch und dennoch bis heute so unglaublich praktikabel. Diese d\u00e4nische Sauci\u00e8re ist f\u00fcr unsere Breiten ungew\u00f6hnlich. Auch Erbsen, Bonbons oder Blumen k\u00f6nnen hier dem Steak die Show stehlen. Das Design erinnert stark an Georg Jensen.<\/p>\n","protected":false},"featured_media":36905,"comment_status":"open","ping_status":"closed","template":"","meta":[],"product_brand":[],"product_cat":[32,166,301,20,285,209,311,53],"product_tag":[],"class_list":{"0":"post-36897","1":"product","2":"type-product","3":"status-publish","4":"has-post-thumbnail","6":"product_cat-festefeiern","7":"product_cat-fleisch","8":"product_cat-fondue","9":"product_cat-lunchtime","10":"product_cat-sauciere-tafeldekorationen","11":"product_cat-sauciere","12":"product_cat-tafelinventar","13":"product_cat-weihnachten","15":"first","16":"instock","17":"sold-individually","18":"purchasable","19":"product-type-simple"},"yoast_head":"<!-- This site is optimized with the Yoast SEO Premium plugin v15.8.2 - https:\/\/yoast.com\/wordpress\/plugins\/seo\/ -->\n<title>Versilberte Art Deco Sauci\u00e8re, Kopenhagen, um 1940<\/title>\n<meta name=\"description\" content=\"Versilberte Art Deco Sauci\u00e8re, Kopenhagen, um 1940 \u2665 Antiquit\u00e4ten Online kaufen \u2713 Sichere Lieferung \u2713\" \/>\n<meta name=\"robots\" content=\"index, follow, max-snippet:-1, max-image-preview:large, max-video-preview:-1\" \/>\n<link rel=\"canonical\" href=\"https:\/\/annette-ahrens.at\/onlineshop\/produkt\/versilberte-art-deco-sauciere-kopenhagen-um-1940\/\" \/>\n<meta property=\"og:locale\" content=\"de_DE\" \/>\n<meta property=\"og:type\" content=\"article\" \/>\n<meta property=\"og:title\" content=\"Versilberte Art Deco Sauci\u00e8re, Kopenhagen, um 1940\" \/>\n<meta property=\"og:description\" content=\"Versilberte Art Deco Sauci\u00e8re, Kopenhagen, um 1940 \u2665 Antiquit\u00e4ten Online kaufen \u2713 Sichere Lieferung \u2713\" \/>\n<meta property=\"og:url\" content=\"https:\/\/annette-ahrens.at\/onlineshop\/produkt\/versilberte-art-deco-sauciere-kopenhagen-um-1940\/\" \/>\n<meta property=\"og:site_name\" content=\"Tafelkultur Onlineshop\" \/>\n<meta property=\"article:publisher\" content=\"https:\/\/www.facebook.com\/AnnetteAhrensTafelkultur\" \/>\n<meta property=\"article:modified_time\" content=\"2025-04-14T06:37:20+00:00\" \/>\n<meta property=\"og:image\" content=\"https:\/\/annette-ahrens.at\/onlineshop\/wp-content\/uploads\/2025\/04\/IMG_6583-scaled.jpeg\" \/>\n\t<meta property=\"og:image:width\" content=\"2048\" \/>\n\t<meta property=\"og:image:height\" content=\"1894\" \/>\n<meta name=\"twitter:card\" content=\"summary_large_image\" \/>\n<meta name=\"twitter:label1\" content=\"Gesch\u00e4tzte Lesezeit\">\n\t<meta name=\"twitter:data1\" content=\"1\u00a0Minute\">\n<script type=\"application\/ld+json\" class=\"yoast-schema-graph\">{\"@context\":\"https:\/\/schema.org\",\"@graph\":[{\"@type\":[\"Person\",\"Organization\"],\"@id\":\"https:\/\/annette-ahrens.at\/onlineshop\/#\/schema\/person\/3e19676faae246bba0cb3b7e15f427d8\",\"name\":\"Annette Ahrens\",\"image\":{\"@type\":\"ImageObject\",\"@id\":\"https:\/\/annette-ahrens.at\/onlineshop\/#personlogo\",\"inLanguage\":\"de\",\"url\":\"https:\/\/annette-ahrens.at\/onlineshop\/wp-content\/uploads\/2020\/04\/aa_logo_End.png\",\"width\":800,\"height\":164,\"caption\":\"Annette Ahrens\"},\"logo\":{\"@id\":\"https:\/\/annette-ahrens.at\/onlineshop\/#personlogo\"},\"sameAs\":[\"https:\/\/annette-ahrens.at\",\"https:\/\/www.facebook.com\/AnnetteAhrensTafelkultur\",\"https:\/\/www.instagram.com\/tafelkulturistin\/\",\"https:\/\/de.wikipedia.org\/wiki\/Annette_Ahrens\"]},{\"@type\":\"WebSite\",\"@id\":\"https:\/\/annette-ahrens.at\/onlineshop\/#website\",\"url\":\"https:\/\/annette-ahrens.at\/onlineshop\/\",\"name\":\"Tafelkultur Onlineshop\",\"description\":\"Annette Ahrens\",\"publisher\":{\"@id\":\"https:\/\/annette-ahrens.at\/onlineshop\/#\/schema\/person\/3e19676faae246bba0cb3b7e15f427d8\"},\"potentialAction\":[{\"@type\":\"SearchAction\",\"target\":\"https:\/\/annette-ahrens.at\/onlineshop\/?s={search_term_string}\",\"query-input\":\"required name=search_term_string\"}],\"inLanguage\":\"de\"},{\"@type\":\"ImageObject\",\"@id\":\"https:\/\/annette-ahrens.at\/onlineshop\/produkt\/versilberte-art-deco-sauciere-kopenhagen-um-1940\/#primaryimage\",\"inLanguage\":\"de\",\"url\":\"https:\/\/annette-ahrens.at\/onlineshop\/wp-content\/uploads\/2025\/04\/IMG_6583-scaled.jpeg\",\"width\":2048,\"height\":1894,\"caption\":\"sauciere_d\\u00e4nemark\"},{\"@type\":[\"WebPage\",\"ItemPage\"],\"@id\":\"https:\/\/annette-ahrens.at\/onlineshop\/produkt\/versilberte-art-deco-sauciere-kopenhagen-um-1940\/#webpage\",\"url\":\"https:\/\/annette-ahrens.at\/onlineshop\/produkt\/versilberte-art-deco-sauciere-kopenhagen-um-1940\/\",\"name\":\"Versilberte Art Deco Sauci\\u00e8re, Kopenhagen, um 1940\",\"isPartOf\":{\"@id\":\"https:\/\/annette-ahrens.at\/onlineshop\/#website\"},\"primaryImageOfPage\":{\"@id\":\"https:\/\/annette-ahrens.at\/onlineshop\/produkt\/versilberte-art-deco-sauciere-kopenhagen-um-1940\/#primaryimage\"},\"datePublished\":\"2025-04-15T05:12:15+00:00\",\"dateModified\":\"2025-04-14T06:37:20+00:00\",\"description\":\"Versilberte Art Deco Sauci\\u00e8re, Kopenhagen, um 1940 \\u2665 Antiquit\\u00e4ten Online kaufen \\u2713 Sichere Lieferung \\u2713\",\"breadcrumb\":{\"@id\":\"https:\/\/annette-ahrens.at\/onlineshop\/produkt\/versilberte-art-deco-sauciere-kopenhagen-um-1940\/#breadcrumb\"},\"inLanguage\":\"de\",\"potentialAction\":[{\"@type\":\"ReadAction\",\"target\":[\"https:\/\/annette-ahrens.at\/onlineshop\/produkt\/versilberte-art-deco-sauciere-kopenhagen-um-1940\/\"]}]},{\"@type\":\"BreadcrumbList\",\"@id\":\"https:\/\/annette-ahrens.at\/onlineshop\/produkt\/versilberte-art-deco-sauciere-kopenhagen-um-1940\/#breadcrumb\",\"itemListElement\":[{\"@type\":\"ListItem\",\"position\":1,\"item\":{\"@type\":\"WebPage\",\"@id\":\"https:\/\/annette-ahrens.at\/onlineshop\/\",\"url\":\"https:\/\/annette-ahrens.at\/onlineshop\/\",\"name\":\"Home\"}},{\"@type\":\"ListItem\",\"position\":2,\"item\":{\"@type\":\"WebPage\",\"@id\":\"https:\/\/annette-ahrens.at\/onlineshop\/alle-tafelkultur-objekte\/\",\"url\":\"https:\/\/annette-ahrens.at\/onlineshop\/alle-tafelkultur-objekte\/\",\"name\":\"Alle Tafelkultur Objekte\"}},{\"@type\":\"ListItem\",\"position\":3,\"item\":{\"@type\":\"WebPage\",\"@id\":\"https:\/\/annette-ahrens.at\/onlineshop\/produkt\/versilberte-art-deco-sauciere-kopenhagen-um-1940\/\",\"url\":\"https:\/\/annette-ahrens.at\/onlineshop\/produkt\/versilberte-art-deco-sauciere-kopenhagen-um-1940\/\",\"name\":\"Versilberte Art Deco Sauci\\u00e8re, Kopenhagen, um 1940\"}}]}]}<\/script>\n<!-- \/ Yoast SEO Premium plugin. -->","_links":{"self":[{"href":"https:\/\/annette-ahrens.at\/onlineshop\/wp-json\/wp\/v2\/product\/36897","targetHints":{"allow":["GET"]}}],"collection":[{"href":"https:\/\/annette-ahrens.at\/onlineshop\/wp-json\/wp\/v2\/product"}],"about":[{"href":"https:\/\/annette-ahrens.at\/onlineshop\/wp-json\/wp\/v2\/types\/product"}],"replies":[{"embeddable":true,"href":"https:\/\/annette-ahrens.at\/onlineshop\/wp-json\/wp\/v2\/comments?post=36897"}],"wp:featuredmedia":[{"embeddable":true,"href":"https:\/\/annette-ahrens.at\/onlineshop\/wp-json\/wp\/v2\/media\/36905"}],"wp:attachment":[{"href":"https:\/\/annette-ahrens.at\/onlineshop\/wp-json\/wp\/v2\/media?parent=36897"}],"wp:term":[{"taxonomy":"product_brand","embeddable":true,"href":"https:\/\/annette-ahrens.at\/onlineshop\/wp-json\/wp\/v2\/product_brand?post=36897"},{"taxonomy":"product_cat","embeddable":true,"href":"https:\/\/annette-ahrens.at\/onlineshop\/wp-json\/wp\/v2\/product_cat?post=36897"},{"taxonomy":"product_tag","embeddable":true,"href":"https:\/\/annette-ahrens.at\/onlineshop\/wp-json\/wp\/v2\/product_tag?post=36897"}],"curies":[{"name":"wp","href":"https:\/\/api.w.org\/{rel}","templated":true}]}}