{"id":36898,"date":"2025-06-09T06:25:47","date_gmt":"2025-06-09T04:25:47","guid":{"rendered":"https:\/\/annette-ahrens.at\/onlineshop\/?post_type=product&#038;p=36898"},"modified":"2025-06-05T13:14:17","modified_gmt":"2025-06-05T11:14:17","slug":"versilberter-jugendstil-eierstaender-fuer-2-eier-wien-um-1900","status":"publish","type":"product","link":"https:\/\/annette-ahrens.at\/onlineshop\/produkt\/versilberter-jugendstil-eierstaender-fuer-2-eier-wien-um-1900\/","title":{"rendered":"Versilberter Jugendstil Eierst\u00e4nder f\u00fcr 2 Eier, Wien, um 1900"},"content":{"rendered":"<p>Versilberter Jugendstil Eierst\u00e4nder f\u00fcr 2 Eier<\/p>\n<p>Wien, um 1900<\/p>\n<p>Alpacca, versilbert, ovaler St\u00e4nder auf F\u00fc\u00dfchen, Halteringe f\u00fcr zwei pokalf\u00f6rmige Gef\u00e4\u00dfk\u00f6rper, Halteschlitze f\u00fcr zwei Eierl\u00f6ffel, zwei Gew\u00fcrzschalen aus farblosem Glas, ungemarkt, altersbedingter, handpolierter Erhaltungszustand<\/p>\n<p>H 18 cm (St\u00e4nder)<\/p>\n<p>Dm 17 cm<\/p>\n","protected":false},"excerpt":{"rendered":"<p>Annettes Etikette: Dieser Jugendstil Eierst\u00e4nder ist bei Tisch ein besonderer Hauptdarsteller, nicht nur zu Ostern sondern f\u00fcr jeden, der gerne weich oder hart gekochte Eier verspeist. Die Quadrate sind ein beliebtes Motiv des Wiener Jugendstils um den Architekten Josef Hoffmann.<\/p>\n","protected":false},"featured_media":37818,"comment_status":"open","ping_status":"closed","template":"","meta":[],"product_brand":[],"product_cat":[142,36,18,51,273],"product_tag":[],"class_list":{"0":"post-36898","1":"product","2":"type-product","3":"status-publish","4":"has-post-thumbnail","6":"product_cat-eier","7":"product_cat-eierbecher","8":"product_cat-fruehstueck","9":"product_cat-ostern","10":"product_cat-silber-fachbuecher","12":"first","13":"instock","14":"sold-individually","15":"purchasable","16":"product-type-simple"},"yoast_head":"<!-- This site is optimized with the Yoast SEO Premium plugin v15.8.2 - https:\/\/yoast.com\/wordpress\/plugins\/seo\/ -->\n<title>Versilberter Jugendstil Eierst\u00e4nder f\u00fcr 2 Eier, Wien, um 1900<\/title>\n<meta name=\"description\" content=\"Versilberter Jugendstil Eierst\u00e4nder f\u00fcr 2 Eier, Wien, um 1900 \u2665 Antiquit\u00e4ten Online kaufen \u2713 Sichere Lieferung \u2713\" \/>\n<meta name=\"robots\" content=\"index, follow, max-snippet:-1, max-image-preview:large, max-video-preview:-1\" \/>\n<link rel=\"canonical\" href=\"https:\/\/annette-ahrens.at\/onlineshop\/produkt\/versilberter-jugendstil-eierstaender-fuer-2-eier-wien-um-1900\/\" \/>\n<meta property=\"og:locale\" content=\"de_DE\" \/>\n<meta property=\"og:type\" content=\"article\" \/>\n<meta property=\"og:title\" content=\"Versilberter Jugendstil Eierst\u00e4nder f\u00fcr 2 Eier, Wien, um 1900\" \/>\n<meta property=\"og:description\" content=\"Versilberter Jugendstil Eierst\u00e4nder f\u00fcr 2 Eier, Wien, um 1900 \u2665 Antiquit\u00e4ten Online kaufen \u2713 Sichere Lieferung \u2713\" \/>\n<meta property=\"og:url\" content=\"https:\/\/annette-ahrens.at\/onlineshop\/produkt\/versilberter-jugendstil-eierstaender-fuer-2-eier-wien-um-1900\/\" \/>\n<meta property=\"og:site_name\" content=\"Tafelkultur Onlineshop\" \/>\n<meta property=\"article:publisher\" content=\"https:\/\/www.facebook.com\/AnnetteAhrensTafelkultur\" \/>\n<meta property=\"article:modified_time\" content=\"2025-06-05T11:14:17+00:00\" \/>\n<meta property=\"og:image\" content=\"https:\/\/annette-ahrens.at\/onlineshop\/wp-content\/uploads\/2025\/06\/IMG_7400-scaled.jpeg\" \/>\n\t<meta property=\"og:image:width\" content=\"1819\" \/>\n\t<meta property=\"og:image:height\" content=\"2048\" \/>\n<meta name=\"twitter:card\" content=\"summary_large_image\" \/>\n<meta name=\"twitter:label1\" content=\"Gesch\u00e4tzte Lesezeit\">\n\t<meta name=\"twitter:data1\" content=\"1\u00a0Minute\">\n<script type=\"application\/ld+json\" class=\"yoast-schema-graph\">{\"@context\":\"https:\/\/schema.org\",\"@graph\":[{\"@type\":[\"Person\",\"Organization\"],\"@id\":\"https:\/\/annette-ahrens.at\/onlineshop\/#\/schema\/person\/3e19676faae246bba0cb3b7e15f427d8\",\"name\":\"Annette Ahrens\",\"image\":{\"@type\":\"ImageObject\",\"@id\":\"https:\/\/annette-ahrens.at\/onlineshop\/#personlogo\",\"inLanguage\":\"de\",\"url\":\"https:\/\/annette-ahrens.at\/onlineshop\/wp-content\/uploads\/2020\/04\/aa_logo_End.png\",\"width\":800,\"height\":164,\"caption\":\"Annette Ahrens\"},\"logo\":{\"@id\":\"https:\/\/annette-ahrens.at\/onlineshop\/#personlogo\"},\"sameAs\":[\"https:\/\/annette-ahrens.at\",\"https:\/\/www.facebook.com\/AnnetteAhrensTafelkultur\",\"https:\/\/www.instagram.com\/tafelkulturistin\/\",\"https:\/\/de.wikipedia.org\/wiki\/Annette_Ahrens\"]},{\"@type\":\"WebSite\",\"@id\":\"https:\/\/annette-ahrens.at\/onlineshop\/#website\",\"url\":\"https:\/\/annette-ahrens.at\/onlineshop\/\",\"name\":\"Tafelkultur Onlineshop\",\"description\":\"Annette Ahrens\",\"publisher\":{\"@id\":\"https:\/\/annette-ahrens.at\/onlineshop\/#\/schema\/person\/3e19676faae246bba0cb3b7e15f427d8\"},\"potentialAction\":[{\"@type\":\"SearchAction\",\"target\":\"https:\/\/annette-ahrens.at\/onlineshop\/?s={search_term_string}\",\"query-input\":\"required name=search_term_string\"}],\"inLanguage\":\"de\"},{\"@type\":\"ImageObject\",\"@id\":\"https:\/\/annette-ahrens.at\/onlineshop\/produkt\/versilberter-jugendstil-eierstaender-fuer-2-eier-wien-um-1900\/#primaryimage\",\"inLanguage\":\"de\",\"url\":\"https:\/\/annette-ahrens.at\/onlineshop\/wp-content\/uploads\/2025\/06\/IMG_7400-scaled.jpeg\",\"width\":1819,\"height\":2048,\"caption\":\"eierst\\u00e4nder_wien\"},{\"@type\":[\"WebPage\",\"ItemPage\"],\"@id\":\"https:\/\/annette-ahrens.at\/onlineshop\/produkt\/versilberter-jugendstil-eierstaender-fuer-2-eier-wien-um-1900\/#webpage\",\"url\":\"https:\/\/annette-ahrens.at\/onlineshop\/produkt\/versilberter-jugendstil-eierstaender-fuer-2-eier-wien-um-1900\/\",\"name\":\"Versilberter Jugendstil Eierst\\u00e4nder f\\u00fcr 2 Eier, Wien, um 1900\",\"isPartOf\":{\"@id\":\"https:\/\/annette-ahrens.at\/onlineshop\/#website\"},\"primaryImageOfPage\":{\"@id\":\"https:\/\/annette-ahrens.at\/onlineshop\/produkt\/versilberter-jugendstil-eierstaender-fuer-2-eier-wien-um-1900\/#primaryimage\"},\"datePublished\":\"2025-06-09T04:25:47+00:00\",\"dateModified\":\"2025-06-05T11:14:17+00:00\",\"description\":\"Versilberter Jugendstil Eierst\\u00e4nder f\\u00fcr 2 Eier, Wien, um 1900 \\u2665 Antiquit\\u00e4ten Online kaufen \\u2713 Sichere Lieferung \\u2713\",\"breadcrumb\":{\"@id\":\"https:\/\/annette-ahrens.at\/onlineshop\/produkt\/versilberter-jugendstil-eierstaender-fuer-2-eier-wien-um-1900\/#breadcrumb\"},\"inLanguage\":\"de\",\"potentialAction\":[{\"@type\":\"ReadAction\",\"target\":[\"https:\/\/annette-ahrens.at\/onlineshop\/produkt\/versilberter-jugendstil-eierstaender-fuer-2-eier-wien-um-1900\/\"]}]},{\"@type\":\"BreadcrumbList\",\"@id\":\"https:\/\/annette-ahrens.at\/onlineshop\/produkt\/versilberter-jugendstil-eierstaender-fuer-2-eier-wien-um-1900\/#breadcrumb\",\"itemListElement\":[{\"@type\":\"ListItem\",\"position\":1,\"item\":{\"@type\":\"WebPage\",\"@id\":\"https:\/\/annette-ahrens.at\/onlineshop\/\",\"url\":\"https:\/\/annette-ahrens.at\/onlineshop\/\",\"name\":\"Home\"}},{\"@type\":\"ListItem\",\"position\":2,\"item\":{\"@type\":\"WebPage\",\"@id\":\"https:\/\/annette-ahrens.at\/onlineshop\/alle-tafelkultur-objekte\/\",\"url\":\"https:\/\/annette-ahrens.at\/onlineshop\/alle-tafelkultur-objekte\/\",\"name\":\"Alle Tafelkultur Objekte\"}},{\"@type\":\"ListItem\",\"position\":3,\"item\":{\"@type\":\"WebPage\",\"@id\":\"https:\/\/annette-ahrens.at\/onlineshop\/produkt\/versilberter-jugendstil-eierstaender-fuer-2-eier-wien-um-1900\/\",\"url\":\"https:\/\/annette-ahrens.at\/onlineshop\/produkt\/versilberter-jugendstil-eierstaender-fuer-2-eier-wien-um-1900\/\",\"name\":\"Versilberter Jugendstil Eierst\\u00e4nder f\\u00fcr 2 Eier, Wien, um 1900\"}}]}]}<\/script>\n<!-- \/ Yoast SEO Premium plugin. -->","_links":{"self":[{"href":"https:\/\/annette-ahrens.at\/onlineshop\/wp-json\/wp\/v2\/product\/36898","targetHints":{"allow":["GET"]}}],"collection":[{"href":"https:\/\/annette-ahrens.at\/onlineshop\/wp-json\/wp\/v2\/product"}],"about":[{"href":"https:\/\/annette-ahrens.at\/onlineshop\/wp-json\/wp\/v2\/types\/product"}],"replies":[{"embeddable":true,"href":"https:\/\/annette-ahrens.at\/onlineshop\/wp-json\/wp\/v2\/comments?post=36898"}],"wp:featuredmedia":[{"embeddable":true,"href":"https:\/\/annette-ahrens.at\/onlineshop\/wp-json\/wp\/v2\/media\/37818"}],"wp:attachment":[{"href":"https:\/\/annette-ahrens.at\/onlineshop\/wp-json\/wp\/v2\/media?parent=36898"}],"wp:term":[{"taxonomy":"product_brand","embeddable":true,"href":"https:\/\/annette-ahrens.at\/onlineshop\/wp-json\/wp\/v2\/product_brand?post=36898"},{"taxonomy":"product_cat","embeddable":true,"href":"https:\/\/annette-ahrens.at\/onlineshop\/wp-json\/wp\/v2\/product_cat?post=36898"},{"taxonomy":"product_tag","embeddable":true,"href":"https:\/\/annette-ahrens.at\/onlineshop\/wp-json\/wp\/v2\/product_tag?post=36898"}],"curies":[{"name":"wp","href":"https:\/\/api.w.org\/{rel}","templated":true}]}}