{"id":3717,"date":"2020-10-24T23:01:38","date_gmt":"2020-10-24T21:01:38","guid":{"rendered":"https:\/\/annette-ahrens.at\/onlineshop\/?post_type=product&#038;p=3717"},"modified":"2022-06-21T20:08:38","modified_gmt":"2022-06-21T18:08:38","slug":"silbernes-butter-und-kaesemesser-fa-a-sturm-wien-nach-1922","status":"publish","type":"product","link":"https:\/\/annette-ahrens.at\/onlineshop\/produkt\/silbernes-butter-und-kaesemesser-fa-a-sturm-wien-nach-1922\/","title":{"rendered":"Silbernes Butter- und K\u00e4semesser &#8222;Schloss Tyrol&#8220;, Fa. A. Sturm, Wien, nach 1922"},"content":{"rendered":"<p>Silbernes Butter- und K\u00e4semesser Nr. 176<\/p>\n<p>Fa. A. Sturm, Wien, nach 1922<\/p>\n<p>Silber, Facon 176, gemarkt Firmenzeichen Kleeblatt, Feingehalt 800, Wiener Tukankopfpunze verwendet nach 1922<\/p>\n<p>L 21,4 cm<\/p>\n<p>108 g<\/p>\n","protected":false},"excerpt":{"rendered":"<p>Annettes Etikette: Die markante Bildmarke mit dem Kleeblatt steht f\u00fcr die renommierte Silberwarenfabrik von Alexander Sturm in Wien. 1882 gegr\u00fcndet, produziert die Firma mit wechselnden Eigent\u00fcmern bis heute Bestecke, Geschenkartikel und hochwertige Silberwaren. Unter der Nummer 176 wurde dieses Besteck mit dem Namen \u201cSchloss Tyrol\u201d angeboten.<\/p>\n","protected":false},"featured_media":3720,"comment_status":"open","ping_status":"closed","template":"","meta":[],"product_brand":[],"product_cat":[30,253,242,237],"product_tag":[],"class_list":{"0":"post-3717","1":"product","2":"type-product","3":"status-publish","4":"has-post-thumbnail","6":"product_cat-besteck","7":"product_cat-buttermesser-messer","8":"product_cat-kaesemesser","9":"product_cat-messer","11":"first","12":"instock","13":"sold-individually","14":"purchasable","15":"product-type-simple"},"yoast_head":"<!-- This site is optimized with the Yoast SEO Premium plugin v15.8.2 - https:\/\/yoast.com\/wordpress\/plugins\/seo\/ -->\n<title>Silbernes Butter- und K\u00e4semesser &quot;Schloss Tyrol&quot;, Fa. A. Sturm, Wien, nach 1922<\/title>\n<meta name=\"description\" content=\"Silbernes Butter- und K\u00e4semesser &quot;Schloss Tyrol&quot;, Fa. A. Sturm, Wien, nach 1922 \u2665 Antiquit\u00e4ten Online kaufen \u2713 Sichere Lieferung \u2713\" \/>\n<meta name=\"robots\" content=\"index, follow, max-snippet:-1, max-image-preview:large, max-video-preview:-1\" \/>\n<link rel=\"canonical\" href=\"https:\/\/annette-ahrens.at\/onlineshop\/produkt\/silbernes-butter-und-kaesemesser-fa-a-sturm-wien-nach-1922\/\" \/>\n<meta property=\"og:locale\" content=\"de_DE\" \/>\n<meta property=\"og:type\" content=\"article\" \/>\n<meta property=\"og:title\" content=\"Silbernes Butter- und K\u00e4semesser &quot;Schloss Tyrol&quot;, Fa. A. Sturm, Wien, nach 1922\" \/>\n<meta property=\"og:description\" content=\"Silbernes Butter- und K\u00e4semesser &quot;Schloss Tyrol&quot;, Fa. A. Sturm, Wien, nach 1922 \u2665 Antiquit\u00e4ten Online kaufen \u2713 Sichere Lieferung \u2713\" \/>\n<meta property=\"og:url\" content=\"https:\/\/annette-ahrens.at\/onlineshop\/produkt\/silbernes-butter-und-kaesemesser-fa-a-sturm-wien-nach-1922\/\" \/>\n<meta property=\"og:site_name\" content=\"Tafelkultur Onlineshop\" \/>\n<meta property=\"article:publisher\" content=\"https:\/\/www.facebook.com\/AnnetteAhrensTafelkultur\" \/>\n<meta property=\"article:modified_time\" content=\"2022-06-21T18:08:38+00:00\" \/>\n<meta property=\"og:image\" content=\"https:\/\/annette-ahrens.at\/onlineshop\/wp-content\/uploads\/2020\/10\/IMG_0729-scaled.jpeg\" \/>\n\t<meta property=\"og:image:width\" content=\"2560\" \/>\n\t<meta property=\"og:image:height\" content=\"2560\" \/>\n<meta name=\"twitter:card\" content=\"summary_large_image\" \/>\n<meta name=\"twitter:label1\" content=\"Gesch\u00e4tzte Lesezeit\">\n\t<meta name=\"twitter:data1\" content=\"1\u00a0Minute\">\n<script type=\"application\/ld+json\" class=\"yoast-schema-graph\">{\"@context\":\"https:\/\/schema.org\",\"@graph\":[{\"@type\":[\"Person\",\"Organization\"],\"@id\":\"https:\/\/annette-ahrens.at\/onlineshop\/#\/schema\/person\/3e19676faae246bba0cb3b7e15f427d8\",\"name\":\"Annette Ahrens\",\"image\":{\"@type\":\"ImageObject\",\"@id\":\"https:\/\/annette-ahrens.at\/onlineshop\/#personlogo\",\"inLanguage\":\"de\",\"url\":\"https:\/\/annette-ahrens.at\/onlineshop\/wp-content\/uploads\/2020\/04\/aa_logo_End.png\",\"width\":800,\"height\":164,\"caption\":\"Annette Ahrens\"},\"logo\":{\"@id\":\"https:\/\/annette-ahrens.at\/onlineshop\/#personlogo\"},\"sameAs\":[\"https:\/\/annette-ahrens.at\",\"https:\/\/www.facebook.com\/AnnetteAhrensTafelkultur\",\"https:\/\/www.instagram.com\/tafelkulturistin\/\",\"https:\/\/de.wikipedia.org\/wiki\/Annette_Ahrens\"]},{\"@type\":\"WebSite\",\"@id\":\"https:\/\/annette-ahrens.at\/onlineshop\/#website\",\"url\":\"https:\/\/annette-ahrens.at\/onlineshop\/\",\"name\":\"Tafelkultur Onlineshop\",\"description\":\"Annette Ahrens\",\"publisher\":{\"@id\":\"https:\/\/annette-ahrens.at\/onlineshop\/#\/schema\/person\/3e19676faae246bba0cb3b7e15f427d8\"},\"potentialAction\":[{\"@type\":\"SearchAction\",\"target\":\"https:\/\/annette-ahrens.at\/onlineshop\/?s={search_term_string}\",\"query-input\":\"required name=search_term_string\"}],\"inLanguage\":\"de\"},{\"@type\":\"ImageObject\",\"@id\":\"https:\/\/annette-ahrens.at\/onlineshop\/produkt\/silbernes-butter-und-kaesemesser-fa-a-sturm-wien-nach-1922\/#primaryimage\",\"inLanguage\":\"de\",\"url\":\"https:\/\/annette-ahrens.at\/onlineshop\/wp-content\/uploads\/2020\/10\/IMG_0729-scaled.jpeg\",\"width\":2560,\"height\":2560,\"caption\":\"k\\u00e4seundbuttermesser_sturm\"},{\"@type\":[\"WebPage\",\"ItemPage\"],\"@id\":\"https:\/\/annette-ahrens.at\/onlineshop\/produkt\/silbernes-butter-und-kaesemesser-fa-a-sturm-wien-nach-1922\/#webpage\",\"url\":\"https:\/\/annette-ahrens.at\/onlineshop\/produkt\/silbernes-butter-und-kaesemesser-fa-a-sturm-wien-nach-1922\/\",\"name\":\"Silbernes Butter- und K\\u00e4semesser \\\"Schloss Tyrol\\\", Fa. A. Sturm, Wien, nach 1922\",\"isPartOf\":{\"@id\":\"https:\/\/annette-ahrens.at\/onlineshop\/#website\"},\"primaryImageOfPage\":{\"@id\":\"https:\/\/annette-ahrens.at\/onlineshop\/produkt\/silbernes-butter-und-kaesemesser-fa-a-sturm-wien-nach-1922\/#primaryimage\"},\"datePublished\":\"2020-10-24T21:01:38+00:00\",\"dateModified\":\"2022-06-21T18:08:38+00:00\",\"description\":\"Silbernes Butter- und K\\u00e4semesser \\\"Schloss Tyrol\\\", Fa. A. Sturm, Wien, nach 1922 \\u2665 Antiquit\\u00e4ten Online kaufen \\u2713 Sichere Lieferung \\u2713\",\"breadcrumb\":{\"@id\":\"https:\/\/annette-ahrens.at\/onlineshop\/produkt\/silbernes-butter-und-kaesemesser-fa-a-sturm-wien-nach-1922\/#breadcrumb\"},\"inLanguage\":\"de\",\"potentialAction\":[{\"@type\":\"ReadAction\",\"target\":[\"https:\/\/annette-ahrens.at\/onlineshop\/produkt\/silbernes-butter-und-kaesemesser-fa-a-sturm-wien-nach-1922\/\"]}]},{\"@type\":\"BreadcrumbList\",\"@id\":\"https:\/\/annette-ahrens.at\/onlineshop\/produkt\/silbernes-butter-und-kaesemesser-fa-a-sturm-wien-nach-1922\/#breadcrumb\",\"itemListElement\":[{\"@type\":\"ListItem\",\"position\":1,\"item\":{\"@type\":\"WebPage\",\"@id\":\"https:\/\/annette-ahrens.at\/onlineshop\/\",\"url\":\"https:\/\/annette-ahrens.at\/onlineshop\/\",\"name\":\"Home\"}},{\"@type\":\"ListItem\",\"position\":2,\"item\":{\"@type\":\"WebPage\",\"@id\":\"https:\/\/annette-ahrens.at\/onlineshop\/alle-tafelkultur-objekte\/\",\"url\":\"https:\/\/annette-ahrens.at\/onlineshop\/alle-tafelkultur-objekte\/\",\"name\":\"Alle Tafelkultur Objekte\"}},{\"@type\":\"ListItem\",\"position\":3,\"item\":{\"@type\":\"WebPage\",\"@id\":\"https:\/\/annette-ahrens.at\/onlineshop\/produkt\/silbernes-butter-und-kaesemesser-fa-a-sturm-wien-nach-1922\/\",\"url\":\"https:\/\/annette-ahrens.at\/onlineshop\/produkt\/silbernes-butter-und-kaesemesser-fa-a-sturm-wien-nach-1922\/\",\"name\":\"Silbernes Butter- und K\\u00e4semesser &#8220;Schloss Tyrol&#8221;, Fa. A. Sturm, Wien, nach 1922\"}}]}]}<\/script>\n<!-- \/ Yoast SEO Premium plugin. -->","_links":{"self":[{"href":"https:\/\/annette-ahrens.at\/onlineshop\/wp-json\/wp\/v2\/product\/3717","targetHints":{"allow":["GET"]}}],"collection":[{"href":"https:\/\/annette-ahrens.at\/onlineshop\/wp-json\/wp\/v2\/product"}],"about":[{"href":"https:\/\/annette-ahrens.at\/onlineshop\/wp-json\/wp\/v2\/types\/product"}],"replies":[{"embeddable":true,"href":"https:\/\/annette-ahrens.at\/onlineshop\/wp-json\/wp\/v2\/comments?post=3717"}],"wp:featuredmedia":[{"embeddable":true,"href":"https:\/\/annette-ahrens.at\/onlineshop\/wp-json\/wp\/v2\/media\/3720"}],"wp:attachment":[{"href":"https:\/\/annette-ahrens.at\/onlineshop\/wp-json\/wp\/v2\/media?parent=3717"}],"wp:term":[{"taxonomy":"product_brand","embeddable":true,"href":"https:\/\/annette-ahrens.at\/onlineshop\/wp-json\/wp\/v2\/product_brand?post=3717"},{"taxonomy":"product_cat","embeddable":true,"href":"https:\/\/annette-ahrens.at\/onlineshop\/wp-json\/wp\/v2\/product_cat?post=3717"},{"taxonomy":"product_tag","embeddable":true,"href":"https:\/\/annette-ahrens.at\/onlineshop\/wp-json\/wp\/v2\/product_tag?post=3717"}],"curies":[{"name":"wp","href":"https:\/\/api.w.org\/{rel}","templated":true}]}}