{"id":3718,"date":"2020-10-24T23:14:31","date_gmt":"2020-10-24T21:14:31","guid":{"rendered":"https:\/\/annette-ahrens.at\/onlineshop\/?post_type=product&#038;p=3718"},"modified":"2023-01-04T22:17:56","modified_gmt":"2023-01-04T21:17:56","slug":"empire-glaeserkuehler-kaiserliche-porzellanmanufaktur-wien-1794","status":"publish","type":"product","link":"https:\/\/annette-ahrens.at\/onlineshop\/produkt\/empire-glaeserkuehler-kaiserliche-porzellanmanufaktur-wien-1794\/","title":{"rendered":"Josephinischer Gl\u00e4serk\u00fchler, Kaiserliche Porzellanmanufaktur Wien,\u00a01794"},"content":{"rendered":"<p>Josephinischer Gl\u00e4serk\u00fchler<\/p>\n<p>Wiener Porzellanmanufaktur, 1794<\/p>\n<p>Porzellan, glasiert,\u00a0bemalt, ovale Form mit Einbuchtungen f\u00fcr Gl\u00e4ser, am Boden gemarkt mit unterglasurblauem Bindenschild, Weissdreher<\/p>\n<p>L\u00e4nge 35 cm<\/p>\n<p>H 14,8 cm<\/p>\n","protected":false},"excerpt":{"rendered":"<p>Annettes Etikette: Oftmals werden diese Art von Gef\u00e4\u00dfe als Jardini\u00e8ren angeboten, nicht wissend, dass es sich um Gl\u00e4serk\u00fchler handelt. Die Gl\u00e4ser werden verkehrt in die mit Eisw\u00fcrfeln gef\u00fcllten Schale eingeh\u00e4ngt, um das Getr\u00e4nk in richtiger Temperatur geniessen zu k\u00f6nnen. Im Preiskurrant der Wiener Porzellanmanufaktur von 1827 \u2013 1829 werden diese Gef\u00e4\u00dfe als \u201covale K\u00fchlkessel\u201d bezeichnet. Teile davon konnte Waltraud Neuwirth in \u201cWiener Porzellan, Formen und Dekore des Biedermeier, Band 1, Tafel- Kaffee- und Teegschirre\u201d 2012, Seite 58 publizieren. Dieser Gl\u00e4serk\u00fchler ist etwas fr\u00fcher zu datieren und zeigt mit den gedrehten Henkeln noch josephinische Einfl\u00fcsse.<\/p>\n","protected":false},"featured_media":3233,"comment_status":"open","ping_status":"closed","template":"","meta":[],"product_brand":[],"product_cat":[27,54,53,26],"product_tag":[],"class_list":{"0":"post-3718","1":"product","2":"type-product","3":"status-publish","4":"has-post-thumbnail","6":"product_cat-barware","7":"product_cat-porzellan","8":"product_cat-weihnachten","9":"product_cat-wiener-melange","11":"first","12":"instock","13":"sold-individually","14":"purchasable","15":"product-type-simple"},"yoast_head":"<!-- This site is optimized with the Yoast SEO Premium plugin v15.8.2 - https:\/\/yoast.com\/wordpress\/plugins\/seo\/ -->\n<title>Josephinischer Gl\u00e4serk\u00fchler, Kaiserliche Porzellanmanufaktur Wien,\u00a01794<\/title>\n<meta name=\"description\" content=\"Josephinischer Gl\u00e4serk\u00fchler, Kaiserliche Porzellanmanufaktur Wien,\u00a01794 \u2665 Antiquit\u00e4ten Online kaufen \u2713 Sichere Lieferung \u2713\" \/>\n<meta name=\"robots\" content=\"index, follow, max-snippet:-1, max-image-preview:large, max-video-preview:-1\" \/>\n<link rel=\"canonical\" href=\"https:\/\/annette-ahrens.at\/onlineshop\/produkt\/empire-glaeserkuehler-kaiserliche-porzellanmanufaktur-wien-1794\/\" \/>\n<meta property=\"og:locale\" content=\"de_DE\" \/>\n<meta property=\"og:type\" content=\"article\" \/>\n<meta property=\"og:title\" content=\"Josephinischer Gl\u00e4serk\u00fchler, Kaiserliche Porzellanmanufaktur Wien,\u00a01794\" \/>\n<meta property=\"og:description\" content=\"Josephinischer Gl\u00e4serk\u00fchler, Kaiserliche Porzellanmanufaktur Wien,\u00a01794 \u2665 Antiquit\u00e4ten Online kaufen \u2713 Sichere Lieferung \u2713\" \/>\n<meta property=\"og:url\" content=\"https:\/\/annette-ahrens.at\/onlineshop\/produkt\/empire-glaeserkuehler-kaiserliche-porzellanmanufaktur-wien-1794\/\" \/>\n<meta property=\"og:site_name\" content=\"Tafelkultur Onlineshop\" \/>\n<meta property=\"article:publisher\" content=\"https:\/\/www.facebook.com\/AnnetteAhrensTafelkultur\" \/>\n<meta property=\"article:modified_time\" content=\"2023-01-04T21:17:56+00:00\" \/>\n<meta property=\"og:image\" content=\"https:\/\/annette-ahrens.at\/onlineshop\/wp-content\/uploads\/2020\/10\/IMG_1074-scaled.jpeg\" \/>\n\t<meta property=\"og:image:width\" content=\"2560\" \/>\n\t<meta property=\"og:image:height\" content=\"2560\" \/>\n<meta name=\"twitter:card\" content=\"summary_large_image\" \/>\n<meta name=\"twitter:label1\" content=\"Gesch\u00e4tzte Lesezeit\">\n\t<meta name=\"twitter:data1\" content=\"1\u00a0Minute\">\n<script type=\"application\/ld+json\" class=\"yoast-schema-graph\">{\"@context\":\"https:\/\/schema.org\",\"@graph\":[{\"@type\":[\"Person\",\"Organization\"],\"@id\":\"https:\/\/annette-ahrens.at\/onlineshop\/#\/schema\/person\/3e19676faae246bba0cb3b7e15f427d8\",\"name\":\"Annette Ahrens\",\"image\":{\"@type\":\"ImageObject\",\"@id\":\"https:\/\/annette-ahrens.at\/onlineshop\/#personlogo\",\"inLanguage\":\"de\",\"url\":\"https:\/\/annette-ahrens.at\/onlineshop\/wp-content\/uploads\/2020\/04\/aa_logo_End.png\",\"width\":800,\"height\":164,\"caption\":\"Annette Ahrens\"},\"logo\":{\"@id\":\"https:\/\/annette-ahrens.at\/onlineshop\/#personlogo\"},\"sameAs\":[\"https:\/\/annette-ahrens.at\",\"https:\/\/www.facebook.com\/AnnetteAhrensTafelkultur\",\"https:\/\/www.instagram.com\/tafelkulturistin\/\",\"https:\/\/de.wikipedia.org\/wiki\/Annette_Ahrens\"]},{\"@type\":\"WebSite\",\"@id\":\"https:\/\/annette-ahrens.at\/onlineshop\/#website\",\"url\":\"https:\/\/annette-ahrens.at\/onlineshop\/\",\"name\":\"Tafelkultur Onlineshop\",\"description\":\"Annette Ahrens\",\"publisher\":{\"@id\":\"https:\/\/annette-ahrens.at\/onlineshop\/#\/schema\/person\/3e19676faae246bba0cb3b7e15f427d8\"},\"potentialAction\":[{\"@type\":\"SearchAction\",\"target\":\"https:\/\/annette-ahrens.at\/onlineshop\/?s={search_term_string}\",\"query-input\":\"required name=search_term_string\"}],\"inLanguage\":\"de\"},{\"@type\":\"ImageObject\",\"@id\":\"https:\/\/annette-ahrens.at\/onlineshop\/produkt\/empire-glaeserkuehler-kaiserliche-porzellanmanufaktur-wien-1794\/#primaryimage\",\"inLanguage\":\"de\",\"url\":\"https:\/\/annette-ahrens.at\/onlineshop\/wp-content\/uploads\/2020\/10\/IMG_1074-scaled.jpeg\",\"width\":2560,\"height\":2560,\"caption\":\"Gl\\u00e4serk\\u00fchler_Alt Wien\"},{\"@type\":[\"WebPage\",\"ItemPage\"],\"@id\":\"https:\/\/annette-ahrens.at\/onlineshop\/produkt\/empire-glaeserkuehler-kaiserliche-porzellanmanufaktur-wien-1794\/#webpage\",\"url\":\"https:\/\/annette-ahrens.at\/onlineshop\/produkt\/empire-glaeserkuehler-kaiserliche-porzellanmanufaktur-wien-1794\/\",\"name\":\"Josephinischer Gl\\u00e4serk\\u00fchler, Kaiserliche Porzellanmanufaktur Wien,\\u00a01794\",\"isPartOf\":{\"@id\":\"https:\/\/annette-ahrens.at\/onlineshop\/#website\"},\"primaryImageOfPage\":{\"@id\":\"https:\/\/annette-ahrens.at\/onlineshop\/produkt\/empire-glaeserkuehler-kaiserliche-porzellanmanufaktur-wien-1794\/#primaryimage\"},\"datePublished\":\"2020-10-24T21:14:31+00:00\",\"dateModified\":\"2023-01-04T21:17:56+00:00\",\"description\":\"Josephinischer Gl\\u00e4serk\\u00fchler, Kaiserliche Porzellanmanufaktur Wien,\\u00a01794 \\u2665 Antiquit\\u00e4ten Online kaufen \\u2713 Sichere Lieferung \\u2713\",\"breadcrumb\":{\"@id\":\"https:\/\/annette-ahrens.at\/onlineshop\/produkt\/empire-glaeserkuehler-kaiserliche-porzellanmanufaktur-wien-1794\/#breadcrumb\"},\"inLanguage\":\"de\",\"potentialAction\":[{\"@type\":\"ReadAction\",\"target\":[\"https:\/\/annette-ahrens.at\/onlineshop\/produkt\/empire-glaeserkuehler-kaiserliche-porzellanmanufaktur-wien-1794\/\"]}]},{\"@type\":\"BreadcrumbList\",\"@id\":\"https:\/\/annette-ahrens.at\/onlineshop\/produkt\/empire-glaeserkuehler-kaiserliche-porzellanmanufaktur-wien-1794\/#breadcrumb\",\"itemListElement\":[{\"@type\":\"ListItem\",\"position\":1,\"item\":{\"@type\":\"WebPage\",\"@id\":\"https:\/\/annette-ahrens.at\/onlineshop\/\",\"url\":\"https:\/\/annette-ahrens.at\/onlineshop\/\",\"name\":\"Home\"}},{\"@type\":\"ListItem\",\"position\":2,\"item\":{\"@type\":\"WebPage\",\"@id\":\"https:\/\/annette-ahrens.at\/onlineshop\/alle-tafelkultur-objekte\/\",\"url\":\"https:\/\/annette-ahrens.at\/onlineshop\/alle-tafelkultur-objekte\/\",\"name\":\"Alle Tafelkultur Objekte\"}},{\"@type\":\"ListItem\",\"position\":3,\"item\":{\"@type\":\"WebPage\",\"@id\":\"https:\/\/annette-ahrens.at\/onlineshop\/produkt\/empire-glaeserkuehler-kaiserliche-porzellanmanufaktur-wien-1794\/\",\"url\":\"https:\/\/annette-ahrens.at\/onlineshop\/produkt\/empire-glaeserkuehler-kaiserliche-porzellanmanufaktur-wien-1794\/\",\"name\":\"Josephinischer Gl\\u00e4serk\\u00fchler, Kaiserliche Porzellanmanufaktur Wien,\\u00a01794\"}}]}]}<\/script>\n<!-- \/ Yoast SEO Premium plugin. -->","_links":{"self":[{"href":"https:\/\/annette-ahrens.at\/onlineshop\/wp-json\/wp\/v2\/product\/3718","targetHints":{"allow":["GET"]}}],"collection":[{"href":"https:\/\/annette-ahrens.at\/onlineshop\/wp-json\/wp\/v2\/product"}],"about":[{"href":"https:\/\/annette-ahrens.at\/onlineshop\/wp-json\/wp\/v2\/types\/product"}],"replies":[{"embeddable":true,"href":"https:\/\/annette-ahrens.at\/onlineshop\/wp-json\/wp\/v2\/comments?post=3718"}],"wp:featuredmedia":[{"embeddable":true,"href":"https:\/\/annette-ahrens.at\/onlineshop\/wp-json\/wp\/v2\/media\/3233"}],"wp:attachment":[{"href":"https:\/\/annette-ahrens.at\/onlineshop\/wp-json\/wp\/v2\/media?parent=3718"}],"wp:term":[{"taxonomy":"product_brand","embeddable":true,"href":"https:\/\/annette-ahrens.at\/onlineshop\/wp-json\/wp\/v2\/product_brand?post=3718"},{"taxonomy":"product_cat","embeddable":true,"href":"https:\/\/annette-ahrens.at\/onlineshop\/wp-json\/wp\/v2\/product_cat?post=3718"},{"taxonomy":"product_tag","embeddable":true,"href":"https:\/\/annette-ahrens.at\/onlineshop\/wp-json\/wp\/v2\/product_tag?post=3718"}],"curies":[{"name":"wp","href":"https:\/\/api.w.org\/{rel}","templated":true}]}}