{"id":372,"date":"2020-04-26T23:55:45","date_gmt":"2020-04-26T21:55:45","guid":{"rendered":"https:\/\/annette-ahrens.at\/silbershop\/?post_type=product&#038;p=372"},"modified":"2024-08-16T12:30:59","modified_gmt":"2024-08-16T10:30:59","slug":"emanuel-josef-margold-jardiniere-fa-wolkenstein-glueckselig-wien-um-1900","status":"publish","type":"product","link":"https:\/\/annette-ahrens.at\/onlineshop\/produkt\/emanuel-josef-margold-jardiniere-fa-wolkenstein-glueckselig-wien-um-1900\/","title":{"rendered":"Emanuel Josef Margold, Jardini\u00e8re, Fa. Wolkenstein &#038; Gl\u00fcckselig, Wien, um 1905"},"content":{"rendered":"<p>Versilberte Jugendstil Jardini\u00e8re<\/p>\n<p>Entwurf: Emanuel Josef Margold (* 4. Mai 1888 in Wien; \u2020 2. Mai 1962 in Bratislava)<\/p>\n<p>Ausf\u00fchrung: Fa. Wolkenstein &amp; Gl\u00fcckselig, Wien, \u00d6sterreich, um 1905<\/p>\n<p>Alpacca, versilbert, etwas berieben, Aufsatzschale auf acht S\u00e4ulen, spitzovaler, farbloser Glaseinsatz, gemarkt W &amp; G f\u00fcr Fa. Wolkenstein &amp; Gl\u00fcckselig<\/p>\n<p>33 x 18 x 15 cm<\/p>\n<p>Vergleiche: Die Kunst, Bd. 30, M\u00fcnchen 1914, Abb. S. 50 (silberne Jardini\u00e8re, Ausf\u00fchrung P. Bruckmann &amp; S\u00f6hne, Heilbronn) und\u00a0Warenkatalog der\u00a0Wiener Chinasilber-Werke Wolkenstein &amp; Gl\u00fcckselig Wien B\u00fcrgerspitgasse Nr. 6-10, Fabriken f\u00fcr kunstgewerbliche Metallwaren, undatiert, wohl um 1905 (Privatbesitz A.H.), Modellnummer 2851<\/p>\n","protected":false},"excerpt":{"rendered":"<p>Annettes Etikette: Sch\u00f6n, sich zu \u00fcberlegen woher das Wort \u201cJardini\u00e8re\u201d kommt: nat\u00fcrlich nimmt der Begriff Bezug auf den Garten, den &#8222;Jardin&#8220; im Franz\u00f6sischen und holt quasi das Gr\u00fcn als Hauptdarsteller mitten auf die Tafel! Zur Firma Wolkenstein &amp; Gl\u00fcckselig habe ich mir auf meinem <a href=\"https:\/\/annette-ahrens.at\/wolkenstein-glueckselig\/\">Blog<\/a> ausf\u00fchrlich Gedanken gemacht.<\/p>\n","protected":false},"featured_media":19784,"comment_status":"open","ping_status":"closed","template":"","meta":[],"product_brand":[],"product_cat":[282,20,131,52,53,26],"product_tag":[],"class_list":{"0":"post-372","1":"product","2":"type-product","3":"status-publish","4":"has-post-thumbnail","6":"product_cat-jardiniere","7":"product_cat-lunchtime","8":"product_cat-tafeldekorationen","9":"product_cat-thanksgiving","10":"product_cat-weihnachten","11":"product_cat-wiener-melange","13":"first","14":"instock","15":"sold-individually","16":"purchasable","17":"product-type-simple"},"yoast_head":"<!-- This site is optimized with the Yoast SEO Premium plugin v15.8.2 - https:\/\/yoast.com\/wordpress\/plugins\/seo\/ -->\n<title>Emanuel Josef Margold, Jardini\u00e8re, Fa. Wolkenstein &amp; Gl\u00fcckselig, Wien, um 1905<\/title>\n<meta name=\"description\" content=\"Emanuel Josef Margold, Jardini\u00e8re, Fa. Wolkenstein &amp; Gl\u00fcckselig, Wien, um 1905 \u2665 Antiquit\u00e4ten Online kaufen \u2713 Sichere Lieferung \u2713\" \/>\n<meta name=\"robots\" content=\"index, follow, max-snippet:-1, max-image-preview:large, max-video-preview:-1\" \/>\n<link rel=\"canonical\" href=\"https:\/\/annette-ahrens.at\/onlineshop\/produkt\/emanuel-josef-margold-jardiniere-fa-wolkenstein-glueckselig-wien-um-1900\/\" \/>\n<meta property=\"og:locale\" content=\"de_DE\" \/>\n<meta property=\"og:type\" content=\"article\" \/>\n<meta property=\"og:title\" content=\"Emanuel Josef Margold, Jardini\u00e8re, Fa. Wolkenstein &amp; Gl\u00fcckselig, Wien, um 1905\" \/>\n<meta property=\"og:description\" content=\"Emanuel Josef Margold, Jardini\u00e8re, Fa. Wolkenstein &amp; Gl\u00fcckselig, Wien, um 1905 \u2665 Antiquit\u00e4ten Online kaufen \u2713 Sichere Lieferung \u2713\" \/>\n<meta property=\"og:url\" content=\"https:\/\/annette-ahrens.at\/onlineshop\/produkt\/emanuel-josef-margold-jardiniere-fa-wolkenstein-glueckselig-wien-um-1900\/\" \/>\n<meta property=\"og:site_name\" content=\"Tafelkultur Onlineshop\" \/>\n<meta property=\"article:publisher\" content=\"https:\/\/www.facebook.com\/AnnetteAhrensTafelkultur\" \/>\n<meta property=\"article:modified_time\" content=\"2024-08-16T10:30:59+00:00\" \/>\n<meta property=\"og:image\" content=\"https:\/\/annette-ahrens.at\/onlineshop\/wp-content\/uploads\/2020\/04\/Bildschirmfoto-2023-01-01-um-20.14.48.png\" \/>\n\t<meta property=\"og:image:width\" content=\"1046\" \/>\n\t<meta property=\"og:image:height\" content=\"534\" \/>\n<meta name=\"twitter:card\" content=\"summary_large_image\" \/>\n<meta name=\"twitter:label1\" content=\"Gesch\u00e4tzte Lesezeit\">\n\t<meta name=\"twitter:data1\" content=\"1\u00a0Minute\">\n<script type=\"application\/ld+json\" class=\"yoast-schema-graph\">{\"@context\":\"https:\/\/schema.org\",\"@graph\":[{\"@type\":[\"Person\",\"Organization\"],\"@id\":\"https:\/\/annette-ahrens.at\/onlineshop\/#\/schema\/person\/3e19676faae246bba0cb3b7e15f427d8\",\"name\":\"Annette Ahrens\",\"image\":{\"@type\":\"ImageObject\",\"@id\":\"https:\/\/annette-ahrens.at\/onlineshop\/#personlogo\",\"inLanguage\":\"de\",\"url\":\"https:\/\/annette-ahrens.at\/onlineshop\/wp-content\/uploads\/2020\/04\/aa_logo_End.png\",\"width\":800,\"height\":164,\"caption\":\"Annette Ahrens\"},\"logo\":{\"@id\":\"https:\/\/annette-ahrens.at\/onlineshop\/#personlogo\"},\"sameAs\":[\"https:\/\/annette-ahrens.at\",\"https:\/\/www.facebook.com\/AnnetteAhrensTafelkultur\",\"https:\/\/www.instagram.com\/tafelkulturistin\/\",\"https:\/\/de.wikipedia.org\/wiki\/Annette_Ahrens\"]},{\"@type\":\"WebSite\",\"@id\":\"https:\/\/annette-ahrens.at\/onlineshop\/#website\",\"url\":\"https:\/\/annette-ahrens.at\/onlineshop\/\",\"name\":\"Tafelkultur Onlineshop\",\"description\":\"Annette Ahrens\",\"publisher\":{\"@id\":\"https:\/\/annette-ahrens.at\/onlineshop\/#\/schema\/person\/3e19676faae246bba0cb3b7e15f427d8\"},\"potentialAction\":[{\"@type\":\"SearchAction\",\"target\":\"https:\/\/annette-ahrens.at\/onlineshop\/?s={search_term_string}\",\"query-input\":\"required name=search_term_string\"}],\"inLanguage\":\"de\"},{\"@type\":\"ImageObject\",\"@id\":\"https:\/\/annette-ahrens.at\/onlineshop\/produkt\/emanuel-josef-margold-jardiniere-fa-wolkenstein-glueckselig-wien-um-1900\/#primaryimage\",\"inLanguage\":\"de\",\"url\":\"https:\/\/annette-ahrens.at\/onlineshop\/wp-content\/uploads\/2020\/04\/Bildschirmfoto-2023-01-01-um-20.14.48.png\",\"width\":1046,\"height\":534,\"caption\":\"margold_jardiniere\"},{\"@type\":[\"WebPage\",\"ItemPage\"],\"@id\":\"https:\/\/annette-ahrens.at\/onlineshop\/produkt\/emanuel-josef-margold-jardiniere-fa-wolkenstein-glueckselig-wien-um-1900\/#webpage\",\"url\":\"https:\/\/annette-ahrens.at\/onlineshop\/produkt\/emanuel-josef-margold-jardiniere-fa-wolkenstein-glueckselig-wien-um-1900\/\",\"name\":\"Emanuel Josef Margold, Jardini\\u00e8re, Fa. Wolkenstein & Gl\\u00fcckselig, Wien, um 1905\",\"isPartOf\":{\"@id\":\"https:\/\/annette-ahrens.at\/onlineshop\/#website\"},\"primaryImageOfPage\":{\"@id\":\"https:\/\/annette-ahrens.at\/onlineshop\/produkt\/emanuel-josef-margold-jardiniere-fa-wolkenstein-glueckselig-wien-um-1900\/#primaryimage\"},\"datePublished\":\"2020-04-26T21:55:45+00:00\",\"dateModified\":\"2024-08-16T10:30:59+00:00\",\"description\":\"Emanuel Josef Margold, Jardini\\u00e8re, Fa. Wolkenstein & Gl\\u00fcckselig, Wien, um 1905 \\u2665 Antiquit\\u00e4ten Online kaufen \\u2713 Sichere Lieferung \\u2713\",\"breadcrumb\":{\"@id\":\"https:\/\/annette-ahrens.at\/onlineshop\/produkt\/emanuel-josef-margold-jardiniere-fa-wolkenstein-glueckselig-wien-um-1900\/#breadcrumb\"},\"inLanguage\":\"de\",\"potentialAction\":[{\"@type\":\"ReadAction\",\"target\":[\"https:\/\/annette-ahrens.at\/onlineshop\/produkt\/emanuel-josef-margold-jardiniere-fa-wolkenstein-glueckselig-wien-um-1900\/\"]}]},{\"@type\":\"BreadcrumbList\",\"@id\":\"https:\/\/annette-ahrens.at\/onlineshop\/produkt\/emanuel-josef-margold-jardiniere-fa-wolkenstein-glueckselig-wien-um-1900\/#breadcrumb\",\"itemListElement\":[{\"@type\":\"ListItem\",\"position\":1,\"item\":{\"@type\":\"WebPage\",\"@id\":\"https:\/\/annette-ahrens.at\/onlineshop\/\",\"url\":\"https:\/\/annette-ahrens.at\/onlineshop\/\",\"name\":\"Home\"}},{\"@type\":\"ListItem\",\"position\":2,\"item\":{\"@type\":\"WebPage\",\"@id\":\"https:\/\/annette-ahrens.at\/onlineshop\/alle-tafelkultur-objekte\/\",\"url\":\"https:\/\/annette-ahrens.at\/onlineshop\/alle-tafelkultur-objekte\/\",\"name\":\"Alle Tafelkultur Objekte\"}},{\"@type\":\"ListItem\",\"position\":3,\"item\":{\"@type\":\"WebPage\",\"@id\":\"https:\/\/annette-ahrens.at\/onlineshop\/produkt\/emanuel-josef-margold-jardiniere-fa-wolkenstein-glueckselig-wien-um-1900\/\",\"url\":\"https:\/\/annette-ahrens.at\/onlineshop\/produkt\/emanuel-josef-margold-jardiniere-fa-wolkenstein-glueckselig-wien-um-1900\/\",\"name\":\"Emanuel Josef Margold, Jardini\\u00e8re, Fa. Wolkenstein &#038; Gl\\u00fcckselig, Wien, um 1905\"}}]}]}<\/script>\n<!-- \/ Yoast SEO Premium plugin. -->","_links":{"self":[{"href":"https:\/\/annette-ahrens.at\/onlineshop\/wp-json\/wp\/v2\/product\/372","targetHints":{"allow":["GET"]}}],"collection":[{"href":"https:\/\/annette-ahrens.at\/onlineshop\/wp-json\/wp\/v2\/product"}],"about":[{"href":"https:\/\/annette-ahrens.at\/onlineshop\/wp-json\/wp\/v2\/types\/product"}],"replies":[{"embeddable":true,"href":"https:\/\/annette-ahrens.at\/onlineshop\/wp-json\/wp\/v2\/comments?post=372"}],"wp:featuredmedia":[{"embeddable":true,"href":"https:\/\/annette-ahrens.at\/onlineshop\/wp-json\/wp\/v2\/media\/19784"}],"wp:attachment":[{"href":"https:\/\/annette-ahrens.at\/onlineshop\/wp-json\/wp\/v2\/media?parent=372"}],"wp:term":[{"taxonomy":"product_brand","embeddable":true,"href":"https:\/\/annette-ahrens.at\/onlineshop\/wp-json\/wp\/v2\/product_brand?post=372"},{"taxonomy":"product_cat","embeddable":true,"href":"https:\/\/annette-ahrens.at\/onlineshop\/wp-json\/wp\/v2\/product_cat?post=372"},{"taxonomy":"product_tag","embeddable":true,"href":"https:\/\/annette-ahrens.at\/onlineshop\/wp-json\/wp\/v2\/product_tag?post=372"}],"curies":[{"name":"wp","href":"https:\/\/api.w.org\/{rel}","templated":true}]}}