{"id":37297,"date":"2025-05-02T06:10:39","date_gmt":"2025-05-02T04:10:39","guid":{"rendered":"https:\/\/annette-ahrens.at\/onlineshop\/?post_type=product&#038;p=37297"},"modified":"2025-05-03T13:33:48","modified_gmt":"2025-05-03T11:33:48","slug":"historismus-fischbesteck-kreuzband-fuer-6-personen-fa-hulkin-heath-london-um-1900","status":"publish","type":"product","link":"https:\/\/annette-ahrens.at\/onlineshop\/produkt\/historismus-fischbesteck-kreuzband-fuer-6-personen-fa-hulkin-heath-london-um-1900\/","title":{"rendered":"Historismus Fischbesteck &#8222;Kreuzband&#8220; f\u00fcr 6 Personen, Fa. Hukin &#038; Heath, England, um 1900"},"content":{"rendered":"<p>Historismus Fischbesteck &#8222;Kreuzband&#8220; f\u00fcr 6 Personen<\/p>\n<p>Fa. Hukin &amp; Heath, Birmingham, England, um 1900<\/p>\n<p>Alpacca, versilbert, 12 Hohlhefte mit Kreuzbanddekor &#8222;Rubans&#8220;, Aufs\u00e4tze gemarkt mit englischer Herstellermarke H &amp; HS f\u00fcr Fa. Hukin &amp; Heath, EPNS Electro Plated Nickel Silver), handpolierter Erhaltungszustand<\/p>\n<p>L\u00e4nge (Fischmesser) 21 ,2 cm<\/p>\n<p>L\u00e4nge (Fischgabel) 19,4 cm<\/p>\n","protected":false},"excerpt":{"rendered":"<p>Annettes Etikette: Das englische Unternehmen Hukin &amp; Heath aus Birmingham erlangte besondere Bekanntheit durch die Zusammenarbeit mit dem Designer Christopher Dresser, der einige seiner innovativsten Entw\u00fcrfe f\u00fcr sie kreierte. Dieses Fischbesteck begeistert mich durch seien feine Ausf\u00fchrung des Kreuzbandes und den perfekten Erahltungszustand.<\/p>\n","protected":false},"featured_media":37277,"comment_status":"open","ping_status":"closed","template":"","meta":[],"product_brand":[],"product_cat":[276,30,203,240,291,295,296,53],"product_tag":[],"class_list":{"0":"post-37297","1":"product","2":"type-product","3":"status-publish","4":"has-post-thumbnail","6":"product_cat-alpacca","7":"product_cat-besteck","8":"product_cat-fisch-speisen","9":"product_cat-fischbesteck","10":"product_cat-hochzeit","11":"product_cat-jagdeinladung","12":"product_cat-silvester","13":"product_cat-weihnachten","15":"first","16":"instock","17":"sold-individually","18":"purchasable","19":"product-type-simple"},"yoast_head":"<!-- This site is optimized with the Yoast SEO Premium plugin v15.8.2 - https:\/\/yoast.com\/wordpress\/plugins\/seo\/ -->\n<title>Historismus Fischbesteck &quot;Kreuzband&quot; f\u00fcr 6 Personen, Fa. Hukin &amp; Heath, England, um 1900<\/title>\n<meta name=\"description\" content=\"Historismus Fischbesteck &quot;Kreuzband&quot; f\u00fcr 6 Personen, Fa. Hukin &amp; Heath, England, um 1900 \u2665 Antiquit\u00e4ten Online kaufen \u2713 Sichere Lieferung \u2713\" \/>\n<meta name=\"robots\" content=\"index, follow, max-snippet:-1, max-image-preview:large, max-video-preview:-1\" \/>\n<link rel=\"canonical\" href=\"https:\/\/annette-ahrens.at\/onlineshop\/produkt\/historismus-fischbesteck-kreuzband-fuer-6-personen-fa-hulkin-heath-london-um-1900\/\" \/>\n<meta property=\"og:locale\" content=\"de_DE\" \/>\n<meta property=\"og:type\" content=\"article\" \/>\n<meta property=\"og:title\" content=\"Historismus Fischbesteck &quot;Kreuzband&quot; f\u00fcr 6 Personen, Fa. Hukin &amp; Heath, England, um 1900\" \/>\n<meta property=\"og:description\" content=\"Historismus Fischbesteck &quot;Kreuzband&quot; f\u00fcr 6 Personen, Fa. Hukin &amp; Heath, England, um 1900 \u2665 Antiquit\u00e4ten Online kaufen \u2713 Sichere Lieferung \u2713\" \/>\n<meta property=\"og:url\" content=\"https:\/\/annette-ahrens.at\/onlineshop\/produkt\/historismus-fischbesteck-kreuzband-fuer-6-personen-fa-hulkin-heath-london-um-1900\/\" \/>\n<meta property=\"og:site_name\" content=\"Tafelkultur Onlineshop\" \/>\n<meta property=\"article:publisher\" content=\"https:\/\/www.facebook.com\/AnnetteAhrensTafelkultur\" \/>\n<meta property=\"article:modified_time\" content=\"2025-05-03T11:33:48+00:00\" \/>\n<meta property=\"og:image\" content=\"https:\/\/annette-ahrens.at\/onlineshop\/wp-content\/uploads\/2025\/05\/IMG_7001-scaled.jpeg\" \/>\n\t<meta property=\"og:image:width\" content=\"1536\" \/>\n\t<meta property=\"og:image:height\" content=\"2048\" \/>\n<meta name=\"twitter:card\" content=\"summary_large_image\" \/>\n<meta name=\"twitter:label1\" content=\"Gesch\u00e4tzte Lesezeit\">\n\t<meta name=\"twitter:data1\" content=\"1\u00a0Minute\">\n<script type=\"application\/ld+json\" class=\"yoast-schema-graph\">{\"@context\":\"https:\/\/schema.org\",\"@graph\":[{\"@type\":[\"Person\",\"Organization\"],\"@id\":\"https:\/\/annette-ahrens.at\/onlineshop\/#\/schema\/person\/3e19676faae246bba0cb3b7e15f427d8\",\"name\":\"Annette Ahrens\",\"image\":{\"@type\":\"ImageObject\",\"@id\":\"https:\/\/annette-ahrens.at\/onlineshop\/#personlogo\",\"inLanguage\":\"de\",\"url\":\"https:\/\/annette-ahrens.at\/onlineshop\/wp-content\/uploads\/2020\/04\/aa_logo_End.png\",\"width\":800,\"height\":164,\"caption\":\"Annette Ahrens\"},\"logo\":{\"@id\":\"https:\/\/annette-ahrens.at\/onlineshop\/#personlogo\"},\"sameAs\":[\"https:\/\/annette-ahrens.at\",\"https:\/\/www.facebook.com\/AnnetteAhrensTafelkultur\",\"https:\/\/www.instagram.com\/tafelkulturistin\/\",\"https:\/\/de.wikipedia.org\/wiki\/Annette_Ahrens\"]},{\"@type\":\"WebSite\",\"@id\":\"https:\/\/annette-ahrens.at\/onlineshop\/#website\",\"url\":\"https:\/\/annette-ahrens.at\/onlineshop\/\",\"name\":\"Tafelkultur Onlineshop\",\"description\":\"Annette Ahrens\",\"publisher\":{\"@id\":\"https:\/\/annette-ahrens.at\/onlineshop\/#\/schema\/person\/3e19676faae246bba0cb3b7e15f427d8\"},\"potentialAction\":[{\"@type\":\"SearchAction\",\"target\":\"https:\/\/annette-ahrens.at\/onlineshop\/?s={search_term_string}\",\"query-input\":\"required name=search_term_string\"}],\"inLanguage\":\"de\"},{\"@type\":\"ImageObject\",\"@id\":\"https:\/\/annette-ahrens.at\/onlineshop\/produkt\/historismus-fischbesteck-kreuzband-fuer-6-personen-fa-hulkin-heath-london-um-1900\/#primaryimage\",\"inLanguage\":\"de\",\"url\":\"https:\/\/annette-ahrens.at\/onlineshop\/wp-content\/uploads\/2025\/05\/IMG_7001-scaled.jpeg\",\"width\":1536,\"height\":2048,\"caption\":\"fischbesteck_versilbeert_kreuzband\"},{\"@type\":[\"WebPage\",\"ItemPage\"],\"@id\":\"https:\/\/annette-ahrens.at\/onlineshop\/produkt\/historismus-fischbesteck-kreuzband-fuer-6-personen-fa-hulkin-heath-london-um-1900\/#webpage\",\"url\":\"https:\/\/annette-ahrens.at\/onlineshop\/produkt\/historismus-fischbesteck-kreuzband-fuer-6-personen-fa-hulkin-heath-london-um-1900\/\",\"name\":\"Historismus Fischbesteck \\\"Kreuzband\\\" f\\u00fcr 6 Personen, Fa. Hukin & Heath, England, um 1900\",\"isPartOf\":{\"@id\":\"https:\/\/annette-ahrens.at\/onlineshop\/#website\"},\"primaryImageOfPage\":{\"@id\":\"https:\/\/annette-ahrens.at\/onlineshop\/produkt\/historismus-fischbesteck-kreuzband-fuer-6-personen-fa-hulkin-heath-london-um-1900\/#primaryimage\"},\"datePublished\":\"2025-05-02T04:10:39+00:00\",\"dateModified\":\"2025-05-03T11:33:48+00:00\",\"description\":\"Historismus Fischbesteck \\\"Kreuzband\\\" f\\u00fcr 6 Personen, Fa. Hukin & Heath, England, um 1900 \\u2665 Antiquit\\u00e4ten Online kaufen \\u2713 Sichere Lieferung \\u2713\",\"breadcrumb\":{\"@id\":\"https:\/\/annette-ahrens.at\/onlineshop\/produkt\/historismus-fischbesteck-kreuzband-fuer-6-personen-fa-hulkin-heath-london-um-1900\/#breadcrumb\"},\"inLanguage\":\"de\",\"potentialAction\":[{\"@type\":\"ReadAction\",\"target\":[\"https:\/\/annette-ahrens.at\/onlineshop\/produkt\/historismus-fischbesteck-kreuzband-fuer-6-personen-fa-hulkin-heath-london-um-1900\/\"]}]},{\"@type\":\"BreadcrumbList\",\"@id\":\"https:\/\/annette-ahrens.at\/onlineshop\/produkt\/historismus-fischbesteck-kreuzband-fuer-6-personen-fa-hulkin-heath-london-um-1900\/#breadcrumb\",\"itemListElement\":[{\"@type\":\"ListItem\",\"position\":1,\"item\":{\"@type\":\"WebPage\",\"@id\":\"https:\/\/annette-ahrens.at\/onlineshop\/\",\"url\":\"https:\/\/annette-ahrens.at\/onlineshop\/\",\"name\":\"Home\"}},{\"@type\":\"ListItem\",\"position\":2,\"item\":{\"@type\":\"WebPage\",\"@id\":\"https:\/\/annette-ahrens.at\/onlineshop\/alle-tafelkultur-objekte\/\",\"url\":\"https:\/\/annette-ahrens.at\/onlineshop\/alle-tafelkultur-objekte\/\",\"name\":\"Alle Tafelkultur Objekte\"}},{\"@type\":\"ListItem\",\"position\":3,\"item\":{\"@type\":\"WebPage\",\"@id\":\"https:\/\/annette-ahrens.at\/onlineshop\/produkt\/historismus-fischbesteck-kreuzband-fuer-6-personen-fa-hulkin-heath-london-um-1900\/\",\"url\":\"https:\/\/annette-ahrens.at\/onlineshop\/produkt\/historismus-fischbesteck-kreuzband-fuer-6-personen-fa-hulkin-heath-london-um-1900\/\",\"name\":\"Historismus Fischbesteck &#8220;Kreuzband&#8221; f\\u00fcr 6 Personen, Fa. Hukin &#038; Heath, England, um 1900\"}}]}]}<\/script>\n<!-- \/ Yoast SEO Premium plugin. -->","_links":{"self":[{"href":"https:\/\/annette-ahrens.at\/onlineshop\/wp-json\/wp\/v2\/product\/37297","targetHints":{"allow":["GET"]}}],"collection":[{"href":"https:\/\/annette-ahrens.at\/onlineshop\/wp-json\/wp\/v2\/product"}],"about":[{"href":"https:\/\/annette-ahrens.at\/onlineshop\/wp-json\/wp\/v2\/types\/product"}],"replies":[{"embeddable":true,"href":"https:\/\/annette-ahrens.at\/onlineshop\/wp-json\/wp\/v2\/comments?post=37297"}],"wp:featuredmedia":[{"embeddable":true,"href":"https:\/\/annette-ahrens.at\/onlineshop\/wp-json\/wp\/v2\/media\/37277"}],"wp:attachment":[{"href":"https:\/\/annette-ahrens.at\/onlineshop\/wp-json\/wp\/v2\/media?parent=37297"}],"wp:term":[{"taxonomy":"product_brand","embeddable":true,"href":"https:\/\/annette-ahrens.at\/onlineshop\/wp-json\/wp\/v2\/product_brand?post=37297"},{"taxonomy":"product_cat","embeddable":true,"href":"https:\/\/annette-ahrens.at\/onlineshop\/wp-json\/wp\/v2\/product_cat?post=37297"},{"taxonomy":"product_tag","embeddable":true,"href":"https:\/\/annette-ahrens.at\/onlineshop\/wp-json\/wp\/v2\/product_tag?post=37297"}],"curies":[{"name":"wp","href":"https:\/\/api.w.org\/{rel}","templated":true}]}}