{"id":37386,"date":"2025-06-03T07:39:40","date_gmt":"2025-06-03T05:39:40","guid":{"rendered":"https:\/\/annette-ahrens.at\/onlineshop\/?post_type=product&#038;p=37386"},"modified":"2025-06-03T13:45:29","modified_gmt":"2025-06-03T11:45:29","slug":"drei-versilberte-ei-im-glas-pokale-fa-sandrik-um-1920-2","status":"publish","type":"product","link":"https:\/\/annette-ahrens.at\/onlineshop\/produkt\/drei-versilberte-ei-im-glas-pokale-fa-sandrik-um-1920-2\/","title":{"rendered":"Drei versilberte &#8222;Ei im Glas&#8220;-Pokale, Fa. Sandrik, um 1920"},"content":{"rendered":"<p>Drei versilberter &#8222;Ei im Glas&#8220;- Pokale mit Glaseinsatz<\/p>\n<p>Fa. Sandrik, Tschechoslowakei, um 1920<\/p>\n<p>Henkeltablett und drei Pokale aus Alpacca, versilbert, Glaseinsatz mit Zapfen zwecks Arretierung, am Boden Herstellermarke, an der Kuppa Haken f\u00fcr den Eierl\u00f6ffel, dieser mit vergoldeter Lasche (3 St\u00fcck vorhanden), Facon &#8222;Premiere&#8220;, tadelloser Erhaltungszustand<\/p>\n<p>H 9 cm (Pokal)<\/p>\n<p>L 47 x 14 cm (Tablett)<\/p>\n<p>L 10,5 cm (L\u00f6ffel)<\/p>\n","protected":false},"excerpt":{"rendered":"<p>Annettes Etikette: Diese Pokal erinnern nat\u00fcrlich an Eispokale, jedoch verr\u00e4t der Glaseinsatz mit Zapfen die eigentliche Verwendung: So wurde bei der Glasschale das Rausrutschen des bereits gesch\u00e4lten Eies im Glas verhindert. In Wien gibt es heute noch Gastronomen, die auf diese Tafelspezerei Wert legen und Kunden, die mir ihre, bei mir erworbenen Pokale mit Ei in Verwendung senden. Ei gehabt! Die Firma Sandrik\/Szandrik wurde von ihrem Namensgeber Jan Sandrik 1895 in Hodrusa-Hamre gegr\u00fcndet. Mit Eintritt des K\u00fcnstlers Jan Peterka (1871 \u2013 1938) 1899 \u00e4nderte die Firma ihre Angebotspalette und reagierte mit der Produktion von plattierter Ware auf die neue Nachfrage leistbarer Objekte der Tafelkultur.<\/p>\n","protected":false},"featured_media":37776,"comment_status":"open","ping_status":"closed","template":"","meta":[],"product_brand":[],"product_cat":[143,142,36,18,19,31],"product_tag":[],"class_list":{"0":"post-37386","1":"product","2":"type-product","3":"status-publish","4":"has-post-thumbnail","6":"product_cat-ei-im-glas","7":"product_cat-eier","8":"product_cat-eierbecher","9":"product_cat-fruehstueck","10":"product_cat-gabelfruehstueck","11":"product_cat-gastgeschenke","13":"first","14":"instock","15":"sold-individually","16":"purchasable","17":"product-type-simple"},"yoast_head":"<!-- This site is optimized with the Yoast SEO Premium plugin v15.8.2 - https:\/\/yoast.com\/wordpress\/plugins\/seo\/ -->\n<title>Drei versilberte &quot;Ei im Glas&quot;-Pokale, Fa. Sandrik, um 1920<\/title>\n<meta name=\"description\" content=\"Drei versilberte &quot;Ei im Glas&quot;-Pokale, Fa. Sandrik, um 1920 \u2665 Antiquit\u00e4ten Online kaufen \u2713 Sichere Lieferung \u2713\" \/>\n<meta name=\"robots\" content=\"index, follow, max-snippet:-1, max-image-preview:large, max-video-preview:-1\" \/>\n<link rel=\"canonical\" href=\"https:\/\/annette-ahrens.at\/onlineshop\/produkt\/drei-versilberte-ei-im-glas-pokale-fa-sandrik-um-1920-2\/\" \/>\n<meta property=\"og:locale\" content=\"de_DE\" \/>\n<meta property=\"og:type\" content=\"article\" \/>\n<meta property=\"og:title\" content=\"Drei versilberte &quot;Ei im Glas&quot;-Pokale, Fa. Sandrik, um 1920\" \/>\n<meta property=\"og:description\" content=\"Drei versilberte &quot;Ei im Glas&quot;-Pokale, Fa. Sandrik, um 1920 \u2665 Antiquit\u00e4ten Online kaufen \u2713 Sichere Lieferung \u2713\" \/>\n<meta property=\"og:url\" content=\"https:\/\/annette-ahrens.at\/onlineshop\/produkt\/drei-versilberte-ei-im-glas-pokale-fa-sandrik-um-1920-2\/\" \/>\n<meta property=\"og:site_name\" content=\"Tafelkultur Onlineshop\" \/>\n<meta property=\"article:publisher\" content=\"https:\/\/www.facebook.com\/AnnetteAhrensTafelkultur\" \/>\n<meta property=\"article:modified_time\" content=\"2025-06-03T11:45:29+00:00\" \/>\n<meta property=\"og:image\" content=\"https:\/\/annette-ahrens.at\/onlineshop\/wp-content\/uploads\/2025\/06\/IMG_7362-scaled.jpeg\" \/>\n\t<meta property=\"og:image:width\" content=\"1845\" \/>\n\t<meta property=\"og:image:height\" content=\"2048\" \/>\n<meta name=\"twitter:card\" content=\"summary_large_image\" \/>\n<meta name=\"twitter:label1\" content=\"Gesch\u00e4tzte Lesezeit\">\n\t<meta name=\"twitter:data1\" content=\"1\u00a0Minute\">\n<script type=\"application\/ld+json\" class=\"yoast-schema-graph\">{\"@context\":\"https:\/\/schema.org\",\"@graph\":[{\"@type\":[\"Person\",\"Organization\"],\"@id\":\"https:\/\/annette-ahrens.at\/onlineshop\/#\/schema\/person\/3e19676faae246bba0cb3b7e15f427d8\",\"name\":\"Annette Ahrens\",\"image\":{\"@type\":\"ImageObject\",\"@id\":\"https:\/\/annette-ahrens.at\/onlineshop\/#personlogo\",\"inLanguage\":\"de\",\"url\":\"https:\/\/annette-ahrens.at\/onlineshop\/wp-content\/uploads\/2020\/04\/aa_logo_End.png\",\"width\":800,\"height\":164,\"caption\":\"Annette Ahrens\"},\"logo\":{\"@id\":\"https:\/\/annette-ahrens.at\/onlineshop\/#personlogo\"},\"sameAs\":[\"https:\/\/annette-ahrens.at\",\"https:\/\/www.facebook.com\/AnnetteAhrensTafelkultur\",\"https:\/\/www.instagram.com\/tafelkulturistin\/\",\"https:\/\/de.wikipedia.org\/wiki\/Annette_Ahrens\"]},{\"@type\":\"WebSite\",\"@id\":\"https:\/\/annette-ahrens.at\/onlineshop\/#website\",\"url\":\"https:\/\/annette-ahrens.at\/onlineshop\/\",\"name\":\"Tafelkultur Onlineshop\",\"description\":\"Annette Ahrens\",\"publisher\":{\"@id\":\"https:\/\/annette-ahrens.at\/onlineshop\/#\/schema\/person\/3e19676faae246bba0cb3b7e15f427d8\"},\"potentialAction\":[{\"@type\":\"SearchAction\",\"target\":\"https:\/\/annette-ahrens.at\/onlineshop\/?s={search_term_string}\",\"query-input\":\"required name=search_term_string\"}],\"inLanguage\":\"de\"},{\"@type\":\"ImageObject\",\"@id\":\"https:\/\/annette-ahrens.at\/onlineshop\/produkt\/drei-versilberte-ei-im-glas-pokale-fa-sandrik-um-1920-2\/#primaryimage\",\"inLanguage\":\"de\",\"url\":\"https:\/\/annette-ahrens.at\/onlineshop\/wp-content\/uploads\/2025\/06\/IMG_7362-scaled.jpeg\",\"width\":1845,\"height\":2048,\"caption\":\"ei_in_glas_pokale_sandrik\"},{\"@type\":[\"WebPage\",\"ItemPage\"],\"@id\":\"https:\/\/annette-ahrens.at\/onlineshop\/produkt\/drei-versilberte-ei-im-glas-pokale-fa-sandrik-um-1920-2\/#webpage\",\"url\":\"https:\/\/annette-ahrens.at\/onlineshop\/produkt\/drei-versilberte-ei-im-glas-pokale-fa-sandrik-um-1920-2\/\",\"name\":\"Drei versilberte \\\"Ei im Glas\\\"-Pokale, Fa. Sandrik, um 1920\",\"isPartOf\":{\"@id\":\"https:\/\/annette-ahrens.at\/onlineshop\/#website\"},\"primaryImageOfPage\":{\"@id\":\"https:\/\/annette-ahrens.at\/onlineshop\/produkt\/drei-versilberte-ei-im-glas-pokale-fa-sandrik-um-1920-2\/#primaryimage\"},\"datePublished\":\"2025-06-03T05:39:40+00:00\",\"dateModified\":\"2025-06-03T11:45:29+00:00\",\"description\":\"Drei versilberte \\\"Ei im Glas\\\"-Pokale, Fa. Sandrik, um 1920 \\u2665 Antiquit\\u00e4ten Online kaufen \\u2713 Sichere Lieferung \\u2713\",\"breadcrumb\":{\"@id\":\"https:\/\/annette-ahrens.at\/onlineshop\/produkt\/drei-versilberte-ei-im-glas-pokale-fa-sandrik-um-1920-2\/#breadcrumb\"},\"inLanguage\":\"de\",\"potentialAction\":[{\"@type\":\"ReadAction\",\"target\":[\"https:\/\/annette-ahrens.at\/onlineshop\/produkt\/drei-versilberte-ei-im-glas-pokale-fa-sandrik-um-1920-2\/\"]}]},{\"@type\":\"BreadcrumbList\",\"@id\":\"https:\/\/annette-ahrens.at\/onlineshop\/produkt\/drei-versilberte-ei-im-glas-pokale-fa-sandrik-um-1920-2\/#breadcrumb\",\"itemListElement\":[{\"@type\":\"ListItem\",\"position\":1,\"item\":{\"@type\":\"WebPage\",\"@id\":\"https:\/\/annette-ahrens.at\/onlineshop\/\",\"url\":\"https:\/\/annette-ahrens.at\/onlineshop\/\",\"name\":\"Home\"}},{\"@type\":\"ListItem\",\"position\":2,\"item\":{\"@type\":\"WebPage\",\"@id\":\"https:\/\/annette-ahrens.at\/onlineshop\/alle-tafelkultur-objekte\/\",\"url\":\"https:\/\/annette-ahrens.at\/onlineshop\/alle-tafelkultur-objekte\/\",\"name\":\"Alle Tafelkultur Objekte\"}},{\"@type\":\"ListItem\",\"position\":3,\"item\":{\"@type\":\"WebPage\",\"@id\":\"https:\/\/annette-ahrens.at\/onlineshop\/produkt\/drei-versilberte-ei-im-glas-pokale-fa-sandrik-um-1920-2\/\",\"url\":\"https:\/\/annette-ahrens.at\/onlineshop\/produkt\/drei-versilberte-ei-im-glas-pokale-fa-sandrik-um-1920-2\/\",\"name\":\"Drei versilberte &#8220;Ei im Glas&#8221;-Pokale, Fa. Sandrik, um 1920\"}}]}]}<\/script>\n<!-- \/ Yoast SEO Premium plugin. -->","_links":{"self":[{"href":"https:\/\/annette-ahrens.at\/onlineshop\/wp-json\/wp\/v2\/product\/37386","targetHints":{"allow":["GET"]}}],"collection":[{"href":"https:\/\/annette-ahrens.at\/onlineshop\/wp-json\/wp\/v2\/product"}],"about":[{"href":"https:\/\/annette-ahrens.at\/onlineshop\/wp-json\/wp\/v2\/types\/product"}],"replies":[{"embeddable":true,"href":"https:\/\/annette-ahrens.at\/onlineshop\/wp-json\/wp\/v2\/comments?post=37386"}],"wp:featuredmedia":[{"embeddable":true,"href":"https:\/\/annette-ahrens.at\/onlineshop\/wp-json\/wp\/v2\/media\/37776"}],"wp:attachment":[{"href":"https:\/\/annette-ahrens.at\/onlineshop\/wp-json\/wp\/v2\/media?parent=37386"}],"wp:term":[{"taxonomy":"product_brand","embeddable":true,"href":"https:\/\/annette-ahrens.at\/onlineshop\/wp-json\/wp\/v2\/product_brand?post=37386"},{"taxonomy":"product_cat","embeddable":true,"href":"https:\/\/annette-ahrens.at\/onlineshop\/wp-json\/wp\/v2\/product_cat?post=37386"},{"taxonomy":"product_tag","embeddable":true,"href":"https:\/\/annette-ahrens.at\/onlineshop\/wp-json\/wp\/v2\/product_tag?post=37386"}],"curies":[{"name":"wp","href":"https:\/\/api.w.org\/{rel}","templated":true}]}}