{"id":37465,"date":"2025-05-17T18:22:01","date_gmt":"2025-05-17T16:22:01","guid":{"rendered":"https:\/\/annette-ahrens.at\/onlineshop\/?post_type=product&#038;p=37465"},"modified":"2025-05-18T21:24:24","modified_gmt":"2025-05-18T19:24:24","slug":"marianne-denzel-24-teiliges-besteck-fuer-6-personen-madame-fa-berndorf-um-1960","status":"publish","type":"product","link":"https:\/\/annette-ahrens.at\/onlineshop\/produkt\/marianne-denzel-24-teiliges-besteck-fuer-6-personen-madame-fa-berndorf-um-1960\/","title":{"rendered":"Marianne Denzel, 24 teiliges Besteck f\u00fcr 6 Personen, &#8222;Madame&#8220;, Fa. Berndorf, um 1960"},"content":{"rendered":"<p>24 teiliges Midcentury Besteck f\u00fcr 6 Personen &#8222;Madame&#8220;<\/p>\n<p>Entwurf: Marianne Denzel (Bad Schussenried 1932 &#8211; 1975 K\u00f6ln) f\u00fcr die Fa. Berndorf, um 1960<\/p>\n<p>Alpacca, stark versilbert, Modell 7000, 90er Auflage, tadellose Messer mit Hohlhefte und rostfreien Klingen, alle Teile gemarkt Berndorf in Schreibschrift, insgesamt 24 Teile, in originaler Kassette, innen mit gelben Satin tapeziert, gemarkt BERNDORF, bestehend aus<\/p>\n<p>6 Suppenl\u00f6ffel L 20,5 cm<\/p>\n<p>6 Menumesser L 22 cm<\/p>\n<p>6 Menugabeln L 20 cm<\/p>\n<p>6 Kaffeel\u00f6ffel L 14 cm<\/p>\n<p>Literatur: Tulga Beyerle, Karin Hirschberger: Designlandschaft \u00d6sterreich, 1900-2005, Basel 2006, Seite 146<\/p>\n","protected":false},"excerpt":{"rendered":"<p>Annettes Etikette: Die deutsche K\u00fcnstlerin Marianne Denzel zeichnet f\u00fcr moderne Entw\u00fcrfe der Berndorfer Metallwarenfabrik verantwortlich. Neben Tafelger\u00e4ten und Besteckentw\u00fcrfen, die unter dem Namen &#8222;MADAME&#8220; und &#8222;SIR&#8220; angeboten wurden, wurde ihr vernickelter Besteckentwurf sogar f\u00fcr die 1. Klasse der Austrian Airlines ausgef\u00fchrt. Ich freue mich ein so komplettes Besteck in Kassette von dieser Designerin anbieten zu k\u00f6nnen.<\/p>\n","protected":false},"featured_media":37468,"comment_status":"open","ping_status":"closed","template":"","meta":[],"product_brand":[],"product_cat":[276,30,235,236,237,252,250],"product_tag":[],"class_list":{"0":"post-37465","1":"product","2":"type-product","3":"status-publish","4":"has-post-thumbnail","6":"product_cat-alpacca","7":"product_cat-besteck","8":"product_cat-gabeln","9":"product_cat-loeffel","10":"product_cat-messer","11":"product_cat-suppenloeffel","12":"product_cat-teeloeffel-loeffeln","14":"first","15":"instock","16":"sold-individually","17":"purchasable","18":"product-type-simple"},"yoast_head":"<!-- This site is optimized with the Yoast SEO Premium plugin v15.8.2 - https:\/\/yoast.com\/wordpress\/plugins\/seo\/ -->\n<title>Marianne Denzel, 24 teiliges Besteck f\u00fcr 6 Personen, &quot;Madame&quot;, Fa. Berndorf, um 1960<\/title>\n<meta name=\"description\" content=\"Marianne Denzel, 24 teiliges Besteck f\u00fcr 6 Personen, &quot;Madame&quot;, Fa. Berndorf, um 1960 \u2665 Antiquit\u00e4ten Online kaufen \u2713 Sichere Lieferung \u2713\" \/>\n<meta name=\"robots\" content=\"index, follow, max-snippet:-1, max-image-preview:large, max-video-preview:-1\" \/>\n<link rel=\"canonical\" href=\"https:\/\/annette-ahrens.at\/onlineshop\/produkt\/marianne-denzel-24-teiliges-besteck-fuer-6-personen-madame-fa-berndorf-um-1960\/\" \/>\n<meta property=\"og:locale\" content=\"de_DE\" \/>\n<meta property=\"og:type\" content=\"article\" \/>\n<meta property=\"og:title\" content=\"Marianne Denzel, 24 teiliges Besteck f\u00fcr 6 Personen, &quot;Madame&quot;, Fa. Berndorf, um 1960\" \/>\n<meta property=\"og:description\" content=\"Marianne Denzel, 24 teiliges Besteck f\u00fcr 6 Personen, &quot;Madame&quot;, Fa. Berndorf, um 1960 \u2665 Antiquit\u00e4ten Online kaufen \u2713 Sichere Lieferung \u2713\" \/>\n<meta property=\"og:url\" content=\"https:\/\/annette-ahrens.at\/onlineshop\/produkt\/marianne-denzel-24-teiliges-besteck-fuer-6-personen-madame-fa-berndorf-um-1960\/\" \/>\n<meta property=\"og:site_name\" content=\"Tafelkultur Onlineshop\" \/>\n<meta property=\"article:publisher\" content=\"https:\/\/www.facebook.com\/AnnetteAhrensTafelkultur\" \/>\n<meta property=\"article:modified_time\" content=\"2025-05-18T19:24:24+00:00\" \/>\n<meta property=\"og:image\" content=\"https:\/\/annette-ahrens.at\/onlineshop\/wp-content\/uploads\/2025\/05\/IMG_7099-scaled.jpeg\" \/>\n\t<meta property=\"og:image:width\" content=\"1536\" \/>\n\t<meta property=\"og:image:height\" content=\"2048\" \/>\n<meta name=\"twitter:card\" content=\"summary_large_image\" \/>\n<meta name=\"twitter:label1\" content=\"Gesch\u00e4tzte Lesezeit\">\n\t<meta name=\"twitter:data1\" content=\"1\u00a0Minute\">\n<script type=\"application\/ld+json\" class=\"yoast-schema-graph\">{\"@context\":\"https:\/\/schema.org\",\"@graph\":[{\"@type\":[\"Person\",\"Organization\"],\"@id\":\"https:\/\/annette-ahrens.at\/onlineshop\/#\/schema\/person\/3e19676faae246bba0cb3b7e15f427d8\",\"name\":\"Annette Ahrens\",\"image\":{\"@type\":\"ImageObject\",\"@id\":\"https:\/\/annette-ahrens.at\/onlineshop\/#personlogo\",\"inLanguage\":\"de\",\"url\":\"https:\/\/annette-ahrens.at\/onlineshop\/wp-content\/uploads\/2020\/04\/aa_logo_End.png\",\"width\":800,\"height\":164,\"caption\":\"Annette Ahrens\"},\"logo\":{\"@id\":\"https:\/\/annette-ahrens.at\/onlineshop\/#personlogo\"},\"sameAs\":[\"https:\/\/annette-ahrens.at\",\"https:\/\/www.facebook.com\/AnnetteAhrensTafelkultur\",\"https:\/\/www.instagram.com\/tafelkulturistin\/\",\"https:\/\/de.wikipedia.org\/wiki\/Annette_Ahrens\"]},{\"@type\":\"WebSite\",\"@id\":\"https:\/\/annette-ahrens.at\/onlineshop\/#website\",\"url\":\"https:\/\/annette-ahrens.at\/onlineshop\/\",\"name\":\"Tafelkultur Onlineshop\",\"description\":\"Annette Ahrens\",\"publisher\":{\"@id\":\"https:\/\/annette-ahrens.at\/onlineshop\/#\/schema\/person\/3e19676faae246bba0cb3b7e15f427d8\"},\"potentialAction\":[{\"@type\":\"SearchAction\",\"target\":\"https:\/\/annette-ahrens.at\/onlineshop\/?s={search_term_string}\",\"query-input\":\"required name=search_term_string\"}],\"inLanguage\":\"de\"},{\"@type\":\"ImageObject\",\"@id\":\"https:\/\/annette-ahrens.at\/onlineshop\/produkt\/marianne-denzel-24-teiliges-besteck-fuer-6-personen-madame-fa-berndorf-um-1960\/#primaryimage\",\"inLanguage\":\"de\",\"url\":\"https:\/\/annette-ahrens.at\/onlineshop\/wp-content\/uploads\/2025\/05\/IMG_7099-scaled.jpeg\",\"width\":1536,\"height\":2048,\"caption\":\"besteck_berndorf_denzel_Madame\"},{\"@type\":[\"WebPage\",\"ItemPage\"],\"@id\":\"https:\/\/annette-ahrens.at\/onlineshop\/produkt\/marianne-denzel-24-teiliges-besteck-fuer-6-personen-madame-fa-berndorf-um-1960\/#webpage\",\"url\":\"https:\/\/annette-ahrens.at\/onlineshop\/produkt\/marianne-denzel-24-teiliges-besteck-fuer-6-personen-madame-fa-berndorf-um-1960\/\",\"name\":\"Marianne Denzel, 24 teiliges Besteck f\\u00fcr 6 Personen, \\\"Madame\\\", Fa. Berndorf, um 1960\",\"isPartOf\":{\"@id\":\"https:\/\/annette-ahrens.at\/onlineshop\/#website\"},\"primaryImageOfPage\":{\"@id\":\"https:\/\/annette-ahrens.at\/onlineshop\/produkt\/marianne-denzel-24-teiliges-besteck-fuer-6-personen-madame-fa-berndorf-um-1960\/#primaryimage\"},\"datePublished\":\"2025-05-17T16:22:01+00:00\",\"dateModified\":\"2025-05-18T19:24:24+00:00\",\"description\":\"Marianne Denzel, 24 teiliges Besteck f\\u00fcr 6 Personen, \\\"Madame\\\", Fa. Berndorf, um 1960 \\u2665 Antiquit\\u00e4ten Online kaufen \\u2713 Sichere Lieferung \\u2713\",\"breadcrumb\":{\"@id\":\"https:\/\/annette-ahrens.at\/onlineshop\/produkt\/marianne-denzel-24-teiliges-besteck-fuer-6-personen-madame-fa-berndorf-um-1960\/#breadcrumb\"},\"inLanguage\":\"de\",\"potentialAction\":[{\"@type\":\"ReadAction\",\"target\":[\"https:\/\/annette-ahrens.at\/onlineshop\/produkt\/marianne-denzel-24-teiliges-besteck-fuer-6-personen-madame-fa-berndorf-um-1960\/\"]}]},{\"@type\":\"BreadcrumbList\",\"@id\":\"https:\/\/annette-ahrens.at\/onlineshop\/produkt\/marianne-denzel-24-teiliges-besteck-fuer-6-personen-madame-fa-berndorf-um-1960\/#breadcrumb\",\"itemListElement\":[{\"@type\":\"ListItem\",\"position\":1,\"item\":{\"@type\":\"WebPage\",\"@id\":\"https:\/\/annette-ahrens.at\/onlineshop\/\",\"url\":\"https:\/\/annette-ahrens.at\/onlineshop\/\",\"name\":\"Home\"}},{\"@type\":\"ListItem\",\"position\":2,\"item\":{\"@type\":\"WebPage\",\"@id\":\"https:\/\/annette-ahrens.at\/onlineshop\/alle-tafelkultur-objekte\/\",\"url\":\"https:\/\/annette-ahrens.at\/onlineshop\/alle-tafelkultur-objekte\/\",\"name\":\"Alle Tafelkultur Objekte\"}},{\"@type\":\"ListItem\",\"position\":3,\"item\":{\"@type\":\"WebPage\",\"@id\":\"https:\/\/annette-ahrens.at\/onlineshop\/produkt\/marianne-denzel-24-teiliges-besteck-fuer-6-personen-madame-fa-berndorf-um-1960\/\",\"url\":\"https:\/\/annette-ahrens.at\/onlineshop\/produkt\/marianne-denzel-24-teiliges-besteck-fuer-6-personen-madame-fa-berndorf-um-1960\/\",\"name\":\"Marianne Denzel, 24 teiliges Besteck f\\u00fcr 6 Personen, &#8220;Madame&#8221;, Fa. Berndorf, um 1960\"}}]}]}<\/script>\n<!-- \/ Yoast SEO Premium plugin. -->","_links":{"self":[{"href":"https:\/\/annette-ahrens.at\/onlineshop\/wp-json\/wp\/v2\/product\/37465","targetHints":{"allow":["GET"]}}],"collection":[{"href":"https:\/\/annette-ahrens.at\/onlineshop\/wp-json\/wp\/v2\/product"}],"about":[{"href":"https:\/\/annette-ahrens.at\/onlineshop\/wp-json\/wp\/v2\/types\/product"}],"replies":[{"embeddable":true,"href":"https:\/\/annette-ahrens.at\/onlineshop\/wp-json\/wp\/v2\/comments?post=37465"}],"wp:featuredmedia":[{"embeddable":true,"href":"https:\/\/annette-ahrens.at\/onlineshop\/wp-json\/wp\/v2\/media\/37468"}],"wp:attachment":[{"href":"https:\/\/annette-ahrens.at\/onlineshop\/wp-json\/wp\/v2\/media?parent=37465"}],"wp:term":[{"taxonomy":"product_brand","embeddable":true,"href":"https:\/\/annette-ahrens.at\/onlineshop\/wp-json\/wp\/v2\/product_brand?post=37465"},{"taxonomy":"product_cat","embeddable":true,"href":"https:\/\/annette-ahrens.at\/onlineshop\/wp-json\/wp\/v2\/product_cat?post=37465"},{"taxonomy":"product_tag","embeddable":true,"href":"https:\/\/annette-ahrens.at\/onlineshop\/wp-json\/wp\/v2\/product_tag?post=37465"}],"curies":[{"name":"wp","href":"https:\/\/api.w.org\/{rel}","templated":true}]}}