{"id":37484,"date":"2025-05-19T06:45:02","date_gmt":"2025-05-19T04:45:02","guid":{"rendered":"https:\/\/annette-ahrens.at\/onlineshop\/?post_type=product&#038;p=37484"},"modified":"2025-05-18T21:25:49","modified_gmt":"2025-05-18T19:25:49","slug":"60-teiliges-versilbertes-besteck-fuer-6-personen-quadrille-fa-berndorf-um-1920","status":"publish","type":"product","link":"https:\/\/annette-ahrens.at\/onlineshop\/produkt\/60-teiliges-versilbertes-besteck-fuer-6-personen-quadrille-fa-berndorf-um-1920\/","title":{"rendered":"60 teiliges versilbertes Besteck f\u00fcr 6 Personen &#8222;Quadrille&#8220;, Fa. Berndorf, um 1920"},"content":{"rendered":"<p>Besteck f\u00fcr 6 Personen &#8222;Quadrille&#8220;<\/p>\n<p>Fa. Berndorf, um 1920, Form 8600<\/p>\n<p>Alpacca, versilbert, insgesamt 60 Teile, alle Messer mit rostfreien, originalen Berndorf-Klingen, alle Teile mit runder Berndorfmarke, in schwarzer Kassette, innen mit Satin bezogen, tadelloser Erhaltungszustand<\/p>\n<p>Bestehend aus:<\/p>\n<p>6 Suppenl\u00f6ffel<\/p>\n<p>6 Menugabeln<\/p>\n<p>6 Menumesser<\/p>\n<p>6 Kaffeel\u00f6ffel<\/p>\n<p>6 Mokkal\u00f6ffel<\/p>\n<p>6 Vorspeisgabeln<\/p>\n<p>6 Vorspeismesser<\/p>\n<p>6 Obstmesser<\/p>\n<p>6 Obstgabeln<\/p>\n<p><strong>6 Vorleger<\/strong><\/p>\n<p>1 Suppensch\u00f6pfer<\/p>\n<p>1 Milchsch\u00f6pfer<\/p>\n<p>1 Gem\u00fcsel\u00f6ffel<\/p>\n<p>1 Tortenheber<\/p>\n<p>1 Zuckerzange<\/p>\n<p>1 Geb\u00e4ckzange<\/p>\n<p>&nbsp;<\/p>\n","protected":false},"excerpt":{"rendered":"<p>Besteck f\u00fcr 6 Personen &#8222;Quadrille&#8220; Fa. Berndorf, um 1920, Form 8600 Alpacca, versilbert, insgesamt 60 Teile, alle Messer mit rostfreien, originalen Berndorf-Klingen, alle Teile mit runder Berndorfmarke, in schwarzer Kassette, innen mit Satin bezogen, tadelloser Erhaltungszustand Bestehend aus: 6 Suppenl\u00f6ffel 6 Menugabeln 6 Menumesser 6 Kaffeel\u00f6ffel 6 Mokkal\u00f6ffel 6 Vorspeisgabeln 6 Vorspeismesser 6 Obstmesser 6 [&hellip;]<\/p>\n","protected":false},"featured_media":37489,"comment_status":"open","ping_status":"closed","template":"","meta":[],"product_brand":[],"product_cat":[276,30,291,236,237,266,252,250,238],"product_tag":[],"class_list":{"0":"post-37484","1":"product","2":"type-product","3":"status-publish","4":"has-post-thumbnail","6":"product_cat-alpacca","7":"product_cat-besteck","8":"product_cat-hochzeit","9":"product_cat-loeffel","10":"product_cat-messer","11":"product_cat-schoepfer","12":"product_cat-suppenloeffel","13":"product_cat-teeloeffel-loeffeln","14":"product_cat-vorleger","16":"first","17":"instock","18":"sold-individually","19":"purchasable","20":"product-type-simple"},"yoast_head":"<!-- This site is optimized with the Yoast SEO Premium plugin v15.8.2 - https:\/\/yoast.com\/wordpress\/plugins\/seo\/ -->\n<title>60 teiliges versilbertes Besteck f\u00fcr 6 Personen &quot;Quadrille&quot;, Fa. Berndorf, um 1920<\/title>\n<meta name=\"description\" content=\"60 teiliges versilbertes Besteck f\u00fcr 6 Personen &quot;Quadrille&quot;, Fa. Berndorf, um 1920 \u2665 Antiquit\u00e4ten Online kaufen \u2713 Sichere Lieferung \u2713\" \/>\n<meta name=\"robots\" content=\"index, follow, max-snippet:-1, max-image-preview:large, max-video-preview:-1\" \/>\n<link rel=\"canonical\" href=\"https:\/\/annette-ahrens.at\/onlineshop\/produkt\/60-teiliges-versilbertes-besteck-fuer-6-personen-quadrille-fa-berndorf-um-1920\/\" \/>\n<meta property=\"og:locale\" content=\"de_DE\" \/>\n<meta property=\"og:type\" content=\"article\" \/>\n<meta property=\"og:title\" content=\"60 teiliges versilbertes Besteck f\u00fcr 6 Personen &quot;Quadrille&quot;, Fa. Berndorf, um 1920\" \/>\n<meta property=\"og:description\" content=\"60 teiliges versilbertes Besteck f\u00fcr 6 Personen &quot;Quadrille&quot;, Fa. Berndorf, um 1920 \u2665 Antiquit\u00e4ten Online kaufen \u2713 Sichere Lieferung \u2713\" \/>\n<meta property=\"og:url\" content=\"https:\/\/annette-ahrens.at\/onlineshop\/produkt\/60-teiliges-versilbertes-besteck-fuer-6-personen-quadrille-fa-berndorf-um-1920\/\" \/>\n<meta property=\"og:site_name\" content=\"Tafelkultur Onlineshop\" \/>\n<meta property=\"article:publisher\" content=\"https:\/\/www.facebook.com\/AnnetteAhrensTafelkultur\" \/>\n<meta property=\"article:modified_time\" content=\"2025-05-18T19:25:49+00:00\" \/>\n<meta property=\"og:image\" content=\"https:\/\/annette-ahrens.at\/onlineshop\/wp-content\/uploads\/2025\/05\/IMG_7132-scaled.jpeg\" \/>\n\t<meta property=\"og:image:width\" content=\"1536\" \/>\n\t<meta property=\"og:image:height\" content=\"2048\" \/>\n<meta name=\"twitter:card\" content=\"summary_large_image\" \/>\n<meta name=\"twitter:label1\" content=\"Gesch\u00e4tzte Lesezeit\">\n\t<meta name=\"twitter:data1\" content=\"1\u00a0Minute\">\n<script type=\"application\/ld+json\" class=\"yoast-schema-graph\">{\"@context\":\"https:\/\/schema.org\",\"@graph\":[{\"@type\":[\"Person\",\"Organization\"],\"@id\":\"https:\/\/annette-ahrens.at\/onlineshop\/#\/schema\/person\/3e19676faae246bba0cb3b7e15f427d8\",\"name\":\"Annette Ahrens\",\"image\":{\"@type\":\"ImageObject\",\"@id\":\"https:\/\/annette-ahrens.at\/onlineshop\/#personlogo\",\"inLanguage\":\"de\",\"url\":\"https:\/\/annette-ahrens.at\/onlineshop\/wp-content\/uploads\/2020\/04\/aa_logo_End.png\",\"width\":800,\"height\":164,\"caption\":\"Annette Ahrens\"},\"logo\":{\"@id\":\"https:\/\/annette-ahrens.at\/onlineshop\/#personlogo\"},\"sameAs\":[\"https:\/\/annette-ahrens.at\",\"https:\/\/www.facebook.com\/AnnetteAhrensTafelkultur\",\"https:\/\/www.instagram.com\/tafelkulturistin\/\",\"https:\/\/de.wikipedia.org\/wiki\/Annette_Ahrens\"]},{\"@type\":\"WebSite\",\"@id\":\"https:\/\/annette-ahrens.at\/onlineshop\/#website\",\"url\":\"https:\/\/annette-ahrens.at\/onlineshop\/\",\"name\":\"Tafelkultur Onlineshop\",\"description\":\"Annette Ahrens\",\"publisher\":{\"@id\":\"https:\/\/annette-ahrens.at\/onlineshop\/#\/schema\/person\/3e19676faae246bba0cb3b7e15f427d8\"},\"potentialAction\":[{\"@type\":\"SearchAction\",\"target\":\"https:\/\/annette-ahrens.at\/onlineshop\/?s={search_term_string}\",\"query-input\":\"required name=search_term_string\"}],\"inLanguage\":\"de\"},{\"@type\":\"ImageObject\",\"@id\":\"https:\/\/annette-ahrens.at\/onlineshop\/produkt\/60-teiliges-versilbertes-besteck-fuer-6-personen-quadrille-fa-berndorf-um-1920\/#primaryimage\",\"inLanguage\":\"de\",\"url\":\"https:\/\/annette-ahrens.at\/onlineshop\/wp-content\/uploads\/2025\/05\/IMG_7132-scaled.jpeg\",\"width\":1536,\"height\":2048,\"caption\":\"besteck_berndorf_quadrille\"},{\"@type\":[\"WebPage\",\"ItemPage\"],\"@id\":\"https:\/\/annette-ahrens.at\/onlineshop\/produkt\/60-teiliges-versilbertes-besteck-fuer-6-personen-quadrille-fa-berndorf-um-1920\/#webpage\",\"url\":\"https:\/\/annette-ahrens.at\/onlineshop\/produkt\/60-teiliges-versilbertes-besteck-fuer-6-personen-quadrille-fa-berndorf-um-1920\/\",\"name\":\"60 teiliges versilbertes Besteck f\\u00fcr 6 Personen \\\"Quadrille\\\", Fa. Berndorf, um 1920\",\"isPartOf\":{\"@id\":\"https:\/\/annette-ahrens.at\/onlineshop\/#website\"},\"primaryImageOfPage\":{\"@id\":\"https:\/\/annette-ahrens.at\/onlineshop\/produkt\/60-teiliges-versilbertes-besteck-fuer-6-personen-quadrille-fa-berndorf-um-1920\/#primaryimage\"},\"datePublished\":\"2025-05-19T04:45:02+00:00\",\"dateModified\":\"2025-05-18T19:25:49+00:00\",\"description\":\"60 teiliges versilbertes Besteck f\\u00fcr 6 Personen \\\"Quadrille\\\", Fa. Berndorf, um 1920 \\u2665 Antiquit\\u00e4ten Online kaufen \\u2713 Sichere Lieferung \\u2713\",\"breadcrumb\":{\"@id\":\"https:\/\/annette-ahrens.at\/onlineshop\/produkt\/60-teiliges-versilbertes-besteck-fuer-6-personen-quadrille-fa-berndorf-um-1920\/#breadcrumb\"},\"inLanguage\":\"de\",\"potentialAction\":[{\"@type\":\"ReadAction\",\"target\":[\"https:\/\/annette-ahrens.at\/onlineshop\/produkt\/60-teiliges-versilbertes-besteck-fuer-6-personen-quadrille-fa-berndorf-um-1920\/\"]}]},{\"@type\":\"BreadcrumbList\",\"@id\":\"https:\/\/annette-ahrens.at\/onlineshop\/produkt\/60-teiliges-versilbertes-besteck-fuer-6-personen-quadrille-fa-berndorf-um-1920\/#breadcrumb\",\"itemListElement\":[{\"@type\":\"ListItem\",\"position\":1,\"item\":{\"@type\":\"WebPage\",\"@id\":\"https:\/\/annette-ahrens.at\/onlineshop\/\",\"url\":\"https:\/\/annette-ahrens.at\/onlineshop\/\",\"name\":\"Home\"}},{\"@type\":\"ListItem\",\"position\":2,\"item\":{\"@type\":\"WebPage\",\"@id\":\"https:\/\/annette-ahrens.at\/onlineshop\/alle-tafelkultur-objekte\/\",\"url\":\"https:\/\/annette-ahrens.at\/onlineshop\/alle-tafelkultur-objekte\/\",\"name\":\"Alle Tafelkultur Objekte\"}},{\"@type\":\"ListItem\",\"position\":3,\"item\":{\"@type\":\"WebPage\",\"@id\":\"https:\/\/annette-ahrens.at\/onlineshop\/produkt\/60-teiliges-versilbertes-besteck-fuer-6-personen-quadrille-fa-berndorf-um-1920\/\",\"url\":\"https:\/\/annette-ahrens.at\/onlineshop\/produkt\/60-teiliges-versilbertes-besteck-fuer-6-personen-quadrille-fa-berndorf-um-1920\/\",\"name\":\"60 teiliges versilbertes Besteck f\\u00fcr 6 Personen &#8220;Quadrille&#8221;, Fa. Berndorf, um 1920\"}}]}]}<\/script>\n<!-- \/ Yoast SEO Premium plugin. -->","_links":{"self":[{"href":"https:\/\/annette-ahrens.at\/onlineshop\/wp-json\/wp\/v2\/product\/37484","targetHints":{"allow":["GET"]}}],"collection":[{"href":"https:\/\/annette-ahrens.at\/onlineshop\/wp-json\/wp\/v2\/product"}],"about":[{"href":"https:\/\/annette-ahrens.at\/onlineshop\/wp-json\/wp\/v2\/types\/product"}],"replies":[{"embeddable":true,"href":"https:\/\/annette-ahrens.at\/onlineshop\/wp-json\/wp\/v2\/comments?post=37484"}],"wp:featuredmedia":[{"embeddable":true,"href":"https:\/\/annette-ahrens.at\/onlineshop\/wp-json\/wp\/v2\/media\/37489"}],"wp:attachment":[{"href":"https:\/\/annette-ahrens.at\/onlineshop\/wp-json\/wp\/v2\/media?parent=37484"}],"wp:term":[{"taxonomy":"product_brand","embeddable":true,"href":"https:\/\/annette-ahrens.at\/onlineshop\/wp-json\/wp\/v2\/product_brand?post=37484"},{"taxonomy":"product_cat","embeddable":true,"href":"https:\/\/annette-ahrens.at\/onlineshop\/wp-json\/wp\/v2\/product_cat?post=37484"},{"taxonomy":"product_tag","embeddable":true,"href":"https:\/\/annette-ahrens.at\/onlineshop\/wp-json\/wp\/v2\/product_tag?post=37484"}],"curies":[{"name":"wp","href":"https:\/\/api.w.org\/{rel}","templated":true}]}}