{"id":37570,"date":"2025-05-24T06:11:59","date_gmt":"2025-05-24T04:11:59","guid":{"rendered":"https:\/\/annette-ahrens.at\/onlineshop\/?post_type=product&#038;p=37570"},"modified":"2025-06-03T10:50:16","modified_gmt":"2025-06-03T08:50:16","slug":"6-versilberte-eisloeffel-eselsruecken-wien-um-1900","status":"publish","type":"product","link":"https:\/\/annette-ahrens.at\/onlineshop\/produkt\/6-versilberte-eisloeffel-eselsruecken-wien-um-1900\/","title":{"rendered":"6 versilberte Eisl\u00f6ffel &#8222;Eselsr\u00fccken&#8220;, Wien, um 1900"},"content":{"rendered":"<p>6 versilberte Eisl\u00f6ffel &#8222;Eselsr\u00fccken&#8220;<\/p>\n<p>Wien, um 1900<\/p>\n<p>Alpacca, stark versilbert; Facon &#8222;Eselsr\u00fccken&#8220; bestehend aus 6 Eisl\u00f6ffel, gemarkt mit CHINASILBER, handpolierter Erhaltungszustand<\/p>\n<p>L\u00e4nge 13,5 cm<\/p>\n","protected":false},"excerpt":{"rendered":"<p>Annettes Etikette: Diese wundersch\u00f6nen Eisl\u00f6ffel haben sich \u00fcber 100 Jahre perfekt erhalten. Chinasilber ist Neusilber, das eine zus\u00e4tzliche Silberbeschichtung hat und ein Begriff f\u00fcr Neusilber-Produkte, insbesondere f\u00fcr Essbesteck, das oft mit Silber \u00fcberzogen ist.<span class=\"pjBG2e\" data-cid=\"61200079-f659-436e-bca9-b082ecdb731a\"><span class=\"UV3uM\">\u00a0<\/span><\/span><\/p>\n<div class=\"LT6XE\">\n<div class=\"f5cPye\" data-rl=\"de\" data-lht=\"554\">\n<div class=\"WaaZC\">\n<div class=\"RJPOee EIJn2\">\n<div class=\"rPeykc\" data-hveid=\"CCQQAQ\" data-ved=\"2ahUKEwjtmcC3-rSNAxWc9rsIHeXMKJEQo_EKegQIJBAB\">\n<div class=\"NPrrbc\" data-cid=\"61200079-f659-436e-bca9-b082ecdb731a\" data-uuids=\"3370062596853429227\">\n<div class=\"BMebGe btku5b fCrZyc LwdV0e FR7ZSc OJeuxf\" tabindex=\"0\" role=\"button\" aria-label=\"Weitere Informationen anzeigen\" data-hveid=\"CCIQAQ\" data-ved=\"2ahUKEwjtmcC3-rSNAxWc9rsIHeXMKJEQ3fYKegQIIhAB\">\n<div class=\"niO4u\">\n<div class=\"kHtcsd\"><\/div>\n<\/div>\n<\/div>\n<\/div>\n<\/div>\n<\/div>\n<\/div>\n<\/div>\n<\/div>\n<div class=\"kLMmLc\">\n<div>\n<div class=\"Clk5Ib\">\n<div class=\"IGvtd\">\n<div class=\"TRXNOc\">\n<div class=\"BOThhc\">\n<div class=\"ifiyWc\">\n<div id=\"folsrch-sources-1\">\n<div data-subtree=\"msc\">\n<div class=\"fx92l\" data-hveid=\"CB4QAA\" data-ved=\"2ahUKEwjtmcC3-rSNAxWc9rsIHeXMKJEQ99ANegQIHhAA\"><\/div>\n<\/div>\n<\/div>\n<\/div>\n<\/div>\n<\/div>\n<\/div>\n<\/div>\n<\/div>\n<\/div>\n","protected":false},"featured_media":37583,"comment_status":"open","ping_status":"closed","template":"","meta":[],"product_brand":[],"product_cat":[297,276,30,298,192,197,251,300,236,239],"product_tag":[],"class_list":{"0":"post-37570","1":"product","2":"type-product","3":"status-publish","4":"has-post-thumbnail","6":"product_cat-adventjause","7":"product_cat-alpacca","8":"product_cat-besteck","9":"product_cat-buffet","10":"product_cat-dessert","11":"product_cat-eis","12":"product_cat-eisloeffel","13":"product_cat-gartenfest","14":"product_cat-loeffel","15":"product_cat-spezialbestecke","17":"first","18":"instock","19":"sold-individually","20":"purchasable","21":"product-type-simple"},"yoast_head":"<!-- This site is optimized with the Yoast SEO Premium plugin v15.8.2 - https:\/\/yoast.com\/wordpress\/plugins\/seo\/ -->\n<title>6 versilberte Eisl\u00f6ffel &quot;Eselsr\u00fccken&quot;, Wien, um 1900<\/title>\n<meta name=\"description\" content=\"6 versilberte Eisl\u00f6ffel &quot;Eselsr\u00fccken&quot;, Wien, um 1900 \u2665 Antiquit\u00e4ten Online kaufen \u2713 Sichere Lieferung \u2713\" \/>\n<meta name=\"robots\" content=\"index, follow, max-snippet:-1, max-image-preview:large, max-video-preview:-1\" \/>\n<link rel=\"canonical\" href=\"https:\/\/annette-ahrens.at\/onlineshop\/produkt\/6-versilberte-eisloeffel-eselsruecken-wien-um-1900\/\" \/>\n<meta property=\"og:locale\" content=\"de_DE\" \/>\n<meta property=\"og:type\" content=\"article\" \/>\n<meta property=\"og:title\" content=\"6 versilberte Eisl\u00f6ffel &quot;Eselsr\u00fccken&quot;, Wien, um 1900\" \/>\n<meta property=\"og:description\" content=\"6 versilberte Eisl\u00f6ffel &quot;Eselsr\u00fccken&quot;, Wien, um 1900 \u2665 Antiquit\u00e4ten Online kaufen \u2713 Sichere Lieferung \u2713\" \/>\n<meta property=\"og:url\" content=\"https:\/\/annette-ahrens.at\/onlineshop\/produkt\/6-versilberte-eisloeffel-eselsruecken-wien-um-1900\/\" \/>\n<meta property=\"og:site_name\" content=\"Tafelkultur Onlineshop\" \/>\n<meta property=\"article:publisher\" content=\"https:\/\/www.facebook.com\/AnnetteAhrensTafelkultur\" \/>\n<meta property=\"article:modified_time\" content=\"2025-06-03T08:50:16+00:00\" \/>\n<meta property=\"og:image\" content=\"https:\/\/annette-ahrens.at\/onlineshop\/wp-content\/uploads\/2025\/05\/IMG_7185-scaled.jpeg\" \/>\n\t<meta property=\"og:image:width\" content=\"2048\" \/>\n\t<meta property=\"og:image:height\" content=\"1845\" \/>\n<meta name=\"twitter:card\" content=\"summary_large_image\" \/>\n<meta name=\"twitter:label1\" content=\"Gesch\u00e4tzte Lesezeit\">\n\t<meta name=\"twitter:data1\" content=\"1\u00a0Minute\">\n<script type=\"application\/ld+json\" class=\"yoast-schema-graph\">{\"@context\":\"https:\/\/schema.org\",\"@graph\":[{\"@type\":[\"Person\",\"Organization\"],\"@id\":\"https:\/\/annette-ahrens.at\/onlineshop\/#\/schema\/person\/3e19676faae246bba0cb3b7e15f427d8\",\"name\":\"Annette Ahrens\",\"image\":{\"@type\":\"ImageObject\",\"@id\":\"https:\/\/annette-ahrens.at\/onlineshop\/#personlogo\",\"inLanguage\":\"de\",\"url\":\"https:\/\/annette-ahrens.at\/onlineshop\/wp-content\/uploads\/2020\/04\/aa_logo_End.png\",\"width\":800,\"height\":164,\"caption\":\"Annette Ahrens\"},\"logo\":{\"@id\":\"https:\/\/annette-ahrens.at\/onlineshop\/#personlogo\"},\"sameAs\":[\"https:\/\/annette-ahrens.at\",\"https:\/\/www.facebook.com\/AnnetteAhrensTafelkultur\",\"https:\/\/www.instagram.com\/tafelkulturistin\/\",\"https:\/\/de.wikipedia.org\/wiki\/Annette_Ahrens\"]},{\"@type\":\"WebSite\",\"@id\":\"https:\/\/annette-ahrens.at\/onlineshop\/#website\",\"url\":\"https:\/\/annette-ahrens.at\/onlineshop\/\",\"name\":\"Tafelkultur Onlineshop\",\"description\":\"Annette Ahrens\",\"publisher\":{\"@id\":\"https:\/\/annette-ahrens.at\/onlineshop\/#\/schema\/person\/3e19676faae246bba0cb3b7e15f427d8\"},\"potentialAction\":[{\"@type\":\"SearchAction\",\"target\":\"https:\/\/annette-ahrens.at\/onlineshop\/?s={search_term_string}\",\"query-input\":\"required name=search_term_string\"}],\"inLanguage\":\"de\"},{\"@type\":\"ImageObject\",\"@id\":\"https:\/\/annette-ahrens.at\/onlineshop\/produkt\/6-versilberte-eisloeffel-eselsruecken-wien-um-1900\/#primaryimage\",\"inLanguage\":\"de\",\"url\":\"https:\/\/annette-ahrens.at\/onlineshop\/wp-content\/uploads\/2025\/05\/IMG_7185-scaled.jpeg\",\"width\":2048,\"height\":1845,\"caption\":\"eisl\\u00f6ffel_sandrik\"},{\"@type\":[\"WebPage\",\"ItemPage\"],\"@id\":\"https:\/\/annette-ahrens.at\/onlineshop\/produkt\/6-versilberte-eisloeffel-eselsruecken-wien-um-1900\/#webpage\",\"url\":\"https:\/\/annette-ahrens.at\/onlineshop\/produkt\/6-versilberte-eisloeffel-eselsruecken-wien-um-1900\/\",\"name\":\"6 versilberte Eisl\\u00f6ffel \\\"Eselsr\\u00fccken\\\", Wien, um 1900\",\"isPartOf\":{\"@id\":\"https:\/\/annette-ahrens.at\/onlineshop\/#website\"},\"primaryImageOfPage\":{\"@id\":\"https:\/\/annette-ahrens.at\/onlineshop\/produkt\/6-versilberte-eisloeffel-eselsruecken-wien-um-1900\/#primaryimage\"},\"datePublished\":\"2025-05-24T04:11:59+00:00\",\"dateModified\":\"2025-06-03T08:50:16+00:00\",\"description\":\"6 versilberte Eisl\\u00f6ffel \\\"Eselsr\\u00fccken\\\", Wien, um 1900 \\u2665 Antiquit\\u00e4ten Online kaufen \\u2713 Sichere Lieferung \\u2713\",\"breadcrumb\":{\"@id\":\"https:\/\/annette-ahrens.at\/onlineshop\/produkt\/6-versilberte-eisloeffel-eselsruecken-wien-um-1900\/#breadcrumb\"},\"inLanguage\":\"de\",\"potentialAction\":[{\"@type\":\"ReadAction\",\"target\":[\"https:\/\/annette-ahrens.at\/onlineshop\/produkt\/6-versilberte-eisloeffel-eselsruecken-wien-um-1900\/\"]}]},{\"@type\":\"BreadcrumbList\",\"@id\":\"https:\/\/annette-ahrens.at\/onlineshop\/produkt\/6-versilberte-eisloeffel-eselsruecken-wien-um-1900\/#breadcrumb\",\"itemListElement\":[{\"@type\":\"ListItem\",\"position\":1,\"item\":{\"@type\":\"WebPage\",\"@id\":\"https:\/\/annette-ahrens.at\/onlineshop\/\",\"url\":\"https:\/\/annette-ahrens.at\/onlineshop\/\",\"name\":\"Home\"}},{\"@type\":\"ListItem\",\"position\":2,\"item\":{\"@type\":\"WebPage\",\"@id\":\"https:\/\/annette-ahrens.at\/onlineshop\/alle-tafelkultur-objekte\/\",\"url\":\"https:\/\/annette-ahrens.at\/onlineshop\/alle-tafelkultur-objekte\/\",\"name\":\"Alle Tafelkultur Objekte\"}},{\"@type\":\"ListItem\",\"position\":3,\"item\":{\"@type\":\"WebPage\",\"@id\":\"https:\/\/annette-ahrens.at\/onlineshop\/produkt\/6-versilberte-eisloeffel-eselsruecken-wien-um-1900\/\",\"url\":\"https:\/\/annette-ahrens.at\/onlineshop\/produkt\/6-versilberte-eisloeffel-eselsruecken-wien-um-1900\/\",\"name\":\"6 versilberte Eisl\\u00f6ffel &#8220;Eselsr\\u00fccken&#8221;, Wien, um 1900\"}}]}]}<\/script>\n<!-- \/ Yoast SEO Premium plugin. -->","_links":{"self":[{"href":"https:\/\/annette-ahrens.at\/onlineshop\/wp-json\/wp\/v2\/product\/37570","targetHints":{"allow":["GET"]}}],"collection":[{"href":"https:\/\/annette-ahrens.at\/onlineshop\/wp-json\/wp\/v2\/product"}],"about":[{"href":"https:\/\/annette-ahrens.at\/onlineshop\/wp-json\/wp\/v2\/types\/product"}],"replies":[{"embeddable":true,"href":"https:\/\/annette-ahrens.at\/onlineshop\/wp-json\/wp\/v2\/comments?post=37570"}],"wp:featuredmedia":[{"embeddable":true,"href":"https:\/\/annette-ahrens.at\/onlineshop\/wp-json\/wp\/v2\/media\/37583"}],"wp:attachment":[{"href":"https:\/\/annette-ahrens.at\/onlineshop\/wp-json\/wp\/v2\/media?parent=37570"}],"wp:term":[{"taxonomy":"product_brand","embeddable":true,"href":"https:\/\/annette-ahrens.at\/onlineshop\/wp-json\/wp\/v2\/product_brand?post=37570"},{"taxonomy":"product_cat","embeddable":true,"href":"https:\/\/annette-ahrens.at\/onlineshop\/wp-json\/wp\/v2\/product_cat?post=37570"},{"taxonomy":"product_tag","embeddable":true,"href":"https:\/\/annette-ahrens.at\/onlineshop\/wp-json\/wp\/v2\/product_tag?post=37570"}],"curies":[{"name":"wp","href":"https:\/\/api.w.org\/{rel}","templated":true}]}}