{"id":37589,"date":"2025-06-02T06:22:09","date_gmt":"2025-06-02T04:22:09","guid":{"rendered":"https:\/\/annette-ahrens.at\/onlineshop\/?post_type=product&#038;p=37589"},"modified":"2025-06-02T15:35:23","modified_gmt":"2025-06-02T13:35:23","slug":"6-versilberte-eisloeffel-fa-sandrik-boehmen-um-1930-kopie","status":"publish","type":"product","link":"https:\/\/annette-ahrens.at\/onlineshop\/produkt\/6-versilberte-eisloeffel-fa-sandrik-boehmen-um-1930-kopie\/","title":{"rendered":"6 versilberte Eisl\u00f6ffel, Fa. Sandrik, B\u00f6hmen, um 1930"},"content":{"rendered":"<p>6 versilberte Eisl\u00f6ffel<\/p>\n<p>Fa. Sandrik, B\u00f6hmen, um 1930<\/p>\n<p>Alpacca, versilbert, runde Firmenmarke der Fa. Sandrik<\/p>\n<p>L 13,8 cm<\/p>\n","protected":false},"excerpt":{"rendered":"<p>Annettes Etikette: Die beliebten aber seltenen Eisl\u00f6ffel sind schwieriger als andere Besteckteile zu finden. Einerseits wurden sie nicht h\u00e4ufig bestellt oder waren andererseits Sonderbestellungen zu der Basisausr\u00fcstung der Menubesteckteile wie Gabel, L\u00f6ffel und Messer. Dar\u00fcber hinaus kommt man bei silbernen wie versilberten Eisl\u00f6ffel in die temperaturleitende Gunst, dass das Eis l\u00e4nger kalt h\u00e4lt. Die Firma Sandrik\/Szandrik wurde von ihrem Namensgeber Jan Sandrik 1895 in Hodrusa-Hamre gegr\u00fcndet. Mit Eintritt des K\u00fcnstlers Jan Peterka (1871 \u2013 1938) 1899 \u00e4nderte die Firma ihre Angebotspalette und reagierte mit der Produktion von plattierter Ware auf die neue Nachfrage leistbarer Objekte der Tafelkultur.<\/p>\n","protected":false},"featured_media":9332,"comment_status":"open","ping_status":"closed","template":"","meta":[],"product_brand":[],"product_cat":[130,276,298,299,192,197,32,19,300,236,20,24],"product_tag":[],"class_list":{"0":"post-37589","1":"product","2":"type-product","3":"status-publish","4":"has-post-thumbnail","6":"product_cat-abendessen","7":"product_cat-alpacca","8":"product_cat-buffet","9":"product_cat-cocktailparty","10":"product_cat-dessert","11":"product_cat-eis","12":"product_cat-festefeiern","13":"product_cat-gabelfruehstueck","14":"product_cat-gartenfest","15":"product_cat-loeffel","16":"product_cat-lunchtime","17":"product_cat-patisserie","19":"first","20":"instock","21":"sold-individually","22":"purchasable","23":"product-type-simple"},"yoast_head":"<!-- This site is optimized with the Yoast SEO Premium plugin v15.8.2 - https:\/\/yoast.com\/wordpress\/plugins\/seo\/ -->\n<title>6 versilberte Eisl\u00f6ffel, Fa. Sandrik, B\u00f6hmen, um 1930<\/title>\n<meta name=\"description\" content=\"6 versilberte Eisl\u00f6ffel, Fa. Sandrik, B\u00f6hmen, um 1930 \u2665 Antiquit\u00e4ten Online kaufen \u2713 Sichere Lieferung \u2713\" \/>\n<meta name=\"robots\" content=\"index, follow, max-snippet:-1, max-image-preview:large, max-video-preview:-1\" \/>\n<link rel=\"canonical\" href=\"https:\/\/annette-ahrens.at\/onlineshop\/produkt\/6-versilberte-eisloeffel-fa-sandrik-boehmen-um-1930-kopie\/\" \/>\n<meta property=\"og:locale\" content=\"de_DE\" \/>\n<meta property=\"og:type\" content=\"article\" \/>\n<meta property=\"og:title\" content=\"6 versilberte Eisl\u00f6ffel, Fa. Sandrik, B\u00f6hmen, um 1930\" \/>\n<meta property=\"og:description\" content=\"6 versilberte Eisl\u00f6ffel, Fa. Sandrik, B\u00f6hmen, um 1930 \u2665 Antiquit\u00e4ten Online kaufen \u2713 Sichere Lieferung \u2713\" \/>\n<meta property=\"og:url\" content=\"https:\/\/annette-ahrens.at\/onlineshop\/produkt\/6-versilberte-eisloeffel-fa-sandrik-boehmen-um-1930-kopie\/\" \/>\n<meta property=\"og:site_name\" content=\"Tafelkultur Onlineshop\" \/>\n<meta property=\"article:publisher\" content=\"https:\/\/www.facebook.com\/AnnetteAhrensTafelkultur\" \/>\n<meta property=\"article:modified_time\" content=\"2025-06-02T13:35:23+00:00\" \/>\n<meta property=\"og:image\" content=\"https:\/\/annette-ahrens.at\/onlineshop\/wp-content\/uploads\/2021\/06\/IMG_9135-scaled.jpeg\" \/>\n\t<meta property=\"og:image:width\" content=\"2560\" \/>\n\t<meta property=\"og:image:height\" content=\"2560\" \/>\n<meta name=\"twitter:card\" content=\"summary_large_image\" \/>\n<script type=\"application\/ld+json\" class=\"yoast-schema-graph\">{\"@context\":\"https:\/\/schema.org\",\"@graph\":[{\"@type\":[\"Person\",\"Organization\"],\"@id\":\"https:\/\/annette-ahrens.at\/onlineshop\/#\/schema\/person\/3e19676faae246bba0cb3b7e15f427d8\",\"name\":\"Annette Ahrens\",\"image\":{\"@type\":\"ImageObject\",\"@id\":\"https:\/\/annette-ahrens.at\/onlineshop\/#personlogo\",\"inLanguage\":\"de\",\"url\":\"https:\/\/annette-ahrens.at\/onlineshop\/wp-content\/uploads\/2020\/04\/aa_logo_End.png\",\"width\":800,\"height\":164,\"caption\":\"Annette Ahrens\"},\"logo\":{\"@id\":\"https:\/\/annette-ahrens.at\/onlineshop\/#personlogo\"},\"sameAs\":[\"https:\/\/annette-ahrens.at\",\"https:\/\/www.facebook.com\/AnnetteAhrensTafelkultur\",\"https:\/\/www.instagram.com\/tafelkulturistin\/\",\"https:\/\/de.wikipedia.org\/wiki\/Annette_Ahrens\"]},{\"@type\":\"WebSite\",\"@id\":\"https:\/\/annette-ahrens.at\/onlineshop\/#website\",\"url\":\"https:\/\/annette-ahrens.at\/onlineshop\/\",\"name\":\"Tafelkultur Onlineshop\",\"description\":\"Annette Ahrens\",\"publisher\":{\"@id\":\"https:\/\/annette-ahrens.at\/onlineshop\/#\/schema\/person\/3e19676faae246bba0cb3b7e15f427d8\"},\"potentialAction\":[{\"@type\":\"SearchAction\",\"target\":\"https:\/\/annette-ahrens.at\/onlineshop\/?s={search_term_string}\",\"query-input\":\"required name=search_term_string\"}],\"inLanguage\":\"de\"},{\"@type\":\"ImageObject\",\"@id\":\"https:\/\/annette-ahrens.at\/onlineshop\/produkt\/6-versilberte-eisloeffel-fa-sandrik-boehmen-um-1930-kopie\/#primaryimage\",\"inLanguage\":\"de\",\"url\":\"https:\/\/annette-ahrens.at\/onlineshop\/wp-content\/uploads\/2021\/06\/IMG_9135-scaled.jpeg\",\"width\":2560,\"height\":2560,\"caption\":\"eisl\\u00f6ffel_sandrik\"},{\"@type\":[\"WebPage\",\"ItemPage\"],\"@id\":\"https:\/\/annette-ahrens.at\/onlineshop\/produkt\/6-versilberte-eisloeffel-fa-sandrik-boehmen-um-1930-kopie\/#webpage\",\"url\":\"https:\/\/annette-ahrens.at\/onlineshop\/produkt\/6-versilberte-eisloeffel-fa-sandrik-boehmen-um-1930-kopie\/\",\"name\":\"6 versilberte Eisl\\u00f6ffel, Fa. Sandrik, B\\u00f6hmen, um 1930\",\"isPartOf\":{\"@id\":\"https:\/\/annette-ahrens.at\/onlineshop\/#website\"},\"primaryImageOfPage\":{\"@id\":\"https:\/\/annette-ahrens.at\/onlineshop\/produkt\/6-versilberte-eisloeffel-fa-sandrik-boehmen-um-1930-kopie\/#primaryimage\"},\"datePublished\":\"2025-06-02T04:22:09+00:00\",\"dateModified\":\"2025-06-02T13:35:23+00:00\",\"description\":\"6 versilberte Eisl\\u00f6ffel, Fa. Sandrik, B\\u00f6hmen, um 1930 \\u2665 Antiquit\\u00e4ten Online kaufen \\u2713 Sichere Lieferung \\u2713\",\"breadcrumb\":{\"@id\":\"https:\/\/annette-ahrens.at\/onlineshop\/produkt\/6-versilberte-eisloeffel-fa-sandrik-boehmen-um-1930-kopie\/#breadcrumb\"},\"inLanguage\":\"de\",\"potentialAction\":[{\"@type\":\"ReadAction\",\"target\":[\"https:\/\/annette-ahrens.at\/onlineshop\/produkt\/6-versilberte-eisloeffel-fa-sandrik-boehmen-um-1930-kopie\/\"]}]},{\"@type\":\"BreadcrumbList\",\"@id\":\"https:\/\/annette-ahrens.at\/onlineshop\/produkt\/6-versilberte-eisloeffel-fa-sandrik-boehmen-um-1930-kopie\/#breadcrumb\",\"itemListElement\":[{\"@type\":\"ListItem\",\"position\":1,\"item\":{\"@type\":\"WebPage\",\"@id\":\"https:\/\/annette-ahrens.at\/onlineshop\/\",\"url\":\"https:\/\/annette-ahrens.at\/onlineshop\/\",\"name\":\"Home\"}},{\"@type\":\"ListItem\",\"position\":2,\"item\":{\"@type\":\"WebPage\",\"@id\":\"https:\/\/annette-ahrens.at\/onlineshop\/alle-tafelkultur-objekte\/\",\"url\":\"https:\/\/annette-ahrens.at\/onlineshop\/alle-tafelkultur-objekte\/\",\"name\":\"Alle Tafelkultur Objekte\"}},{\"@type\":\"ListItem\",\"position\":3,\"item\":{\"@type\":\"WebPage\",\"@id\":\"https:\/\/annette-ahrens.at\/onlineshop\/produkt\/6-versilberte-eisloeffel-fa-sandrik-boehmen-um-1930-kopie\/\",\"url\":\"https:\/\/annette-ahrens.at\/onlineshop\/produkt\/6-versilberte-eisloeffel-fa-sandrik-boehmen-um-1930-kopie\/\",\"name\":\"6 versilberte Eisl\\u00f6ffel, Fa. Sandrik, B\\u00f6hmen, um 1930\"}}]}]}<\/script>\n<!-- \/ Yoast SEO Premium plugin. -->","_links":{"self":[{"href":"https:\/\/annette-ahrens.at\/onlineshop\/wp-json\/wp\/v2\/product\/37589","targetHints":{"allow":["GET"]}}],"collection":[{"href":"https:\/\/annette-ahrens.at\/onlineshop\/wp-json\/wp\/v2\/product"}],"about":[{"href":"https:\/\/annette-ahrens.at\/onlineshop\/wp-json\/wp\/v2\/types\/product"}],"replies":[{"embeddable":true,"href":"https:\/\/annette-ahrens.at\/onlineshop\/wp-json\/wp\/v2\/comments?post=37589"}],"wp:featuredmedia":[{"embeddable":true,"href":"https:\/\/annette-ahrens.at\/onlineshop\/wp-json\/wp\/v2\/media\/9332"}],"wp:attachment":[{"href":"https:\/\/annette-ahrens.at\/onlineshop\/wp-json\/wp\/v2\/media?parent=37589"}],"wp:term":[{"taxonomy":"product_brand","embeddable":true,"href":"https:\/\/annette-ahrens.at\/onlineshop\/wp-json\/wp\/v2\/product_brand?post=37589"},{"taxonomy":"product_cat","embeddable":true,"href":"https:\/\/annette-ahrens.at\/onlineshop\/wp-json\/wp\/v2\/product_cat?post=37589"},{"taxonomy":"product_tag","embeddable":true,"href":"https:\/\/annette-ahrens.at\/onlineshop\/wp-json\/wp\/v2\/product_tag?post=37589"}],"curies":[{"name":"wp","href":"https:\/\/api.w.org\/{rel}","templated":true}]}}