{"id":37611,"date":"2025-05-26T06:50:32","date_gmt":"2025-05-26T04:50:32","guid":{"rendered":"https:\/\/annette-ahrens.at\/onlineshop\/?post_type=product&#038;p=37611"},"modified":"2025-05-23T11:58:33","modified_gmt":"2025-05-23T09:58:33","slug":"12-silberne-buttermesser-mit-pistol-handle-fa-elkington-sheffield-england-1920","status":"publish","type":"product","link":"https:\/\/annette-ahrens.at\/onlineshop\/produkt\/12-silberne-buttermesser-mit-pistol-handle-fa-elkington-sheffield-england-1920\/","title":{"rendered":"12 silberne Buttermesser mit &#8222;Pistol handle&#8220;, Fa. Elkington, Sheffield, England, 1920"},"content":{"rendered":"<p>12 silberne Buttermesser<\/p>\n<p>Fa. Elkington, Sheffield, England,<\/p>\n<p>Silberhohlhefte als Pistolengriff, versilberte, geschwungene Klinge, Heft gemarkt mit englischem Beschauzeichen schreitender L\u00f6we, Krone f\u00fcr Sheffield und Jahresbuchstabe c f\u00fcr das Jahr 1920, englische Herstellermarke E &amp; Co f\u00fcr Fa. Elkington, in originaler Leder-Kassette, innen blaue Samt-Tapezierung (etwas verzogen), Messer in tadellosem Erhaltungszustand<\/p>\n<p>L\u00e4nge 17 cm<\/p>\n<p>341 Fa. elkington. g (brutto)<\/p>\n","protected":false},"excerpt":{"rendered":"<p>12 silberne Buttermesser Fa. Elkington, Sheffield, England, Silberhohlhefte als Pistolengriff, versilberte, geschwungene Klinge, Heft gemarkt mit englischem Beschauzeichen schreitender L\u00f6we, Krone f\u00fcr Sheffield und Jahresbuchstabe c f\u00fcr das Jahr 1920, englische Herstellermarke E &amp; Co f\u00fcr Fa. Elkington, in originaler Leder-Kassette, innen blaue Samt-Tapezierung (etwas verzogen), Messer in tadellosem Erhaltungszustand L\u00e4nge 17 cm 341 Fa. [&hellip;]<\/p>\n","protected":false},"featured_media":37614,"comment_status":"open","ping_status":"closed","template":"","meta":[],"product_brand":[],"product_cat":[136,139,253,140,242,237],"product_tag":[],"class_list":{"0":"post-37611","1":"product","2":"type-product","3":"status-publish","4":"has-post-thumbnail","6":"product_cat-aufs-brot","7":"product_cat-butter","8":"product_cat-buttermesser-messer","9":"product_cat-buttermesser","10":"product_cat-kaesemesser","11":"product_cat-messer","13":"first","14":"instock","15":"sold-individually","16":"purchasable","17":"product-type-simple"},"yoast_head":"<!-- This site is optimized with the Yoast SEO Premium plugin v15.8.2 - https:\/\/yoast.com\/wordpress\/plugins\/seo\/ -->\n<title>12 silberne Buttermesser mit &quot;Pistol handle&quot;, Fa. Elkington, Sheffield, England, 1920<\/title>\n<meta name=\"description\" content=\"12 silberne Buttermesser mit &quot;Pistol handle&quot;, Fa. Elkington, Sheffield, England, 1920 \u2665 Antiquit\u00e4ten Online kaufen \u2713 Sichere Lieferung \u2713\" \/>\n<meta name=\"robots\" content=\"index, follow, max-snippet:-1, max-image-preview:large, max-video-preview:-1\" \/>\n<link rel=\"canonical\" href=\"https:\/\/annette-ahrens.at\/onlineshop\/produkt\/12-silberne-buttermesser-mit-pistol-handle-fa-elkington-sheffield-england-1920\/\" \/>\n<meta property=\"og:locale\" content=\"de_DE\" \/>\n<meta property=\"og:type\" content=\"article\" \/>\n<meta property=\"og:title\" content=\"12 silberne Buttermesser mit &quot;Pistol handle&quot;, Fa. Elkington, Sheffield, England, 1920\" \/>\n<meta property=\"og:description\" content=\"12 silberne Buttermesser mit &quot;Pistol handle&quot;, Fa. Elkington, Sheffield, England, 1920 \u2665 Antiquit\u00e4ten Online kaufen \u2713 Sichere Lieferung \u2713\" \/>\n<meta property=\"og:url\" content=\"https:\/\/annette-ahrens.at\/onlineshop\/produkt\/12-silberne-buttermesser-mit-pistol-handle-fa-elkington-sheffield-england-1920\/\" \/>\n<meta property=\"og:site_name\" content=\"Tafelkultur Onlineshop\" \/>\n<meta property=\"article:publisher\" content=\"https:\/\/www.facebook.com\/AnnetteAhrensTafelkultur\" \/>\n<meta property=\"article:modified_time\" content=\"2025-05-23T09:58:33+00:00\" \/>\n<meta property=\"og:image\" content=\"https:\/\/annette-ahrens.at\/onlineshop\/wp-content\/uploads\/2025\/05\/IMG_7222-scaled.jpeg\" \/>\n\t<meta property=\"og:image:width\" content=\"1536\" \/>\n\t<meta property=\"og:image:height\" content=\"2048\" \/>\n<meta name=\"twitter:card\" content=\"summary_large_image\" \/>\n<meta name=\"twitter:label1\" content=\"Gesch\u00e4tzte Lesezeit\">\n\t<meta name=\"twitter:data1\" content=\"1\u00a0Minute\">\n<script type=\"application\/ld+json\" class=\"yoast-schema-graph\">{\"@context\":\"https:\/\/schema.org\",\"@graph\":[{\"@type\":[\"Person\",\"Organization\"],\"@id\":\"https:\/\/annette-ahrens.at\/onlineshop\/#\/schema\/person\/3e19676faae246bba0cb3b7e15f427d8\",\"name\":\"Annette Ahrens\",\"image\":{\"@type\":\"ImageObject\",\"@id\":\"https:\/\/annette-ahrens.at\/onlineshop\/#personlogo\",\"inLanguage\":\"de\",\"url\":\"https:\/\/annette-ahrens.at\/onlineshop\/wp-content\/uploads\/2020\/04\/aa_logo_End.png\",\"width\":800,\"height\":164,\"caption\":\"Annette Ahrens\"},\"logo\":{\"@id\":\"https:\/\/annette-ahrens.at\/onlineshop\/#personlogo\"},\"sameAs\":[\"https:\/\/annette-ahrens.at\",\"https:\/\/www.facebook.com\/AnnetteAhrensTafelkultur\",\"https:\/\/www.instagram.com\/tafelkulturistin\/\",\"https:\/\/de.wikipedia.org\/wiki\/Annette_Ahrens\"]},{\"@type\":\"WebSite\",\"@id\":\"https:\/\/annette-ahrens.at\/onlineshop\/#website\",\"url\":\"https:\/\/annette-ahrens.at\/onlineshop\/\",\"name\":\"Tafelkultur Onlineshop\",\"description\":\"Annette Ahrens\",\"publisher\":{\"@id\":\"https:\/\/annette-ahrens.at\/onlineshop\/#\/schema\/person\/3e19676faae246bba0cb3b7e15f427d8\"},\"potentialAction\":[{\"@type\":\"SearchAction\",\"target\":\"https:\/\/annette-ahrens.at\/onlineshop\/?s={search_term_string}\",\"query-input\":\"required name=search_term_string\"}],\"inLanguage\":\"de\"},{\"@type\":\"ImageObject\",\"@id\":\"https:\/\/annette-ahrens.at\/onlineshop\/produkt\/12-silberne-buttermesser-mit-pistol-handle-fa-elkington-sheffield-england-1920\/#primaryimage\",\"inLanguage\":\"de\",\"url\":\"https:\/\/annette-ahrens.at\/onlineshop\/wp-content\/uploads\/2025\/05\/IMG_7222-scaled.jpeg\",\"width\":1536,\"height\":2048,\"caption\":\"teemesser_elkington_silber\"},{\"@type\":[\"WebPage\",\"ItemPage\"],\"@id\":\"https:\/\/annette-ahrens.at\/onlineshop\/produkt\/12-silberne-buttermesser-mit-pistol-handle-fa-elkington-sheffield-england-1920\/#webpage\",\"url\":\"https:\/\/annette-ahrens.at\/onlineshop\/produkt\/12-silberne-buttermesser-mit-pistol-handle-fa-elkington-sheffield-england-1920\/\",\"name\":\"12 silberne Buttermesser mit \\\"Pistol handle\\\", Fa. Elkington, Sheffield, England, 1920\",\"isPartOf\":{\"@id\":\"https:\/\/annette-ahrens.at\/onlineshop\/#website\"},\"primaryImageOfPage\":{\"@id\":\"https:\/\/annette-ahrens.at\/onlineshop\/produkt\/12-silberne-buttermesser-mit-pistol-handle-fa-elkington-sheffield-england-1920\/#primaryimage\"},\"datePublished\":\"2025-05-26T04:50:32+00:00\",\"dateModified\":\"2025-05-23T09:58:33+00:00\",\"description\":\"12 silberne Buttermesser mit \\\"Pistol handle\\\", Fa. Elkington, Sheffield, England, 1920 \\u2665 Antiquit\\u00e4ten Online kaufen \\u2713 Sichere Lieferung \\u2713\",\"breadcrumb\":{\"@id\":\"https:\/\/annette-ahrens.at\/onlineshop\/produkt\/12-silberne-buttermesser-mit-pistol-handle-fa-elkington-sheffield-england-1920\/#breadcrumb\"},\"inLanguage\":\"de\",\"potentialAction\":[{\"@type\":\"ReadAction\",\"target\":[\"https:\/\/annette-ahrens.at\/onlineshop\/produkt\/12-silberne-buttermesser-mit-pistol-handle-fa-elkington-sheffield-england-1920\/\"]}]},{\"@type\":\"BreadcrumbList\",\"@id\":\"https:\/\/annette-ahrens.at\/onlineshop\/produkt\/12-silberne-buttermesser-mit-pistol-handle-fa-elkington-sheffield-england-1920\/#breadcrumb\",\"itemListElement\":[{\"@type\":\"ListItem\",\"position\":1,\"item\":{\"@type\":\"WebPage\",\"@id\":\"https:\/\/annette-ahrens.at\/onlineshop\/\",\"url\":\"https:\/\/annette-ahrens.at\/onlineshop\/\",\"name\":\"Home\"}},{\"@type\":\"ListItem\",\"position\":2,\"item\":{\"@type\":\"WebPage\",\"@id\":\"https:\/\/annette-ahrens.at\/onlineshop\/alle-tafelkultur-objekte\/\",\"url\":\"https:\/\/annette-ahrens.at\/onlineshop\/alle-tafelkultur-objekte\/\",\"name\":\"Alle Tafelkultur Objekte\"}},{\"@type\":\"ListItem\",\"position\":3,\"item\":{\"@type\":\"WebPage\",\"@id\":\"https:\/\/annette-ahrens.at\/onlineshop\/produkt\/12-silberne-buttermesser-mit-pistol-handle-fa-elkington-sheffield-england-1920\/\",\"url\":\"https:\/\/annette-ahrens.at\/onlineshop\/produkt\/12-silberne-buttermesser-mit-pistol-handle-fa-elkington-sheffield-england-1920\/\",\"name\":\"12 silberne Buttermesser mit &#8220;Pistol handle&#8221;, Fa. Elkington, Sheffield, England, 1920\"}}]}]}<\/script>\n<!-- \/ Yoast SEO Premium plugin. -->","_links":{"self":[{"href":"https:\/\/annette-ahrens.at\/onlineshop\/wp-json\/wp\/v2\/product\/37611","targetHints":{"allow":["GET"]}}],"collection":[{"href":"https:\/\/annette-ahrens.at\/onlineshop\/wp-json\/wp\/v2\/product"}],"about":[{"href":"https:\/\/annette-ahrens.at\/onlineshop\/wp-json\/wp\/v2\/types\/product"}],"replies":[{"embeddable":true,"href":"https:\/\/annette-ahrens.at\/onlineshop\/wp-json\/wp\/v2\/comments?post=37611"}],"wp:featuredmedia":[{"embeddable":true,"href":"https:\/\/annette-ahrens.at\/onlineshop\/wp-json\/wp\/v2\/media\/37614"}],"wp:attachment":[{"href":"https:\/\/annette-ahrens.at\/onlineshop\/wp-json\/wp\/v2\/media?parent=37611"}],"wp:term":[{"taxonomy":"product_brand","embeddable":true,"href":"https:\/\/annette-ahrens.at\/onlineshop\/wp-json\/wp\/v2\/product_brand?post=37611"},{"taxonomy":"product_cat","embeddable":true,"href":"https:\/\/annette-ahrens.at\/onlineshop\/wp-json\/wp\/v2\/product_cat?post=37611"},{"taxonomy":"product_tag","embeddable":true,"href":"https:\/\/annette-ahrens.at\/onlineshop\/wp-json\/wp\/v2\/product_tag?post=37611"}],"curies":[{"name":"wp","href":"https:\/\/api.w.org\/{rel}","templated":true}]}}