{"id":37684,"date":"2025-06-03T11:34:02","date_gmt":"2025-06-03T09:34:02","guid":{"rendered":"https:\/\/annette-ahrens.at\/onlineshop\/?post_type=product&#038;p=37684"},"modified":"2025-06-10T10:32:41","modified_gmt":"2025-06-10T08:32:41","slug":"arik-brauer-4-kuenstler-loeffel-der-vier-elemente-wien-um-1970","status":"publish","type":"product","link":"https:\/\/annette-ahrens.at\/onlineshop\/produkt\/arik-brauer-4-kuenstler-loeffel-der-vier-elemente-wien-um-1970\/","title":{"rendered":"Arik Brauer, 4 K\u00fcnstler-L\u00f6ffel der vier Elemente, Wien, um 1970"},"content":{"rendered":"<p>4 L\u00f6ffel mit den vier Elementen<\/p>\n<p>Entwurf: Arik Brauer (Wien 1929-2021 ebenda), Wien, um 1970<\/p>\n<p>Alpacca, Stiel mit reliefierten Motiven der vier Elemente; minimale Alters- und Gebrauchsspuren, alle Stiele r\u00fcckseitig signiert Brauer;<\/p>\n<p>L. 13,3 cm<\/p>\n","protected":false},"excerpt":{"rendered":"<p>Annettes Etikette: Der phantastische Realist Arik Brauer hatte sich wenig mit Tafelkultur auseinander gesetzt. F\u00fcr die Wiener Porzellanmanufaktur Augarten sind beispielsweise nur Schachfiguren (1992) und bemalte Vasen, quasi als neuer Bildtr\u00e4ger belegt. Arik Brauer schuf 1988 einen Dekor in &#8222;Sch\u00f6nerblau&#8220; mit Figuren und Symbolen aus W. A. Mozarts &#8222;Zauberfl\u00f6te&#8220;, jener Oper der Aufkl\u00e4rung, f\u00fcr die Brauer 1975 im Auftrag der Op\u00e9ra national de Paris B\u00fchnenbilder und Kost\u00fcme entwarf. Die gro\u00dfe Bodenvase bemalte der K\u00fcnstler pers\u00f6nlich, ebenso den Teller f\u00fcr das Pessachfest mit fantastischen Wesen, der im selben Jahr entstand. Auch bei den beiden Fr\u00fchst\u00fccksservicen wird sein k\u00fcnstlerischer Ausdruck der Sch\u00f6pfungsgeschichte auf das fragile Material aufgebracht. Ich hatte den K\u00fcnstler noch zu seinem Lebzeiten (2017) nach seiner Idee und vor allem dem Ausf\u00fchrungsort dieser L\u00f6ffel gefragt. Leider hatte er keine Erinnerung mehr daran. Auch die Kuratoren der gro\u00dfen Personalie 2019 im J\u00fcdischen Museum in Wien hatten sich hierzu keine Gedanken gemacht.<\/p>\n","protected":false},"featured_media":37787,"comment_status":"open","ping_status":"closed","template":"","meta":[],"product_brand":[],"product_cat":[212,219,27,299,32],"product_tag":[],"class_list":{"0":"post-37684","1":"product","2":"type-product","3":"status-publish","4":"has-post-thumbnail","6":"product_cat-apertif","7":"product_cat-barutensilien","8":"product_cat-barware","9":"product_cat-cocktailparty","10":"product_cat-festefeiern","12":"first","13":"instock","14":"sold-individually","15":"purchasable","16":"product-type-simple"},"yoast_head":"<!-- This site is optimized with the Yoast SEO Premium plugin v15.8.2 - https:\/\/yoast.com\/wordpress\/plugins\/seo\/ -->\n<title>Arik Brauer, 4 K\u00fcnstler-L\u00f6ffel der vier Elemente, Wien, um 1970<\/title>\n<meta name=\"description\" content=\"Arik Brauer, 4 K\u00fcnstler-L\u00f6ffel der vier Elemente, Wien, um 1970 \u2665 Antiquit\u00e4ten Online kaufen \u2713 Sichere Lieferung \u2713\" \/>\n<meta name=\"robots\" content=\"index, follow, max-snippet:-1, max-image-preview:large, max-video-preview:-1\" \/>\n<link rel=\"canonical\" href=\"https:\/\/annette-ahrens.at\/onlineshop\/produkt\/arik-brauer-4-kuenstler-loeffel-der-vier-elemente-wien-um-1970\/\" \/>\n<meta property=\"og:locale\" content=\"de_DE\" \/>\n<meta property=\"og:type\" content=\"article\" \/>\n<meta property=\"og:title\" content=\"Arik Brauer, 4 K\u00fcnstler-L\u00f6ffel der vier Elemente, Wien, um 1970\" \/>\n<meta property=\"og:description\" content=\"Arik Brauer, 4 K\u00fcnstler-L\u00f6ffel der vier Elemente, Wien, um 1970 \u2665 Antiquit\u00e4ten Online kaufen \u2713 Sichere Lieferung \u2713\" \/>\n<meta property=\"og:url\" content=\"https:\/\/annette-ahrens.at\/onlineshop\/produkt\/arik-brauer-4-kuenstler-loeffel-der-vier-elemente-wien-um-1970\/\" \/>\n<meta property=\"og:site_name\" content=\"Tafelkultur Onlineshop\" \/>\n<meta property=\"article:publisher\" content=\"https:\/\/www.facebook.com\/AnnetteAhrensTafelkultur\" \/>\n<meta property=\"article:modified_time\" content=\"2025-06-10T08:32:41+00:00\" \/>\n<meta property=\"og:image\" content=\"https:\/\/annette-ahrens.at\/onlineshop\/wp-content\/uploads\/2025\/06\/IMG_7364-scaled.jpeg\" \/>\n\t<meta property=\"og:image:width\" content=\"1536\" \/>\n\t<meta property=\"og:image:height\" content=\"2048\" \/>\n<meta name=\"twitter:card\" content=\"summary_large_image\" \/>\n<meta name=\"twitter:label1\" content=\"Gesch\u00e4tzte Lesezeit\">\n\t<meta name=\"twitter:data1\" content=\"1\u00a0Minute\">\n<script type=\"application\/ld+json\" class=\"yoast-schema-graph\">{\"@context\":\"https:\/\/schema.org\",\"@graph\":[{\"@type\":[\"Person\",\"Organization\"],\"@id\":\"https:\/\/annette-ahrens.at\/onlineshop\/#\/schema\/person\/3e19676faae246bba0cb3b7e15f427d8\",\"name\":\"Annette Ahrens\",\"image\":{\"@type\":\"ImageObject\",\"@id\":\"https:\/\/annette-ahrens.at\/onlineshop\/#personlogo\",\"inLanguage\":\"de\",\"url\":\"https:\/\/annette-ahrens.at\/onlineshop\/wp-content\/uploads\/2020\/04\/aa_logo_End.png\",\"width\":800,\"height\":164,\"caption\":\"Annette Ahrens\"},\"logo\":{\"@id\":\"https:\/\/annette-ahrens.at\/onlineshop\/#personlogo\"},\"sameAs\":[\"https:\/\/annette-ahrens.at\",\"https:\/\/www.facebook.com\/AnnetteAhrensTafelkultur\",\"https:\/\/www.instagram.com\/tafelkulturistin\/\",\"https:\/\/de.wikipedia.org\/wiki\/Annette_Ahrens\"]},{\"@type\":\"WebSite\",\"@id\":\"https:\/\/annette-ahrens.at\/onlineshop\/#website\",\"url\":\"https:\/\/annette-ahrens.at\/onlineshop\/\",\"name\":\"Tafelkultur Onlineshop\",\"description\":\"Annette Ahrens\",\"publisher\":{\"@id\":\"https:\/\/annette-ahrens.at\/onlineshop\/#\/schema\/person\/3e19676faae246bba0cb3b7e15f427d8\"},\"potentialAction\":[{\"@type\":\"SearchAction\",\"target\":\"https:\/\/annette-ahrens.at\/onlineshop\/?s={search_term_string}\",\"query-input\":\"required name=search_term_string\"}],\"inLanguage\":\"de\"},{\"@type\":\"ImageObject\",\"@id\":\"https:\/\/annette-ahrens.at\/onlineshop\/produkt\/arik-brauer-4-kuenstler-loeffel-der-vier-elemente-wien-um-1970\/#primaryimage\",\"inLanguage\":\"de\",\"url\":\"https:\/\/annette-ahrens.at\/onlineshop\/wp-content\/uploads\/2025\/06\/IMG_7364-scaled.jpeg\",\"width\":1536,\"height\":2048,\"caption\":\"brauer_4elemente_l\\u00f6ffel\"},{\"@type\":[\"WebPage\",\"ItemPage\"],\"@id\":\"https:\/\/annette-ahrens.at\/onlineshop\/produkt\/arik-brauer-4-kuenstler-loeffel-der-vier-elemente-wien-um-1970\/#webpage\",\"url\":\"https:\/\/annette-ahrens.at\/onlineshop\/produkt\/arik-brauer-4-kuenstler-loeffel-der-vier-elemente-wien-um-1970\/\",\"name\":\"Arik Brauer, 4 K\\u00fcnstler-L\\u00f6ffel der vier Elemente, Wien, um 1970\",\"isPartOf\":{\"@id\":\"https:\/\/annette-ahrens.at\/onlineshop\/#website\"},\"primaryImageOfPage\":{\"@id\":\"https:\/\/annette-ahrens.at\/onlineshop\/produkt\/arik-brauer-4-kuenstler-loeffel-der-vier-elemente-wien-um-1970\/#primaryimage\"},\"datePublished\":\"2025-06-03T09:34:02+00:00\",\"dateModified\":\"2025-06-10T08:32:41+00:00\",\"description\":\"Arik Brauer, 4 K\\u00fcnstler-L\\u00f6ffel der vier Elemente, Wien, um 1970 \\u2665 Antiquit\\u00e4ten Online kaufen \\u2713 Sichere Lieferung \\u2713\",\"breadcrumb\":{\"@id\":\"https:\/\/annette-ahrens.at\/onlineshop\/produkt\/arik-brauer-4-kuenstler-loeffel-der-vier-elemente-wien-um-1970\/#breadcrumb\"},\"inLanguage\":\"de\",\"potentialAction\":[{\"@type\":\"ReadAction\",\"target\":[\"https:\/\/annette-ahrens.at\/onlineshop\/produkt\/arik-brauer-4-kuenstler-loeffel-der-vier-elemente-wien-um-1970\/\"]}]},{\"@type\":\"BreadcrumbList\",\"@id\":\"https:\/\/annette-ahrens.at\/onlineshop\/produkt\/arik-brauer-4-kuenstler-loeffel-der-vier-elemente-wien-um-1970\/#breadcrumb\",\"itemListElement\":[{\"@type\":\"ListItem\",\"position\":1,\"item\":{\"@type\":\"WebPage\",\"@id\":\"https:\/\/annette-ahrens.at\/onlineshop\/\",\"url\":\"https:\/\/annette-ahrens.at\/onlineshop\/\",\"name\":\"Home\"}},{\"@type\":\"ListItem\",\"position\":2,\"item\":{\"@type\":\"WebPage\",\"@id\":\"https:\/\/annette-ahrens.at\/onlineshop\/alle-tafelkultur-objekte\/\",\"url\":\"https:\/\/annette-ahrens.at\/onlineshop\/alle-tafelkultur-objekte\/\",\"name\":\"Alle Tafelkultur Objekte\"}},{\"@type\":\"ListItem\",\"position\":3,\"item\":{\"@type\":\"WebPage\",\"@id\":\"https:\/\/annette-ahrens.at\/onlineshop\/produkt\/arik-brauer-4-kuenstler-loeffel-der-vier-elemente-wien-um-1970\/\",\"url\":\"https:\/\/annette-ahrens.at\/onlineshop\/produkt\/arik-brauer-4-kuenstler-loeffel-der-vier-elemente-wien-um-1970\/\",\"name\":\"Arik Brauer, 4 K\\u00fcnstler-L\\u00f6ffel der vier Elemente, Wien, um 1970\"}}]}]}<\/script>\n<!-- \/ Yoast SEO Premium plugin. -->","_links":{"self":[{"href":"https:\/\/annette-ahrens.at\/onlineshop\/wp-json\/wp\/v2\/product\/37684","targetHints":{"allow":["GET"]}}],"collection":[{"href":"https:\/\/annette-ahrens.at\/onlineshop\/wp-json\/wp\/v2\/product"}],"about":[{"href":"https:\/\/annette-ahrens.at\/onlineshop\/wp-json\/wp\/v2\/types\/product"}],"replies":[{"embeddable":true,"href":"https:\/\/annette-ahrens.at\/onlineshop\/wp-json\/wp\/v2\/comments?post=37684"}],"wp:featuredmedia":[{"embeddable":true,"href":"https:\/\/annette-ahrens.at\/onlineshop\/wp-json\/wp\/v2\/media\/37787"}],"wp:attachment":[{"href":"https:\/\/annette-ahrens.at\/onlineshop\/wp-json\/wp\/v2\/media?parent=37684"}],"wp:term":[{"taxonomy":"product_brand","embeddable":true,"href":"https:\/\/annette-ahrens.at\/onlineshop\/wp-json\/wp\/v2\/product_brand?post=37684"},{"taxonomy":"product_cat","embeddable":true,"href":"https:\/\/annette-ahrens.at\/onlineshop\/wp-json\/wp\/v2\/product_cat?post=37684"},{"taxonomy":"product_tag","embeddable":true,"href":"https:\/\/annette-ahrens.at\/onlineshop\/wp-json\/wp\/v2\/product_tag?post=37684"}],"curies":[{"name":"wp","href":"https:\/\/api.w.org\/{rel}","templated":true}]}}