{"id":37863,"date":"2025-06-08T06:34:47","date_gmt":"2025-06-08T04:34:47","guid":{"rendered":"https:\/\/annette-ahrens.at\/onlineshop\/?post_type=product&#038;p=37863"},"modified":"2025-11-18T16:51:38","modified_gmt":"2025-11-18T15:51:38","slug":"12-silberne-art-deco-untersetzer-wien-nach-1922","status":"publish","type":"product","link":"https:\/\/annette-ahrens.at\/onlineshop\/produkt\/12-silberne-art-deco-untersetzer-wien-nach-1922\/","title":{"rendered":"12 silberne Art Deco Untersetzer, M. \u00d6sterreicher, Wien, nach 1922"},"content":{"rendered":"<p>12 silberne Art Deco Untersetzer in Halterung<\/p>\n<p>Moritz \u00d6sterreicher, Wien, nach 1922<\/p>\n<p>Silber, 12 runde Teller mit umlaufendem Perlrand in Halterung, alle Teile gemarkt mit Wiener Tukankopf nach 1922, Feingehalt 800, Firmenzeichen Moritz \u00d6sterreicher, tadelloser Erhaltungszustand<\/p>\n<p>H 11 cm<\/p>\n<p>Dm 5,5 cm (aussen)<\/p>\n<p>Dm 4 cm (innen)<\/p>\n<p>276 g<\/p>\n","protected":false},"excerpt":{"rendered":"<p>Annettes Etikette: Zur Firma von Moritz \u00d6sterreicher habe ich mir ausf\u00fchrlich auf meinem <a href=\"https:\/\/annette-ahrens.at\/der-juwelier-moritz-oesterreicher\/\">Blog<\/a> Gedanken gemacht. Seinen tollen Firmenkatalog konnte ich unl\u00e4ngst ankaufen und schon der Einband ist aufwendig mit Pr\u00e4gedruck ausgef\u00fchrt.<\/p>\n","protected":false},"featured_media":37841,"comment_status":"open","ping_status":"closed","template":"","meta":[],"product_brand":[],"product_cat":[276,212,219,27,216,275,228,232,218,225,131,311,315],"product_tag":[],"class_list":{"0":"post-37863","1":"product","2":"type-product","3":"status-publish","4":"has-post-thumbnail","6":"product_cat-alpacca","7":"product_cat-apertif","8":"product_cat-barutensilien","9":"product_cat-barware","10":"product_cat-digestif","11":"product_cat-glas-fachbuecher","12":"product_cat-likeurglas","13":"product_cat-longdrink","14":"product_cat-schnaps","15":"product_cat-sektfloete","16":"product_cat-tafeldekorationen","17":"product_cat-tafelinventar","18":"product_cat-trivet","20":"first","21":"instock","22":"sold-individually","23":"purchasable","24":"product-type-simple"},"yoast_head":"<!-- This site is optimized with the Yoast SEO Premium plugin v15.8.2 - https:\/\/yoast.com\/wordpress\/plugins\/seo\/ -->\n<title>12 silberne Art Deco Untersetzer, M. \u00d6sterreicher, Wien, nach 1922<\/title>\n<meta name=\"description\" content=\"12 silberne Art Deco Untersetzer, M. \u00d6sterreicher, Wien, nach 1922 \u2665 Antiquit\u00e4ten Online kaufen \u2713 Sichere Lieferung \u2713\" \/>\n<meta name=\"robots\" content=\"index, follow, max-snippet:-1, max-image-preview:large, max-video-preview:-1\" \/>\n<link rel=\"canonical\" href=\"https:\/\/annette-ahrens.at\/onlineshop\/produkt\/12-silberne-art-deco-untersetzer-wien-nach-1922\/\" \/>\n<meta property=\"og:locale\" content=\"de_DE\" \/>\n<meta property=\"og:type\" content=\"article\" \/>\n<meta property=\"og:title\" content=\"12 silberne Art Deco Untersetzer, M. \u00d6sterreicher, Wien, nach 1922\" \/>\n<meta property=\"og:description\" content=\"12 silberne Art Deco Untersetzer, M. \u00d6sterreicher, Wien, nach 1922 \u2665 Antiquit\u00e4ten Online kaufen \u2713 Sichere Lieferung \u2713\" \/>\n<meta property=\"og:url\" content=\"https:\/\/annette-ahrens.at\/onlineshop\/produkt\/12-silberne-art-deco-untersetzer-wien-nach-1922\/\" \/>\n<meta property=\"og:site_name\" content=\"Tafelkultur Onlineshop\" \/>\n<meta property=\"article:publisher\" content=\"https:\/\/www.facebook.com\/AnnetteAhrensTafelkultur\" \/>\n<meta property=\"article:modified_time\" content=\"2025-11-18T15:51:38+00:00\" \/>\n<meta property=\"og:image\" content=\"https:\/\/annette-ahrens.at\/onlineshop\/wp-content\/uploads\/2025\/06\/IMG_7430-scaled.jpeg\" \/>\n\t<meta property=\"og:image:width\" content=\"1536\" \/>\n\t<meta property=\"og:image:height\" content=\"2048\" \/>\n<meta name=\"twitter:card\" content=\"summary_large_image\" \/>\n<meta name=\"twitter:label1\" content=\"Gesch\u00e4tzte Lesezeit\">\n\t<meta name=\"twitter:data1\" content=\"1\u00a0Minute\">\n<script type=\"application\/ld+json\" class=\"yoast-schema-graph\">{\"@context\":\"https:\/\/schema.org\",\"@graph\":[{\"@type\":[\"Person\",\"Organization\"],\"@id\":\"https:\/\/annette-ahrens.at\/onlineshop\/#\/schema\/person\/3e19676faae246bba0cb3b7e15f427d8\",\"name\":\"Annette Ahrens\",\"image\":{\"@type\":\"ImageObject\",\"@id\":\"https:\/\/annette-ahrens.at\/onlineshop\/#personlogo\",\"inLanguage\":\"de\",\"url\":\"https:\/\/annette-ahrens.at\/onlineshop\/wp-content\/uploads\/2020\/04\/aa_logo_End.png\",\"width\":800,\"height\":164,\"caption\":\"Annette Ahrens\"},\"logo\":{\"@id\":\"https:\/\/annette-ahrens.at\/onlineshop\/#personlogo\"},\"sameAs\":[\"https:\/\/annette-ahrens.at\",\"https:\/\/www.facebook.com\/AnnetteAhrensTafelkultur\",\"https:\/\/www.instagram.com\/tafelkulturistin\/\",\"https:\/\/de.wikipedia.org\/wiki\/Annette_Ahrens\"]},{\"@type\":\"WebSite\",\"@id\":\"https:\/\/annette-ahrens.at\/onlineshop\/#website\",\"url\":\"https:\/\/annette-ahrens.at\/onlineshop\/\",\"name\":\"Tafelkultur Onlineshop\",\"description\":\"Annette Ahrens\",\"publisher\":{\"@id\":\"https:\/\/annette-ahrens.at\/onlineshop\/#\/schema\/person\/3e19676faae246bba0cb3b7e15f427d8\"},\"potentialAction\":[{\"@type\":\"SearchAction\",\"target\":\"https:\/\/annette-ahrens.at\/onlineshop\/?s={search_term_string}\",\"query-input\":\"required name=search_term_string\"}],\"inLanguage\":\"de\"},{\"@type\":\"ImageObject\",\"@id\":\"https:\/\/annette-ahrens.at\/onlineshop\/produkt\/12-silberne-art-deco-untersetzer-wien-nach-1922\/#primaryimage\",\"inLanguage\":\"de\",\"url\":\"https:\/\/annette-ahrens.at\/onlineshop\/wp-content\/uploads\/2025\/06\/IMG_7430-scaled.jpeg\",\"width\":1536,\"height\":2048,\"caption\":\"untersetzer_silber\"},{\"@type\":[\"WebPage\",\"ItemPage\"],\"@id\":\"https:\/\/annette-ahrens.at\/onlineshop\/produkt\/12-silberne-art-deco-untersetzer-wien-nach-1922\/#webpage\",\"url\":\"https:\/\/annette-ahrens.at\/onlineshop\/produkt\/12-silberne-art-deco-untersetzer-wien-nach-1922\/\",\"name\":\"12 silberne Art Deco Untersetzer, M. \\u00d6sterreicher, Wien, nach 1922\",\"isPartOf\":{\"@id\":\"https:\/\/annette-ahrens.at\/onlineshop\/#website\"},\"primaryImageOfPage\":{\"@id\":\"https:\/\/annette-ahrens.at\/onlineshop\/produkt\/12-silberne-art-deco-untersetzer-wien-nach-1922\/#primaryimage\"},\"datePublished\":\"2025-06-08T04:34:47+00:00\",\"dateModified\":\"2025-11-18T15:51:38+00:00\",\"description\":\"12 silberne Art Deco Untersetzer, M. \\u00d6sterreicher, Wien, nach 1922 \\u2665 Antiquit\\u00e4ten Online kaufen \\u2713 Sichere Lieferung \\u2713\",\"breadcrumb\":{\"@id\":\"https:\/\/annette-ahrens.at\/onlineshop\/produkt\/12-silberne-art-deco-untersetzer-wien-nach-1922\/#breadcrumb\"},\"inLanguage\":\"de\",\"potentialAction\":[{\"@type\":\"ReadAction\",\"target\":[\"https:\/\/annette-ahrens.at\/onlineshop\/produkt\/12-silberne-art-deco-untersetzer-wien-nach-1922\/\"]}]},{\"@type\":\"BreadcrumbList\",\"@id\":\"https:\/\/annette-ahrens.at\/onlineshop\/produkt\/12-silberne-art-deco-untersetzer-wien-nach-1922\/#breadcrumb\",\"itemListElement\":[{\"@type\":\"ListItem\",\"position\":1,\"item\":{\"@type\":\"WebPage\",\"@id\":\"https:\/\/annette-ahrens.at\/onlineshop\/\",\"url\":\"https:\/\/annette-ahrens.at\/onlineshop\/\",\"name\":\"Home\"}},{\"@type\":\"ListItem\",\"position\":2,\"item\":{\"@type\":\"WebPage\",\"@id\":\"https:\/\/annette-ahrens.at\/onlineshop\/alle-tafelkultur-objekte\/\",\"url\":\"https:\/\/annette-ahrens.at\/onlineshop\/alle-tafelkultur-objekte\/\",\"name\":\"Alle Tafelkultur Objekte\"}},{\"@type\":\"ListItem\",\"position\":3,\"item\":{\"@type\":\"WebPage\",\"@id\":\"https:\/\/annette-ahrens.at\/onlineshop\/produkt\/12-silberne-art-deco-untersetzer-wien-nach-1922\/\",\"url\":\"https:\/\/annette-ahrens.at\/onlineshop\/produkt\/12-silberne-art-deco-untersetzer-wien-nach-1922\/\",\"name\":\"12 silberne Art Deco Untersetzer, M. \\u00d6sterreicher, Wien, nach 1922\"}}]}]}<\/script>\n<!-- \/ Yoast SEO Premium plugin. -->","_links":{"self":[{"href":"https:\/\/annette-ahrens.at\/onlineshop\/wp-json\/wp\/v2\/product\/37863","targetHints":{"allow":["GET"]}}],"collection":[{"href":"https:\/\/annette-ahrens.at\/onlineshop\/wp-json\/wp\/v2\/product"}],"about":[{"href":"https:\/\/annette-ahrens.at\/onlineshop\/wp-json\/wp\/v2\/types\/product"}],"replies":[{"embeddable":true,"href":"https:\/\/annette-ahrens.at\/onlineshop\/wp-json\/wp\/v2\/comments?post=37863"}],"wp:featuredmedia":[{"embeddable":true,"href":"https:\/\/annette-ahrens.at\/onlineshop\/wp-json\/wp\/v2\/media\/37841"}],"wp:attachment":[{"href":"https:\/\/annette-ahrens.at\/onlineshop\/wp-json\/wp\/v2\/media?parent=37863"}],"wp:term":[{"taxonomy":"product_brand","embeddable":true,"href":"https:\/\/annette-ahrens.at\/onlineshop\/wp-json\/wp\/v2\/product_brand?post=37863"},{"taxonomy":"product_cat","embeddable":true,"href":"https:\/\/annette-ahrens.at\/onlineshop\/wp-json\/wp\/v2\/product_cat?post=37863"},{"taxonomy":"product_tag","embeddable":true,"href":"https:\/\/annette-ahrens.at\/onlineshop\/wp-json\/wp\/v2\/product_tag?post=37863"}],"curies":[{"name":"wp","href":"https:\/\/api.w.org\/{rel}","templated":true}]}}