{"id":38074,"date":"2025-06-26T16:14:08","date_gmt":"2025-06-26T14:14:08","guid":{"rendered":"https:\/\/annette-ahrens.at\/onlineshop\/?post_type=product&#038;p=38074"},"modified":"2025-06-24T10:17:25","modified_gmt":"2025-06-24T08:17:25","slug":"geschliffene-karaffe-aus-dem-erzherzog-franz-karl-service-boehmen-um-1860-70","status":"publish","type":"product","link":"https:\/\/annette-ahrens.at\/onlineshop\/produkt\/geschliffene-karaffe-aus-dem-erzherzog-franz-karl-service-boehmen-um-1860-70\/","title":{"rendered":"Geschliffene Karaffe aus dem Erzherzog Franz Karl-Service, B\u00f6hmen, um 1860\/70"},"content":{"rendered":"<p>Geschliffene Karaffe aus dem Besitz von Erzherzog Franz Karl (1802 &#8211; 1878), Vater von Kaiser Franz Joseph I.<\/p>\n<p>Entwurf: J. &amp; L. Lobmeyr, B\u00f6hmen, um 1860\/70<\/p>\n<p>farbloser, gebauchter Kristallglask\u00f6rper, handgeschliffen, langer Hals, aufwendiger Sch\u00e4lschliff, Bodenschliffstern, ausgestellter Lippenrand, zugeh\u00f6riger kantiger Stoppl, frontseitige erzherz\u00f6gliche Wappengravur mit Krone von Erzherzog Franz Karl (Vater von Kaiser Franz Joseph), tadelloser Erhaltungszustand<\/p>\n<p>H\u00f6he 26 cm<\/p>\n<p>Siehe Ilsebill Barta-Fliedl, Peter Parenzan, Ehemalige Hofsilber- und Tafelkammer, Sammlungskatalog Band 1, 1996, Seite 123, Katalognummer 98 ( Inv.Nr. 180539)<\/p>\n","protected":false},"excerpt":{"rendered":"<p>Geschliffene Karaffe aus dem Besitz von Erzherzog Franz Karl (1802 &#8211; 1878), Vater von Kaiser Franz Joseph I. Entwurf: J. &amp; L. Lobmeyr, B\u00f6hmen, um 1860\/70 farbloser, gebauchter Kristallglask\u00f6rper, handgeschliffen, langer Hals, aufwendiger Sch\u00e4lschliff, Bodenschliffstern, ausgestellter Lippenrand, zugeh\u00f6riger kantiger Stoppl, frontseitige erzherz\u00f6gliche Wappengravur mit Krone von Erzherzog Franz Karl (Vater von Kaiser Franz Joseph), tadelloser [&hellip;]<\/p>\n","protected":false},"featured_media":37402,"comment_status":"open","ping_status":"closed","template":"","meta":[],"product_brand":[],"product_cat":[27,31,222,313,218,52,53],"product_tag":[],"class_list":{"0":"post-38074","1":"product","2":"type-product","3":"status-publish","4":"has-post-thumbnail","6":"product_cat-barware","7":"product_cat-gastgeschenke","8":"product_cat-karaffe","9":"product_cat-menagerie","10":"product_cat-schnaps","11":"product_cat-thanksgiving","12":"product_cat-weihnachten","14":"first","15":"instock","16":"sold-individually","17":"purchasable","18":"product-type-simple"},"yoast_head":"<!-- This site is optimized with the Yoast SEO Premium plugin v15.8.2 - https:\/\/yoast.com\/wordpress\/plugins\/seo\/ -->\n<title>Geschliffene Karaffe aus dem Erzherzog Franz Karl-Service, B\u00f6hmen, um 1860\/70<\/title>\n<meta name=\"description\" content=\"Geschliffene Karaffe aus dem Erzherzog Franz Karl-Service, B\u00f6hmen, um 1860\/70 \u2665 Antiquit\u00e4ten Online kaufen \u2713 Sichere Lieferung \u2713\" \/>\n<meta name=\"robots\" content=\"index, follow, max-snippet:-1, max-image-preview:large, max-video-preview:-1\" \/>\n<link rel=\"canonical\" href=\"https:\/\/annette-ahrens.at\/onlineshop\/produkt\/geschliffene-karaffe-aus-dem-erzherzog-franz-karl-service-boehmen-um-1860-70\/\" \/>\n<meta property=\"og:locale\" content=\"de_DE\" \/>\n<meta property=\"og:type\" content=\"article\" \/>\n<meta property=\"og:title\" content=\"Geschliffene Karaffe aus dem Erzherzog Franz Karl-Service, B\u00f6hmen, um 1860\/70\" \/>\n<meta property=\"og:description\" content=\"Geschliffene Karaffe aus dem Erzherzog Franz Karl-Service, B\u00f6hmen, um 1860\/70 \u2665 Antiquit\u00e4ten Online kaufen \u2713 Sichere Lieferung \u2713\" \/>\n<meta property=\"og:url\" content=\"https:\/\/annette-ahrens.at\/onlineshop\/produkt\/geschliffene-karaffe-aus-dem-erzherzog-franz-karl-service-boehmen-um-1860-70\/\" \/>\n<meta property=\"og:site_name\" content=\"Tafelkultur Onlineshop\" \/>\n<meta property=\"article:publisher\" content=\"https:\/\/www.facebook.com\/AnnetteAhrensTafelkultur\" \/>\n<meta property=\"article:modified_time\" content=\"2025-06-24T08:17:25+00:00\" \/>\n<meta property=\"og:image\" content=\"https:\/\/annette-ahrens.at\/onlineshop\/wp-content\/uploads\/2025\/05\/IMG_7027-scaled.jpeg\" \/>\n\t<meta property=\"og:image:width\" content=\"1388\" \/>\n\t<meta property=\"og:image:height\" content=\"2048\" \/>\n<meta name=\"twitter:card\" content=\"summary_large_image\" \/>\n<meta name=\"twitter:label1\" content=\"Gesch\u00e4tzte Lesezeit\">\n\t<meta name=\"twitter:data1\" content=\"1\u00a0Minute\">\n<script type=\"application\/ld+json\" class=\"yoast-schema-graph\">{\"@context\":\"https:\/\/schema.org\",\"@graph\":[{\"@type\":[\"Person\",\"Organization\"],\"@id\":\"https:\/\/annette-ahrens.at\/onlineshop\/#\/schema\/person\/3e19676faae246bba0cb3b7e15f427d8\",\"name\":\"Annette Ahrens\",\"image\":{\"@type\":\"ImageObject\",\"@id\":\"https:\/\/annette-ahrens.at\/onlineshop\/#personlogo\",\"inLanguage\":\"de\",\"url\":\"https:\/\/annette-ahrens.at\/onlineshop\/wp-content\/uploads\/2020\/04\/aa_logo_End.png\",\"width\":800,\"height\":164,\"caption\":\"Annette Ahrens\"},\"logo\":{\"@id\":\"https:\/\/annette-ahrens.at\/onlineshop\/#personlogo\"},\"sameAs\":[\"https:\/\/annette-ahrens.at\",\"https:\/\/www.facebook.com\/AnnetteAhrensTafelkultur\",\"https:\/\/www.instagram.com\/tafelkulturistin\/\",\"https:\/\/de.wikipedia.org\/wiki\/Annette_Ahrens\"]},{\"@type\":\"WebSite\",\"@id\":\"https:\/\/annette-ahrens.at\/onlineshop\/#website\",\"url\":\"https:\/\/annette-ahrens.at\/onlineshop\/\",\"name\":\"Tafelkultur Onlineshop\",\"description\":\"Annette Ahrens\",\"publisher\":{\"@id\":\"https:\/\/annette-ahrens.at\/onlineshop\/#\/schema\/person\/3e19676faae246bba0cb3b7e15f427d8\"},\"potentialAction\":[{\"@type\":\"SearchAction\",\"target\":\"https:\/\/annette-ahrens.at\/onlineshop\/?s={search_term_string}\",\"query-input\":\"required name=search_term_string\"}],\"inLanguage\":\"de\"},{\"@type\":\"ImageObject\",\"@id\":\"https:\/\/annette-ahrens.at\/onlineshop\/produkt\/geschliffene-karaffe-aus-dem-erzherzog-franz-karl-service-boehmen-um-1860-70\/#primaryimage\",\"inLanguage\":\"de\",\"url\":\"https:\/\/annette-ahrens.at\/onlineshop\/wp-content\/uploads\/2025\/05\/IMG_7027-scaled.jpeg\",\"width\":1388,\"height\":2048,\"caption\":\"karaffe_lobmeyr_kaiserhaus\"},{\"@type\":[\"WebPage\",\"ItemPage\"],\"@id\":\"https:\/\/annette-ahrens.at\/onlineshop\/produkt\/geschliffene-karaffe-aus-dem-erzherzog-franz-karl-service-boehmen-um-1860-70\/#webpage\",\"url\":\"https:\/\/annette-ahrens.at\/onlineshop\/produkt\/geschliffene-karaffe-aus-dem-erzherzog-franz-karl-service-boehmen-um-1860-70\/\",\"name\":\"Geschliffene Karaffe aus dem Erzherzog Franz Karl-Service, B\\u00f6hmen, um 1860\/70\",\"isPartOf\":{\"@id\":\"https:\/\/annette-ahrens.at\/onlineshop\/#website\"},\"primaryImageOfPage\":{\"@id\":\"https:\/\/annette-ahrens.at\/onlineshop\/produkt\/geschliffene-karaffe-aus-dem-erzherzog-franz-karl-service-boehmen-um-1860-70\/#primaryimage\"},\"datePublished\":\"2025-06-26T14:14:08+00:00\",\"dateModified\":\"2025-06-24T08:17:25+00:00\",\"description\":\"Geschliffene Karaffe aus dem Erzherzog Franz Karl-Service, B\\u00f6hmen, um 1860\/70 \\u2665 Antiquit\\u00e4ten Online kaufen \\u2713 Sichere Lieferung \\u2713\",\"breadcrumb\":{\"@id\":\"https:\/\/annette-ahrens.at\/onlineshop\/produkt\/geschliffene-karaffe-aus-dem-erzherzog-franz-karl-service-boehmen-um-1860-70\/#breadcrumb\"},\"inLanguage\":\"de\",\"potentialAction\":[{\"@type\":\"ReadAction\",\"target\":[\"https:\/\/annette-ahrens.at\/onlineshop\/produkt\/geschliffene-karaffe-aus-dem-erzherzog-franz-karl-service-boehmen-um-1860-70\/\"]}]},{\"@type\":\"BreadcrumbList\",\"@id\":\"https:\/\/annette-ahrens.at\/onlineshop\/produkt\/geschliffene-karaffe-aus-dem-erzherzog-franz-karl-service-boehmen-um-1860-70\/#breadcrumb\",\"itemListElement\":[{\"@type\":\"ListItem\",\"position\":1,\"item\":{\"@type\":\"WebPage\",\"@id\":\"https:\/\/annette-ahrens.at\/onlineshop\/\",\"url\":\"https:\/\/annette-ahrens.at\/onlineshop\/\",\"name\":\"Home\"}},{\"@type\":\"ListItem\",\"position\":2,\"item\":{\"@type\":\"WebPage\",\"@id\":\"https:\/\/annette-ahrens.at\/onlineshop\/alle-tafelkultur-objekte\/\",\"url\":\"https:\/\/annette-ahrens.at\/onlineshop\/alle-tafelkultur-objekte\/\",\"name\":\"Alle Tafelkultur Objekte\"}},{\"@type\":\"ListItem\",\"position\":3,\"item\":{\"@type\":\"WebPage\",\"@id\":\"https:\/\/annette-ahrens.at\/onlineshop\/produkt\/geschliffene-karaffe-aus-dem-erzherzog-franz-karl-service-boehmen-um-1860-70\/\",\"url\":\"https:\/\/annette-ahrens.at\/onlineshop\/produkt\/geschliffene-karaffe-aus-dem-erzherzog-franz-karl-service-boehmen-um-1860-70\/\",\"name\":\"Geschliffene Karaffe aus dem Erzherzog Franz Karl-Service, B\\u00f6hmen, um 1860\/70\"}}]}]}<\/script>\n<!-- \/ Yoast SEO Premium plugin. -->","_links":{"self":[{"href":"https:\/\/annette-ahrens.at\/onlineshop\/wp-json\/wp\/v2\/product\/38074","targetHints":{"allow":["GET"]}}],"collection":[{"href":"https:\/\/annette-ahrens.at\/onlineshop\/wp-json\/wp\/v2\/product"}],"about":[{"href":"https:\/\/annette-ahrens.at\/onlineshop\/wp-json\/wp\/v2\/types\/product"}],"replies":[{"embeddable":true,"href":"https:\/\/annette-ahrens.at\/onlineshop\/wp-json\/wp\/v2\/comments?post=38074"}],"wp:featuredmedia":[{"embeddable":true,"href":"https:\/\/annette-ahrens.at\/onlineshop\/wp-json\/wp\/v2\/media\/37402"}],"wp:attachment":[{"href":"https:\/\/annette-ahrens.at\/onlineshop\/wp-json\/wp\/v2\/media?parent=38074"}],"wp:term":[{"taxonomy":"product_brand","embeddable":true,"href":"https:\/\/annette-ahrens.at\/onlineshop\/wp-json\/wp\/v2\/product_brand?post=38074"},{"taxonomy":"product_cat","embeddable":true,"href":"https:\/\/annette-ahrens.at\/onlineshop\/wp-json\/wp\/v2\/product_cat?post=38074"},{"taxonomy":"product_tag","embeddable":true,"href":"https:\/\/annette-ahrens.at\/onlineshop\/wp-json\/wp\/v2\/product_tag?post=38074"}],"curies":[{"name":"wp","href":"https:\/\/api.w.org\/{rel}","templated":true}]}}