{"id":3814,"date":"2020-10-26T11:10:06","date_gmt":"2020-10-26T10:10:06","guid":{"rendered":"https:\/\/annette-ahrens.at\/onlineshop\/?post_type=product&#038;p=3814"},"modified":"2023-05-13T19:30:18","modified_gmt":"2023-05-13T17:30:18","slug":"biedermeier-dessertteller-mit-blaetterdekor-kaiserliche-porzellanmanufaktur-wien-1812","status":"publish","type":"product","link":"https:\/\/annette-ahrens.at\/onlineshop\/produkt\/biedermeier-dessertteller-mit-blaetterdekor-kaiserliche-porzellanmanufaktur-wien-1812\/","title":{"rendered":"Biedermeier Dessertteller mit Bl\u00e4tterdekor, Kaiserliche Porzellanmanufaktur Wien, 1812"},"content":{"rendered":"<p>Biedermeier Dessertteller mit durchbrochener Fahne<\/p>\n<p>Kaiserliche Porzellanmanufaktur Wien, 1812<\/p>\n<p>Porzellan, glasiert, durchbrochene Fahne mit gr\u00fcnem Bl\u00e4tter-Dekor, Spiegel mit Bl\u00fctendekor, gemarkt mit unterglasurblauem Bindenschild, eingepresste Jahreszahl (1)812<\/p>\n<p>Dm 24,5 cm<\/p>\n","protected":false},"excerpt":{"rendered":"<p>Annettes Etikette: Die durchbrochen gearbeitete Fahne dieses Tellers ist f\u00fcr den Weissdreher und anschliesenden Bossierer von besonderer Aufgabe, denn die einzelnen Korbsegmente wurden h\u00e4ndisch ausges\u00e4gt und durften sp\u00e4testens im Ofen nicht brechen. Meist wurden diese Art von Tellern f\u00fcr den Dessertgang gen\u00fctzt. Hier ist die Blattranke besonders gekonnt ausgef\u00fchrt. Die Entwurfszeichnung hierzu befindet sich im MAK Wien.<\/p>\n","protected":false},"featured_media":4302,"comment_status":"open","ping_status":"closed","template":"","meta":[],"product_brand":[],"product_cat":[130,192,20,54],"product_tag":[],"class_list":{"0":"post-3814","1":"product","2":"type-product","3":"status-publish","4":"has-post-thumbnail","6":"product_cat-abendessen","7":"product_cat-dessert","8":"product_cat-lunchtime","9":"product_cat-porzellan","11":"first","12":"instock","13":"sold-individually","14":"purchasable","15":"product-type-simple"},"yoast_head":"<!-- This site is optimized with the Yoast SEO Premium plugin v15.8.2 - https:\/\/yoast.com\/wordpress\/plugins\/seo\/ -->\n<title>Biedermeier Dessertteller mit Bl\u00e4tterdekor, Kaiserliche Porzellanmanufaktur Wien, 1812<\/title>\n<meta name=\"description\" content=\"Biedermeier Dessertteller mit Bl\u00e4tterdekor, Kaiserliche Porzellanmanufaktur Wien, 1812 \u2665 Antiquit\u00e4ten Online kaufen \u2713 Sichere Lieferung \u2713\" \/>\n<meta name=\"robots\" content=\"index, follow, max-snippet:-1, max-image-preview:large, max-video-preview:-1\" \/>\n<link rel=\"canonical\" href=\"https:\/\/annette-ahrens.at\/onlineshop\/produkt\/biedermeier-dessertteller-mit-blaetterdekor-kaiserliche-porzellanmanufaktur-wien-1812\/\" \/>\n<meta property=\"og:locale\" content=\"de_DE\" \/>\n<meta property=\"og:type\" content=\"article\" \/>\n<meta property=\"og:title\" content=\"Biedermeier Dessertteller mit Bl\u00e4tterdekor, Kaiserliche Porzellanmanufaktur Wien, 1812\" \/>\n<meta property=\"og:description\" content=\"Biedermeier Dessertteller mit Bl\u00e4tterdekor, Kaiserliche Porzellanmanufaktur Wien, 1812 \u2665 Antiquit\u00e4ten Online kaufen \u2713 Sichere Lieferung \u2713\" \/>\n<meta property=\"og:url\" content=\"https:\/\/annette-ahrens.at\/onlineshop\/produkt\/biedermeier-dessertteller-mit-blaetterdekor-kaiserliche-porzellanmanufaktur-wien-1812\/\" \/>\n<meta property=\"og:site_name\" content=\"Tafelkultur Onlineshop\" \/>\n<meta property=\"article:publisher\" content=\"https:\/\/www.facebook.com\/AnnetteAhrensTafelkultur\" \/>\n<meta property=\"article:modified_time\" content=\"2023-05-13T17:30:18+00:00\" \/>\n<meta property=\"og:image\" content=\"https:\/\/annette-ahrens.at\/onlineshop\/wp-content\/uploads\/2020\/10\/IMG_3692-scaled.jpeg\" \/>\n\t<meta property=\"og:image:width\" content=\"2560\" \/>\n\t<meta property=\"og:image:height\" content=\"2560\" \/>\n<meta name=\"twitter:card\" content=\"summary_large_image\" \/>\n<script type=\"application\/ld+json\" class=\"yoast-schema-graph\">{\"@context\":\"https:\/\/schema.org\",\"@graph\":[{\"@type\":[\"Person\",\"Organization\"],\"@id\":\"https:\/\/annette-ahrens.at\/onlineshop\/#\/schema\/person\/3e19676faae246bba0cb3b7e15f427d8\",\"name\":\"Annette Ahrens\",\"image\":{\"@type\":\"ImageObject\",\"@id\":\"https:\/\/annette-ahrens.at\/onlineshop\/#personlogo\",\"inLanguage\":\"de\",\"url\":\"https:\/\/annette-ahrens.at\/onlineshop\/wp-content\/uploads\/2020\/04\/aa_logo_End.png\",\"width\":800,\"height\":164,\"caption\":\"Annette Ahrens\"},\"logo\":{\"@id\":\"https:\/\/annette-ahrens.at\/onlineshop\/#personlogo\"},\"sameAs\":[\"https:\/\/annette-ahrens.at\",\"https:\/\/www.facebook.com\/AnnetteAhrensTafelkultur\",\"https:\/\/www.instagram.com\/tafelkulturistin\/\",\"https:\/\/de.wikipedia.org\/wiki\/Annette_Ahrens\"]},{\"@type\":\"WebSite\",\"@id\":\"https:\/\/annette-ahrens.at\/onlineshop\/#website\",\"url\":\"https:\/\/annette-ahrens.at\/onlineshop\/\",\"name\":\"Tafelkultur Onlineshop\",\"description\":\"Annette Ahrens\",\"publisher\":{\"@id\":\"https:\/\/annette-ahrens.at\/onlineshop\/#\/schema\/person\/3e19676faae246bba0cb3b7e15f427d8\"},\"potentialAction\":[{\"@type\":\"SearchAction\",\"target\":\"https:\/\/annette-ahrens.at\/onlineshop\/?s={search_term_string}\",\"query-input\":\"required name=search_term_string\"}],\"inLanguage\":\"de\"},{\"@type\":\"ImageObject\",\"@id\":\"https:\/\/annette-ahrens.at\/onlineshop\/produkt\/biedermeier-dessertteller-mit-blaetterdekor-kaiserliche-porzellanmanufaktur-wien-1812\/#primaryimage\",\"inLanguage\":\"de\",\"url\":\"https:\/\/annette-ahrens.at\/onlineshop\/wp-content\/uploads\/2020\/10\/IMG_3692-scaled.jpeg\",\"width\":2560,\"height\":2560,\"caption\":\"altwien_teller\"},{\"@type\":[\"WebPage\",\"ItemPage\"],\"@id\":\"https:\/\/annette-ahrens.at\/onlineshop\/produkt\/biedermeier-dessertteller-mit-blaetterdekor-kaiserliche-porzellanmanufaktur-wien-1812\/#webpage\",\"url\":\"https:\/\/annette-ahrens.at\/onlineshop\/produkt\/biedermeier-dessertteller-mit-blaetterdekor-kaiserliche-porzellanmanufaktur-wien-1812\/\",\"name\":\"Biedermeier Dessertteller mit Bl\\u00e4tterdekor, Kaiserliche Porzellanmanufaktur Wien, 1812\",\"isPartOf\":{\"@id\":\"https:\/\/annette-ahrens.at\/onlineshop\/#website\"},\"primaryImageOfPage\":{\"@id\":\"https:\/\/annette-ahrens.at\/onlineshop\/produkt\/biedermeier-dessertteller-mit-blaetterdekor-kaiserliche-porzellanmanufaktur-wien-1812\/#primaryimage\"},\"datePublished\":\"2020-10-26T10:10:06+00:00\",\"dateModified\":\"2023-05-13T17:30:18+00:00\",\"description\":\"Biedermeier Dessertteller mit Bl\\u00e4tterdekor, Kaiserliche Porzellanmanufaktur Wien, 1812 \\u2665 Antiquit\\u00e4ten Online kaufen \\u2713 Sichere Lieferung \\u2713\",\"breadcrumb\":{\"@id\":\"https:\/\/annette-ahrens.at\/onlineshop\/produkt\/biedermeier-dessertteller-mit-blaetterdekor-kaiserliche-porzellanmanufaktur-wien-1812\/#breadcrumb\"},\"inLanguage\":\"de\",\"potentialAction\":[{\"@type\":\"ReadAction\",\"target\":[\"https:\/\/annette-ahrens.at\/onlineshop\/produkt\/biedermeier-dessertteller-mit-blaetterdekor-kaiserliche-porzellanmanufaktur-wien-1812\/\"]}]},{\"@type\":\"BreadcrumbList\",\"@id\":\"https:\/\/annette-ahrens.at\/onlineshop\/produkt\/biedermeier-dessertteller-mit-blaetterdekor-kaiserliche-porzellanmanufaktur-wien-1812\/#breadcrumb\",\"itemListElement\":[{\"@type\":\"ListItem\",\"position\":1,\"item\":{\"@type\":\"WebPage\",\"@id\":\"https:\/\/annette-ahrens.at\/onlineshop\/\",\"url\":\"https:\/\/annette-ahrens.at\/onlineshop\/\",\"name\":\"Home\"}},{\"@type\":\"ListItem\",\"position\":2,\"item\":{\"@type\":\"WebPage\",\"@id\":\"https:\/\/annette-ahrens.at\/onlineshop\/alle-tafelkultur-objekte\/\",\"url\":\"https:\/\/annette-ahrens.at\/onlineshop\/alle-tafelkultur-objekte\/\",\"name\":\"Alle Tafelkultur Objekte\"}},{\"@type\":\"ListItem\",\"position\":3,\"item\":{\"@type\":\"WebPage\",\"@id\":\"https:\/\/annette-ahrens.at\/onlineshop\/produkt\/biedermeier-dessertteller-mit-blaetterdekor-kaiserliche-porzellanmanufaktur-wien-1812\/\",\"url\":\"https:\/\/annette-ahrens.at\/onlineshop\/produkt\/biedermeier-dessertteller-mit-blaetterdekor-kaiserliche-porzellanmanufaktur-wien-1812\/\",\"name\":\"Biedermeier Dessertteller mit Bl\\u00e4tterdekor, Kaiserliche Porzellanmanufaktur Wien, 1812\"}}]}]}<\/script>\n<!-- \/ Yoast SEO Premium plugin. -->","_links":{"self":[{"href":"https:\/\/annette-ahrens.at\/onlineshop\/wp-json\/wp\/v2\/product\/3814","targetHints":{"allow":["GET"]}}],"collection":[{"href":"https:\/\/annette-ahrens.at\/onlineshop\/wp-json\/wp\/v2\/product"}],"about":[{"href":"https:\/\/annette-ahrens.at\/onlineshop\/wp-json\/wp\/v2\/types\/product"}],"replies":[{"embeddable":true,"href":"https:\/\/annette-ahrens.at\/onlineshop\/wp-json\/wp\/v2\/comments?post=3814"}],"wp:featuredmedia":[{"embeddable":true,"href":"https:\/\/annette-ahrens.at\/onlineshop\/wp-json\/wp\/v2\/media\/4302"}],"wp:attachment":[{"href":"https:\/\/annette-ahrens.at\/onlineshop\/wp-json\/wp\/v2\/media?parent=3814"}],"wp:term":[{"taxonomy":"product_brand","embeddable":true,"href":"https:\/\/annette-ahrens.at\/onlineshop\/wp-json\/wp\/v2\/product_brand?post=3814"},{"taxonomy":"product_cat","embeddable":true,"href":"https:\/\/annette-ahrens.at\/onlineshop\/wp-json\/wp\/v2\/product_cat?post=3814"},{"taxonomy":"product_tag","embeddable":true,"href":"https:\/\/annette-ahrens.at\/onlineshop\/wp-json\/wp\/v2\/product_tag?post=3814"}],"curies":[{"name":"wp","href":"https:\/\/api.w.org\/{rel}","templated":true}]}}