{"id":38147,"date":"2025-07-04T07:11:44","date_gmt":"2025-07-04T05:11:44","guid":{"rendered":"https:\/\/annette-ahrens.at\/onlineshop\/?post_type=product&#038;p=38147"},"modified":"2025-07-09T13:24:13","modified_gmt":"2025-07-09T11:24:13","slug":"versilbertes-midcentury-kaennchen-fuer-kondenzmilch-deutschland-um-1950","status":"publish","type":"product","link":"https:\/\/annette-ahrens.at\/onlineshop\/produkt\/versilbertes-midcentury-kaennchen-fuer-kondenzmilch-deutschland-um-1950\/","title":{"rendered":"Versilbertes Midcentury K\u00e4nnchen f\u00fcr Kondenzmilch, Deutschland, um 1950"},"content":{"rendered":"<p>Versilbertes Midcentury K\u00e4nnchen f\u00fcr Kondenzmilch<\/p>\n<p>Deutschland, um 1950<\/p>\n<p>Gebauchte Milchkanne mit gedrehten Kanneluren, Ausguss, abnehmbarer Deckel, gemarkt D.B.G.P. (Deutsches Bundespatent, nach \u00a01949), 1000 Feinsilberauflage, H.K.E. (Fa. Firmenmarke Kn\u00e4bel, Esslingen), handpolierter Zustand<\/p>\n<p>H 7,5 cm<\/p>\n<p>&nbsp;<\/p>\n","protected":false},"excerpt":{"rendered":"<p>Versilbertes Midcentury K\u00e4nnchen f\u00fcr Kondenzmilch Deutschland, um 1950 Gebauchte Milchkanne mit gedrehten Kanneluren, Ausguss, abnehmbarer Deckel, gemarkt D.B.G.P. (Deutsches Bundespatent, nach \u00a01949), 1000 Feinsilberauflage, H.K.E. (Fa. Firmenmarke Kn\u00e4bel, Esslingen), handpolierter Zustand H 7,5 cm &nbsp;<\/p>\n","protected":false},"featured_media":38237,"comment_status":"open","ping_status":"closed","template":"","meta":[],"product_brand":[],"product_cat":[25,297,276,32,18,19,217,226,154,155,274,268,53,157,158],"product_tag":[],"class_list":{"0":"post-38147","1":"product","2":"type-product","3":"status-publish","4":"has-post-thumbnail","6":"product_cat-5o-clock-tea","7":"product_cat-adventjause","8":"product_cat-alpacca","9":"product_cat-festefeiern","10":"product_cat-fruehstueck","11":"product_cat-gabelfruehstueck","12":"product_cat-heissgetraenke","13":"product_cat-kaffee-tee","14":"product_cat-milch","15":"product_cat-milchgiesser","16":"product_cat-porzellan-fachbuecher","17":"product_cat-tee-5o-clock-tea","18":"product_cat-weihnachten","19":"product_cat-zucker-fruehstueck","20":"product_cat-zuckerdose","22":"first","23":"instock","24":"sold-individually","25":"purchasable","26":"product-type-simple"},"yoast_head":"<!-- This site is optimized with the Yoast SEO Premium plugin v15.8.2 - https:\/\/yoast.com\/wordpress\/plugins\/seo\/ -->\n<title>Versilbertes Midcentury K\u00e4nnchen f\u00fcr Kondenzmilch, Deutschland, um 1950<\/title>\n<meta name=\"description\" content=\"Versilbertes Midcentury K\u00e4nnchen f\u00fcr Kondenzmilch, Deutschland, um 1950 \u2665 Antiquit\u00e4ten Online kaufen \u2713 Sichere Lieferung \u2713\" \/>\n<meta name=\"robots\" content=\"index, follow, max-snippet:-1, max-image-preview:large, max-video-preview:-1\" \/>\n<link rel=\"canonical\" href=\"https:\/\/annette-ahrens.at\/onlineshop\/produkt\/versilbertes-midcentury-kaennchen-fuer-kondenzmilch-deutschland-um-1950\/\" \/>\n<meta property=\"og:locale\" content=\"de_DE\" \/>\n<meta property=\"og:type\" content=\"article\" \/>\n<meta property=\"og:title\" content=\"Versilbertes Midcentury K\u00e4nnchen f\u00fcr Kondenzmilch, Deutschland, um 1950\" \/>\n<meta property=\"og:description\" content=\"Versilbertes Midcentury K\u00e4nnchen f\u00fcr Kondenzmilch, Deutschland, um 1950 \u2665 Antiquit\u00e4ten Online kaufen \u2713 Sichere Lieferung \u2713\" \/>\n<meta property=\"og:url\" content=\"https:\/\/annette-ahrens.at\/onlineshop\/produkt\/versilbertes-midcentury-kaennchen-fuer-kondenzmilch-deutschland-um-1950\/\" \/>\n<meta property=\"og:site_name\" content=\"Tafelkultur Onlineshop\" \/>\n<meta property=\"article:publisher\" content=\"https:\/\/www.facebook.com\/AnnetteAhrensTafelkultur\" \/>\n<meta property=\"article:modified_time\" content=\"2025-07-09T11:24:13+00:00\" \/>\n<meta property=\"og:image\" content=\"https:\/\/annette-ahrens.at\/onlineshop\/wp-content\/uploads\/2025\/07\/IMG_7686-scaled.jpeg\" \/>\n\t<meta property=\"og:image:width\" content=\"1899\" \/>\n\t<meta property=\"og:image:height\" content=\"2048\" \/>\n<meta name=\"twitter:card\" content=\"summary_large_image\" \/>\n<meta name=\"twitter:label1\" content=\"Gesch\u00e4tzte Lesezeit\">\n\t<meta name=\"twitter:data1\" content=\"1\u00a0Minute\">\n<script type=\"application\/ld+json\" class=\"yoast-schema-graph\">{\"@context\":\"https:\/\/schema.org\",\"@graph\":[{\"@type\":[\"Person\",\"Organization\"],\"@id\":\"https:\/\/annette-ahrens.at\/onlineshop\/#\/schema\/person\/3e19676faae246bba0cb3b7e15f427d8\",\"name\":\"Annette Ahrens\",\"image\":{\"@type\":\"ImageObject\",\"@id\":\"https:\/\/annette-ahrens.at\/onlineshop\/#personlogo\",\"inLanguage\":\"de\",\"url\":\"https:\/\/annette-ahrens.at\/onlineshop\/wp-content\/uploads\/2020\/04\/aa_logo_End.png\",\"width\":800,\"height\":164,\"caption\":\"Annette Ahrens\"},\"logo\":{\"@id\":\"https:\/\/annette-ahrens.at\/onlineshop\/#personlogo\"},\"sameAs\":[\"https:\/\/annette-ahrens.at\",\"https:\/\/www.facebook.com\/AnnetteAhrensTafelkultur\",\"https:\/\/www.instagram.com\/tafelkulturistin\/\",\"https:\/\/de.wikipedia.org\/wiki\/Annette_Ahrens\"]},{\"@type\":\"WebSite\",\"@id\":\"https:\/\/annette-ahrens.at\/onlineshop\/#website\",\"url\":\"https:\/\/annette-ahrens.at\/onlineshop\/\",\"name\":\"Tafelkultur Onlineshop\",\"description\":\"Annette Ahrens\",\"publisher\":{\"@id\":\"https:\/\/annette-ahrens.at\/onlineshop\/#\/schema\/person\/3e19676faae246bba0cb3b7e15f427d8\"},\"potentialAction\":[{\"@type\":\"SearchAction\",\"target\":\"https:\/\/annette-ahrens.at\/onlineshop\/?s={search_term_string}\",\"query-input\":\"required name=search_term_string\"}],\"inLanguage\":\"de\"},{\"@type\":\"ImageObject\",\"@id\":\"https:\/\/annette-ahrens.at\/onlineshop\/produkt\/versilbertes-midcentury-kaennchen-fuer-kondenzmilch-deutschland-um-1950\/#primaryimage\",\"inLanguage\":\"de\",\"url\":\"https:\/\/annette-ahrens.at\/onlineshop\/wp-content\/uploads\/2025\/07\/IMG_7686-scaled.jpeg\",\"width\":1899,\"height\":2048,\"caption\":\"kanne_kondenzmilch\"},{\"@type\":[\"WebPage\",\"ItemPage\"],\"@id\":\"https:\/\/annette-ahrens.at\/onlineshop\/produkt\/versilbertes-midcentury-kaennchen-fuer-kondenzmilch-deutschland-um-1950\/#webpage\",\"url\":\"https:\/\/annette-ahrens.at\/onlineshop\/produkt\/versilbertes-midcentury-kaennchen-fuer-kondenzmilch-deutschland-um-1950\/\",\"name\":\"Versilbertes Midcentury K\\u00e4nnchen f\\u00fcr Kondenzmilch, Deutschland, um 1950\",\"isPartOf\":{\"@id\":\"https:\/\/annette-ahrens.at\/onlineshop\/#website\"},\"primaryImageOfPage\":{\"@id\":\"https:\/\/annette-ahrens.at\/onlineshop\/produkt\/versilbertes-midcentury-kaennchen-fuer-kondenzmilch-deutschland-um-1950\/#primaryimage\"},\"datePublished\":\"2025-07-04T05:11:44+00:00\",\"dateModified\":\"2025-07-09T11:24:13+00:00\",\"description\":\"Versilbertes Midcentury K\\u00e4nnchen f\\u00fcr Kondenzmilch, Deutschland, um 1950 \\u2665 Antiquit\\u00e4ten Online kaufen \\u2713 Sichere Lieferung \\u2713\",\"breadcrumb\":{\"@id\":\"https:\/\/annette-ahrens.at\/onlineshop\/produkt\/versilbertes-midcentury-kaennchen-fuer-kondenzmilch-deutschland-um-1950\/#breadcrumb\"},\"inLanguage\":\"de\",\"potentialAction\":[{\"@type\":\"ReadAction\",\"target\":[\"https:\/\/annette-ahrens.at\/onlineshop\/produkt\/versilbertes-midcentury-kaennchen-fuer-kondenzmilch-deutschland-um-1950\/\"]}]},{\"@type\":\"BreadcrumbList\",\"@id\":\"https:\/\/annette-ahrens.at\/onlineshop\/produkt\/versilbertes-midcentury-kaennchen-fuer-kondenzmilch-deutschland-um-1950\/#breadcrumb\",\"itemListElement\":[{\"@type\":\"ListItem\",\"position\":1,\"item\":{\"@type\":\"WebPage\",\"@id\":\"https:\/\/annette-ahrens.at\/onlineshop\/\",\"url\":\"https:\/\/annette-ahrens.at\/onlineshop\/\",\"name\":\"Home\"}},{\"@type\":\"ListItem\",\"position\":2,\"item\":{\"@type\":\"WebPage\",\"@id\":\"https:\/\/annette-ahrens.at\/onlineshop\/alle-tafelkultur-objekte\/\",\"url\":\"https:\/\/annette-ahrens.at\/onlineshop\/alle-tafelkultur-objekte\/\",\"name\":\"Alle Tafelkultur Objekte\"}},{\"@type\":\"ListItem\",\"position\":3,\"item\":{\"@type\":\"WebPage\",\"@id\":\"https:\/\/annette-ahrens.at\/onlineshop\/produkt\/versilbertes-midcentury-kaennchen-fuer-kondenzmilch-deutschland-um-1950\/\",\"url\":\"https:\/\/annette-ahrens.at\/onlineshop\/produkt\/versilbertes-midcentury-kaennchen-fuer-kondenzmilch-deutschland-um-1950\/\",\"name\":\"Versilbertes Midcentury K\\u00e4nnchen f\\u00fcr Kondenzmilch, Deutschland, um 1950\"}}]}]}<\/script>\n<!-- \/ Yoast SEO Premium plugin. -->","_links":{"self":[{"href":"https:\/\/annette-ahrens.at\/onlineshop\/wp-json\/wp\/v2\/product\/38147","targetHints":{"allow":["GET"]}}],"collection":[{"href":"https:\/\/annette-ahrens.at\/onlineshop\/wp-json\/wp\/v2\/product"}],"about":[{"href":"https:\/\/annette-ahrens.at\/onlineshop\/wp-json\/wp\/v2\/types\/product"}],"replies":[{"embeddable":true,"href":"https:\/\/annette-ahrens.at\/onlineshop\/wp-json\/wp\/v2\/comments?post=38147"}],"wp:featuredmedia":[{"embeddable":true,"href":"https:\/\/annette-ahrens.at\/onlineshop\/wp-json\/wp\/v2\/media\/38237"}],"wp:attachment":[{"href":"https:\/\/annette-ahrens.at\/onlineshop\/wp-json\/wp\/v2\/media?parent=38147"}],"wp:term":[{"taxonomy":"product_brand","embeddable":true,"href":"https:\/\/annette-ahrens.at\/onlineshop\/wp-json\/wp\/v2\/product_brand?post=38147"},{"taxonomy":"product_cat","embeddable":true,"href":"https:\/\/annette-ahrens.at\/onlineshop\/wp-json\/wp\/v2\/product_cat?post=38147"},{"taxonomy":"product_tag","embeddable":true,"href":"https:\/\/annette-ahrens.at\/onlineshop\/wp-json\/wp\/v2\/product_tag?post=38147"}],"curies":[{"name":"wp","href":"https:\/\/api.w.org\/{rel}","templated":true}]}}