{"id":38248,"date":"2025-07-06T07:17:57","date_gmt":"2025-07-06T05:17:57","guid":{"rendered":"https:\/\/annette-ahrens.at\/onlineshop\/?post_type=product&#038;p=38248"},"modified":"2025-07-04T11:16:22","modified_gmt":"2025-07-04T09:16:22","slug":"kleiner-historismus-krug-fa-j-l-lobmeyr-wien-19-jahrhundert","status":"publish","type":"product","link":"https:\/\/annette-ahrens.at\/onlineshop\/produkt\/kleiner-historismus-krug-fa-j-l-lobmeyr-wien-19-jahrhundert\/","title":{"rendered":"Kleiner Historismus Krug, Fa. J. &#038; L. Lobmeyr, Wien, 19. Jahrhundert"},"content":{"rendered":"<p>Kleiner Historismus Krug<\/p>\n<p>Fa. J. &amp; L. Lobmeyr, Wien, 19. Jahrhundert<\/p>\n<p>farbloses, zart mundgeblasenes Musselinglas, gebauchter Gef\u00e4\u00dfk\u00f6rper mit Goldrand, runder, abgesetzter Fuss, kantiger Henkel, in Gold gemarkt ligiertes JL, tadelloser Erhaltungszustand<\/p>\n<p>H 13,8 cm<\/p>\n<p>0,5 l F\u00fcllverm\u00f6gen (von der Tafelkulturistin pers\u00f6nlich \u00fcberpr\u00fcft)<\/p>\n","protected":false},"excerpt":{"rendered":"<p>Annettes Etikette: Sammler von altem Glas oder gar Glasservicen der ber\u00fchmten Firma Lobmeyr in Wien wissen, dass es meistens 12 oder 18 Wein-, Wasser-, Bier-, Sekt-, oder Schnapsgl\u00e4ser gab, aber nur sehr wenige Kr\u00fcge. Gerade heute wird gerne Wasser getrunken, mit oder ohne Zitronenscheibe ist diese handwerklich faszinierende Schleifarbeit Zeugnis dieser Wiener Traditionsfirma. In Anlehnung an den franz\u00f6sischen Seidenstoff, werden dieses zart mundgeblasenen Gl\u00e4ser, Musselinglas genannt.<\/p>\n","protected":false},"featured_media":38251,"comment_status":"open","ping_status":"closed","template":"","meta":[],"product_brand":[],"product_cat":[27,214,32,300,275,213],"product_tag":[],"class_list":{"0":"post-38248","1":"product","2":"type-product","3":"status-publish","4":"has-post-thumbnail","6":"product_cat-barware","7":"product_cat-bier","8":"product_cat-festefeiern","9":"product_cat-gartenfest","10":"product_cat-glas-fachbuecher","11":"product_cat-wein","13":"first","14":"instock","15":"sold-individually","16":"purchasable","17":"product-type-simple"},"yoast_head":"<!-- This site is optimized with the Yoast SEO Premium plugin v15.8.2 - https:\/\/yoast.com\/wordpress\/plugins\/seo\/ -->\n<title>Kleiner Historismus Krug, Fa. J. &amp; L. Lobmeyr, Wien, 19. Jahrhundert<\/title>\n<meta name=\"description\" content=\"Kleiner Historismus Krug, Fa. J. &amp; L. Lobmeyr, Wien, 19. Jahrhundert \u2665 Antiquit\u00e4ten Online kaufen \u2713 Sichere Lieferung \u2713\" \/>\n<meta name=\"robots\" content=\"index, follow, max-snippet:-1, max-image-preview:large, max-video-preview:-1\" \/>\n<link rel=\"canonical\" href=\"https:\/\/annette-ahrens.at\/onlineshop\/produkt\/kleiner-historismus-krug-fa-j-l-lobmeyr-wien-19-jahrhundert\/\" \/>\n<meta property=\"og:locale\" content=\"de_DE\" \/>\n<meta property=\"og:type\" content=\"article\" \/>\n<meta property=\"og:title\" content=\"Kleiner Historismus Krug, Fa. J. &amp; L. Lobmeyr, Wien, 19. Jahrhundert\" \/>\n<meta property=\"og:description\" content=\"Kleiner Historismus Krug, Fa. J. &amp; L. Lobmeyr, Wien, 19. Jahrhundert \u2665 Antiquit\u00e4ten Online kaufen \u2713 Sichere Lieferung \u2713\" \/>\n<meta property=\"og:url\" content=\"https:\/\/annette-ahrens.at\/onlineshop\/produkt\/kleiner-historismus-krug-fa-j-l-lobmeyr-wien-19-jahrhundert\/\" \/>\n<meta property=\"og:site_name\" content=\"Tafelkultur Onlineshop\" \/>\n<meta property=\"article:publisher\" content=\"https:\/\/www.facebook.com\/AnnetteAhrensTafelkultur\" \/>\n<meta property=\"article:modified_time\" content=\"2025-07-04T09:16:22+00:00\" \/>\n<meta property=\"og:image\" content=\"https:\/\/annette-ahrens.at\/onlineshop\/wp-content\/uploads\/2025\/07\/IMG_7711-scaled.jpeg\" \/>\n\t<meta property=\"og:image:width\" content=\"1536\" \/>\n\t<meta property=\"og:image:height\" content=\"2048\" \/>\n<meta name=\"twitter:card\" content=\"summary_large_image\" \/>\n<meta name=\"twitter:label1\" content=\"Gesch\u00e4tzte Lesezeit\">\n\t<meta name=\"twitter:data1\" content=\"1\u00a0Minute\">\n<script type=\"application\/ld+json\" class=\"yoast-schema-graph\">{\"@context\":\"https:\/\/schema.org\",\"@graph\":[{\"@type\":[\"Person\",\"Organization\"],\"@id\":\"https:\/\/annette-ahrens.at\/onlineshop\/#\/schema\/person\/3e19676faae246bba0cb3b7e15f427d8\",\"name\":\"Annette Ahrens\",\"image\":{\"@type\":\"ImageObject\",\"@id\":\"https:\/\/annette-ahrens.at\/onlineshop\/#personlogo\",\"inLanguage\":\"de\",\"url\":\"https:\/\/annette-ahrens.at\/onlineshop\/wp-content\/uploads\/2020\/04\/aa_logo_End.png\",\"width\":800,\"height\":164,\"caption\":\"Annette Ahrens\"},\"logo\":{\"@id\":\"https:\/\/annette-ahrens.at\/onlineshop\/#personlogo\"},\"sameAs\":[\"https:\/\/annette-ahrens.at\",\"https:\/\/www.facebook.com\/AnnetteAhrensTafelkultur\",\"https:\/\/www.instagram.com\/tafelkulturistin\/\",\"https:\/\/de.wikipedia.org\/wiki\/Annette_Ahrens\"]},{\"@type\":\"WebSite\",\"@id\":\"https:\/\/annette-ahrens.at\/onlineshop\/#website\",\"url\":\"https:\/\/annette-ahrens.at\/onlineshop\/\",\"name\":\"Tafelkultur Onlineshop\",\"description\":\"Annette Ahrens\",\"publisher\":{\"@id\":\"https:\/\/annette-ahrens.at\/onlineshop\/#\/schema\/person\/3e19676faae246bba0cb3b7e15f427d8\"},\"potentialAction\":[{\"@type\":\"SearchAction\",\"target\":\"https:\/\/annette-ahrens.at\/onlineshop\/?s={search_term_string}\",\"query-input\":\"required name=search_term_string\"}],\"inLanguage\":\"de\"},{\"@type\":\"ImageObject\",\"@id\":\"https:\/\/annette-ahrens.at\/onlineshop\/produkt\/kleiner-historismus-krug-fa-j-l-lobmeyr-wien-19-jahrhundert\/#primaryimage\",\"inLanguage\":\"de\",\"url\":\"https:\/\/annette-ahrens.at\/onlineshop\/wp-content\/uploads\/2025\/07\/IMG_7711-scaled.jpeg\",\"width\":1536,\"height\":2048,\"caption\":\"krug_lobmeyr\"},{\"@type\":[\"WebPage\",\"ItemPage\"],\"@id\":\"https:\/\/annette-ahrens.at\/onlineshop\/produkt\/kleiner-historismus-krug-fa-j-l-lobmeyr-wien-19-jahrhundert\/#webpage\",\"url\":\"https:\/\/annette-ahrens.at\/onlineshop\/produkt\/kleiner-historismus-krug-fa-j-l-lobmeyr-wien-19-jahrhundert\/\",\"name\":\"Kleiner Historismus Krug, Fa. J. & L. Lobmeyr, Wien, 19. Jahrhundert\",\"isPartOf\":{\"@id\":\"https:\/\/annette-ahrens.at\/onlineshop\/#website\"},\"primaryImageOfPage\":{\"@id\":\"https:\/\/annette-ahrens.at\/onlineshop\/produkt\/kleiner-historismus-krug-fa-j-l-lobmeyr-wien-19-jahrhundert\/#primaryimage\"},\"datePublished\":\"2025-07-06T05:17:57+00:00\",\"dateModified\":\"2025-07-04T09:16:22+00:00\",\"description\":\"Kleiner Historismus Krug, Fa. J. & L. Lobmeyr, Wien, 19. Jahrhundert \\u2665 Antiquit\\u00e4ten Online kaufen \\u2713 Sichere Lieferung \\u2713\",\"breadcrumb\":{\"@id\":\"https:\/\/annette-ahrens.at\/onlineshop\/produkt\/kleiner-historismus-krug-fa-j-l-lobmeyr-wien-19-jahrhundert\/#breadcrumb\"},\"inLanguage\":\"de\",\"potentialAction\":[{\"@type\":\"ReadAction\",\"target\":[\"https:\/\/annette-ahrens.at\/onlineshop\/produkt\/kleiner-historismus-krug-fa-j-l-lobmeyr-wien-19-jahrhundert\/\"]}]},{\"@type\":\"BreadcrumbList\",\"@id\":\"https:\/\/annette-ahrens.at\/onlineshop\/produkt\/kleiner-historismus-krug-fa-j-l-lobmeyr-wien-19-jahrhundert\/#breadcrumb\",\"itemListElement\":[{\"@type\":\"ListItem\",\"position\":1,\"item\":{\"@type\":\"WebPage\",\"@id\":\"https:\/\/annette-ahrens.at\/onlineshop\/\",\"url\":\"https:\/\/annette-ahrens.at\/onlineshop\/\",\"name\":\"Home\"}},{\"@type\":\"ListItem\",\"position\":2,\"item\":{\"@type\":\"WebPage\",\"@id\":\"https:\/\/annette-ahrens.at\/onlineshop\/alle-tafelkultur-objekte\/\",\"url\":\"https:\/\/annette-ahrens.at\/onlineshop\/alle-tafelkultur-objekte\/\",\"name\":\"Alle Tafelkultur Objekte\"}},{\"@type\":\"ListItem\",\"position\":3,\"item\":{\"@type\":\"WebPage\",\"@id\":\"https:\/\/annette-ahrens.at\/onlineshop\/produkt\/kleiner-historismus-krug-fa-j-l-lobmeyr-wien-19-jahrhundert\/\",\"url\":\"https:\/\/annette-ahrens.at\/onlineshop\/produkt\/kleiner-historismus-krug-fa-j-l-lobmeyr-wien-19-jahrhundert\/\",\"name\":\"Kleiner Historismus Krug, Fa. J. &#038; L. Lobmeyr, Wien, 19. Jahrhundert\"}}]}]}<\/script>\n<!-- \/ Yoast SEO Premium plugin. -->","_links":{"self":[{"href":"https:\/\/annette-ahrens.at\/onlineshop\/wp-json\/wp\/v2\/product\/38248","targetHints":{"allow":["GET"]}}],"collection":[{"href":"https:\/\/annette-ahrens.at\/onlineshop\/wp-json\/wp\/v2\/product"}],"about":[{"href":"https:\/\/annette-ahrens.at\/onlineshop\/wp-json\/wp\/v2\/types\/product"}],"replies":[{"embeddable":true,"href":"https:\/\/annette-ahrens.at\/onlineshop\/wp-json\/wp\/v2\/comments?post=38248"}],"wp:featuredmedia":[{"embeddable":true,"href":"https:\/\/annette-ahrens.at\/onlineshop\/wp-json\/wp\/v2\/media\/38251"}],"wp:attachment":[{"href":"https:\/\/annette-ahrens.at\/onlineshop\/wp-json\/wp\/v2\/media?parent=38248"}],"wp:term":[{"taxonomy":"product_brand","embeddable":true,"href":"https:\/\/annette-ahrens.at\/onlineshop\/wp-json\/wp\/v2\/product_brand?post=38248"},{"taxonomy":"product_cat","embeddable":true,"href":"https:\/\/annette-ahrens.at\/onlineshop\/wp-json\/wp\/v2\/product_cat?post=38248"},{"taxonomy":"product_tag","embeddable":true,"href":"https:\/\/annette-ahrens.at\/onlineshop\/wp-json\/wp\/v2\/product_tag?post=38248"}],"curies":[{"name":"wp","href":"https:\/\/api.w.org\/{rel}","templated":true}]}}