{"id":38269,"date":"2025-07-07T12:02:56","date_gmt":"2025-07-07T10:02:56","guid":{"rendered":"https:\/\/annette-ahrens.at\/onlineshop\/?post_type=product&#038;p=38269"},"modified":"2025-07-04T12:27:37","modified_gmt":"2025-07-04T10:27:37","slug":"citrinfarbene-vase-gloria-fa-moser-karlsbad-um-1940","status":"publish","type":"product","link":"https:\/\/annette-ahrens.at\/onlineshop\/produkt\/citrinfarbene-vase-gloria-fa-moser-karlsbad-um-1940\/","title":{"rendered":"Gro\u00dfe Citrinfarbene Vase &#8222;Gloria&#8220;,  Fa. Moser, Karlsbad, um 1940"},"content":{"rendered":"<p>Gro\u00dfe Citrinfarbene Vase &#8222;Gloria&#8220;<\/p>\n<p>Fa. Ludwig Moser, Karlsbad, B\u00f6hmen, um 1940<\/p>\n<p>bleifreies, handgeschliffenes Kristallglas in Citrin, runder Fuss, Kratervase mit Sch\u00e4lschliff, glatter Stand mit ge\u00e4tzter Signatur &#8220; Moser&#8220; im Oval, tadelloser Erhaltungszustand<\/p>\n<p>H\u00f6he 26,5 cm<\/p>\n","protected":false},"excerpt":{"rendered":"<p>Annettes Etikette: Die Firma Moser aus Karlsbad besteht bis heute, eine Reise in die Kurstadt lohnt, nicht nur wegen eines Rundgangs durch die 1857 von Ludwig Moser gegr\u00fcndete Glasmanufaktur und ihr Museum. Diese prachtvoll gro\u00dfe Vase tr\u00e4gt den Namen &#8222;Gloria&#8220;, der austarierte Boden und der perfekte Sch\u00e4lschliff verlangen vom Glasbl\u00e4ser hohes K\u00f6nnen. Die Brillanz der Farbe ist ein Markenzeichen der Firma Moser.<\/p>\n","protected":false},"featured_media":38273,"comment_status":"open","ping_status":"closed","template":"","meta":[],"product_brand":[],"product_cat":[31,294,275,291,131,280],"product_tag":[],"class_list":{"0":"post-38269","1":"product","2":"type-product","3":"status-publish","4":"has-post-thumbnail","6":"product_cat-gastgeschenke","7":"product_cat-geburtstag","8":"product_cat-glas-fachbuecher","9":"product_cat-hochzeit","10":"product_cat-tafeldekorationen","11":"product_cat-vase","13":"first","14":"instock","15":"sold-individually","16":"purchasable","17":"product-type-simple"},"yoast_head":"<!-- This site is optimized with the Yoast SEO Premium plugin v15.8.2 - https:\/\/yoast.com\/wordpress\/plugins\/seo\/ -->\n<title>Gro\u00dfe Citrinfarbene Vase &quot;Gloria&quot;, Fa. Moser, Karlsbad, um 1940<\/title>\n<meta name=\"description\" content=\"Gro\u00dfe Citrinfarbene Vase &quot;Gloria&quot;, Fa. Moser, Karlsbad, um 1940 \u2665 Antiquit\u00e4ten Online kaufen \u2713 Sichere Lieferung \u2713\" \/>\n<meta name=\"robots\" content=\"index, follow, max-snippet:-1, max-image-preview:large, max-video-preview:-1\" \/>\n<link rel=\"canonical\" href=\"https:\/\/annette-ahrens.at\/onlineshop\/produkt\/citrinfarbene-vase-gloria-fa-moser-karlsbad-um-1940\/\" \/>\n<meta property=\"og:locale\" content=\"de_DE\" \/>\n<meta property=\"og:type\" content=\"article\" \/>\n<meta property=\"og:title\" content=\"Gro\u00dfe Citrinfarbene Vase &quot;Gloria&quot;, Fa. Moser, Karlsbad, um 1940\" \/>\n<meta property=\"og:description\" content=\"Gro\u00dfe Citrinfarbene Vase &quot;Gloria&quot;, Fa. Moser, Karlsbad, um 1940 \u2665 Antiquit\u00e4ten Online kaufen \u2713 Sichere Lieferung \u2713\" \/>\n<meta property=\"og:url\" content=\"https:\/\/annette-ahrens.at\/onlineshop\/produkt\/citrinfarbene-vase-gloria-fa-moser-karlsbad-um-1940\/\" \/>\n<meta property=\"og:site_name\" content=\"Tafelkultur Onlineshop\" \/>\n<meta property=\"article:publisher\" content=\"https:\/\/www.facebook.com\/AnnetteAhrensTafelkultur\" \/>\n<meta property=\"article:modified_time\" content=\"2025-07-04T10:27:37+00:00\" \/>\n<meta property=\"og:image\" content=\"https:\/\/annette-ahrens.at\/onlineshop\/wp-content\/uploads\/2025\/07\/IMG_7721-scaled.jpeg\" \/>\n\t<meta property=\"og:image:width\" content=\"1459\" \/>\n\t<meta property=\"og:image:height\" content=\"2048\" \/>\n<meta name=\"twitter:card\" content=\"summary_large_image\" \/>\n<meta name=\"twitter:label1\" content=\"Gesch\u00e4tzte Lesezeit\">\n\t<meta name=\"twitter:data1\" content=\"1\u00a0Minute\">\n<script type=\"application\/ld+json\" class=\"yoast-schema-graph\">{\"@context\":\"https:\/\/schema.org\",\"@graph\":[{\"@type\":[\"Person\",\"Organization\"],\"@id\":\"https:\/\/annette-ahrens.at\/onlineshop\/#\/schema\/person\/3e19676faae246bba0cb3b7e15f427d8\",\"name\":\"Annette Ahrens\",\"image\":{\"@type\":\"ImageObject\",\"@id\":\"https:\/\/annette-ahrens.at\/onlineshop\/#personlogo\",\"inLanguage\":\"de\",\"url\":\"https:\/\/annette-ahrens.at\/onlineshop\/wp-content\/uploads\/2020\/04\/aa_logo_End.png\",\"width\":800,\"height\":164,\"caption\":\"Annette Ahrens\"},\"logo\":{\"@id\":\"https:\/\/annette-ahrens.at\/onlineshop\/#personlogo\"},\"sameAs\":[\"https:\/\/annette-ahrens.at\",\"https:\/\/www.facebook.com\/AnnetteAhrensTafelkultur\",\"https:\/\/www.instagram.com\/tafelkulturistin\/\",\"https:\/\/de.wikipedia.org\/wiki\/Annette_Ahrens\"]},{\"@type\":\"WebSite\",\"@id\":\"https:\/\/annette-ahrens.at\/onlineshop\/#website\",\"url\":\"https:\/\/annette-ahrens.at\/onlineshop\/\",\"name\":\"Tafelkultur Onlineshop\",\"description\":\"Annette Ahrens\",\"publisher\":{\"@id\":\"https:\/\/annette-ahrens.at\/onlineshop\/#\/schema\/person\/3e19676faae246bba0cb3b7e15f427d8\"},\"potentialAction\":[{\"@type\":\"SearchAction\",\"target\":\"https:\/\/annette-ahrens.at\/onlineshop\/?s={search_term_string}\",\"query-input\":\"required name=search_term_string\"}],\"inLanguage\":\"de\"},{\"@type\":\"ImageObject\",\"@id\":\"https:\/\/annette-ahrens.at\/onlineshop\/produkt\/citrinfarbene-vase-gloria-fa-moser-karlsbad-um-1940\/#primaryimage\",\"inLanguage\":\"de\",\"url\":\"https:\/\/annette-ahrens.at\/onlineshop\/wp-content\/uploads\/2025\/07\/IMG_7721-scaled.jpeg\",\"width\":1459,\"height\":2048,\"caption\":\"vase_moser_gloria_citrin\"},{\"@type\":[\"WebPage\",\"ItemPage\"],\"@id\":\"https:\/\/annette-ahrens.at\/onlineshop\/produkt\/citrinfarbene-vase-gloria-fa-moser-karlsbad-um-1940\/#webpage\",\"url\":\"https:\/\/annette-ahrens.at\/onlineshop\/produkt\/citrinfarbene-vase-gloria-fa-moser-karlsbad-um-1940\/\",\"name\":\"Gro\\u00dfe Citrinfarbene Vase \\\"Gloria\\\", Fa. Moser, Karlsbad, um 1940\",\"isPartOf\":{\"@id\":\"https:\/\/annette-ahrens.at\/onlineshop\/#website\"},\"primaryImageOfPage\":{\"@id\":\"https:\/\/annette-ahrens.at\/onlineshop\/produkt\/citrinfarbene-vase-gloria-fa-moser-karlsbad-um-1940\/#primaryimage\"},\"datePublished\":\"2025-07-07T10:02:56+00:00\",\"dateModified\":\"2025-07-04T10:27:37+00:00\",\"description\":\"Gro\\u00dfe Citrinfarbene Vase \\\"Gloria\\\", Fa. Moser, Karlsbad, um 1940 \\u2665 Antiquit\\u00e4ten Online kaufen \\u2713 Sichere Lieferung \\u2713\",\"breadcrumb\":{\"@id\":\"https:\/\/annette-ahrens.at\/onlineshop\/produkt\/citrinfarbene-vase-gloria-fa-moser-karlsbad-um-1940\/#breadcrumb\"},\"inLanguage\":\"de\",\"potentialAction\":[{\"@type\":\"ReadAction\",\"target\":[\"https:\/\/annette-ahrens.at\/onlineshop\/produkt\/citrinfarbene-vase-gloria-fa-moser-karlsbad-um-1940\/\"]}]},{\"@type\":\"BreadcrumbList\",\"@id\":\"https:\/\/annette-ahrens.at\/onlineshop\/produkt\/citrinfarbene-vase-gloria-fa-moser-karlsbad-um-1940\/#breadcrumb\",\"itemListElement\":[{\"@type\":\"ListItem\",\"position\":1,\"item\":{\"@type\":\"WebPage\",\"@id\":\"https:\/\/annette-ahrens.at\/onlineshop\/\",\"url\":\"https:\/\/annette-ahrens.at\/onlineshop\/\",\"name\":\"Home\"}},{\"@type\":\"ListItem\",\"position\":2,\"item\":{\"@type\":\"WebPage\",\"@id\":\"https:\/\/annette-ahrens.at\/onlineshop\/alle-tafelkultur-objekte\/\",\"url\":\"https:\/\/annette-ahrens.at\/onlineshop\/alle-tafelkultur-objekte\/\",\"name\":\"Alle Tafelkultur Objekte\"}},{\"@type\":\"ListItem\",\"position\":3,\"item\":{\"@type\":\"WebPage\",\"@id\":\"https:\/\/annette-ahrens.at\/onlineshop\/produkt\/citrinfarbene-vase-gloria-fa-moser-karlsbad-um-1940\/\",\"url\":\"https:\/\/annette-ahrens.at\/onlineshop\/produkt\/citrinfarbene-vase-gloria-fa-moser-karlsbad-um-1940\/\",\"name\":\"Gro\\u00dfe Citrinfarbene Vase &#8220;Gloria&#8221;, Fa. Moser, Karlsbad, um 1940\"}}]}]}<\/script>\n<!-- \/ Yoast SEO Premium plugin. -->","_links":{"self":[{"href":"https:\/\/annette-ahrens.at\/onlineshop\/wp-json\/wp\/v2\/product\/38269","targetHints":{"allow":["GET"]}}],"collection":[{"href":"https:\/\/annette-ahrens.at\/onlineshop\/wp-json\/wp\/v2\/product"}],"about":[{"href":"https:\/\/annette-ahrens.at\/onlineshop\/wp-json\/wp\/v2\/types\/product"}],"replies":[{"embeddable":true,"href":"https:\/\/annette-ahrens.at\/onlineshop\/wp-json\/wp\/v2\/comments?post=38269"}],"wp:featuredmedia":[{"embeddable":true,"href":"https:\/\/annette-ahrens.at\/onlineshop\/wp-json\/wp\/v2\/media\/38273"}],"wp:attachment":[{"href":"https:\/\/annette-ahrens.at\/onlineshop\/wp-json\/wp\/v2\/media?parent=38269"}],"wp:term":[{"taxonomy":"product_brand","embeddable":true,"href":"https:\/\/annette-ahrens.at\/onlineshop\/wp-json\/wp\/v2\/product_brand?post=38269"},{"taxonomy":"product_cat","embeddable":true,"href":"https:\/\/annette-ahrens.at\/onlineshop\/wp-json\/wp\/v2\/product_cat?post=38269"},{"taxonomy":"product_tag","embeddable":true,"href":"https:\/\/annette-ahrens.at\/onlineshop\/wp-json\/wp\/v2\/product_tag?post=38269"}],"curies":[{"name":"wp","href":"https:\/\/api.w.org\/{rel}","templated":true}]}}