{"id":38286,"date":"2025-07-08T15:52:05","date_gmt":"2025-07-08T13:52:05","guid":{"rendered":"https:\/\/annette-ahrens.at\/onlineshop\/?post_type=product&#038;p=38286"},"modified":"2025-07-04T22:34:00","modified_gmt":"2025-07-04T20:34:00","slug":"versilberter-eierstaender-fuer-4-eierbecher-fa-sandrik-um-1920","status":"publish","type":"product","link":"https:\/\/annette-ahrens.at\/onlineshop\/produkt\/versilberter-eierstaender-fuer-4-eierbecher-fa-sandrik-um-1920\/","title":{"rendered":"Versilberter Eierst\u00e4nder f\u00fcr 4 Eierbecher, Fa. Sandrik, um 1920"},"content":{"rendered":"<p>Versilberter Eierst\u00e4nder f\u00fcr 4 Eierbecher<\/p>\n<p>Fa. Sandrik, B\u00f6hmen, um 1920<\/p>\n<p>Alpacca, versilbert, ovaler St\u00e4nder mit Henkel, am Henkel \u00d6ffnungen f\u00fcr vier Eierl\u00f6ffel, 4 runde Abstellfl\u00e4chen f\u00fcr vier pokalf\u00f6rmige Gef\u00e4\u00dfk\u00f6rper, gemarkt CH im Dreieck, handpolierter, tadelloser Erhaltungszustand<\/p>\n<p>L 21,5 x 15 cm<\/p>\n<p>H 17,5 cm<\/p>\n<p>Eierbecher: H 6,2 cm, Dm 4,4 cm<\/p>\n<p>Glasschale Dm 8,4 cm<\/p>\n","protected":false},"excerpt":{"rendered":"<p>Annettes Etikette: Ein Satz von 6 identen Eierbechern auf einem Presentoir ist bei Tisch ein besonderer Hauptdarsteller, nicht nur zu Ostern sondern f\u00fcr jeden der gerne weich oder hart gekochte Eier verspeist. Die Firma Sandrik z\u00e4hlt neben Christofle und Berndorf zu meinen Favoriten.<\/p>\n","protected":false},"featured_media":38302,"comment_status":"open","ping_status":"closed","template":"","meta":[],"product_brand":[],"product_cat":[142,36,18,51,273],"product_tag":[],"class_list":{"0":"post-38286","1":"product","2":"type-product","3":"status-publish","4":"has-post-thumbnail","6":"product_cat-eier","7":"product_cat-eierbecher","8":"product_cat-fruehstueck","9":"product_cat-ostern","10":"product_cat-silber-fachbuecher","12":"first","13":"instock","14":"sold-individually","15":"purchasable","16":"product-type-simple"},"yoast_head":"<!-- This site is optimized with the Yoast SEO Premium plugin v15.8.2 - https:\/\/yoast.com\/wordpress\/plugins\/seo\/ -->\n<title>Versilberter Eierst\u00e4nder f\u00fcr 4 Eierbecher, Fa. Sandrik, um 1920<\/title>\n<meta name=\"description\" content=\"Versilberter Eierst\u00e4nder f\u00fcr 4 Eierbecher, Fa. Sandrik, um 1920 \u2665 Antiquit\u00e4ten Online kaufen \u2713 Sichere Lieferung \u2713\" \/>\n<meta name=\"robots\" content=\"index, follow, max-snippet:-1, max-image-preview:large, max-video-preview:-1\" \/>\n<link rel=\"canonical\" href=\"https:\/\/annette-ahrens.at\/onlineshop\/produkt\/versilberter-eierstaender-fuer-4-eierbecher-fa-sandrik-um-1920\/\" \/>\n<meta property=\"og:locale\" content=\"de_DE\" \/>\n<meta property=\"og:type\" content=\"article\" \/>\n<meta property=\"og:title\" content=\"Versilberter Eierst\u00e4nder f\u00fcr 4 Eierbecher, Fa. Sandrik, um 1920\" \/>\n<meta property=\"og:description\" content=\"Versilberter Eierst\u00e4nder f\u00fcr 4 Eierbecher, Fa. Sandrik, um 1920 \u2665 Antiquit\u00e4ten Online kaufen \u2713 Sichere Lieferung \u2713\" \/>\n<meta property=\"og:url\" content=\"https:\/\/annette-ahrens.at\/onlineshop\/produkt\/versilberter-eierstaender-fuer-4-eierbecher-fa-sandrik-um-1920\/\" \/>\n<meta property=\"og:site_name\" content=\"Tafelkultur Onlineshop\" \/>\n<meta property=\"article:publisher\" content=\"https:\/\/www.facebook.com\/AnnetteAhrensTafelkultur\" \/>\n<meta property=\"article:modified_time\" content=\"2025-07-04T20:34:00+00:00\" \/>\n<meta property=\"og:image\" content=\"https:\/\/annette-ahrens.at\/onlineshop\/wp-content\/uploads\/2025\/07\/IMG_7753-scaled.jpeg\" \/>\n\t<meta property=\"og:image:width\" content=\"1536\" \/>\n\t<meta property=\"og:image:height\" content=\"2048\" \/>\n<meta name=\"twitter:card\" content=\"summary_large_image\" \/>\n<meta name=\"twitter:label1\" content=\"Gesch\u00e4tzte Lesezeit\">\n\t<meta name=\"twitter:data1\" content=\"1\u00a0Minute\">\n<script type=\"application\/ld+json\" class=\"yoast-schema-graph\">{\"@context\":\"https:\/\/schema.org\",\"@graph\":[{\"@type\":[\"Person\",\"Organization\"],\"@id\":\"https:\/\/annette-ahrens.at\/onlineshop\/#\/schema\/person\/3e19676faae246bba0cb3b7e15f427d8\",\"name\":\"Annette Ahrens\",\"image\":{\"@type\":\"ImageObject\",\"@id\":\"https:\/\/annette-ahrens.at\/onlineshop\/#personlogo\",\"inLanguage\":\"de\",\"url\":\"https:\/\/annette-ahrens.at\/onlineshop\/wp-content\/uploads\/2020\/04\/aa_logo_End.png\",\"width\":800,\"height\":164,\"caption\":\"Annette Ahrens\"},\"logo\":{\"@id\":\"https:\/\/annette-ahrens.at\/onlineshop\/#personlogo\"},\"sameAs\":[\"https:\/\/annette-ahrens.at\",\"https:\/\/www.facebook.com\/AnnetteAhrensTafelkultur\",\"https:\/\/www.instagram.com\/tafelkulturistin\/\",\"https:\/\/de.wikipedia.org\/wiki\/Annette_Ahrens\"]},{\"@type\":\"WebSite\",\"@id\":\"https:\/\/annette-ahrens.at\/onlineshop\/#website\",\"url\":\"https:\/\/annette-ahrens.at\/onlineshop\/\",\"name\":\"Tafelkultur Onlineshop\",\"description\":\"Annette Ahrens\",\"publisher\":{\"@id\":\"https:\/\/annette-ahrens.at\/onlineshop\/#\/schema\/person\/3e19676faae246bba0cb3b7e15f427d8\"},\"potentialAction\":[{\"@type\":\"SearchAction\",\"target\":\"https:\/\/annette-ahrens.at\/onlineshop\/?s={search_term_string}\",\"query-input\":\"required name=search_term_string\"}],\"inLanguage\":\"de\"},{\"@type\":\"ImageObject\",\"@id\":\"https:\/\/annette-ahrens.at\/onlineshop\/produkt\/versilberter-eierstaender-fuer-4-eierbecher-fa-sandrik-um-1920\/#primaryimage\",\"inLanguage\":\"de\",\"url\":\"https:\/\/annette-ahrens.at\/onlineshop\/wp-content\/uploads\/2025\/07\/IMG_7753-scaled.jpeg\",\"width\":1536,\"height\":2048,\"caption\":\"eierbecher_sandrik\"},{\"@type\":[\"WebPage\",\"ItemPage\"],\"@id\":\"https:\/\/annette-ahrens.at\/onlineshop\/produkt\/versilberter-eierstaender-fuer-4-eierbecher-fa-sandrik-um-1920\/#webpage\",\"url\":\"https:\/\/annette-ahrens.at\/onlineshop\/produkt\/versilberter-eierstaender-fuer-4-eierbecher-fa-sandrik-um-1920\/\",\"name\":\"Versilberter Eierst\\u00e4nder f\\u00fcr 4 Eierbecher, Fa. Sandrik, um 1920\",\"isPartOf\":{\"@id\":\"https:\/\/annette-ahrens.at\/onlineshop\/#website\"},\"primaryImageOfPage\":{\"@id\":\"https:\/\/annette-ahrens.at\/onlineshop\/produkt\/versilberter-eierstaender-fuer-4-eierbecher-fa-sandrik-um-1920\/#primaryimage\"},\"datePublished\":\"2025-07-08T13:52:05+00:00\",\"dateModified\":\"2025-07-04T20:34:00+00:00\",\"description\":\"Versilberter Eierst\\u00e4nder f\\u00fcr 4 Eierbecher, Fa. Sandrik, um 1920 \\u2665 Antiquit\\u00e4ten Online kaufen \\u2713 Sichere Lieferung \\u2713\",\"breadcrumb\":{\"@id\":\"https:\/\/annette-ahrens.at\/onlineshop\/produkt\/versilberter-eierstaender-fuer-4-eierbecher-fa-sandrik-um-1920\/#breadcrumb\"},\"inLanguage\":\"de\",\"potentialAction\":[{\"@type\":\"ReadAction\",\"target\":[\"https:\/\/annette-ahrens.at\/onlineshop\/produkt\/versilberter-eierstaender-fuer-4-eierbecher-fa-sandrik-um-1920\/\"]}]},{\"@type\":\"BreadcrumbList\",\"@id\":\"https:\/\/annette-ahrens.at\/onlineshop\/produkt\/versilberter-eierstaender-fuer-4-eierbecher-fa-sandrik-um-1920\/#breadcrumb\",\"itemListElement\":[{\"@type\":\"ListItem\",\"position\":1,\"item\":{\"@type\":\"WebPage\",\"@id\":\"https:\/\/annette-ahrens.at\/onlineshop\/\",\"url\":\"https:\/\/annette-ahrens.at\/onlineshop\/\",\"name\":\"Home\"}},{\"@type\":\"ListItem\",\"position\":2,\"item\":{\"@type\":\"WebPage\",\"@id\":\"https:\/\/annette-ahrens.at\/onlineshop\/alle-tafelkultur-objekte\/\",\"url\":\"https:\/\/annette-ahrens.at\/onlineshop\/alle-tafelkultur-objekte\/\",\"name\":\"Alle Tafelkultur Objekte\"}},{\"@type\":\"ListItem\",\"position\":3,\"item\":{\"@type\":\"WebPage\",\"@id\":\"https:\/\/annette-ahrens.at\/onlineshop\/produkt\/versilberter-eierstaender-fuer-4-eierbecher-fa-sandrik-um-1920\/\",\"url\":\"https:\/\/annette-ahrens.at\/onlineshop\/produkt\/versilberter-eierstaender-fuer-4-eierbecher-fa-sandrik-um-1920\/\",\"name\":\"Versilberter Eierst\\u00e4nder f\\u00fcr 4 Eierbecher, Fa. Sandrik, um 1920\"}}]}]}<\/script>\n<!-- \/ Yoast SEO Premium plugin. -->","_links":{"self":[{"href":"https:\/\/annette-ahrens.at\/onlineshop\/wp-json\/wp\/v2\/product\/38286","targetHints":{"allow":["GET"]}}],"collection":[{"href":"https:\/\/annette-ahrens.at\/onlineshop\/wp-json\/wp\/v2\/product"}],"about":[{"href":"https:\/\/annette-ahrens.at\/onlineshop\/wp-json\/wp\/v2\/types\/product"}],"replies":[{"embeddable":true,"href":"https:\/\/annette-ahrens.at\/onlineshop\/wp-json\/wp\/v2\/comments?post=38286"}],"wp:featuredmedia":[{"embeddable":true,"href":"https:\/\/annette-ahrens.at\/onlineshop\/wp-json\/wp\/v2\/media\/38302"}],"wp:attachment":[{"href":"https:\/\/annette-ahrens.at\/onlineshop\/wp-json\/wp\/v2\/media?parent=38286"}],"wp:term":[{"taxonomy":"product_brand","embeddable":true,"href":"https:\/\/annette-ahrens.at\/onlineshop\/wp-json\/wp\/v2\/product_brand?post=38286"},{"taxonomy":"product_cat","embeddable":true,"href":"https:\/\/annette-ahrens.at\/onlineshop\/wp-json\/wp\/v2\/product_cat?post=38286"},{"taxonomy":"product_tag","embeddable":true,"href":"https:\/\/annette-ahrens.at\/onlineshop\/wp-json\/wp\/v2\/product_tag?post=38286"}],"curies":[{"name":"wp","href":"https:\/\/api.w.org\/{rel}","templated":true}]}}