{"id":38304,"date":"2025-07-08T21:03:09","date_gmt":"2025-07-08T19:03:09","guid":{"rendered":"https:\/\/annette-ahrens.at\/onlineshop\/?post_type=product&#038;p=38304"},"modified":"2025-07-08T21:07:10","modified_gmt":"2025-07-08T19:07:10","slug":"6-midcentury-mokkatassen-windsor-fa-loucky-karlsbad-boehmen-um-1960-10","status":"publish","type":"product","link":"https:\/\/annette-ahrens.at\/onlineshop\/produkt\/6-midcentury-mokkatassen-windsor-fa-loucky-karlsbad-boehmen-um-1960-10\/","title":{"rendered":"6 Midcentury Mokkatassen &#8222;Windsor&#8220;, Fa. Lou\u010dky, Karlsbad, B\u00f6hmen, um 1960"},"content":{"rendered":"<p>6 Midcentury Mokkatassen &#8222;Windsor&#8220; mit Untertassen<\/p>\n<p>Fa. Lou\u010dky, Karlsbad, B\u00f6hmen, um 1960<\/p>\n<p>Porzellan, bunter Fond, bestehend aus sechs Tassen mit Untertassen, gemarkt &#8222;RGK, CZECHOSLOVAKIA&#8220;, tadelloser Erhaltungszustand<\/p>\n<p>Dm 6 cm (Tasse)<\/p>\n<p>H 6 cm<\/p>\n<p>Dm 11 cm (Untertasse)<\/p>\n","protected":false},"excerpt":{"rendered":"<p>Annettes Etikette: Die Fahrt durchs Egerland f\u00fchrt an vielen Porzellanmanufakturen vorbei. Im Ortsteil Lou\u010dky befindet sich die Manufaktur von Rudolf K\u00e4mpf Gr\u00fcnlas, welche 1911 gegr\u00fcndet wurde. Um 1950 konnten namhafte K\u00fcnstler f\u00fcr Entw\u00fcrfe zeittypischer Porzellane gewonnen werden. Bis heute wird die Manufaktur ihrem Namen gerecht: alles wird per Hand angefertigt. Die fl\u00e4chendeckende Innenvergoldung war sicherlich aufwendig.<\/p>\n","protected":false},"featured_media":38308,"comment_status":"open","ping_status":"closed","template":"","meta":[],"product_brand":[],"product_cat":[25,297,18,37,147,54],"product_tag":[],"class_list":{"0":"post-38304","1":"product","2":"type-product","3":"status-publish","4":"has-post-thumbnail","6":"product_cat-5o-clock-tea","7":"product_cat-adventjause","8":"product_cat-fruehstueck","9":"product_cat-kaffee","10":"product_cat-moccatassen","11":"product_cat-porzellan","13":"first","14":"instock","15":"sold-individually","16":"purchasable","17":"product-type-simple"},"yoast_head":"<!-- This site is optimized with the Yoast SEO Premium plugin v15.8.2 - https:\/\/yoast.com\/wordpress\/plugins\/seo\/ -->\n<title>6 Midcentury Mokkatassen &quot;Windsor&quot;, Fa. Lou\u010dky, Karlsbad, B\u00f6hmen, um 1960<\/title>\n<meta name=\"description\" content=\"6 Midcentury Mokkatassen &quot;Windsor&quot;, Fa. Lou\u010dky, Karlsbad, B\u00f6hmen, um 1960 \u2665 Antiquit\u00e4ten Online kaufen \u2713 Sichere Lieferung \u2713\" \/>\n<meta name=\"robots\" content=\"index, follow, max-snippet:-1, max-image-preview:large, max-video-preview:-1\" \/>\n<link rel=\"canonical\" href=\"https:\/\/annette-ahrens.at\/onlineshop\/produkt\/6-midcentury-mokkatassen-windsor-fa-loucky-karlsbad-boehmen-um-1960-10\/\" \/>\n<meta property=\"og:locale\" content=\"de_DE\" \/>\n<meta property=\"og:type\" content=\"article\" \/>\n<meta property=\"og:title\" content=\"6 Midcentury Mokkatassen &quot;Windsor&quot;, Fa. Lou\u010dky, Karlsbad, B\u00f6hmen, um 1960\" \/>\n<meta property=\"og:description\" content=\"6 Midcentury Mokkatassen &quot;Windsor&quot;, Fa. Lou\u010dky, Karlsbad, B\u00f6hmen, um 1960 \u2665 Antiquit\u00e4ten Online kaufen \u2713 Sichere Lieferung \u2713\" \/>\n<meta property=\"og:url\" content=\"https:\/\/annette-ahrens.at\/onlineshop\/produkt\/6-midcentury-mokkatassen-windsor-fa-loucky-karlsbad-boehmen-um-1960-10\/\" \/>\n<meta property=\"og:site_name\" content=\"Tafelkultur Onlineshop\" \/>\n<meta property=\"article:publisher\" content=\"https:\/\/www.facebook.com\/AnnetteAhrensTafelkultur\" \/>\n<meta property=\"article:modified_time\" content=\"2025-07-08T19:07:10+00:00\" \/>\n<meta property=\"og:image\" content=\"https:\/\/annette-ahrens.at\/onlineshop\/wp-content\/uploads\/2025\/07\/IMG_7767-scaled.jpeg\" \/>\n\t<meta property=\"og:image:width\" content=\"2048\" \/>\n\t<meta property=\"og:image:height\" content=\"1894\" \/>\n<meta name=\"twitter:card\" content=\"summary_large_image\" \/>\n<meta name=\"twitter:label1\" content=\"Gesch\u00e4tzte Lesezeit\">\n\t<meta name=\"twitter:data1\" content=\"1\u00a0Minute\">\n<script type=\"application\/ld+json\" class=\"yoast-schema-graph\">{\"@context\":\"https:\/\/schema.org\",\"@graph\":[{\"@type\":[\"Person\",\"Organization\"],\"@id\":\"https:\/\/annette-ahrens.at\/onlineshop\/#\/schema\/person\/3e19676faae246bba0cb3b7e15f427d8\",\"name\":\"Annette Ahrens\",\"image\":{\"@type\":\"ImageObject\",\"@id\":\"https:\/\/annette-ahrens.at\/onlineshop\/#personlogo\",\"inLanguage\":\"de\",\"url\":\"https:\/\/annette-ahrens.at\/onlineshop\/wp-content\/uploads\/2020\/04\/aa_logo_End.png\",\"width\":800,\"height\":164,\"caption\":\"Annette Ahrens\"},\"logo\":{\"@id\":\"https:\/\/annette-ahrens.at\/onlineshop\/#personlogo\"},\"sameAs\":[\"https:\/\/annette-ahrens.at\",\"https:\/\/www.facebook.com\/AnnetteAhrensTafelkultur\",\"https:\/\/www.instagram.com\/tafelkulturistin\/\",\"https:\/\/de.wikipedia.org\/wiki\/Annette_Ahrens\"]},{\"@type\":\"WebSite\",\"@id\":\"https:\/\/annette-ahrens.at\/onlineshop\/#website\",\"url\":\"https:\/\/annette-ahrens.at\/onlineshop\/\",\"name\":\"Tafelkultur Onlineshop\",\"description\":\"Annette Ahrens\",\"publisher\":{\"@id\":\"https:\/\/annette-ahrens.at\/onlineshop\/#\/schema\/person\/3e19676faae246bba0cb3b7e15f427d8\"},\"potentialAction\":[{\"@type\":\"SearchAction\",\"target\":\"https:\/\/annette-ahrens.at\/onlineshop\/?s={search_term_string}\",\"query-input\":\"required name=search_term_string\"}],\"inLanguage\":\"de\"},{\"@type\":\"ImageObject\",\"@id\":\"https:\/\/annette-ahrens.at\/onlineshop\/produkt\/6-midcentury-mokkatassen-windsor-fa-loucky-karlsbad-boehmen-um-1960-10\/#primaryimage\",\"inLanguage\":\"de\",\"url\":\"https:\/\/annette-ahrens.at\/onlineshop\/wp-content\/uploads\/2025\/07\/IMG_7767-scaled.jpeg\",\"width\":2048,\"height\":1894,\"caption\":\"mokkatassen_loucky_windsor\"},{\"@type\":[\"WebPage\",\"ItemPage\"],\"@id\":\"https:\/\/annette-ahrens.at\/onlineshop\/produkt\/6-midcentury-mokkatassen-windsor-fa-loucky-karlsbad-boehmen-um-1960-10\/#webpage\",\"url\":\"https:\/\/annette-ahrens.at\/onlineshop\/produkt\/6-midcentury-mokkatassen-windsor-fa-loucky-karlsbad-boehmen-um-1960-10\/\",\"name\":\"6 Midcentury Mokkatassen \\\"Windsor\\\", Fa. Lou\\u010dky, Karlsbad, B\\u00f6hmen, um 1960\",\"isPartOf\":{\"@id\":\"https:\/\/annette-ahrens.at\/onlineshop\/#website\"},\"primaryImageOfPage\":{\"@id\":\"https:\/\/annette-ahrens.at\/onlineshop\/produkt\/6-midcentury-mokkatassen-windsor-fa-loucky-karlsbad-boehmen-um-1960-10\/#primaryimage\"},\"datePublished\":\"2025-07-08T19:03:09+00:00\",\"dateModified\":\"2025-07-08T19:07:10+00:00\",\"description\":\"6 Midcentury Mokkatassen \\\"Windsor\\\", Fa. Lou\\u010dky, Karlsbad, B\\u00f6hmen, um 1960 \\u2665 Antiquit\\u00e4ten Online kaufen \\u2713 Sichere Lieferung \\u2713\",\"breadcrumb\":{\"@id\":\"https:\/\/annette-ahrens.at\/onlineshop\/produkt\/6-midcentury-mokkatassen-windsor-fa-loucky-karlsbad-boehmen-um-1960-10\/#breadcrumb\"},\"inLanguage\":\"de\",\"potentialAction\":[{\"@type\":\"ReadAction\",\"target\":[\"https:\/\/annette-ahrens.at\/onlineshop\/produkt\/6-midcentury-mokkatassen-windsor-fa-loucky-karlsbad-boehmen-um-1960-10\/\"]}]},{\"@type\":\"BreadcrumbList\",\"@id\":\"https:\/\/annette-ahrens.at\/onlineshop\/produkt\/6-midcentury-mokkatassen-windsor-fa-loucky-karlsbad-boehmen-um-1960-10\/#breadcrumb\",\"itemListElement\":[{\"@type\":\"ListItem\",\"position\":1,\"item\":{\"@type\":\"WebPage\",\"@id\":\"https:\/\/annette-ahrens.at\/onlineshop\/\",\"url\":\"https:\/\/annette-ahrens.at\/onlineshop\/\",\"name\":\"Home\"}},{\"@type\":\"ListItem\",\"position\":2,\"item\":{\"@type\":\"WebPage\",\"@id\":\"https:\/\/annette-ahrens.at\/onlineshop\/alle-tafelkultur-objekte\/\",\"url\":\"https:\/\/annette-ahrens.at\/onlineshop\/alle-tafelkultur-objekte\/\",\"name\":\"Alle Tafelkultur Objekte\"}},{\"@type\":\"ListItem\",\"position\":3,\"item\":{\"@type\":\"WebPage\",\"@id\":\"https:\/\/annette-ahrens.at\/onlineshop\/produkt\/6-midcentury-mokkatassen-windsor-fa-loucky-karlsbad-boehmen-um-1960-10\/\",\"url\":\"https:\/\/annette-ahrens.at\/onlineshop\/produkt\/6-midcentury-mokkatassen-windsor-fa-loucky-karlsbad-boehmen-um-1960-10\/\",\"name\":\"6 Midcentury Mokkatassen &#8220;Windsor&#8221;, Fa. Lou\\u010dky, Karlsbad, B\\u00f6hmen, um 1960\"}}]}]}<\/script>\n<!-- \/ Yoast SEO Premium plugin. -->","_links":{"self":[{"href":"https:\/\/annette-ahrens.at\/onlineshop\/wp-json\/wp\/v2\/product\/38304","targetHints":{"allow":["GET"]}}],"collection":[{"href":"https:\/\/annette-ahrens.at\/onlineshop\/wp-json\/wp\/v2\/product"}],"about":[{"href":"https:\/\/annette-ahrens.at\/onlineshop\/wp-json\/wp\/v2\/types\/product"}],"replies":[{"embeddable":true,"href":"https:\/\/annette-ahrens.at\/onlineshop\/wp-json\/wp\/v2\/comments?post=38304"}],"wp:featuredmedia":[{"embeddable":true,"href":"https:\/\/annette-ahrens.at\/onlineshop\/wp-json\/wp\/v2\/media\/38308"}],"wp:attachment":[{"href":"https:\/\/annette-ahrens.at\/onlineshop\/wp-json\/wp\/v2\/media?parent=38304"}],"wp:term":[{"taxonomy":"product_brand","embeddable":true,"href":"https:\/\/annette-ahrens.at\/onlineshop\/wp-json\/wp\/v2\/product_brand?post=38304"},{"taxonomy":"product_cat","embeddable":true,"href":"https:\/\/annette-ahrens.at\/onlineshop\/wp-json\/wp\/v2\/product_cat?post=38304"},{"taxonomy":"product_tag","embeddable":true,"href":"https:\/\/annette-ahrens.at\/onlineshop\/wp-json\/wp\/v2\/product_tag?post=38304"}],"curies":[{"name":"wp","href":"https:\/\/api.w.org\/{rel}","templated":true}]}}