{"id":38353,"date":"2025-07-10T07:53:33","date_gmt":"2025-07-10T05:53:33","guid":{"rendered":"https:\/\/annette-ahrens.at\/onlineshop\/?post_type=product&#038;p=38353"},"modified":"2025-07-10T00:56:59","modified_gmt":"2025-07-09T22:56:59","slug":"silberner-vorleger-eselsruecken-v-c-dub-wien-um-1900-2","status":"publish","type":"product","link":"https:\/\/annette-ahrens.at\/onlineshop\/produkt\/silberner-vorleger-eselsruecken-v-c-dub-wien-um-1900-2\/","title":{"rendered":"Silberner Vorleger &#8222;Eselsr\u00fccken&#8220;, V.C. Dub, Wien, um 1900"},"content":{"rendered":"<p>Silberner Vorleger &#8222;Eselsr\u00fccken&#8220;<\/p>\n<p>V.C. Dub, Wien, \u00d6sterreich &#8211; Ungarische Monarchie, um 1900<\/p>\n<p>Hohlheft in Eselsr\u00fcckenform aus massiven Silber, Heber mit feiner Laubs\u00e4gearbeit, gemarkt mit Wiener Dianakopfpunze 1872 &#8211; 1922, Meisterzeichen V.C.D. f\u00fcr Vinzenz Carl Dub, Besitzermonogramm, handpolierter Erhaltungszustand<\/p>\n<p>L\u00e4nge 29,5 cm<\/p>\n","protected":false},"excerpt":{"rendered":"<p>Annettes Etikette: Der fein in Laubs\u00e4gearbeit gefertigte Heber zeigt im Unterschied zu anderen kein spezifisches Zierelement. Somit ist nicht klar, ob dieser Vorleger f\u00fcr Fisch und f\u00fcr Torten konzipiert wurde. Das Heft ist in &#8222;Eselsr\u00fcckenfacon&#8220; ausgef\u00fchrt, einer sehr beliebten Besteckform in Wien, heute wird sie meist &#8222;Baguette&#8220; genannt.<\/p>\n","protected":false},"featured_media":38298,"comment_status":"open","ping_status":"closed","template":"","meta":[],"product_brand":[],"product_cat":[30,32,203,309,240,267,265,176,47,273,239,52,53,26],"product_tag":[],"class_list":{"0":"post-38353","1":"product","2":"type-product","3":"status-publish","4":"has-post-thumbnail","6":"product_cat-besteck","7":"product_cat-festefeiern","8":"product_cat-fisch-speisen","9":"product_cat-fisch-weihnachten","10":"product_cat-fischbesteck","11":"product_cat-fischvorleger","12":"product_cat-heber","13":"product_cat-lachs","14":"product_cat-meerestiere","15":"product_cat-silber-fachbuecher","16":"product_cat-spezialbestecke","17":"product_cat-thanksgiving","18":"product_cat-weihnachten","19":"product_cat-wiener-melange","21":"first","22":"instock","23":"sold-individually","24":"purchasable","25":"product-type-simple"},"yoast_head":"<!-- This site is optimized with the Yoast SEO Premium plugin v15.8.2 - https:\/\/yoast.com\/wordpress\/plugins\/seo\/ -->\n<title>Silberner Vorleger &quot;Eselsr\u00fccken&quot;, V.C. Dub, Wien, um 1900<\/title>\n<meta name=\"description\" content=\"Silberner Vorleger &quot;Eselsr\u00fccken&quot;, V.C. Dub, Wien, um 1900 \u2665 Antiquit\u00e4ten Online kaufen \u2713 Sichere Lieferung \u2713\" \/>\n<meta name=\"robots\" content=\"index, follow, max-snippet:-1, max-image-preview:large, max-video-preview:-1\" \/>\n<link rel=\"canonical\" href=\"https:\/\/annette-ahrens.at\/onlineshop\/produkt\/silberner-vorleger-eselsruecken-v-c-dub-wien-um-1900-2\/\" \/>\n<meta property=\"og:locale\" content=\"de_DE\" \/>\n<meta property=\"og:type\" content=\"article\" \/>\n<meta property=\"og:title\" content=\"Silberner Vorleger &quot;Eselsr\u00fccken&quot;, V.C. Dub, Wien, um 1900\" \/>\n<meta property=\"og:description\" content=\"Silberner Vorleger &quot;Eselsr\u00fccken&quot;, V.C. Dub, Wien, um 1900 \u2665 Antiquit\u00e4ten Online kaufen \u2713 Sichere Lieferung \u2713\" \/>\n<meta property=\"og:url\" content=\"https:\/\/annette-ahrens.at\/onlineshop\/produkt\/silberner-vorleger-eselsruecken-v-c-dub-wien-um-1900-2\/\" \/>\n<meta property=\"og:site_name\" content=\"Tafelkultur Onlineshop\" \/>\n<meta property=\"article:publisher\" content=\"https:\/\/www.facebook.com\/AnnetteAhrensTafelkultur\" \/>\n<meta property=\"article:modified_time\" content=\"2025-07-09T22:56:59+00:00\" \/>\n<meta property=\"og:image\" content=\"https:\/\/annette-ahrens.at\/onlineshop\/wp-content\/uploads\/2025\/07\/IMG_7733-scaled.jpeg\" \/>\n\t<meta property=\"og:image:width\" content=\"1536\" \/>\n\t<meta property=\"og:image:height\" content=\"2048\" \/>\n<meta name=\"twitter:card\" content=\"summary_large_image\" \/>\n<meta name=\"twitter:label1\" content=\"Gesch\u00e4tzte Lesezeit\">\n\t<meta name=\"twitter:data1\" content=\"1\u00a0Minute\">\n<script type=\"application\/ld+json\" class=\"yoast-schema-graph\">{\"@context\":\"https:\/\/schema.org\",\"@graph\":[{\"@type\":[\"Person\",\"Organization\"],\"@id\":\"https:\/\/annette-ahrens.at\/onlineshop\/#\/schema\/person\/3e19676faae246bba0cb3b7e15f427d8\",\"name\":\"Annette Ahrens\",\"image\":{\"@type\":\"ImageObject\",\"@id\":\"https:\/\/annette-ahrens.at\/onlineshop\/#personlogo\",\"inLanguage\":\"de\",\"url\":\"https:\/\/annette-ahrens.at\/onlineshop\/wp-content\/uploads\/2020\/04\/aa_logo_End.png\",\"width\":800,\"height\":164,\"caption\":\"Annette Ahrens\"},\"logo\":{\"@id\":\"https:\/\/annette-ahrens.at\/onlineshop\/#personlogo\"},\"sameAs\":[\"https:\/\/annette-ahrens.at\",\"https:\/\/www.facebook.com\/AnnetteAhrensTafelkultur\",\"https:\/\/www.instagram.com\/tafelkulturistin\/\",\"https:\/\/de.wikipedia.org\/wiki\/Annette_Ahrens\"]},{\"@type\":\"WebSite\",\"@id\":\"https:\/\/annette-ahrens.at\/onlineshop\/#website\",\"url\":\"https:\/\/annette-ahrens.at\/onlineshop\/\",\"name\":\"Tafelkultur Onlineshop\",\"description\":\"Annette Ahrens\",\"publisher\":{\"@id\":\"https:\/\/annette-ahrens.at\/onlineshop\/#\/schema\/person\/3e19676faae246bba0cb3b7e15f427d8\"},\"potentialAction\":[{\"@type\":\"SearchAction\",\"target\":\"https:\/\/annette-ahrens.at\/onlineshop\/?s={search_term_string}\",\"query-input\":\"required name=search_term_string\"}],\"inLanguage\":\"de\"},{\"@type\":\"ImageObject\",\"@id\":\"https:\/\/annette-ahrens.at\/onlineshop\/produkt\/silberner-vorleger-eselsruecken-v-c-dub-wien-um-1900-2\/#primaryimage\",\"inLanguage\":\"de\",\"url\":\"https:\/\/annette-ahrens.at\/onlineshop\/wp-content\/uploads\/2025\/07\/IMG_7733-scaled.jpeg\",\"width\":1536,\"height\":2048,\"caption\":\"tortenvorleger_silber_dub\"},{\"@type\":[\"WebPage\",\"ItemPage\"],\"@id\":\"https:\/\/annette-ahrens.at\/onlineshop\/produkt\/silberner-vorleger-eselsruecken-v-c-dub-wien-um-1900-2\/#webpage\",\"url\":\"https:\/\/annette-ahrens.at\/onlineshop\/produkt\/silberner-vorleger-eselsruecken-v-c-dub-wien-um-1900-2\/\",\"name\":\"Silberner Vorleger \\\"Eselsr\\u00fccken\\\", V.C. Dub, Wien, um 1900\",\"isPartOf\":{\"@id\":\"https:\/\/annette-ahrens.at\/onlineshop\/#website\"},\"primaryImageOfPage\":{\"@id\":\"https:\/\/annette-ahrens.at\/onlineshop\/produkt\/silberner-vorleger-eselsruecken-v-c-dub-wien-um-1900-2\/#primaryimage\"},\"datePublished\":\"2025-07-10T05:53:33+00:00\",\"dateModified\":\"2025-07-09T22:56:59+00:00\",\"description\":\"Silberner Vorleger \\\"Eselsr\\u00fccken\\\", V.C. Dub, Wien, um 1900 \\u2665 Antiquit\\u00e4ten Online kaufen \\u2713 Sichere Lieferung \\u2713\",\"breadcrumb\":{\"@id\":\"https:\/\/annette-ahrens.at\/onlineshop\/produkt\/silberner-vorleger-eselsruecken-v-c-dub-wien-um-1900-2\/#breadcrumb\"},\"inLanguage\":\"de\",\"potentialAction\":[{\"@type\":\"ReadAction\",\"target\":[\"https:\/\/annette-ahrens.at\/onlineshop\/produkt\/silberner-vorleger-eselsruecken-v-c-dub-wien-um-1900-2\/\"]}]},{\"@type\":\"BreadcrumbList\",\"@id\":\"https:\/\/annette-ahrens.at\/onlineshop\/produkt\/silberner-vorleger-eselsruecken-v-c-dub-wien-um-1900-2\/#breadcrumb\",\"itemListElement\":[{\"@type\":\"ListItem\",\"position\":1,\"item\":{\"@type\":\"WebPage\",\"@id\":\"https:\/\/annette-ahrens.at\/onlineshop\/\",\"url\":\"https:\/\/annette-ahrens.at\/onlineshop\/\",\"name\":\"Home\"}},{\"@type\":\"ListItem\",\"position\":2,\"item\":{\"@type\":\"WebPage\",\"@id\":\"https:\/\/annette-ahrens.at\/onlineshop\/alle-tafelkultur-objekte\/\",\"url\":\"https:\/\/annette-ahrens.at\/onlineshop\/alle-tafelkultur-objekte\/\",\"name\":\"Alle Tafelkultur Objekte\"}},{\"@type\":\"ListItem\",\"position\":3,\"item\":{\"@type\":\"WebPage\",\"@id\":\"https:\/\/annette-ahrens.at\/onlineshop\/produkt\/silberner-vorleger-eselsruecken-v-c-dub-wien-um-1900-2\/\",\"url\":\"https:\/\/annette-ahrens.at\/onlineshop\/produkt\/silberner-vorleger-eselsruecken-v-c-dub-wien-um-1900-2\/\",\"name\":\"Silberner Vorleger &#8220;Eselsr\\u00fccken&#8221;, V.C. Dub, Wien, um 1900\"}}]}]}<\/script>\n<!-- \/ Yoast SEO Premium plugin. -->","_links":{"self":[{"href":"https:\/\/annette-ahrens.at\/onlineshop\/wp-json\/wp\/v2\/product\/38353","targetHints":{"allow":["GET"]}}],"collection":[{"href":"https:\/\/annette-ahrens.at\/onlineshop\/wp-json\/wp\/v2\/product"}],"about":[{"href":"https:\/\/annette-ahrens.at\/onlineshop\/wp-json\/wp\/v2\/types\/product"}],"replies":[{"embeddable":true,"href":"https:\/\/annette-ahrens.at\/onlineshop\/wp-json\/wp\/v2\/comments?post=38353"}],"wp:featuredmedia":[{"embeddable":true,"href":"https:\/\/annette-ahrens.at\/onlineshop\/wp-json\/wp\/v2\/media\/38298"}],"wp:attachment":[{"href":"https:\/\/annette-ahrens.at\/onlineshop\/wp-json\/wp\/v2\/media?parent=38353"}],"wp:term":[{"taxonomy":"product_brand","embeddable":true,"href":"https:\/\/annette-ahrens.at\/onlineshop\/wp-json\/wp\/v2\/product_brand?post=38353"},{"taxonomy":"product_cat","embeddable":true,"href":"https:\/\/annette-ahrens.at\/onlineshop\/wp-json\/wp\/v2\/product_cat?post=38353"},{"taxonomy":"product_tag","embeddable":true,"href":"https:\/\/annette-ahrens.at\/onlineshop\/wp-json\/wp\/v2\/product_tag?post=38353"}],"curies":[{"name":"wp","href":"https:\/\/api.w.org\/{rel}","templated":true}]}}