{"id":38396,"date":"2025-07-12T06:18:24","date_gmt":"2025-07-12T04:18:24","guid":{"rendered":"https:\/\/annette-ahrens.at\/onlineshop\/?post_type=product&#038;p=38396"},"modified":"2025-08-15T13:09:05","modified_gmt":"2025-08-15T11:09:05","slug":"seltener-versilberter-schnurrbartloeffel-fa-reed-barton-u-s-a-um-1920","status":"publish","type":"product","link":"https:\/\/annette-ahrens.at\/onlineshop\/produkt\/seltener-versilberter-schnurrbartloeffel-fa-reed-barton-u-s-a-um-1920\/","title":{"rendered":"Seltener versilberter Schnurrbartl\u00f6ffel, Fa. Reed &#038; Barton, U.S.A., um 1920"},"content":{"rendered":"<p>Seltener versilberter Schnurrbartl\u00f6ffel<\/p>\n<p>Fa. Reed &amp; Barton, U.S.A., um 1920<\/p>\n<p>Alpacca, versilbert, Laffe mit Abdeckung, um den Schnurrbart zu schonen, r\u00fcckseitig am Stiel gemarkt Reed &amp; Barton, tadelloser Erhaltungszustand<\/p>\n<p>L\u00e4nge 21 cm<\/p>\n","protected":false},"excerpt":{"rendered":"<p>Annettes Etikette: Zu den originellsten St\u00fccken meiner Bestecksammlung z\u00e4hlen sicherlich solche \u201cSchnurrbartl\u00f6ffel\u201d! \u00a0Bei der heutigen Bartmode ist er ein must-have f\u00fcr seinen stilvollen Tr\u00e4ger. Die bart\u00e4hnlich geschwungene Abdeckung an der Laffe verhindert ein Eintauchen des Bartes in die Suppe. Richtiges Schnurren mit meinem Schnurrbartl\u00f6ffel ist gewiss. F\u00fcr das steile Foto danke ich Herrn Peter Brandst\u00e4tter, Graz.<\/p>\n","protected":false},"featured_media":38409,"comment_status":"open","ping_status":"closed","template":"","meta":[],"product_brand":[],"product_cat":[30,294,236,20,273,239,190,26],"product_tag":[],"class_list":{"0":"post-38396","1":"product","2":"type-product","3":"status-publish","4":"has-post-thumbnail","6":"product_cat-besteck","7":"product_cat-geburtstag","8":"product_cat-loeffel","9":"product_cat-lunchtime","10":"product_cat-silber-fachbuecher","11":"product_cat-spezialbestecke","12":"product_cat-suppe","13":"product_cat-wiener-melange","15":"first","16":"instock","17":"sold-individually","18":"purchasable","19":"product-type-simple"},"yoast_head":"<!-- This site is optimized with the Yoast SEO Premium plugin v15.8.2 - https:\/\/yoast.com\/wordpress\/plugins\/seo\/ -->\n<title>Seltener versilberter Schnurrbartl\u00f6ffel, Fa. Reed &amp; Barton, U.S.A., um 1920<\/title>\n<meta name=\"description\" content=\"Seltener versilberter Schnurrbartl\u00f6ffel, Fa. Reed &amp; Barton, U.S.A., um 1920 \u2665 Antiquit\u00e4ten Online kaufen \u2713 Sichere Lieferung \u2713\" \/>\n<meta name=\"robots\" content=\"index, follow, max-snippet:-1, max-image-preview:large, max-video-preview:-1\" \/>\n<link rel=\"canonical\" href=\"https:\/\/annette-ahrens.at\/onlineshop\/produkt\/seltener-versilberter-schnurrbartloeffel-fa-reed-barton-u-s-a-um-1920\/\" \/>\n<meta property=\"og:locale\" content=\"de_DE\" \/>\n<meta property=\"og:type\" content=\"article\" \/>\n<meta property=\"og:title\" content=\"Seltener versilberter Schnurrbartl\u00f6ffel, Fa. Reed &amp; Barton, U.S.A., um 1920\" \/>\n<meta property=\"og:description\" content=\"Seltener versilberter Schnurrbartl\u00f6ffel, Fa. Reed &amp; Barton, U.S.A., um 1920 \u2665 Antiquit\u00e4ten Online kaufen \u2713 Sichere Lieferung \u2713\" \/>\n<meta property=\"og:url\" content=\"https:\/\/annette-ahrens.at\/onlineshop\/produkt\/seltener-versilberter-schnurrbartloeffel-fa-reed-barton-u-s-a-um-1920\/\" \/>\n<meta property=\"og:site_name\" content=\"Tafelkultur Onlineshop\" \/>\n<meta property=\"article:publisher\" content=\"https:\/\/www.facebook.com\/AnnetteAhrensTafelkultur\" \/>\n<meta property=\"article:modified_time\" content=\"2025-08-15T11:09:05+00:00\" \/>\n<meta property=\"og:image\" content=\"https:\/\/annette-ahrens.at\/onlineshop\/wp-content\/uploads\/2025\/07\/IMG_7847-scaled.jpeg\" \/>\n\t<meta property=\"og:image:width\" content=\"2048\" \/>\n\t<meta property=\"og:image:height\" content=\"1992\" \/>\n<meta name=\"twitter:card\" content=\"summary_large_image\" \/>\n<meta name=\"twitter:label1\" content=\"Gesch\u00e4tzte Lesezeit\">\n\t<meta name=\"twitter:data1\" content=\"1\u00a0Minute\">\n<script type=\"application\/ld+json\" class=\"yoast-schema-graph\">{\"@context\":\"https:\/\/schema.org\",\"@graph\":[{\"@type\":[\"Person\",\"Organization\"],\"@id\":\"https:\/\/annette-ahrens.at\/onlineshop\/#\/schema\/person\/3e19676faae246bba0cb3b7e15f427d8\",\"name\":\"Annette Ahrens\",\"image\":{\"@type\":\"ImageObject\",\"@id\":\"https:\/\/annette-ahrens.at\/onlineshop\/#personlogo\",\"inLanguage\":\"de\",\"url\":\"https:\/\/annette-ahrens.at\/onlineshop\/wp-content\/uploads\/2020\/04\/aa_logo_End.png\",\"width\":800,\"height\":164,\"caption\":\"Annette Ahrens\"},\"logo\":{\"@id\":\"https:\/\/annette-ahrens.at\/onlineshop\/#personlogo\"},\"sameAs\":[\"https:\/\/annette-ahrens.at\",\"https:\/\/www.facebook.com\/AnnetteAhrensTafelkultur\",\"https:\/\/www.instagram.com\/tafelkulturistin\/\",\"https:\/\/de.wikipedia.org\/wiki\/Annette_Ahrens\"]},{\"@type\":\"WebSite\",\"@id\":\"https:\/\/annette-ahrens.at\/onlineshop\/#website\",\"url\":\"https:\/\/annette-ahrens.at\/onlineshop\/\",\"name\":\"Tafelkultur Onlineshop\",\"description\":\"Annette Ahrens\",\"publisher\":{\"@id\":\"https:\/\/annette-ahrens.at\/onlineshop\/#\/schema\/person\/3e19676faae246bba0cb3b7e15f427d8\"},\"potentialAction\":[{\"@type\":\"SearchAction\",\"target\":\"https:\/\/annette-ahrens.at\/onlineshop\/?s={search_term_string}\",\"query-input\":\"required name=search_term_string\"}],\"inLanguage\":\"de\"},{\"@type\":\"ImageObject\",\"@id\":\"https:\/\/annette-ahrens.at\/onlineshop\/produkt\/seltener-versilberter-schnurrbartloeffel-fa-reed-barton-u-s-a-um-1920\/#primaryimage\",\"inLanguage\":\"de\",\"url\":\"https:\/\/annette-ahrens.at\/onlineshop\/wp-content\/uploads\/2025\/07\/IMG_7847-scaled.jpeg\",\"width\":2048,\"height\":1992,\"caption\":\"schnurrbartl\\u00f6ffel_reed_barton\"},{\"@type\":[\"WebPage\",\"ItemPage\"],\"@id\":\"https:\/\/annette-ahrens.at\/onlineshop\/produkt\/seltener-versilberter-schnurrbartloeffel-fa-reed-barton-u-s-a-um-1920\/#webpage\",\"url\":\"https:\/\/annette-ahrens.at\/onlineshop\/produkt\/seltener-versilberter-schnurrbartloeffel-fa-reed-barton-u-s-a-um-1920\/\",\"name\":\"Seltener versilberter Schnurrbartl\\u00f6ffel, Fa. Reed & Barton, U.S.A., um 1920\",\"isPartOf\":{\"@id\":\"https:\/\/annette-ahrens.at\/onlineshop\/#website\"},\"primaryImageOfPage\":{\"@id\":\"https:\/\/annette-ahrens.at\/onlineshop\/produkt\/seltener-versilberter-schnurrbartloeffel-fa-reed-barton-u-s-a-um-1920\/#primaryimage\"},\"datePublished\":\"2025-07-12T04:18:24+00:00\",\"dateModified\":\"2025-08-15T11:09:05+00:00\",\"description\":\"Seltener versilberter Schnurrbartl\\u00f6ffel, Fa. Reed & Barton, U.S.A., um 1920 \\u2665 Antiquit\\u00e4ten Online kaufen \\u2713 Sichere Lieferung \\u2713\",\"breadcrumb\":{\"@id\":\"https:\/\/annette-ahrens.at\/onlineshop\/produkt\/seltener-versilberter-schnurrbartloeffel-fa-reed-barton-u-s-a-um-1920\/#breadcrumb\"},\"inLanguage\":\"de\",\"potentialAction\":[{\"@type\":\"ReadAction\",\"target\":[\"https:\/\/annette-ahrens.at\/onlineshop\/produkt\/seltener-versilberter-schnurrbartloeffel-fa-reed-barton-u-s-a-um-1920\/\"]}]},{\"@type\":\"BreadcrumbList\",\"@id\":\"https:\/\/annette-ahrens.at\/onlineshop\/produkt\/seltener-versilberter-schnurrbartloeffel-fa-reed-barton-u-s-a-um-1920\/#breadcrumb\",\"itemListElement\":[{\"@type\":\"ListItem\",\"position\":1,\"item\":{\"@type\":\"WebPage\",\"@id\":\"https:\/\/annette-ahrens.at\/onlineshop\/\",\"url\":\"https:\/\/annette-ahrens.at\/onlineshop\/\",\"name\":\"Home\"}},{\"@type\":\"ListItem\",\"position\":2,\"item\":{\"@type\":\"WebPage\",\"@id\":\"https:\/\/annette-ahrens.at\/onlineshop\/alle-tafelkultur-objekte\/\",\"url\":\"https:\/\/annette-ahrens.at\/onlineshop\/alle-tafelkultur-objekte\/\",\"name\":\"Alle Tafelkultur Objekte\"}},{\"@type\":\"ListItem\",\"position\":3,\"item\":{\"@type\":\"WebPage\",\"@id\":\"https:\/\/annette-ahrens.at\/onlineshop\/produkt\/seltener-versilberter-schnurrbartloeffel-fa-reed-barton-u-s-a-um-1920\/\",\"url\":\"https:\/\/annette-ahrens.at\/onlineshop\/produkt\/seltener-versilberter-schnurrbartloeffel-fa-reed-barton-u-s-a-um-1920\/\",\"name\":\"Seltener versilberter Schnurrbartl\\u00f6ffel, Fa. Reed &#038; Barton, U.S.A., um 1920\"}}]}]}<\/script>\n<!-- \/ Yoast SEO Premium plugin. -->","_links":{"self":[{"href":"https:\/\/annette-ahrens.at\/onlineshop\/wp-json\/wp\/v2\/product\/38396","targetHints":{"allow":["GET"]}}],"collection":[{"href":"https:\/\/annette-ahrens.at\/onlineshop\/wp-json\/wp\/v2\/product"}],"about":[{"href":"https:\/\/annette-ahrens.at\/onlineshop\/wp-json\/wp\/v2\/types\/product"}],"replies":[{"embeddable":true,"href":"https:\/\/annette-ahrens.at\/onlineshop\/wp-json\/wp\/v2\/comments?post=38396"}],"wp:featuredmedia":[{"embeddable":true,"href":"https:\/\/annette-ahrens.at\/onlineshop\/wp-json\/wp\/v2\/media\/38409"}],"wp:attachment":[{"href":"https:\/\/annette-ahrens.at\/onlineshop\/wp-json\/wp\/v2\/media?parent=38396"}],"wp:term":[{"taxonomy":"product_brand","embeddable":true,"href":"https:\/\/annette-ahrens.at\/onlineshop\/wp-json\/wp\/v2\/product_brand?post=38396"},{"taxonomy":"product_cat","embeddable":true,"href":"https:\/\/annette-ahrens.at\/onlineshop\/wp-json\/wp\/v2\/product_cat?post=38396"},{"taxonomy":"product_tag","embeddable":true,"href":"https:\/\/annette-ahrens.at\/onlineshop\/wp-json\/wp\/v2\/product_tag?post=38396"}],"curies":[{"name":"wp","href":"https:\/\/api.w.org\/{rel}","templated":true}]}}