{"id":38451,"date":"2025-07-18T15:42:38","date_gmt":"2025-07-18T13:42:38","guid":{"rendered":"https:\/\/annette-ahrens.at\/onlineshop\/?post_type=product&#038;p=38451"},"modified":"2026-01-12T21:28:33","modified_gmt":"2026-01-12T20:28:33","slug":"grosser-art-deco-champagnerkuehler-fa-hutschenreuter-um-1930","status":"publish","type":"product","link":"https:\/\/annette-ahrens.at\/onlineshop\/produkt\/grosser-art-deco-champagnerkuehler-fa-hutschenreuter-um-1930\/","title":{"rendered":"Gro\u00dfer Art Deco Champagnerk\u00fchler, Fa. Hutschenreuter, um 1930"},"content":{"rendered":"<p>Gro\u00dfer Art Deco Champagnerk\u00fchler<\/p>\n<p>Fa. C.F. Hutschenreuter &amp; Co, Deutschland, um 1930<\/p>\n<p>Alpacca, Hammerschlagdekor, ovaler Grundriss mit zwei seitlichen Handhaben, Holzgriffe, beidseitige Besitzergravur &#8222;Balzer\u00b4s Fests\u00e4le&#8220;, am Boden gemarkt mit ausgeschriebener Firmenmarke Hutschenreuter, altersbedingte Gebrauchsspuren wie Abrieb;<\/p>\n<p>H 28,5 cm<\/p>\n<p>23,5 x 15,5 cm<\/p>\n<p>Breite 36 cm (\u00fcber Henkel)<\/p>\n<p>&nbsp;<\/p>\n","protected":false},"excerpt":{"rendered":"<p>Annettes Etikette: Dieser tolle K\u00fchler d\u00fcrfte aus Wittenberg (Sachsen-Anhalt) und seinen Fests\u00e4len stammen. Das 1883 gegr\u00fcndete <span class=\"einschub\">Vergn\u00fcgungslokal diente bis 1939 zugleich als Theater- und Konzertst\u00e4tte der Stadt. <\/span>Zwischen 1945 und 1990 dienten Balzers Fests\u00e4le den sowjetischen Besatzungstruppen als Kulturhaus. Heute scheint das imposante Geb\u00e4ude Zeuge vergangener Unterhaltungskultur. Ebenso dieses St\u00fcck Tafelkultur dokumentiert neben dem atemberaubenden Art Deco Entwurf das hohe Niveau der Ausstattung.<\/p>\n","protected":false},"featured_media":38459,"comment_status":"open","ping_status":"closed","template":"","meta":[],"product_brand":[],"product_cat":[276,32,296,131],"product_tag":[],"class_list":{"0":"post-38451","1":"product","2":"type-product","3":"status-publish","4":"has-post-thumbnail","6":"product_cat-alpacca","7":"product_cat-festefeiern","8":"product_cat-silvester","9":"product_cat-tafeldekorationen","11":"first","12":"instock","13":"purchasable","14":"product-type-simple"},"yoast_head":"<!-- This site is optimized with the Yoast SEO Premium plugin v15.8.2 - https:\/\/yoast.com\/wordpress\/plugins\/seo\/ -->\n<title>Gro\u00dfer Art Deco Champagnerk\u00fchler, Fa. Hutschenreuter, um 1930<\/title>\n<meta name=\"description\" content=\"Gro\u00dfer Art Deco Champagnerk\u00fchler, Fa. Hutschenreuter, um 1930 \u2665 Antiquit\u00e4ten Online kaufen \u2713 Sichere Lieferung \u2713\" \/>\n<meta name=\"robots\" content=\"index, follow, max-snippet:-1, max-image-preview:large, max-video-preview:-1\" \/>\n<link rel=\"canonical\" href=\"https:\/\/annette-ahrens.at\/onlineshop\/produkt\/grosser-art-deco-champagnerkuehler-fa-hutschenreuter-um-1930\/\" \/>\n<meta property=\"og:locale\" content=\"de_DE\" \/>\n<meta property=\"og:type\" content=\"article\" \/>\n<meta property=\"og:title\" content=\"Gro\u00dfer Art Deco Champagnerk\u00fchler, Fa. Hutschenreuter, um 1930\" \/>\n<meta property=\"og:description\" content=\"Gro\u00dfer Art Deco Champagnerk\u00fchler, Fa. Hutschenreuter, um 1930 \u2665 Antiquit\u00e4ten Online kaufen \u2713 Sichere Lieferung \u2713\" \/>\n<meta property=\"og:url\" content=\"https:\/\/annette-ahrens.at\/onlineshop\/produkt\/grosser-art-deco-champagnerkuehler-fa-hutschenreuter-um-1930\/\" \/>\n<meta property=\"og:site_name\" content=\"Tafelkultur Onlineshop\" \/>\n<meta property=\"article:publisher\" content=\"https:\/\/www.facebook.com\/AnnetteAhrensTafelkultur\" \/>\n<meta property=\"article:modified_time\" content=\"2026-01-12T20:28:33+00:00\" \/>\n<meta property=\"og:image\" content=\"https:\/\/annette-ahrens.at\/onlineshop\/wp-content\/uploads\/2025\/07\/IMG_7876-scaled-e1752862861126.jpeg\" \/>\n\t<meta property=\"og:image:width\" content=\"1460\" \/>\n\t<meta property=\"og:image:height\" content=\"1772\" \/>\n<meta name=\"twitter:card\" content=\"summary_large_image\" \/>\n<meta name=\"twitter:label1\" content=\"Gesch\u00e4tzte Lesezeit\">\n\t<meta name=\"twitter:data1\" content=\"1\u00a0Minute\">\n<script type=\"application\/ld+json\" class=\"yoast-schema-graph\">{\"@context\":\"https:\/\/schema.org\",\"@graph\":[{\"@type\":[\"Person\",\"Organization\"],\"@id\":\"https:\/\/annette-ahrens.at\/onlineshop\/#\/schema\/person\/3e19676faae246bba0cb3b7e15f427d8\",\"name\":\"Annette Ahrens\",\"image\":{\"@type\":\"ImageObject\",\"@id\":\"https:\/\/annette-ahrens.at\/onlineshop\/#personlogo\",\"inLanguage\":\"de\",\"url\":\"https:\/\/annette-ahrens.at\/onlineshop\/wp-content\/uploads\/2020\/04\/aa_logo_End.png\",\"width\":800,\"height\":164,\"caption\":\"Annette Ahrens\"},\"logo\":{\"@id\":\"https:\/\/annette-ahrens.at\/onlineshop\/#personlogo\"},\"sameAs\":[\"https:\/\/annette-ahrens.at\",\"https:\/\/www.facebook.com\/AnnetteAhrensTafelkultur\",\"https:\/\/www.instagram.com\/tafelkulturistin\/\",\"https:\/\/de.wikipedia.org\/wiki\/Annette_Ahrens\"]},{\"@type\":\"WebSite\",\"@id\":\"https:\/\/annette-ahrens.at\/onlineshop\/#website\",\"url\":\"https:\/\/annette-ahrens.at\/onlineshop\/\",\"name\":\"Tafelkultur Onlineshop\",\"description\":\"Annette Ahrens\",\"publisher\":{\"@id\":\"https:\/\/annette-ahrens.at\/onlineshop\/#\/schema\/person\/3e19676faae246bba0cb3b7e15f427d8\"},\"potentialAction\":[{\"@type\":\"SearchAction\",\"target\":\"https:\/\/annette-ahrens.at\/onlineshop\/?s={search_term_string}\",\"query-input\":\"required name=search_term_string\"}],\"inLanguage\":\"de\"},{\"@type\":\"ImageObject\",\"@id\":\"https:\/\/annette-ahrens.at\/onlineshop\/produkt\/grosser-art-deco-champagnerkuehler-fa-hutschenreuter-um-1930\/#primaryimage\",\"inLanguage\":\"de\",\"url\":\"https:\/\/annette-ahrens.at\/onlineshop\/wp-content\/uploads\/2025\/07\/IMG_7876-scaled-e1752862861126.jpeg\",\"width\":1460,\"height\":1772,\"caption\":\"champagnerk\\u00fchler_hutschenreuter\"},{\"@type\":[\"WebPage\",\"ItemPage\"],\"@id\":\"https:\/\/annette-ahrens.at\/onlineshop\/produkt\/grosser-art-deco-champagnerkuehler-fa-hutschenreuter-um-1930\/#webpage\",\"url\":\"https:\/\/annette-ahrens.at\/onlineshop\/produkt\/grosser-art-deco-champagnerkuehler-fa-hutschenreuter-um-1930\/\",\"name\":\"Gro\\u00dfer Art Deco Champagnerk\\u00fchler, Fa. Hutschenreuter, um 1930\",\"isPartOf\":{\"@id\":\"https:\/\/annette-ahrens.at\/onlineshop\/#website\"},\"primaryImageOfPage\":{\"@id\":\"https:\/\/annette-ahrens.at\/onlineshop\/produkt\/grosser-art-deco-champagnerkuehler-fa-hutschenreuter-um-1930\/#primaryimage\"},\"datePublished\":\"2025-07-18T13:42:38+00:00\",\"dateModified\":\"2026-01-12T20:28:33+00:00\",\"description\":\"Gro\\u00dfer Art Deco Champagnerk\\u00fchler, Fa. Hutschenreuter, um 1930 \\u2665 Antiquit\\u00e4ten Online kaufen \\u2713 Sichere Lieferung \\u2713\",\"breadcrumb\":{\"@id\":\"https:\/\/annette-ahrens.at\/onlineshop\/produkt\/grosser-art-deco-champagnerkuehler-fa-hutschenreuter-um-1930\/#breadcrumb\"},\"inLanguage\":\"de\",\"potentialAction\":[{\"@type\":\"ReadAction\",\"target\":[\"https:\/\/annette-ahrens.at\/onlineshop\/produkt\/grosser-art-deco-champagnerkuehler-fa-hutschenreuter-um-1930\/\"]}]},{\"@type\":\"BreadcrumbList\",\"@id\":\"https:\/\/annette-ahrens.at\/onlineshop\/produkt\/grosser-art-deco-champagnerkuehler-fa-hutschenreuter-um-1930\/#breadcrumb\",\"itemListElement\":[{\"@type\":\"ListItem\",\"position\":1,\"item\":{\"@type\":\"WebPage\",\"@id\":\"https:\/\/annette-ahrens.at\/onlineshop\/\",\"url\":\"https:\/\/annette-ahrens.at\/onlineshop\/\",\"name\":\"Home\"}},{\"@type\":\"ListItem\",\"position\":2,\"item\":{\"@type\":\"WebPage\",\"@id\":\"https:\/\/annette-ahrens.at\/onlineshop\/alle-tafelkultur-objekte\/\",\"url\":\"https:\/\/annette-ahrens.at\/onlineshop\/alle-tafelkultur-objekte\/\",\"name\":\"Alle Tafelkultur Objekte\"}},{\"@type\":\"ListItem\",\"position\":3,\"item\":{\"@type\":\"WebPage\",\"@id\":\"https:\/\/annette-ahrens.at\/onlineshop\/produkt\/grosser-art-deco-champagnerkuehler-fa-hutschenreuter-um-1930\/\",\"url\":\"https:\/\/annette-ahrens.at\/onlineshop\/produkt\/grosser-art-deco-champagnerkuehler-fa-hutschenreuter-um-1930\/\",\"name\":\"Gro\\u00dfer Art Deco Champagnerk\\u00fchler, Fa. Hutschenreuter, um 1930\"}}]}]}<\/script>\n<!-- \/ Yoast SEO Premium plugin. -->","_links":{"self":[{"href":"https:\/\/annette-ahrens.at\/onlineshop\/wp-json\/wp\/v2\/product\/38451","targetHints":{"allow":["GET"]}}],"collection":[{"href":"https:\/\/annette-ahrens.at\/onlineshop\/wp-json\/wp\/v2\/product"}],"about":[{"href":"https:\/\/annette-ahrens.at\/onlineshop\/wp-json\/wp\/v2\/types\/product"}],"replies":[{"embeddable":true,"href":"https:\/\/annette-ahrens.at\/onlineshop\/wp-json\/wp\/v2\/comments?post=38451"}],"wp:featuredmedia":[{"embeddable":true,"href":"https:\/\/annette-ahrens.at\/onlineshop\/wp-json\/wp\/v2\/media\/38459"}],"wp:attachment":[{"href":"https:\/\/annette-ahrens.at\/onlineshop\/wp-json\/wp\/v2\/media?parent=38451"}],"wp:term":[{"taxonomy":"product_brand","embeddable":true,"href":"https:\/\/annette-ahrens.at\/onlineshop\/wp-json\/wp\/v2\/product_brand?post=38451"},{"taxonomy":"product_cat","embeddable":true,"href":"https:\/\/annette-ahrens.at\/onlineshop\/wp-json\/wp\/v2\/product_cat?post=38451"},{"taxonomy":"product_tag","embeddable":true,"href":"https:\/\/annette-ahrens.at\/onlineshop\/wp-json\/wp\/v2\/product_tag?post=38451"}],"curies":[{"name":"wp","href":"https:\/\/api.w.org\/{rel}","templated":true}]}}