{"id":38512,"date":"2025-07-20T11:04:34","date_gmt":"2025-07-20T09:04:34","guid":{"rendered":"https:\/\/annette-ahrens.at\/onlineshop\/?post_type=product&#038;p=38512"},"modified":"2025-07-21T18:45:25","modified_gmt":"2025-07-21T16:45:25","slug":"geschliffene-historismus-kaeseglocke-boehmen-19-jahrhundert-2","status":"publish","type":"product","link":"https:\/\/annette-ahrens.at\/onlineshop\/produkt\/geschliffene-historismus-kaeseglocke-boehmen-19-jahrhundert-2\/","title":{"rendered":"Geschliffene Historismus K\u00e4seglocke, B\u00f6hmen, 19. Jahrhundert"},"content":{"rendered":"<p>Geschliffene Historismus K\u00e4seglocke<\/p>\n<p>B\u00f6hmen, 19. Jahrhundert<\/p>\n<p>farbloses Glas, aufwendiger Schliffdekor mit gedrehten Kanneluren, runder Ablageteller mit Cloche, abschraubbarer Knauf aus Silber, korrespondierender Dekor zum Glas, Silber gemarkt mit Wiener Hundekopfpunze, tadelloser Erhaltungszustand<\/p>\n<p><span style=\"font-weight: 400;\">H 17 cm<\/span><\/p>\n<p>Dm 14 cm<\/p>\n<p>&nbsp;<\/p>\n","protected":false},"excerpt":{"rendered":"<p>Geschliffene Historismus K\u00e4seglocke B\u00f6hmen, 19. Jahrhundert farbloses Glas, aufwendiger Schliffdekor mit gedrehten Kanneluren, runder Ablageteller mit Cloche, abschraubbarer Knauf aus Silber, korrespondierender Dekor zum Glas, Silber gemarkt mit Wiener Hundekopfpunze, tadelloser Erhaltungszustand H 17 cm Dm 14 cm &nbsp;<\/p>\n","protected":false},"featured_media":38530,"comment_status":"open","ping_status":"closed","template":"","meta":[],"product_brand":[],"product_cat":[136,298,139,18,300,275,189,24,131],"product_tag":[],"class_list":{"0":"post-38512","1":"product","2":"type-product","3":"status-publish","4":"has-post-thumbnail","6":"product_cat-aufs-brot","7":"product_cat-buffet","8":"product_cat-butter","9":"product_cat-fruehstueck","10":"product_cat-gartenfest","11":"product_cat-glas-fachbuecher","12":"product_cat-kaeseglocke","13":"product_cat-patisserie","14":"product_cat-tafeldekorationen","16":"first","17":"instock","18":"sold-individually","19":"purchasable","20":"product-type-simple"},"yoast_head":"<!-- This site is optimized with the Yoast SEO Premium plugin v15.8.2 - https:\/\/yoast.com\/wordpress\/plugins\/seo\/ -->\n<title>Geschliffene Historismus K\u00e4seglocke, B\u00f6hmen, 19. Jahrhundert<\/title>\n<meta name=\"description\" content=\"Geschliffene Historismus K\u00e4seglocke, B\u00f6hmen, 19. Jahrhundert \u2665 Antiquit\u00e4ten Online kaufen \u2713 Sichere Lieferung \u2713\" \/>\n<meta name=\"robots\" content=\"index, follow, max-snippet:-1, max-image-preview:large, max-video-preview:-1\" \/>\n<link rel=\"canonical\" href=\"https:\/\/annette-ahrens.at\/onlineshop\/produkt\/geschliffene-historismus-kaeseglocke-boehmen-19-jahrhundert-2\/\" \/>\n<meta property=\"og:locale\" content=\"de_DE\" \/>\n<meta property=\"og:type\" content=\"article\" \/>\n<meta property=\"og:title\" content=\"Geschliffene Historismus K\u00e4seglocke, B\u00f6hmen, 19. Jahrhundert\" \/>\n<meta property=\"og:description\" content=\"Geschliffene Historismus K\u00e4seglocke, B\u00f6hmen, 19. Jahrhundert \u2665 Antiquit\u00e4ten Online kaufen \u2713 Sichere Lieferung \u2713\" \/>\n<meta property=\"og:url\" content=\"https:\/\/annette-ahrens.at\/onlineshop\/produkt\/geschliffene-historismus-kaeseglocke-boehmen-19-jahrhundert-2\/\" \/>\n<meta property=\"og:site_name\" content=\"Tafelkultur Onlineshop\" \/>\n<meta property=\"article:publisher\" content=\"https:\/\/www.facebook.com\/AnnetteAhrensTafelkultur\" \/>\n<meta property=\"article:modified_time\" content=\"2025-07-21T16:45:25+00:00\" \/>\n<meta property=\"og:image\" content=\"https:\/\/annette-ahrens.at\/onlineshop\/wp-content\/uploads\/2025\/07\/IMG_7932-scaled.jpeg\" \/>\n\t<meta property=\"og:image:width\" content=\"1887\" \/>\n\t<meta property=\"og:image:height\" content=\"2048\" \/>\n<meta name=\"twitter:card\" content=\"summary_large_image\" \/>\n<meta name=\"twitter:label1\" content=\"Gesch\u00e4tzte Lesezeit\">\n\t<meta name=\"twitter:data1\" content=\"1\u00a0Minute\">\n<script type=\"application\/ld+json\" class=\"yoast-schema-graph\">{\"@context\":\"https:\/\/schema.org\",\"@graph\":[{\"@type\":[\"Person\",\"Organization\"],\"@id\":\"https:\/\/annette-ahrens.at\/onlineshop\/#\/schema\/person\/3e19676faae246bba0cb3b7e15f427d8\",\"name\":\"Annette Ahrens\",\"image\":{\"@type\":\"ImageObject\",\"@id\":\"https:\/\/annette-ahrens.at\/onlineshop\/#personlogo\",\"inLanguage\":\"de\",\"url\":\"https:\/\/annette-ahrens.at\/onlineshop\/wp-content\/uploads\/2020\/04\/aa_logo_End.png\",\"width\":800,\"height\":164,\"caption\":\"Annette Ahrens\"},\"logo\":{\"@id\":\"https:\/\/annette-ahrens.at\/onlineshop\/#personlogo\"},\"sameAs\":[\"https:\/\/annette-ahrens.at\",\"https:\/\/www.facebook.com\/AnnetteAhrensTafelkultur\",\"https:\/\/www.instagram.com\/tafelkulturistin\/\",\"https:\/\/de.wikipedia.org\/wiki\/Annette_Ahrens\"]},{\"@type\":\"WebSite\",\"@id\":\"https:\/\/annette-ahrens.at\/onlineshop\/#website\",\"url\":\"https:\/\/annette-ahrens.at\/onlineshop\/\",\"name\":\"Tafelkultur Onlineshop\",\"description\":\"Annette Ahrens\",\"publisher\":{\"@id\":\"https:\/\/annette-ahrens.at\/onlineshop\/#\/schema\/person\/3e19676faae246bba0cb3b7e15f427d8\"},\"potentialAction\":[{\"@type\":\"SearchAction\",\"target\":\"https:\/\/annette-ahrens.at\/onlineshop\/?s={search_term_string}\",\"query-input\":\"required name=search_term_string\"}],\"inLanguage\":\"de\"},{\"@type\":\"ImageObject\",\"@id\":\"https:\/\/annette-ahrens.at\/onlineshop\/produkt\/geschliffene-historismus-kaeseglocke-boehmen-19-jahrhundert-2\/#primaryimage\",\"inLanguage\":\"de\",\"url\":\"https:\/\/annette-ahrens.at\/onlineshop\/wp-content\/uploads\/2025\/07\/IMG_7932-scaled.jpeg\",\"width\":1887,\"height\":2048,\"caption\":\"k\\u00e4seglocke_silber\"},{\"@type\":[\"WebPage\",\"ItemPage\"],\"@id\":\"https:\/\/annette-ahrens.at\/onlineshop\/produkt\/geschliffene-historismus-kaeseglocke-boehmen-19-jahrhundert-2\/#webpage\",\"url\":\"https:\/\/annette-ahrens.at\/onlineshop\/produkt\/geschliffene-historismus-kaeseglocke-boehmen-19-jahrhundert-2\/\",\"name\":\"Geschliffene Historismus K\\u00e4seglocke, B\\u00f6hmen, 19. Jahrhundert\",\"isPartOf\":{\"@id\":\"https:\/\/annette-ahrens.at\/onlineshop\/#website\"},\"primaryImageOfPage\":{\"@id\":\"https:\/\/annette-ahrens.at\/onlineshop\/produkt\/geschliffene-historismus-kaeseglocke-boehmen-19-jahrhundert-2\/#primaryimage\"},\"datePublished\":\"2025-07-20T09:04:34+00:00\",\"dateModified\":\"2025-07-21T16:45:25+00:00\",\"description\":\"Geschliffene Historismus K\\u00e4seglocke, B\\u00f6hmen, 19. Jahrhundert \\u2665 Antiquit\\u00e4ten Online kaufen \\u2713 Sichere Lieferung \\u2713\",\"breadcrumb\":{\"@id\":\"https:\/\/annette-ahrens.at\/onlineshop\/produkt\/geschliffene-historismus-kaeseglocke-boehmen-19-jahrhundert-2\/#breadcrumb\"},\"inLanguage\":\"de\",\"potentialAction\":[{\"@type\":\"ReadAction\",\"target\":[\"https:\/\/annette-ahrens.at\/onlineshop\/produkt\/geschliffene-historismus-kaeseglocke-boehmen-19-jahrhundert-2\/\"]}]},{\"@type\":\"BreadcrumbList\",\"@id\":\"https:\/\/annette-ahrens.at\/onlineshop\/produkt\/geschliffene-historismus-kaeseglocke-boehmen-19-jahrhundert-2\/#breadcrumb\",\"itemListElement\":[{\"@type\":\"ListItem\",\"position\":1,\"item\":{\"@type\":\"WebPage\",\"@id\":\"https:\/\/annette-ahrens.at\/onlineshop\/\",\"url\":\"https:\/\/annette-ahrens.at\/onlineshop\/\",\"name\":\"Home\"}},{\"@type\":\"ListItem\",\"position\":2,\"item\":{\"@type\":\"WebPage\",\"@id\":\"https:\/\/annette-ahrens.at\/onlineshop\/alle-tafelkultur-objekte\/\",\"url\":\"https:\/\/annette-ahrens.at\/onlineshop\/alle-tafelkultur-objekte\/\",\"name\":\"Alle Tafelkultur Objekte\"}},{\"@type\":\"ListItem\",\"position\":3,\"item\":{\"@type\":\"WebPage\",\"@id\":\"https:\/\/annette-ahrens.at\/onlineshop\/produkt\/geschliffene-historismus-kaeseglocke-boehmen-19-jahrhundert-2\/\",\"url\":\"https:\/\/annette-ahrens.at\/onlineshop\/produkt\/geschliffene-historismus-kaeseglocke-boehmen-19-jahrhundert-2\/\",\"name\":\"Geschliffene Historismus K\\u00e4seglocke, B\\u00f6hmen, 19. Jahrhundert\"}}]}]}<\/script>\n<!-- \/ Yoast SEO Premium plugin. -->","_links":{"self":[{"href":"https:\/\/annette-ahrens.at\/onlineshop\/wp-json\/wp\/v2\/product\/38512","targetHints":{"allow":["GET"]}}],"collection":[{"href":"https:\/\/annette-ahrens.at\/onlineshop\/wp-json\/wp\/v2\/product"}],"about":[{"href":"https:\/\/annette-ahrens.at\/onlineshop\/wp-json\/wp\/v2\/types\/product"}],"replies":[{"embeddable":true,"href":"https:\/\/annette-ahrens.at\/onlineshop\/wp-json\/wp\/v2\/comments?post=38512"}],"wp:featuredmedia":[{"embeddable":true,"href":"https:\/\/annette-ahrens.at\/onlineshop\/wp-json\/wp\/v2\/media\/38530"}],"wp:attachment":[{"href":"https:\/\/annette-ahrens.at\/onlineshop\/wp-json\/wp\/v2\/media?parent=38512"}],"wp:term":[{"taxonomy":"product_brand","embeddable":true,"href":"https:\/\/annette-ahrens.at\/onlineshop\/wp-json\/wp\/v2\/product_brand?post=38512"},{"taxonomy":"product_cat","embeddable":true,"href":"https:\/\/annette-ahrens.at\/onlineshop\/wp-json\/wp\/v2\/product_cat?post=38512"},{"taxonomy":"product_tag","embeddable":true,"href":"https:\/\/annette-ahrens.at\/onlineshop\/wp-json\/wp\/v2\/product_tag?post=38512"}],"curies":[{"name":"wp","href":"https:\/\/api.w.org\/{rel}","templated":true}]}}