{"id":38565,"date":"2025-07-27T06:23:40","date_gmt":"2025-07-27T04:23:40","guid":{"rendered":"https:\/\/annette-ahrens.at\/onlineshop\/?post_type=product&#038;p=38565"},"modified":"2025-07-28T08:37:05","modified_gmt":"2025-07-28T06:37:05","slug":"6-versilberte-espressoloeffel-mood-fa-christofle-paris-20-jahrhundert","status":"publish","type":"product","link":"https:\/\/annette-ahrens.at\/onlineshop\/produkt\/6-versilberte-espressoloeffel-mood-fa-christofle-paris-20-jahrhundert\/","title":{"rendered":"6 versilberte Espressol\u00f6ffel &#8222;Mood&#8220;, Fa. Christofle, Paris, 20. Jahrhundert"},"content":{"rendered":"<p>6 versilberte Espressol\u00f6ffel &#8222;Mood&#8220;<\/p>\n<p>Fa. Christofle, Paris, Frankreich, 20. Jahrhundert<\/p>\n<p>6 L\u00f6ffel aus Alpacca, stark versilbert, Facon &#8222;Mood&#8220;, gemarkt mit der Firmenmarke von Christofle, Paris, Ei aus Edelstahl mit originalem Walnu\u00dfholz-Einsatz, Espressol\u00f6ffel sp\u00fclmaschinenfest, minimale Gebrauchsspuren<\/p>\n<p>L 13 cm<\/p>\n<p>Dm 8,7 cm<\/p>\n<p>Fotocredit: Christofle, Paris<\/p>\n","protected":false},"excerpt":{"rendered":"<p>Annettes Etikette: Ich freu mich besonders, dieses originelle &#8222;Mood&#8220;-Ei von Christofle anbieten zu k\u00f6nnen. Christofle selbst schreibt hierzu: &#8222;Das erfolgreiche &#8222;Mood&#8220; Ei von Christofle hat Zuwachs bekommen. Das kleinere Ei von Christofle ist, genauso wie sein gro\u00dfes Pendant, ein echtes \u00dcberraschungs-Ei. In dem schicken, hochgl\u00e4nzenden Beh\u00e4ltnis aus Edelstahl versteckt sich ein 6-tlg. Espressol\u00f6ffel-Set von Christofle. Die Espressol\u00f6ffel &#8222;Mood&#8220; von Christofle sind versilbert und k\u00f6nnen sicher im Einsatz aus Walnussholz verstaut werden. Jeder Espressol\u00f6ffel ist 1o cm lang. In der mittigen runden \u00d6ffnung finden zum Beispiel kleine Zucker Sachets ihren Platz. In der Mitte des Tisches platziert ist das Design-Ei mit dem hochwertigem Besteckinhalt von Christofle ein echter Hingucker.&#8220;<\/p>\n","protected":false},"featured_media":38566,"comment_status":"open","ping_status":"closed","template":"","meta":[],"product_brand":[],"product_cat":[276,30,249,251,240,247,258,246,236,237,248,252,238],"product_tag":[],"class_list":{"0":"post-38565","1":"product","2":"type-product","3":"status-publish","4":"has-post-thumbnail","6":"product_cat-alpacca","7":"product_cat-besteck","8":"product_cat-bouillonloeffel","9":"product_cat-eisloeffel","10":"product_cat-fischbesteck","11":"product_cat-fleischgabel-gabeln","12":"product_cat-hummergabeln","13":"product_cat-kuchengabeln","14":"product_cat-loeffel","15":"product_cat-messer","16":"product_cat-mokkakloeffel","17":"product_cat-suppenloeffel","18":"product_cat-vorleger","20":"first","21":"instock","22":"sold-individually","23":"purchasable","24":"product-type-simple"},"yoast_head":"<!-- This site is optimized with the Yoast SEO Premium plugin v15.8.2 - https:\/\/yoast.com\/wordpress\/plugins\/seo\/ -->\n<title>6 versilberte Espressol\u00f6ffel &quot;Mood&quot;, Fa. Christofle, Paris, 20. Jahrhundert<\/title>\n<meta name=\"description\" content=\"6 versilberte Espressol\u00f6ffel &quot;Mood&quot;, Fa. Christofle, Paris, 20. Jahrhundert \u2665 Antiquit\u00e4ten Online kaufen \u2713 Sichere Lieferung \u2713\" \/>\n<meta name=\"robots\" content=\"index, follow, max-snippet:-1, max-image-preview:large, max-video-preview:-1\" \/>\n<link rel=\"canonical\" href=\"https:\/\/annette-ahrens.at\/onlineshop\/produkt\/6-versilberte-espressoloeffel-mood-fa-christofle-paris-20-jahrhundert\/\" \/>\n<meta property=\"og:locale\" content=\"de_DE\" \/>\n<meta property=\"og:type\" content=\"article\" \/>\n<meta property=\"og:title\" content=\"6 versilberte Espressol\u00f6ffel &quot;Mood&quot;, Fa. Christofle, Paris, 20. Jahrhundert\" \/>\n<meta property=\"og:description\" content=\"6 versilberte Espressol\u00f6ffel &quot;Mood&quot;, Fa. Christofle, Paris, 20. Jahrhundert \u2665 Antiquit\u00e4ten Online kaufen \u2713 Sichere Lieferung \u2713\" \/>\n<meta property=\"og:url\" content=\"https:\/\/annette-ahrens.at\/onlineshop\/produkt\/6-versilberte-espressoloeffel-mood-fa-christofle-paris-20-jahrhundert\/\" \/>\n<meta property=\"og:site_name\" content=\"Tafelkultur Onlineshop\" \/>\n<meta property=\"article:publisher\" content=\"https:\/\/www.facebook.com\/AnnetteAhrensTafelkultur\" \/>\n<meta property=\"article:modified_time\" content=\"2025-07-28T06:37:05+00:00\" \/>\n<meta property=\"og:image\" content=\"https:\/\/annette-ahrens.at\/onlineshop\/wp-content\/uploads\/2025\/07\/image-4.png\" \/>\n\t<meta property=\"og:image:width\" content=\"1200\" \/>\n\t<meta property=\"og:image:height\" content=\"1200\" \/>\n<meta name=\"twitter:card\" content=\"summary_large_image\" \/>\n<meta name=\"twitter:label1\" content=\"Gesch\u00e4tzte Lesezeit\">\n\t<meta name=\"twitter:data1\" content=\"1\u00a0Minute\">\n<script type=\"application\/ld+json\" class=\"yoast-schema-graph\">{\"@context\":\"https:\/\/schema.org\",\"@graph\":[{\"@type\":[\"Person\",\"Organization\"],\"@id\":\"https:\/\/annette-ahrens.at\/onlineshop\/#\/schema\/person\/3e19676faae246bba0cb3b7e15f427d8\",\"name\":\"Annette Ahrens\",\"image\":{\"@type\":\"ImageObject\",\"@id\":\"https:\/\/annette-ahrens.at\/onlineshop\/#personlogo\",\"inLanguage\":\"de\",\"url\":\"https:\/\/annette-ahrens.at\/onlineshop\/wp-content\/uploads\/2020\/04\/aa_logo_End.png\",\"width\":800,\"height\":164,\"caption\":\"Annette Ahrens\"},\"logo\":{\"@id\":\"https:\/\/annette-ahrens.at\/onlineshop\/#personlogo\"},\"sameAs\":[\"https:\/\/annette-ahrens.at\",\"https:\/\/www.facebook.com\/AnnetteAhrensTafelkultur\",\"https:\/\/www.instagram.com\/tafelkulturistin\/\",\"https:\/\/de.wikipedia.org\/wiki\/Annette_Ahrens\"]},{\"@type\":\"WebSite\",\"@id\":\"https:\/\/annette-ahrens.at\/onlineshop\/#website\",\"url\":\"https:\/\/annette-ahrens.at\/onlineshop\/\",\"name\":\"Tafelkultur Onlineshop\",\"description\":\"Annette Ahrens\",\"publisher\":{\"@id\":\"https:\/\/annette-ahrens.at\/onlineshop\/#\/schema\/person\/3e19676faae246bba0cb3b7e15f427d8\"},\"potentialAction\":[{\"@type\":\"SearchAction\",\"target\":\"https:\/\/annette-ahrens.at\/onlineshop\/?s={search_term_string}\",\"query-input\":\"required name=search_term_string\"}],\"inLanguage\":\"de\"},{\"@type\":\"ImageObject\",\"@id\":\"https:\/\/annette-ahrens.at\/onlineshop\/produkt\/6-versilberte-espressoloeffel-mood-fa-christofle-paris-20-jahrhundert\/#primaryimage\",\"inLanguage\":\"de\",\"url\":\"https:\/\/annette-ahrens.at\/onlineshop\/wp-content\/uploads\/2025\/07\/image-4.png\",\"width\":1200,\"height\":1200},{\"@type\":[\"WebPage\",\"ItemPage\"],\"@id\":\"https:\/\/annette-ahrens.at\/onlineshop\/produkt\/6-versilberte-espressoloeffel-mood-fa-christofle-paris-20-jahrhundert\/#webpage\",\"url\":\"https:\/\/annette-ahrens.at\/onlineshop\/produkt\/6-versilberte-espressoloeffel-mood-fa-christofle-paris-20-jahrhundert\/\",\"name\":\"6 versilberte Espressol\\u00f6ffel \\\"Mood\\\", Fa. Christofle, Paris, 20. Jahrhundert\",\"isPartOf\":{\"@id\":\"https:\/\/annette-ahrens.at\/onlineshop\/#website\"},\"primaryImageOfPage\":{\"@id\":\"https:\/\/annette-ahrens.at\/onlineshop\/produkt\/6-versilberte-espressoloeffel-mood-fa-christofle-paris-20-jahrhundert\/#primaryimage\"},\"datePublished\":\"2025-07-27T04:23:40+00:00\",\"dateModified\":\"2025-07-28T06:37:05+00:00\",\"description\":\"6 versilberte Espressol\\u00f6ffel \\\"Mood\\\", Fa. Christofle, Paris, 20. Jahrhundert \\u2665 Antiquit\\u00e4ten Online kaufen \\u2713 Sichere Lieferung \\u2713\",\"breadcrumb\":{\"@id\":\"https:\/\/annette-ahrens.at\/onlineshop\/produkt\/6-versilberte-espressoloeffel-mood-fa-christofle-paris-20-jahrhundert\/#breadcrumb\"},\"inLanguage\":\"de\",\"potentialAction\":[{\"@type\":\"ReadAction\",\"target\":[\"https:\/\/annette-ahrens.at\/onlineshop\/produkt\/6-versilberte-espressoloeffel-mood-fa-christofle-paris-20-jahrhundert\/\"]}]},{\"@type\":\"BreadcrumbList\",\"@id\":\"https:\/\/annette-ahrens.at\/onlineshop\/produkt\/6-versilberte-espressoloeffel-mood-fa-christofle-paris-20-jahrhundert\/#breadcrumb\",\"itemListElement\":[{\"@type\":\"ListItem\",\"position\":1,\"item\":{\"@type\":\"WebPage\",\"@id\":\"https:\/\/annette-ahrens.at\/onlineshop\/\",\"url\":\"https:\/\/annette-ahrens.at\/onlineshop\/\",\"name\":\"Home\"}},{\"@type\":\"ListItem\",\"position\":2,\"item\":{\"@type\":\"WebPage\",\"@id\":\"https:\/\/annette-ahrens.at\/onlineshop\/alle-tafelkultur-objekte\/\",\"url\":\"https:\/\/annette-ahrens.at\/onlineshop\/alle-tafelkultur-objekte\/\",\"name\":\"Alle Tafelkultur Objekte\"}},{\"@type\":\"ListItem\",\"position\":3,\"item\":{\"@type\":\"WebPage\",\"@id\":\"https:\/\/annette-ahrens.at\/onlineshop\/produkt\/6-versilberte-espressoloeffel-mood-fa-christofle-paris-20-jahrhundert\/\",\"url\":\"https:\/\/annette-ahrens.at\/onlineshop\/produkt\/6-versilberte-espressoloeffel-mood-fa-christofle-paris-20-jahrhundert\/\",\"name\":\"6 versilberte Espressol\\u00f6ffel &#8220;Mood&#8221;, Fa. Christofle, Paris, 20. Jahrhundert\"}}]}]}<\/script>\n<!-- \/ Yoast SEO Premium plugin. -->","_links":{"self":[{"href":"https:\/\/annette-ahrens.at\/onlineshop\/wp-json\/wp\/v2\/product\/38565","targetHints":{"allow":["GET"]}}],"collection":[{"href":"https:\/\/annette-ahrens.at\/onlineshop\/wp-json\/wp\/v2\/product"}],"about":[{"href":"https:\/\/annette-ahrens.at\/onlineshop\/wp-json\/wp\/v2\/types\/product"}],"replies":[{"embeddable":true,"href":"https:\/\/annette-ahrens.at\/onlineshop\/wp-json\/wp\/v2\/comments?post=38565"}],"wp:featuredmedia":[{"embeddable":true,"href":"https:\/\/annette-ahrens.at\/onlineshop\/wp-json\/wp\/v2\/media\/38566"}],"wp:attachment":[{"href":"https:\/\/annette-ahrens.at\/onlineshop\/wp-json\/wp\/v2\/media?parent=38565"}],"wp:term":[{"taxonomy":"product_brand","embeddable":true,"href":"https:\/\/annette-ahrens.at\/onlineshop\/wp-json\/wp\/v2\/product_brand?post=38565"},{"taxonomy":"product_cat","embeddable":true,"href":"https:\/\/annette-ahrens.at\/onlineshop\/wp-json\/wp\/v2\/product_cat?post=38565"},{"taxonomy":"product_tag","embeddable":true,"href":"https:\/\/annette-ahrens.at\/onlineshop\/wp-json\/wp\/v2\/product_tag?post=38565"}],"curies":[{"name":"wp","href":"https:\/\/api.w.org\/{rel}","templated":true}]}}