{"id":38578,"date":"2025-07-26T05:54:05","date_gmt":"2025-07-26T03:54:05","guid":{"rendered":"https:\/\/annette-ahrens.at\/onlineshop\/?post_type=product&#038;p=38578"},"modified":"2025-07-24T00:00:18","modified_gmt":"2025-07-23T22:00:18","slug":"seltener-eierstaender-fuer-pferdeliebhaber-england-um-1900","status":"publish","type":"product","link":"https:\/\/annette-ahrens.at\/onlineshop\/produkt\/seltener-eierstaender-fuer-pferdeliebhaber-england-um-1900\/","title":{"rendered":"Seltener Eierst\u00e4nder f\u00fcr Pferdeliebhaber, England, um 1900"},"content":{"rendered":"<p>Versilberter Eierst\u00e4nder f\u00fcr Pferdeliebhaber &#8222;Equestrian&#8220;<\/p>\n<p>Fa. George Richmond Collis &amp; Co, London, England, um 1900<\/p>\n<p>Alpacca, versilbert, mehrpassiger St\u00e4nder mit Haltestiften f\u00fcr sechs stiefelf\u00f6rmige Eierbecher, Haltekranz mit sechs Eierl\u00f6ffel in Gestalt von Reitgerten, Griff als Steigb\u00fcgel, Salzfass in Gestalt einer Reitkappe, am Boden gemarkt mit englischer Herstellermarke G.R. COLLIS 150 REGENT STREET, altersbedingte, minimale Gebrauchspuren<\/p>\n<p>H 18,5 cm (St\u00e4nder), Dm 20,5 cm<\/p>\n<p>H 6,5 cm<\/p>\n<p>Dm 4,2 cm<\/p>\n","protected":false},"excerpt":{"rendered":"<p>Annettes Etikette: Ein Satz von 6 identen Eierbechern auf einem Pr\u00e9sentoir ist bei Tisch ein besonderer Hauptdarsteller, nicht nur zu Ostern sondern f\u00fcr jeden, der gerne weich oder hart gekochte Eier verspeist. Dieser &#8222;Eggstand&#8220; ist das Originellste, was sich seit langer Zeit gesehen habe. Genau das, was den Reiz von Antiquit\u00e4ten f\u00fcr mich ausmacht. Nicht nur f\u00fcr Pferdeliebhaber. <span class=\"Y2IQFc\" lang=\"de\">Urspr\u00fcnglich in der Church Street in Birmingham ans\u00e4ssig, wurde 1854 eine Filiale in der Regent Street 130 in London er\u00f6ffnet. <\/span><span class=\"Y2IQFc\" lang=\"de\">Diese R\u00e4umlichkeiten wurden 1888 von John Bodman Carrington (Carrington &amp; Co) \u00fcbernommen. Am 31. Dezember 1888 verschwand Collis &amp; Co als eigenst\u00e4ndiges Unternehmen und wurde von S.W. Smith &amp; Co. \u00fcbernommen. <\/span><span class=\"Y2IQFc\" lang=\"de\">Eine Visitenkarte enth\u00e4lt einen ausf\u00fchrlichen Text: \u201e<em>George Richmond Collis &amp; Co., verstorbener Sir Edward Thomason, Birmingham, Hersteller von Artikeln der h\u00f6chsten Kunstklasse aus Gold, Silber, Plattierung, Bronze und Goldmole [sic]. &#8230; N.B. Herr G.R. Colins {sic} ist Konsul f\u00fcr die T\u00fcrkei und Vizekonsul f\u00fcr Frankreich, Russland, Preu\u00dfen, Portugal, Norwegen usw. mit dem Privileg {sic}, Personen, die Frankreich und seine Dominions besuchen, P\u00e4sse auszustellen. Respektablen Fremden {sic} ist die Besichtigung der Ausstellungsr\u00e4ume und der Manufaktur gestattet.\u201c<\/em><\/span><\/p>\n","protected":false},"featured_media":38587,"comment_status":"open","ping_status":"closed","template":"","meta":[],"product_brand":[],"product_cat":[142,36,18,51,273],"product_tag":[],"class_list":{"0":"post-38578","1":"product","2":"type-product","3":"status-publish","4":"has-post-thumbnail","6":"product_cat-eier","7":"product_cat-eierbecher","8":"product_cat-fruehstueck","9":"product_cat-ostern","10":"product_cat-silber-fachbuecher","12":"first","13":"instock","14":"sold-individually","15":"purchasable","16":"product-type-simple"},"yoast_head":"<!-- This site is optimized with the Yoast SEO Premium plugin v15.8.2 - https:\/\/yoast.com\/wordpress\/plugins\/seo\/ -->\n<title>Seltener Eierst\u00e4nder f\u00fcr Pferdeliebhaber, England, um 1900<\/title>\n<meta name=\"description\" content=\"Seltener Eierst\u00e4nder f\u00fcr Pferdeliebhaber, England, um 1900 \u2665 Antiquit\u00e4ten Online kaufen \u2713 Sichere Lieferung \u2713\" \/>\n<meta name=\"robots\" content=\"index, follow, max-snippet:-1, max-image-preview:large, max-video-preview:-1\" \/>\n<link rel=\"canonical\" href=\"https:\/\/annette-ahrens.at\/onlineshop\/produkt\/seltener-eierstaender-fuer-pferdeliebhaber-england-um-1900\/\" \/>\n<meta property=\"og:locale\" content=\"de_DE\" \/>\n<meta property=\"og:type\" content=\"article\" \/>\n<meta property=\"og:title\" content=\"Seltener Eierst\u00e4nder f\u00fcr Pferdeliebhaber, England, um 1900\" \/>\n<meta property=\"og:description\" content=\"Seltener Eierst\u00e4nder f\u00fcr Pferdeliebhaber, England, um 1900 \u2665 Antiquit\u00e4ten Online kaufen \u2713 Sichere Lieferung \u2713\" \/>\n<meta property=\"og:url\" content=\"https:\/\/annette-ahrens.at\/onlineshop\/produkt\/seltener-eierstaender-fuer-pferdeliebhaber-england-um-1900\/\" \/>\n<meta property=\"og:site_name\" content=\"Tafelkultur Onlineshop\" \/>\n<meta property=\"article:publisher\" content=\"https:\/\/www.facebook.com\/AnnetteAhrensTafelkultur\" \/>\n<meta property=\"article:modified_time\" content=\"2025-07-23T22:00:18+00:00\" \/>\n<meta property=\"og:image\" content=\"https:\/\/annette-ahrens.at\/onlineshop\/wp-content\/uploads\/2025\/07\/IMG_7985-scaled.jpeg\" \/>\n\t<meta property=\"og:image:width\" content=\"2048\" \/>\n\t<meta property=\"og:image:height\" content=\"1926\" \/>\n<meta name=\"twitter:card\" content=\"summary_large_image\" \/>\n<meta name=\"twitter:label1\" content=\"Gesch\u00e4tzte Lesezeit\">\n\t<meta name=\"twitter:data1\" content=\"1\u00a0Minute\">\n<script type=\"application\/ld+json\" class=\"yoast-schema-graph\">{\"@context\":\"https:\/\/schema.org\",\"@graph\":[{\"@type\":[\"Person\",\"Organization\"],\"@id\":\"https:\/\/annette-ahrens.at\/onlineshop\/#\/schema\/person\/3e19676faae246bba0cb3b7e15f427d8\",\"name\":\"Annette Ahrens\",\"image\":{\"@type\":\"ImageObject\",\"@id\":\"https:\/\/annette-ahrens.at\/onlineshop\/#personlogo\",\"inLanguage\":\"de\",\"url\":\"https:\/\/annette-ahrens.at\/onlineshop\/wp-content\/uploads\/2020\/04\/aa_logo_End.png\",\"width\":800,\"height\":164,\"caption\":\"Annette Ahrens\"},\"logo\":{\"@id\":\"https:\/\/annette-ahrens.at\/onlineshop\/#personlogo\"},\"sameAs\":[\"https:\/\/annette-ahrens.at\",\"https:\/\/www.facebook.com\/AnnetteAhrensTafelkultur\",\"https:\/\/www.instagram.com\/tafelkulturistin\/\",\"https:\/\/de.wikipedia.org\/wiki\/Annette_Ahrens\"]},{\"@type\":\"WebSite\",\"@id\":\"https:\/\/annette-ahrens.at\/onlineshop\/#website\",\"url\":\"https:\/\/annette-ahrens.at\/onlineshop\/\",\"name\":\"Tafelkultur Onlineshop\",\"description\":\"Annette Ahrens\",\"publisher\":{\"@id\":\"https:\/\/annette-ahrens.at\/onlineshop\/#\/schema\/person\/3e19676faae246bba0cb3b7e15f427d8\"},\"potentialAction\":[{\"@type\":\"SearchAction\",\"target\":\"https:\/\/annette-ahrens.at\/onlineshop\/?s={search_term_string}\",\"query-input\":\"required name=search_term_string\"}],\"inLanguage\":\"de\"},{\"@type\":\"ImageObject\",\"@id\":\"https:\/\/annette-ahrens.at\/onlineshop\/produkt\/seltener-eierstaender-fuer-pferdeliebhaber-england-um-1900\/#primaryimage\",\"inLanguage\":\"de\",\"url\":\"https:\/\/annette-ahrens.at\/onlineshop\/wp-content\/uploads\/2025\/07\/IMG_7985-scaled.jpeg\",\"width\":2048,\"height\":1926},{\"@type\":[\"WebPage\",\"ItemPage\"],\"@id\":\"https:\/\/annette-ahrens.at\/onlineshop\/produkt\/seltener-eierstaender-fuer-pferdeliebhaber-england-um-1900\/#webpage\",\"url\":\"https:\/\/annette-ahrens.at\/onlineshop\/produkt\/seltener-eierstaender-fuer-pferdeliebhaber-england-um-1900\/\",\"name\":\"Seltener Eierst\\u00e4nder f\\u00fcr Pferdeliebhaber, England, um 1900\",\"isPartOf\":{\"@id\":\"https:\/\/annette-ahrens.at\/onlineshop\/#website\"},\"primaryImageOfPage\":{\"@id\":\"https:\/\/annette-ahrens.at\/onlineshop\/produkt\/seltener-eierstaender-fuer-pferdeliebhaber-england-um-1900\/#primaryimage\"},\"datePublished\":\"2025-07-26T03:54:05+00:00\",\"dateModified\":\"2025-07-23T22:00:18+00:00\",\"description\":\"Seltener Eierst\\u00e4nder f\\u00fcr Pferdeliebhaber, England, um 1900 \\u2665 Antiquit\\u00e4ten Online kaufen \\u2713 Sichere Lieferung \\u2713\",\"breadcrumb\":{\"@id\":\"https:\/\/annette-ahrens.at\/onlineshop\/produkt\/seltener-eierstaender-fuer-pferdeliebhaber-england-um-1900\/#breadcrumb\"},\"inLanguage\":\"de\",\"potentialAction\":[{\"@type\":\"ReadAction\",\"target\":[\"https:\/\/annette-ahrens.at\/onlineshop\/produkt\/seltener-eierstaender-fuer-pferdeliebhaber-england-um-1900\/\"]}]},{\"@type\":\"BreadcrumbList\",\"@id\":\"https:\/\/annette-ahrens.at\/onlineshop\/produkt\/seltener-eierstaender-fuer-pferdeliebhaber-england-um-1900\/#breadcrumb\",\"itemListElement\":[{\"@type\":\"ListItem\",\"position\":1,\"item\":{\"@type\":\"WebPage\",\"@id\":\"https:\/\/annette-ahrens.at\/onlineshop\/\",\"url\":\"https:\/\/annette-ahrens.at\/onlineshop\/\",\"name\":\"Home\"}},{\"@type\":\"ListItem\",\"position\":2,\"item\":{\"@type\":\"WebPage\",\"@id\":\"https:\/\/annette-ahrens.at\/onlineshop\/alle-tafelkultur-objekte\/\",\"url\":\"https:\/\/annette-ahrens.at\/onlineshop\/alle-tafelkultur-objekte\/\",\"name\":\"Alle Tafelkultur Objekte\"}},{\"@type\":\"ListItem\",\"position\":3,\"item\":{\"@type\":\"WebPage\",\"@id\":\"https:\/\/annette-ahrens.at\/onlineshop\/produkt\/seltener-eierstaender-fuer-pferdeliebhaber-england-um-1900\/\",\"url\":\"https:\/\/annette-ahrens.at\/onlineshop\/produkt\/seltener-eierstaender-fuer-pferdeliebhaber-england-um-1900\/\",\"name\":\"Seltener Eierst\\u00e4nder f\\u00fcr Pferdeliebhaber, England, um 1900\"}}]}]}<\/script>\n<!-- \/ Yoast SEO Premium plugin. -->","_links":{"self":[{"href":"https:\/\/annette-ahrens.at\/onlineshop\/wp-json\/wp\/v2\/product\/38578","targetHints":{"allow":["GET"]}}],"collection":[{"href":"https:\/\/annette-ahrens.at\/onlineshop\/wp-json\/wp\/v2\/product"}],"about":[{"href":"https:\/\/annette-ahrens.at\/onlineshop\/wp-json\/wp\/v2\/types\/product"}],"replies":[{"embeddable":true,"href":"https:\/\/annette-ahrens.at\/onlineshop\/wp-json\/wp\/v2\/comments?post=38578"}],"wp:featuredmedia":[{"embeddable":true,"href":"https:\/\/annette-ahrens.at\/onlineshop\/wp-json\/wp\/v2\/media\/38587"}],"wp:attachment":[{"href":"https:\/\/annette-ahrens.at\/onlineshop\/wp-json\/wp\/v2\/media?parent=38578"}],"wp:term":[{"taxonomy":"product_brand","embeddable":true,"href":"https:\/\/annette-ahrens.at\/onlineshop\/wp-json\/wp\/v2\/product_brand?post=38578"},{"taxonomy":"product_cat","embeddable":true,"href":"https:\/\/annette-ahrens.at\/onlineshop\/wp-json\/wp\/v2\/product_cat?post=38578"},{"taxonomy":"product_tag","embeddable":true,"href":"https:\/\/annette-ahrens.at\/onlineshop\/wp-json\/wp\/v2\/product_tag?post=38578"}],"curies":[{"name":"wp","href":"https:\/\/api.w.org\/{rel}","templated":true}]}}