{"id":38840,"date":"2025-08-06T06:20:51","date_gmt":"2025-08-06T04:20:51","guid":{"rendered":"https:\/\/annette-ahrens.at\/onlineshop\/?post_type=product&#038;p=38840"},"modified":"2025-08-09T18:26:01","modified_gmt":"2025-08-09T16:26:01","slug":"biedermeier-gitterkorb-auf-presentoir-porzellanmanufaktur-fischer-mieg-boehmen-um-1830","status":"publish","type":"product","link":"https:\/\/annette-ahrens.at\/onlineshop\/produkt\/biedermeier-gitterkorb-auf-presentoir-porzellanmanufaktur-fischer-mieg-boehmen-um-1830\/","title":{"rendered":"Biedermeier Gitterkorb auf Pr\u00e9sentoir, Porzellanmanufaktur Fischer &#038; Mieg, B\u00f6hmen, um 1830"},"content":{"rendered":"<p>Biedermeier Gitterkorb auf Pr\u00e9sentoir<\/p>\n<p>Porzellanmanufaktur Fischer &amp; Mieg, B\u00f6hmen, um 1830<\/p>\n<p>Porzellan, glasiert, rundes Pr\u00e9sentoir und Korb mit aufwendiger Durchbruchsarbeit, Bemalung mit Gold, Unterteller gemarkt mit eingepresster Marke F &amp; M, tadelloser Erhaltungszustand mit altersbedingtem Abrieb<\/p>\n<p>H 14 cm<\/p>\n<p>Dm 22 cm<\/p>\n<p>Dm 26,5 cm (Unterteller)<\/p>\n","protected":false},"excerpt":{"rendered":"<p>Annettes Etikette: Im erhaltenen Preiskurrent der Wiener Porzellanmanufaktur von 1827 &#8211; 1829 sind diese Tafelaufs\u00e4tze f\u00fcr Brot, Obst oder Konfekte vorgesehen. Auch die b\u00f6hmischen Manufakturen wussten die Wiener Vorlage in identer Manier nachzuarbeiten. Der Korb ist fein durchbrochen gearbeitet, eine wahre Meisterleistung f\u00fcr jeden Bossierer. Der zugeh\u00f6riger Unterteller dient als Pr\u00e9sentoir, denn dieser hat einen korrespondierenden Dekor.<\/p>\n","protected":false},"featured_media":38863,"comment_status":"open","ping_status":"closed","template":"","meta":[],"product_brand":[],"product_cat":[298,160,21,54,279,281,131,26],"product_tag":[],"class_list":{"0":"post-38840","1":"product","2":"type-product","3":"status-publish","4":"has-post-thumbnail","6":"product_cat-buffet","7":"product_cat-obst","8":"product_cat-obst-gemuese","9":"product_cat-porzellan","10":"product_cat-schale","11":"product_cat-tafelaufsatz","12":"product_cat-tafeldekorationen","13":"product_cat-wiener-melange","15":"first","16":"instock","17":"sold-individually","18":"purchasable","19":"product-type-simple"},"yoast_head":"<!-- This site is optimized with the Yoast SEO Premium plugin v15.8.2 - https:\/\/yoast.com\/wordpress\/plugins\/seo\/ -->\n<title>Biedermeier Gitterkorb auf Pr\u00e9sentoir, Porzellanmanufaktur Fischer &amp; Mieg, B\u00f6hmen, um 1830<\/title>\n<meta name=\"description\" content=\"Biedermeier Gitterkorb auf Pr\u00e9sentoir, Porzellanmanufaktur Fischer &amp; Mieg, B\u00f6hmen, um 1830 \u2665 Antiquit\u00e4ten Online kaufen \u2713 Sichere Lieferung \u2713\" \/>\n<meta name=\"robots\" content=\"index, follow, max-snippet:-1, max-image-preview:large, max-video-preview:-1\" \/>\n<link rel=\"canonical\" href=\"https:\/\/annette-ahrens.at\/onlineshop\/produkt\/biedermeier-gitterkorb-auf-presentoir-porzellanmanufaktur-fischer-mieg-boehmen-um-1830\/\" \/>\n<meta property=\"og:locale\" content=\"de_DE\" \/>\n<meta property=\"og:type\" content=\"article\" \/>\n<meta property=\"og:title\" content=\"Biedermeier Gitterkorb auf Pr\u00e9sentoir, Porzellanmanufaktur Fischer &amp; Mieg, B\u00f6hmen, um 1830\" \/>\n<meta property=\"og:description\" content=\"Biedermeier Gitterkorb auf Pr\u00e9sentoir, Porzellanmanufaktur Fischer &amp; Mieg, B\u00f6hmen, um 1830 \u2665 Antiquit\u00e4ten Online kaufen \u2713 Sichere Lieferung \u2713\" \/>\n<meta property=\"og:url\" content=\"https:\/\/annette-ahrens.at\/onlineshop\/produkt\/biedermeier-gitterkorb-auf-presentoir-porzellanmanufaktur-fischer-mieg-boehmen-um-1830\/\" \/>\n<meta property=\"og:site_name\" content=\"Tafelkultur Onlineshop\" \/>\n<meta property=\"article:publisher\" content=\"https:\/\/www.facebook.com\/AnnetteAhrensTafelkultur\" \/>\n<meta property=\"article:modified_time\" content=\"2025-08-09T16:26:01+00:00\" \/>\n<meta property=\"og:image\" content=\"https:\/\/annette-ahrens.at\/onlineshop\/wp-content\/uploads\/2025\/08\/IMG_8254-scaled-e1754756739645.jpeg\" \/>\n\t<meta property=\"og:image:width\" content=\"1425\" \/>\n\t<meta property=\"og:image:height\" content=\"1428\" \/>\n<meta name=\"twitter:card\" content=\"summary_large_image\" \/>\n<meta name=\"twitter:label1\" content=\"Gesch\u00e4tzte Lesezeit\">\n\t<meta name=\"twitter:data1\" content=\"1\u00a0Minute\">\n<script type=\"application\/ld+json\" class=\"yoast-schema-graph\">{\"@context\":\"https:\/\/schema.org\",\"@graph\":[{\"@type\":[\"Person\",\"Organization\"],\"@id\":\"https:\/\/annette-ahrens.at\/onlineshop\/#\/schema\/person\/3e19676faae246bba0cb3b7e15f427d8\",\"name\":\"Annette Ahrens\",\"image\":{\"@type\":\"ImageObject\",\"@id\":\"https:\/\/annette-ahrens.at\/onlineshop\/#personlogo\",\"inLanguage\":\"de\",\"url\":\"https:\/\/annette-ahrens.at\/onlineshop\/wp-content\/uploads\/2020\/04\/aa_logo_End.png\",\"width\":800,\"height\":164,\"caption\":\"Annette Ahrens\"},\"logo\":{\"@id\":\"https:\/\/annette-ahrens.at\/onlineshop\/#personlogo\"},\"sameAs\":[\"https:\/\/annette-ahrens.at\",\"https:\/\/www.facebook.com\/AnnetteAhrensTafelkultur\",\"https:\/\/www.instagram.com\/tafelkulturistin\/\",\"https:\/\/de.wikipedia.org\/wiki\/Annette_Ahrens\"]},{\"@type\":\"WebSite\",\"@id\":\"https:\/\/annette-ahrens.at\/onlineshop\/#website\",\"url\":\"https:\/\/annette-ahrens.at\/onlineshop\/\",\"name\":\"Tafelkultur Onlineshop\",\"description\":\"Annette Ahrens\",\"publisher\":{\"@id\":\"https:\/\/annette-ahrens.at\/onlineshop\/#\/schema\/person\/3e19676faae246bba0cb3b7e15f427d8\"},\"potentialAction\":[{\"@type\":\"SearchAction\",\"target\":\"https:\/\/annette-ahrens.at\/onlineshop\/?s={search_term_string}\",\"query-input\":\"required name=search_term_string\"}],\"inLanguage\":\"de\"},{\"@type\":\"ImageObject\",\"@id\":\"https:\/\/annette-ahrens.at\/onlineshop\/produkt\/biedermeier-gitterkorb-auf-presentoir-porzellanmanufaktur-fischer-mieg-boehmen-um-1830\/#primaryimage\",\"inLanguage\":\"de\",\"url\":\"https:\/\/annette-ahrens.at\/onlineshop\/wp-content\/uploads\/2025\/08\/IMG_8254-scaled-e1754756739645.jpeg\",\"width\":1425,\"height\":1428,\"caption\":\"gitterkorb_fischer_mieg\"},{\"@type\":[\"WebPage\",\"ItemPage\"],\"@id\":\"https:\/\/annette-ahrens.at\/onlineshop\/produkt\/biedermeier-gitterkorb-auf-presentoir-porzellanmanufaktur-fischer-mieg-boehmen-um-1830\/#webpage\",\"url\":\"https:\/\/annette-ahrens.at\/onlineshop\/produkt\/biedermeier-gitterkorb-auf-presentoir-porzellanmanufaktur-fischer-mieg-boehmen-um-1830\/\",\"name\":\"Biedermeier Gitterkorb auf Pr\\u00e9sentoir, Porzellanmanufaktur Fischer & Mieg, B\\u00f6hmen, um 1830\",\"isPartOf\":{\"@id\":\"https:\/\/annette-ahrens.at\/onlineshop\/#website\"},\"primaryImageOfPage\":{\"@id\":\"https:\/\/annette-ahrens.at\/onlineshop\/produkt\/biedermeier-gitterkorb-auf-presentoir-porzellanmanufaktur-fischer-mieg-boehmen-um-1830\/#primaryimage\"},\"datePublished\":\"2025-08-06T04:20:51+00:00\",\"dateModified\":\"2025-08-09T16:26:01+00:00\",\"description\":\"Biedermeier Gitterkorb auf Pr\\u00e9sentoir, Porzellanmanufaktur Fischer & Mieg, B\\u00f6hmen, um 1830 \\u2665 Antiquit\\u00e4ten Online kaufen \\u2713 Sichere Lieferung \\u2713\",\"breadcrumb\":{\"@id\":\"https:\/\/annette-ahrens.at\/onlineshop\/produkt\/biedermeier-gitterkorb-auf-presentoir-porzellanmanufaktur-fischer-mieg-boehmen-um-1830\/#breadcrumb\"},\"inLanguage\":\"de\",\"potentialAction\":[{\"@type\":\"ReadAction\",\"target\":[\"https:\/\/annette-ahrens.at\/onlineshop\/produkt\/biedermeier-gitterkorb-auf-presentoir-porzellanmanufaktur-fischer-mieg-boehmen-um-1830\/\"]}]},{\"@type\":\"BreadcrumbList\",\"@id\":\"https:\/\/annette-ahrens.at\/onlineshop\/produkt\/biedermeier-gitterkorb-auf-presentoir-porzellanmanufaktur-fischer-mieg-boehmen-um-1830\/#breadcrumb\",\"itemListElement\":[{\"@type\":\"ListItem\",\"position\":1,\"item\":{\"@type\":\"WebPage\",\"@id\":\"https:\/\/annette-ahrens.at\/onlineshop\/\",\"url\":\"https:\/\/annette-ahrens.at\/onlineshop\/\",\"name\":\"Home\"}},{\"@type\":\"ListItem\",\"position\":2,\"item\":{\"@type\":\"WebPage\",\"@id\":\"https:\/\/annette-ahrens.at\/onlineshop\/alle-tafelkultur-objekte\/\",\"url\":\"https:\/\/annette-ahrens.at\/onlineshop\/alle-tafelkultur-objekte\/\",\"name\":\"Alle Tafelkultur Objekte\"}},{\"@type\":\"ListItem\",\"position\":3,\"item\":{\"@type\":\"WebPage\",\"@id\":\"https:\/\/annette-ahrens.at\/onlineshop\/produkt\/biedermeier-gitterkorb-auf-presentoir-porzellanmanufaktur-fischer-mieg-boehmen-um-1830\/\",\"url\":\"https:\/\/annette-ahrens.at\/onlineshop\/produkt\/biedermeier-gitterkorb-auf-presentoir-porzellanmanufaktur-fischer-mieg-boehmen-um-1830\/\",\"name\":\"Biedermeier Gitterkorb auf Pr\\u00e9sentoir, Porzellanmanufaktur Fischer &#038; Mieg, B\\u00f6hmen, um 1830\"}}]}]}<\/script>\n<!-- \/ Yoast SEO Premium plugin. -->","_links":{"self":[{"href":"https:\/\/annette-ahrens.at\/onlineshop\/wp-json\/wp\/v2\/product\/38840","targetHints":{"allow":["GET"]}}],"collection":[{"href":"https:\/\/annette-ahrens.at\/onlineshop\/wp-json\/wp\/v2\/product"}],"about":[{"href":"https:\/\/annette-ahrens.at\/onlineshop\/wp-json\/wp\/v2\/types\/product"}],"replies":[{"embeddable":true,"href":"https:\/\/annette-ahrens.at\/onlineshop\/wp-json\/wp\/v2\/comments?post=38840"}],"wp:featuredmedia":[{"embeddable":true,"href":"https:\/\/annette-ahrens.at\/onlineshop\/wp-json\/wp\/v2\/media\/38863"}],"wp:attachment":[{"href":"https:\/\/annette-ahrens.at\/onlineshop\/wp-json\/wp\/v2\/media?parent=38840"}],"wp:term":[{"taxonomy":"product_brand","embeddable":true,"href":"https:\/\/annette-ahrens.at\/onlineshop\/wp-json\/wp\/v2\/product_brand?post=38840"},{"taxonomy":"product_cat","embeddable":true,"href":"https:\/\/annette-ahrens.at\/onlineshop\/wp-json\/wp\/v2\/product_cat?post=38840"},{"taxonomy":"product_tag","embeddable":true,"href":"https:\/\/annette-ahrens.at\/onlineshop\/wp-json\/wp\/v2\/product_tag?post=38840"}],"curies":[{"name":"wp","href":"https:\/\/api.w.org\/{rel}","templated":true}]}}