{"id":38888,"date":"2025-08-01T00:09:13","date_gmt":"2025-07-31T22:09:13","guid":{"rendered":"https:\/\/annette-ahrens.at\/onlineshop\/?post_type=product&#038;p=38888"},"modified":"2025-08-01T00:14:28","modified_gmt":"2025-07-31T22:14:28","slug":"grosser-historismus-tafelaufsatz-fa-berndorf-um-1890-copy","status":"publish","type":"product","link":"https:\/\/annette-ahrens.at\/onlineshop\/produkt\/grosser-historismus-tafelaufsatz-fa-berndorf-um-1890-copy\/","title":{"rendered":"Gro\u00dfer Historismus Tafelaufsatz, Fa. Berndorf, um 1890"},"content":{"rendered":"<p>Gro\u00dfe Historismus Etag\u00e8re<\/p>\n<p>Fa. Berndorf, \u00d6sterreich, um 1890<\/p>\n<p>Alpacca, versilbert, mehrpassiger Fu\u00df mit Reliefdekor, zwei originale, fein handgeschliffene, originale Kristall-Glasteller mi Sch\u00e4lschliff, abschraubbarer, versilberter Knauf, Fuss gemarkt mit runder B\u00e4renmarke der Fa. Berndorf, tadelloser, handpolierter Erhaltungszustand<\/p>\n<p>H 58 cm<\/p>\n<p>Dm 24 cm und 30 cm (Teller)<\/p>\n<p>siehe Berndorf-Katalog, 1911, Modellnummer 50151 \u201cTafelaufs\u00e4tze\u201d<\/p>\n","protected":false},"excerpt":{"rendered":"<p>Gro\u00dfe Historismus Etag\u00e8re Fa. Berndorf, \u00d6sterreich, um 1890 Alpacca, versilbert, mehrpassiger Fu\u00df mit Reliefdekor, zwei originale, fein handgeschliffene, originale Kristall-Glasteller mi Sch\u00e4lschliff, abschraubbarer, versilberter Knauf, Fuss gemarkt mit runder B\u00e4renmarke der Fa. Berndorf, tadelloser, handpolierter Erhaltungszustand H 58 cm Dm 24 cm und 30 cm (Teller) siehe Berndorf-Katalog, 1911, Modellnummer 50151 \u201cTafelaufs\u00e4tze\u201d<\/p>\n","protected":false},"featured_media":38872,"comment_status":"open","ping_status":"closed","template":"","meta":[],"product_brand":[],"product_cat":[25,298,192,19,300,291,198,20,292,24,281,131,311,302,26],"product_tag":[],"class_list":{"0":"post-38888","1":"product","2":"type-product","3":"status-publish","4":"has-post-thumbnail","6":"product_cat-5o-clock-tea","7":"product_cat-buffet","8":"product_cat-dessert","9":"product_cat-gabelfruehstueck","10":"product_cat-gartenfest","11":"product_cat-hochzeit","12":"product_cat-kuchen","13":"product_cat-lunchtime","14":"product_cat-muttertag","15":"product_cat-patisserie","16":"product_cat-tafelaufsatz","17":"product_cat-tafeldekorationen","18":"product_cat-tafelinventar","19":"product_cat-torte","20":"product_cat-wiener-melange","22":"first","23":"instock","24":"sold-individually","25":"purchasable","26":"product-type-simple"},"yoast_head":"<!-- This site is optimized with the Yoast SEO Premium plugin v15.8.2 - https:\/\/yoast.com\/wordpress\/plugins\/seo\/ -->\n<title>Gro\u00dfer Historismus Tafelaufsatz, Fa. Berndorf, um 1890<\/title>\n<meta name=\"description\" content=\"Gro\u00dfer Historismus Tafelaufsatz, Fa. Berndorf, um 1890 \u2665 Antiquit\u00e4ten Online kaufen \u2713 Sichere Lieferung \u2713\" \/>\n<meta name=\"robots\" content=\"index, follow, max-snippet:-1, max-image-preview:large, max-video-preview:-1\" \/>\n<link rel=\"canonical\" href=\"https:\/\/annette-ahrens.at\/onlineshop\/produkt\/grosser-historismus-tafelaufsatz-fa-berndorf-um-1890-copy\/\" \/>\n<meta property=\"og:locale\" content=\"de_DE\" \/>\n<meta property=\"og:type\" content=\"article\" \/>\n<meta property=\"og:title\" content=\"Gro\u00dfer Historismus Tafelaufsatz, Fa. Berndorf, um 1890\" \/>\n<meta property=\"og:description\" content=\"Gro\u00dfer Historismus Tafelaufsatz, Fa. Berndorf, um 1890 \u2665 Antiquit\u00e4ten Online kaufen \u2713 Sichere Lieferung \u2713\" \/>\n<meta property=\"og:url\" content=\"https:\/\/annette-ahrens.at\/onlineshop\/produkt\/grosser-historismus-tafelaufsatz-fa-berndorf-um-1890-copy\/\" \/>\n<meta property=\"og:site_name\" content=\"Tafelkultur Onlineshop\" \/>\n<meta property=\"article:publisher\" content=\"https:\/\/www.facebook.com\/AnnetteAhrensTafelkultur\" \/>\n<meta property=\"article:modified_time\" content=\"2025-07-31T22:14:28+00:00\" \/>\n<meta property=\"og:image\" content=\"https:\/\/annette-ahrens.at\/onlineshop\/wp-content\/uploads\/2025\/08\/IMG_8249-scaled.jpeg\" \/>\n\t<meta property=\"og:image:width\" content=\"1452\" \/>\n\t<meta property=\"og:image:height\" content=\"2048\" \/>\n<meta name=\"twitter:card\" content=\"summary_large_image\" \/>\n<meta name=\"twitter:label1\" content=\"Gesch\u00e4tzte Lesezeit\">\n\t<meta name=\"twitter:data1\" content=\"1\u00a0Minute\">\n<script type=\"application\/ld+json\" class=\"yoast-schema-graph\">{\"@context\":\"https:\/\/schema.org\",\"@graph\":[{\"@type\":[\"Person\",\"Organization\"],\"@id\":\"https:\/\/annette-ahrens.at\/onlineshop\/#\/schema\/person\/3e19676faae246bba0cb3b7e15f427d8\",\"name\":\"Annette Ahrens\",\"image\":{\"@type\":\"ImageObject\",\"@id\":\"https:\/\/annette-ahrens.at\/onlineshop\/#personlogo\",\"inLanguage\":\"de\",\"url\":\"https:\/\/annette-ahrens.at\/onlineshop\/wp-content\/uploads\/2020\/04\/aa_logo_End.png\",\"width\":800,\"height\":164,\"caption\":\"Annette Ahrens\"},\"logo\":{\"@id\":\"https:\/\/annette-ahrens.at\/onlineshop\/#personlogo\"},\"sameAs\":[\"https:\/\/annette-ahrens.at\",\"https:\/\/www.facebook.com\/AnnetteAhrensTafelkultur\",\"https:\/\/www.instagram.com\/tafelkulturistin\/\",\"https:\/\/de.wikipedia.org\/wiki\/Annette_Ahrens\"]},{\"@type\":\"WebSite\",\"@id\":\"https:\/\/annette-ahrens.at\/onlineshop\/#website\",\"url\":\"https:\/\/annette-ahrens.at\/onlineshop\/\",\"name\":\"Tafelkultur Onlineshop\",\"description\":\"Annette Ahrens\",\"publisher\":{\"@id\":\"https:\/\/annette-ahrens.at\/onlineshop\/#\/schema\/person\/3e19676faae246bba0cb3b7e15f427d8\"},\"potentialAction\":[{\"@type\":\"SearchAction\",\"target\":\"https:\/\/annette-ahrens.at\/onlineshop\/?s={search_term_string}\",\"query-input\":\"required name=search_term_string\"}],\"inLanguage\":\"de\"},{\"@type\":\"ImageObject\",\"@id\":\"https:\/\/annette-ahrens.at\/onlineshop\/produkt\/grosser-historismus-tafelaufsatz-fa-berndorf-um-1890-copy\/#primaryimage\",\"inLanguage\":\"de\",\"url\":\"https:\/\/annette-ahrens.at\/onlineshop\/wp-content\/uploads\/2025\/08\/IMG_8249-scaled.jpeg\",\"width\":1452,\"height\":2048,\"caption\":\"tafelaufsatz_berndorf\"},{\"@type\":[\"WebPage\",\"ItemPage\"],\"@id\":\"https:\/\/annette-ahrens.at\/onlineshop\/produkt\/grosser-historismus-tafelaufsatz-fa-berndorf-um-1890-copy\/#webpage\",\"url\":\"https:\/\/annette-ahrens.at\/onlineshop\/produkt\/grosser-historismus-tafelaufsatz-fa-berndorf-um-1890-copy\/\",\"name\":\"Gro\\u00dfer Historismus Tafelaufsatz, Fa. Berndorf, um 1890\",\"isPartOf\":{\"@id\":\"https:\/\/annette-ahrens.at\/onlineshop\/#website\"},\"primaryImageOfPage\":{\"@id\":\"https:\/\/annette-ahrens.at\/onlineshop\/produkt\/grosser-historismus-tafelaufsatz-fa-berndorf-um-1890-copy\/#primaryimage\"},\"datePublished\":\"2025-07-31T22:09:13+00:00\",\"dateModified\":\"2025-07-31T22:14:28+00:00\",\"description\":\"Gro\\u00dfer Historismus Tafelaufsatz, Fa. Berndorf, um 1890 \\u2665 Antiquit\\u00e4ten Online kaufen \\u2713 Sichere Lieferung \\u2713\",\"breadcrumb\":{\"@id\":\"https:\/\/annette-ahrens.at\/onlineshop\/produkt\/grosser-historismus-tafelaufsatz-fa-berndorf-um-1890-copy\/#breadcrumb\"},\"inLanguage\":\"de\",\"potentialAction\":[{\"@type\":\"ReadAction\",\"target\":[\"https:\/\/annette-ahrens.at\/onlineshop\/produkt\/grosser-historismus-tafelaufsatz-fa-berndorf-um-1890-copy\/\"]}]},{\"@type\":\"BreadcrumbList\",\"@id\":\"https:\/\/annette-ahrens.at\/onlineshop\/produkt\/grosser-historismus-tafelaufsatz-fa-berndorf-um-1890-copy\/#breadcrumb\",\"itemListElement\":[{\"@type\":\"ListItem\",\"position\":1,\"item\":{\"@type\":\"WebPage\",\"@id\":\"https:\/\/annette-ahrens.at\/onlineshop\/\",\"url\":\"https:\/\/annette-ahrens.at\/onlineshop\/\",\"name\":\"Home\"}},{\"@type\":\"ListItem\",\"position\":2,\"item\":{\"@type\":\"WebPage\",\"@id\":\"https:\/\/annette-ahrens.at\/onlineshop\/alle-tafelkultur-objekte\/\",\"url\":\"https:\/\/annette-ahrens.at\/onlineshop\/alle-tafelkultur-objekte\/\",\"name\":\"Alle Tafelkultur Objekte\"}},{\"@type\":\"ListItem\",\"position\":3,\"item\":{\"@type\":\"WebPage\",\"@id\":\"https:\/\/annette-ahrens.at\/onlineshop\/produkt\/grosser-historismus-tafelaufsatz-fa-berndorf-um-1890-copy\/\",\"url\":\"https:\/\/annette-ahrens.at\/onlineshop\/produkt\/grosser-historismus-tafelaufsatz-fa-berndorf-um-1890-copy\/\",\"name\":\"Gro\\u00dfer Historismus Tafelaufsatz, Fa. Berndorf, um 1890\"}}]}]}<\/script>\n<!-- \/ Yoast SEO Premium plugin. -->","_links":{"self":[{"href":"https:\/\/annette-ahrens.at\/onlineshop\/wp-json\/wp\/v2\/product\/38888","targetHints":{"allow":["GET"]}}],"collection":[{"href":"https:\/\/annette-ahrens.at\/onlineshop\/wp-json\/wp\/v2\/product"}],"about":[{"href":"https:\/\/annette-ahrens.at\/onlineshop\/wp-json\/wp\/v2\/types\/product"}],"replies":[{"embeddable":true,"href":"https:\/\/annette-ahrens.at\/onlineshop\/wp-json\/wp\/v2\/comments?post=38888"}],"wp:featuredmedia":[{"embeddable":true,"href":"https:\/\/annette-ahrens.at\/onlineshop\/wp-json\/wp\/v2\/media\/38872"}],"wp:attachment":[{"href":"https:\/\/annette-ahrens.at\/onlineshop\/wp-json\/wp\/v2\/media?parent=38888"}],"wp:term":[{"taxonomy":"product_brand","embeddable":true,"href":"https:\/\/annette-ahrens.at\/onlineshop\/wp-json\/wp\/v2\/product_brand?post=38888"},{"taxonomy":"product_cat","embeddable":true,"href":"https:\/\/annette-ahrens.at\/onlineshop\/wp-json\/wp\/v2\/product_cat?post=38888"},{"taxonomy":"product_tag","embeddable":true,"href":"https:\/\/annette-ahrens.at\/onlineshop\/wp-json\/wp\/v2\/product_tag?post=38888"}],"curies":[{"name":"wp","href":"https:\/\/api.w.org\/{rel}","templated":true}]}}