{"id":38934,"date":"2025-08-11T06:22:20","date_gmt":"2025-08-11T04:22:20","guid":{"rendered":"https:\/\/annette-ahrens.at\/onlineshop\/?post_type=product&#038;p=38934"},"modified":"2025-08-02T12:27:11","modified_gmt":"2025-08-02T10:27:11","slug":"6-grosse-glaeser-culbuto-fa-ludwig-moser-karlsbad-um-1955","status":"publish","type":"product","link":"https:\/\/annette-ahrens.at\/onlineshop\/produkt\/6-grosse-glaeser-culbuto-fa-ludwig-moser-karlsbad-um-1955\/","title":{"rendered":"6 gro\u00dfe Gl\u00e4ser &#8222;Culbuto&#8220;, Fa. Ludwig Moser, Karlsbad, um 1955"},"content":{"rendered":"<p>6 gro\u00dfe Gl\u00e4ser aus der Serie &#8222;Culbuto&#8220;<\/p>\n<p>Entwurf: Rudolf Eschler f\u00fcr Fa. Ludwig Moser, Karlsbad, um 1935<\/p>\n<p>Ausf\u00fchrung: um 1955<\/p>\n<p>bleifreies Kristallglas in Citrin, geschwertes Bein, gebauchte Kuppa, tadelloser Zustand, originaler Manufakturaufkleber &#8222;Moser&#8220;, in originaler Verpackung im 50ties Design<\/p>\n<p>H\u00f6he: 6,5 cm, Dm 6 cm<\/p>\n<p>Es werden noch Rosalin-Gl\u00e4ser der gleichen Serie angeboten.<\/p>\n","protected":false},"excerpt":{"rendered":"<p>Annettes Etikette: Die Firma Moser aus Karlsbad besteht bis heute, eine Reise in die Kurstadt lohnt, nicht nur wegen eines Rundgangs durch die 1857 von Ludwig Moser gegr\u00fcndete Glasmanufaktur und ihr Museum. Diese Gl\u00e4ser liegen perfekt in der Hand, der austarierte Boden verlangt vom Glasbl\u00e4ser hohes K\u00f6nnen. Der Name Culbuto geht auf ein Stehaufm\u00e4nnchen, ein Spielzeug zur\u00fcck.<\/p>\n","protected":false},"featured_media":38937,"comment_status":"open","ping_status":"closed","template":"","meta":[],"product_brand":[],"product_cat":[212,219,27,298,299,216,223,228,218,227,213],"product_tag":[],"class_list":{"0":"post-38934","1":"product","2":"type-product","3":"status-publish","4":"has-post-thumbnail","6":"product_cat-apertif","7":"product_cat-barutensilien","8":"product_cat-barware","9":"product_cat-buffet","10":"product_cat-cocktailparty","11":"product_cat-digestif","12":"product_cat-glaeser","13":"product_cat-likeurglas","14":"product_cat-schnaps","15":"product_cat-stamperl","16":"product_cat-wein","18":"first","19":"instock","20":"sold-individually","21":"purchasable","22":"product-type-simple"},"yoast_head":"<!-- This site is optimized with the Yoast SEO Premium plugin v15.8.2 - https:\/\/yoast.com\/wordpress\/plugins\/seo\/ -->\n<title>6 gro\u00dfe Gl\u00e4ser &quot;Culbuto&quot;, Fa. Ludwig Moser, Karlsbad, um 1955<\/title>\n<meta name=\"description\" content=\"6 gro\u00dfe Gl\u00e4ser &quot;Culbuto&quot;, Fa. Ludwig Moser, Karlsbad, um 1955 \u2665 Antiquit\u00e4ten Online kaufen \u2713 Sichere Lieferung \u2713\" \/>\n<meta name=\"robots\" content=\"index, follow, max-snippet:-1, max-image-preview:large, max-video-preview:-1\" \/>\n<link rel=\"canonical\" href=\"https:\/\/annette-ahrens.at\/onlineshop\/produkt\/6-grosse-glaeser-culbuto-fa-ludwig-moser-karlsbad-um-1955\/\" \/>\n<meta property=\"og:locale\" content=\"de_DE\" \/>\n<meta property=\"og:type\" content=\"article\" \/>\n<meta property=\"og:title\" content=\"6 gro\u00dfe Gl\u00e4ser &quot;Culbuto&quot;, Fa. Ludwig Moser, Karlsbad, um 1955\" \/>\n<meta property=\"og:description\" content=\"6 gro\u00dfe Gl\u00e4ser &quot;Culbuto&quot;, Fa. Ludwig Moser, Karlsbad, um 1955 \u2665 Antiquit\u00e4ten Online kaufen \u2713 Sichere Lieferung \u2713\" \/>\n<meta property=\"og:url\" content=\"https:\/\/annette-ahrens.at\/onlineshop\/produkt\/6-grosse-glaeser-culbuto-fa-ludwig-moser-karlsbad-um-1955\/\" \/>\n<meta property=\"og:site_name\" content=\"Tafelkultur Onlineshop\" \/>\n<meta property=\"article:publisher\" content=\"https:\/\/www.facebook.com\/AnnetteAhrensTafelkultur\" \/>\n<meta property=\"article:modified_time\" content=\"2025-08-02T10:27:11+00:00\" \/>\n<meta property=\"og:image\" content=\"https:\/\/annette-ahrens.at\/onlineshop\/wp-content\/uploads\/2025\/08\/IMG_8301-scaled.jpeg\" \/>\n\t<meta property=\"og:image:width\" content=\"2045\" \/>\n\t<meta property=\"og:image:height\" content=\"2048\" \/>\n<meta name=\"twitter:card\" content=\"summary_large_image\" \/>\n<meta name=\"twitter:label1\" content=\"Gesch\u00e4tzte Lesezeit\">\n\t<meta name=\"twitter:data1\" content=\"1\u00a0Minute\">\n<script type=\"application\/ld+json\" class=\"yoast-schema-graph\">{\"@context\":\"https:\/\/schema.org\",\"@graph\":[{\"@type\":[\"Person\",\"Organization\"],\"@id\":\"https:\/\/annette-ahrens.at\/onlineshop\/#\/schema\/person\/3e19676faae246bba0cb3b7e15f427d8\",\"name\":\"Annette Ahrens\",\"image\":{\"@type\":\"ImageObject\",\"@id\":\"https:\/\/annette-ahrens.at\/onlineshop\/#personlogo\",\"inLanguage\":\"de\",\"url\":\"https:\/\/annette-ahrens.at\/onlineshop\/wp-content\/uploads\/2020\/04\/aa_logo_End.png\",\"width\":800,\"height\":164,\"caption\":\"Annette Ahrens\"},\"logo\":{\"@id\":\"https:\/\/annette-ahrens.at\/onlineshop\/#personlogo\"},\"sameAs\":[\"https:\/\/annette-ahrens.at\",\"https:\/\/www.facebook.com\/AnnetteAhrensTafelkultur\",\"https:\/\/www.instagram.com\/tafelkulturistin\/\",\"https:\/\/de.wikipedia.org\/wiki\/Annette_Ahrens\"]},{\"@type\":\"WebSite\",\"@id\":\"https:\/\/annette-ahrens.at\/onlineshop\/#website\",\"url\":\"https:\/\/annette-ahrens.at\/onlineshop\/\",\"name\":\"Tafelkultur Onlineshop\",\"description\":\"Annette Ahrens\",\"publisher\":{\"@id\":\"https:\/\/annette-ahrens.at\/onlineshop\/#\/schema\/person\/3e19676faae246bba0cb3b7e15f427d8\"},\"potentialAction\":[{\"@type\":\"SearchAction\",\"target\":\"https:\/\/annette-ahrens.at\/onlineshop\/?s={search_term_string}\",\"query-input\":\"required name=search_term_string\"}],\"inLanguage\":\"de\"},{\"@type\":\"ImageObject\",\"@id\":\"https:\/\/annette-ahrens.at\/onlineshop\/produkt\/6-grosse-glaeser-culbuto-fa-ludwig-moser-karlsbad-um-1955\/#primaryimage\",\"inLanguage\":\"de\",\"url\":\"https:\/\/annette-ahrens.at\/onlineshop\/wp-content\/uploads\/2025\/08\/IMG_8301-scaled.jpeg\",\"width\":2045,\"height\":2048,\"caption\":\"moser_culbuto\"},{\"@type\":[\"WebPage\",\"ItemPage\"],\"@id\":\"https:\/\/annette-ahrens.at\/onlineshop\/produkt\/6-grosse-glaeser-culbuto-fa-ludwig-moser-karlsbad-um-1955\/#webpage\",\"url\":\"https:\/\/annette-ahrens.at\/onlineshop\/produkt\/6-grosse-glaeser-culbuto-fa-ludwig-moser-karlsbad-um-1955\/\",\"name\":\"6 gro\\u00dfe Gl\\u00e4ser \\\"Culbuto\\\", Fa. Ludwig Moser, Karlsbad, um 1955\",\"isPartOf\":{\"@id\":\"https:\/\/annette-ahrens.at\/onlineshop\/#website\"},\"primaryImageOfPage\":{\"@id\":\"https:\/\/annette-ahrens.at\/onlineshop\/produkt\/6-grosse-glaeser-culbuto-fa-ludwig-moser-karlsbad-um-1955\/#primaryimage\"},\"datePublished\":\"2025-08-11T04:22:20+00:00\",\"dateModified\":\"2025-08-02T10:27:11+00:00\",\"description\":\"6 gro\\u00dfe Gl\\u00e4ser \\\"Culbuto\\\", Fa. Ludwig Moser, Karlsbad, um 1955 \\u2665 Antiquit\\u00e4ten Online kaufen \\u2713 Sichere Lieferung \\u2713\",\"breadcrumb\":{\"@id\":\"https:\/\/annette-ahrens.at\/onlineshop\/produkt\/6-grosse-glaeser-culbuto-fa-ludwig-moser-karlsbad-um-1955\/#breadcrumb\"},\"inLanguage\":\"de\",\"potentialAction\":[{\"@type\":\"ReadAction\",\"target\":[\"https:\/\/annette-ahrens.at\/onlineshop\/produkt\/6-grosse-glaeser-culbuto-fa-ludwig-moser-karlsbad-um-1955\/\"]}]},{\"@type\":\"BreadcrumbList\",\"@id\":\"https:\/\/annette-ahrens.at\/onlineshop\/produkt\/6-grosse-glaeser-culbuto-fa-ludwig-moser-karlsbad-um-1955\/#breadcrumb\",\"itemListElement\":[{\"@type\":\"ListItem\",\"position\":1,\"item\":{\"@type\":\"WebPage\",\"@id\":\"https:\/\/annette-ahrens.at\/onlineshop\/\",\"url\":\"https:\/\/annette-ahrens.at\/onlineshop\/\",\"name\":\"Home\"}},{\"@type\":\"ListItem\",\"position\":2,\"item\":{\"@type\":\"WebPage\",\"@id\":\"https:\/\/annette-ahrens.at\/onlineshop\/alle-tafelkultur-objekte\/\",\"url\":\"https:\/\/annette-ahrens.at\/onlineshop\/alle-tafelkultur-objekte\/\",\"name\":\"Alle Tafelkultur Objekte\"}},{\"@type\":\"ListItem\",\"position\":3,\"item\":{\"@type\":\"WebPage\",\"@id\":\"https:\/\/annette-ahrens.at\/onlineshop\/produkt\/6-grosse-glaeser-culbuto-fa-ludwig-moser-karlsbad-um-1955\/\",\"url\":\"https:\/\/annette-ahrens.at\/onlineshop\/produkt\/6-grosse-glaeser-culbuto-fa-ludwig-moser-karlsbad-um-1955\/\",\"name\":\"6 gro\\u00dfe Gl\\u00e4ser &#8222;Culbuto&#8220;, Fa. Ludwig Moser, Karlsbad, um 1955\"}}]}]}<\/script>\n<!-- \/ Yoast SEO Premium plugin. -->","_links":{"self":[{"href":"https:\/\/annette-ahrens.at\/onlineshop\/wp-json\/wp\/v2\/product\/38934","targetHints":{"allow":["GET"]}}],"collection":[{"href":"https:\/\/annette-ahrens.at\/onlineshop\/wp-json\/wp\/v2\/product"}],"about":[{"href":"https:\/\/annette-ahrens.at\/onlineshop\/wp-json\/wp\/v2\/types\/product"}],"replies":[{"embeddable":true,"href":"https:\/\/annette-ahrens.at\/onlineshop\/wp-json\/wp\/v2\/comments?post=38934"}],"wp:featuredmedia":[{"embeddable":true,"href":"https:\/\/annette-ahrens.at\/onlineshop\/wp-json\/wp\/v2\/media\/38937"}],"wp:attachment":[{"href":"https:\/\/annette-ahrens.at\/onlineshop\/wp-json\/wp\/v2\/media?parent=38934"}],"wp:term":[{"taxonomy":"product_brand","embeddable":true,"href":"https:\/\/annette-ahrens.at\/onlineshop\/wp-json\/wp\/v2\/product_brand?post=38934"},{"taxonomy":"product_cat","embeddable":true,"href":"https:\/\/annette-ahrens.at\/onlineshop\/wp-json\/wp\/v2\/product_cat?post=38934"},{"taxonomy":"product_tag","embeddable":true,"href":"https:\/\/annette-ahrens.at\/onlineshop\/wp-json\/wp\/v2\/product_tag?post=38934"}],"curies":[{"name":"wp","href":"https:\/\/api.w.org\/{rel}","templated":true}]}}