{"id":38965,"date":"2025-08-12T06:50:52","date_gmt":"2025-08-12T04:50:52","guid":{"rendered":"https:\/\/annette-ahrens.at\/onlineshop\/?post_type=product&#038;p=38965"},"modified":"2025-08-03T15:03:42","modified_gmt":"2025-08-03T13:03:42","slug":"6-midcentury-glaeser-in-aluminiumrack-deutschland-um-1960-4","status":"publish","type":"product","link":"https:\/\/annette-ahrens.at\/onlineshop\/produkt\/6-midcentury-glaeser-in-aluminiumrack-deutschland-um-1960-4\/","title":{"rendered":"6 Midcentury Gl\u00e4ser in Aluminiumrack, Deutschland, um 1960"},"content":{"rendered":"<p>6 Midcentury Gl\u00e4ser in Aluminiumrack<\/p>\n<p>Deutschland, um 1960<\/p>\n<p>originaler St\u00e4nder aus vergoldetem Aluminum, sechs, runde Halterungen f\u00fcr 6 irisierende Gl\u00e4ser, Gl\u00e4ser mit gebauchter Kuppa auf rundem Bein, Tragegriff mit Linoleumband (etwas gelockert)<\/p>\n<p>Dm 21 cm<\/p>\n<p>H 17,5 cm<\/p>\n<p>H 7,5 cm (Glas)<\/p>\n","protected":false},"excerpt":{"rendered":"<p>6 Midcentury Gl\u00e4ser in Aluminiumrack Deutschland, um 1960 originaler St\u00e4nder aus vergoldetem Aluminum, sechs, runde Halterungen f\u00fcr 6 irisierende Gl\u00e4ser, Gl\u00e4ser mit gebauchter Kuppa auf rundem Bein, Tragegriff mit Linoleumband (etwas gelockert) Dm 21 cm H 17,5 cm H 7,5 cm (Glas)<\/p>\n","protected":false},"featured_media":38966,"comment_status":"open","ping_status":"closed","template":"","meta":[],"product_brand":[],"product_cat":[212,219,27,299,216,36,300,275,223,295],"product_tag":[],"class_list":{"0":"post-38965","1":"product","2":"type-product","3":"status-publish","4":"has-post-thumbnail","6":"product_cat-apertif","7":"product_cat-barutensilien","8":"product_cat-barware","9":"product_cat-cocktailparty","10":"product_cat-digestif","11":"product_cat-eierbecher","12":"product_cat-gartenfest","13":"product_cat-glas-fachbuecher","14":"product_cat-glaeser","15":"product_cat-jagdeinladung","17":"first","18":"instock","19":"sold-individually","20":"purchasable","21":"product-type-simple"},"yoast_head":"<!-- This site is optimized with the Yoast SEO Premium plugin v15.8.2 - https:\/\/yoast.com\/wordpress\/plugins\/seo\/ -->\n<title>6 Midcentury Gl\u00e4ser in Aluminiumrack, Deutschland, um 1960<\/title>\n<meta name=\"description\" content=\"6 Midcentury Gl\u00e4ser in Aluminiumrack, Deutschland, um 1960 \u2665 Antiquit\u00e4ten Online kaufen \u2713 Sichere Lieferung \u2713\" \/>\n<meta name=\"robots\" content=\"index, follow, max-snippet:-1, max-image-preview:large, max-video-preview:-1\" \/>\n<link rel=\"canonical\" href=\"https:\/\/annette-ahrens.at\/onlineshop\/produkt\/6-midcentury-glaeser-in-aluminiumrack-deutschland-um-1960-4\/\" \/>\n<meta property=\"og:locale\" content=\"de_DE\" \/>\n<meta property=\"og:type\" content=\"article\" \/>\n<meta property=\"og:title\" content=\"6 Midcentury Gl\u00e4ser in Aluminiumrack, Deutschland, um 1960\" \/>\n<meta property=\"og:description\" content=\"6 Midcentury Gl\u00e4ser in Aluminiumrack, Deutschland, um 1960 \u2665 Antiquit\u00e4ten Online kaufen \u2713 Sichere Lieferung \u2713\" \/>\n<meta property=\"og:url\" content=\"https:\/\/annette-ahrens.at\/onlineshop\/produkt\/6-midcentury-glaeser-in-aluminiumrack-deutschland-um-1960-4\/\" \/>\n<meta property=\"og:site_name\" content=\"Tafelkultur Onlineshop\" \/>\n<meta property=\"article:publisher\" content=\"https:\/\/www.facebook.com\/AnnetteAhrensTafelkultur\" \/>\n<meta property=\"article:modified_time\" content=\"2025-08-03T13:03:42+00:00\" \/>\n<meta property=\"og:image\" content=\"https:\/\/annette-ahrens.at\/onlineshop\/wp-content\/uploads\/2025\/08\/IMG_8307-scaled.jpeg\" \/>\n\t<meta property=\"og:image:width\" content=\"1902\" \/>\n\t<meta property=\"og:image:height\" content=\"2048\" \/>\n<meta name=\"twitter:card\" content=\"summary_large_image\" \/>\n<meta name=\"twitter:label1\" content=\"Gesch\u00e4tzte Lesezeit\">\n\t<meta name=\"twitter:data1\" content=\"1\u00a0Minute\">\n<script type=\"application\/ld+json\" class=\"yoast-schema-graph\">{\"@context\":\"https:\/\/schema.org\",\"@graph\":[{\"@type\":[\"Person\",\"Organization\"],\"@id\":\"https:\/\/annette-ahrens.at\/onlineshop\/#\/schema\/person\/3e19676faae246bba0cb3b7e15f427d8\",\"name\":\"Annette Ahrens\",\"image\":{\"@type\":\"ImageObject\",\"@id\":\"https:\/\/annette-ahrens.at\/onlineshop\/#personlogo\",\"inLanguage\":\"de\",\"url\":\"https:\/\/annette-ahrens.at\/onlineshop\/wp-content\/uploads\/2020\/04\/aa_logo_End.png\",\"width\":800,\"height\":164,\"caption\":\"Annette Ahrens\"},\"logo\":{\"@id\":\"https:\/\/annette-ahrens.at\/onlineshop\/#personlogo\"},\"sameAs\":[\"https:\/\/annette-ahrens.at\",\"https:\/\/www.facebook.com\/AnnetteAhrensTafelkultur\",\"https:\/\/www.instagram.com\/tafelkulturistin\/\",\"https:\/\/de.wikipedia.org\/wiki\/Annette_Ahrens\"]},{\"@type\":\"WebSite\",\"@id\":\"https:\/\/annette-ahrens.at\/onlineshop\/#website\",\"url\":\"https:\/\/annette-ahrens.at\/onlineshop\/\",\"name\":\"Tafelkultur Onlineshop\",\"description\":\"Annette Ahrens\",\"publisher\":{\"@id\":\"https:\/\/annette-ahrens.at\/onlineshop\/#\/schema\/person\/3e19676faae246bba0cb3b7e15f427d8\"},\"potentialAction\":[{\"@type\":\"SearchAction\",\"target\":\"https:\/\/annette-ahrens.at\/onlineshop\/?s={search_term_string}\",\"query-input\":\"required name=search_term_string\"}],\"inLanguage\":\"de\"},{\"@type\":\"ImageObject\",\"@id\":\"https:\/\/annette-ahrens.at\/onlineshop\/produkt\/6-midcentury-glaeser-in-aluminiumrack-deutschland-um-1960-4\/#primaryimage\",\"inLanguage\":\"de\",\"url\":\"https:\/\/annette-ahrens.at\/onlineshop\/wp-content\/uploads\/2025\/08\/IMG_8307-scaled.jpeg\",\"width\":1902,\"height\":2048,\"caption\":\"gl\\u00e4ser_alurack\"},{\"@type\":[\"WebPage\",\"ItemPage\"],\"@id\":\"https:\/\/annette-ahrens.at\/onlineshop\/produkt\/6-midcentury-glaeser-in-aluminiumrack-deutschland-um-1960-4\/#webpage\",\"url\":\"https:\/\/annette-ahrens.at\/onlineshop\/produkt\/6-midcentury-glaeser-in-aluminiumrack-deutschland-um-1960-4\/\",\"name\":\"6 Midcentury Gl\\u00e4ser in Aluminiumrack, Deutschland, um 1960\",\"isPartOf\":{\"@id\":\"https:\/\/annette-ahrens.at\/onlineshop\/#website\"},\"primaryImageOfPage\":{\"@id\":\"https:\/\/annette-ahrens.at\/onlineshop\/produkt\/6-midcentury-glaeser-in-aluminiumrack-deutschland-um-1960-4\/#primaryimage\"},\"datePublished\":\"2025-08-12T04:50:52+00:00\",\"dateModified\":\"2025-08-03T13:03:42+00:00\",\"description\":\"6 Midcentury Gl\\u00e4ser in Aluminiumrack, Deutschland, um 1960 \\u2665 Antiquit\\u00e4ten Online kaufen \\u2713 Sichere Lieferung \\u2713\",\"breadcrumb\":{\"@id\":\"https:\/\/annette-ahrens.at\/onlineshop\/produkt\/6-midcentury-glaeser-in-aluminiumrack-deutschland-um-1960-4\/#breadcrumb\"},\"inLanguage\":\"de\",\"potentialAction\":[{\"@type\":\"ReadAction\",\"target\":[\"https:\/\/annette-ahrens.at\/onlineshop\/produkt\/6-midcentury-glaeser-in-aluminiumrack-deutschland-um-1960-4\/\"]}]},{\"@type\":\"BreadcrumbList\",\"@id\":\"https:\/\/annette-ahrens.at\/onlineshop\/produkt\/6-midcentury-glaeser-in-aluminiumrack-deutschland-um-1960-4\/#breadcrumb\",\"itemListElement\":[{\"@type\":\"ListItem\",\"position\":1,\"item\":{\"@type\":\"WebPage\",\"@id\":\"https:\/\/annette-ahrens.at\/onlineshop\/\",\"url\":\"https:\/\/annette-ahrens.at\/onlineshop\/\",\"name\":\"Home\"}},{\"@type\":\"ListItem\",\"position\":2,\"item\":{\"@type\":\"WebPage\",\"@id\":\"https:\/\/annette-ahrens.at\/onlineshop\/alle-tafelkultur-objekte\/\",\"url\":\"https:\/\/annette-ahrens.at\/onlineshop\/alle-tafelkultur-objekte\/\",\"name\":\"Alle Tafelkultur Objekte\"}},{\"@type\":\"ListItem\",\"position\":3,\"item\":{\"@type\":\"WebPage\",\"@id\":\"https:\/\/annette-ahrens.at\/onlineshop\/produkt\/6-midcentury-glaeser-in-aluminiumrack-deutschland-um-1960-4\/\",\"url\":\"https:\/\/annette-ahrens.at\/onlineshop\/produkt\/6-midcentury-glaeser-in-aluminiumrack-deutschland-um-1960-4\/\",\"name\":\"6 Midcentury Gl\\u00e4ser in Aluminiumrack, Deutschland, um 1960\"}}]}]}<\/script>\n<!-- \/ Yoast SEO Premium plugin. -->","_links":{"self":[{"href":"https:\/\/annette-ahrens.at\/onlineshop\/wp-json\/wp\/v2\/product\/38965","targetHints":{"allow":["GET"]}}],"collection":[{"href":"https:\/\/annette-ahrens.at\/onlineshop\/wp-json\/wp\/v2\/product"}],"about":[{"href":"https:\/\/annette-ahrens.at\/onlineshop\/wp-json\/wp\/v2\/types\/product"}],"replies":[{"embeddable":true,"href":"https:\/\/annette-ahrens.at\/onlineshop\/wp-json\/wp\/v2\/comments?post=38965"}],"wp:featuredmedia":[{"embeddable":true,"href":"https:\/\/annette-ahrens.at\/onlineshop\/wp-json\/wp\/v2\/media\/38966"}],"wp:attachment":[{"href":"https:\/\/annette-ahrens.at\/onlineshop\/wp-json\/wp\/v2\/media?parent=38965"}],"wp:term":[{"taxonomy":"product_brand","embeddable":true,"href":"https:\/\/annette-ahrens.at\/onlineshop\/wp-json\/wp\/v2\/product_brand?post=38965"},{"taxonomy":"product_cat","embeddable":true,"href":"https:\/\/annette-ahrens.at\/onlineshop\/wp-json\/wp\/v2\/product_cat?post=38965"},{"taxonomy":"product_tag","embeddable":true,"href":"https:\/\/annette-ahrens.at\/onlineshop\/wp-json\/wp\/v2\/product_tag?post=38965"}],"curies":[{"name":"wp","href":"https:\/\/api.w.org\/{rel}","templated":true}]}}