{"id":38982,"date":"2025-08-07T06:41:34","date_gmt":"2025-08-07T04:41:34","guid":{"rendered":"https:\/\/annette-ahrens.at\/onlineshop\/?post_type=product&#038;p=38982"},"modified":"2025-08-04T16:51:25","modified_gmt":"2025-08-04T14:51:25","slug":"versilberter-ei-im-glas-pokal-fa-wolkenstein-glueckselig-wien-um-1900-3","status":"publish","type":"product","link":"https:\/\/annette-ahrens.at\/onlineshop\/produkt\/versilberter-ei-im-glas-pokal-fa-wolkenstein-glueckselig-wien-um-1900-3\/","title":{"rendered":"Versilberter &#8222;Ei-im-Glas&#8220; Pokal, Fa. Wolkenstein &#038; Gl\u00fcckselig, Wien, um 1900"},"content":{"rendered":"<p>Versilberter &#8222;Ei-im-Glas&#8220; Pokal<\/p>\n<p>Fa. Wolkenstein &amp; Gl\u00fcckselig, Wien, um 1900<\/p>\n<p>Alpacca, versilbert, runder Fuss mit Aufsatzschale, gebauchte Wandung mit durchbrochen gearbeiteten Quadraten, an der Kuppa gemarkt &#8222;W &amp; G&#8220; im Rechteck f\u00fcr Fa. Wolkenstein &amp; Gl\u00fcckselig, runder, farbloser Glaseinsatz (vom Katalog abweichend), altersbedingter Gebrauchszustand<\/p>\n<p>H 12 cm<\/p>\n<p>Dm 10,5 cm<\/p>\n<p>Vergleiche Verkaufskatalog der Fa. Wolkenstein &amp; Gl\u00fcckselig, Seite 13, Modellnummer 683<\/p>\n","protected":false},"excerpt":{"rendered":"<p>Annettes Etikette: Diese Pokal erinnern nat\u00fcrlich an Eispokale, jedoch verr\u00e4t der Glaseinsatz die eigentliche Verwendung: f\u00fcr weich gekochte Eier im Glas! In Wien gibt es heute noch Gastronomen, die auf diese Tafelspezerei Wert legen und Kunden, die mir ihre, bei mir erworbenen Pokale mit Ei in Verwendung senden.<\/p>\n","protected":false},"featured_media":39000,"comment_status":"open","ping_status":"closed","template":"","meta":[],"product_brand":[],"product_cat":[143,142,18],"product_tag":[],"class_list":{"0":"post-38982","1":"product","2":"type-product","3":"status-publish","4":"has-post-thumbnail","6":"product_cat-ei-im-glas","7":"product_cat-eier","8":"product_cat-fruehstueck","10":"first","11":"instock","12":"sold-individually","13":"purchasable","14":"product-type-simple"},"yoast_head":"<!-- This site is optimized with the Yoast SEO Premium plugin v15.8.2 - https:\/\/yoast.com\/wordpress\/plugins\/seo\/ -->\n<title>Versilberter &quot;Ei-im-Glas&quot; Pokal, Fa. Wolkenstein &amp; Gl\u00fcckselig, Wien, um 1900<\/title>\n<meta name=\"description\" content=\"Versilberter &quot;Ei-im-Glas&quot; Pokal, Fa. Wolkenstein &amp; Gl\u00fcckselig, Wien, um 1900 \u2665 Antiquit\u00e4ten Online kaufen \u2713 Sichere Lieferung \u2713\" \/>\n<meta name=\"robots\" content=\"index, follow, max-snippet:-1, max-image-preview:large, max-video-preview:-1\" \/>\n<link rel=\"canonical\" href=\"https:\/\/annette-ahrens.at\/onlineshop\/produkt\/versilberter-ei-im-glas-pokal-fa-wolkenstein-glueckselig-wien-um-1900-3\/\" \/>\n<meta property=\"og:locale\" content=\"de_DE\" \/>\n<meta property=\"og:type\" content=\"article\" \/>\n<meta property=\"og:title\" content=\"Versilberter &quot;Ei-im-Glas&quot; Pokal, Fa. Wolkenstein &amp; Gl\u00fcckselig, Wien, um 1900\" \/>\n<meta property=\"og:description\" content=\"Versilberter &quot;Ei-im-Glas&quot; Pokal, Fa. Wolkenstein &amp; Gl\u00fcckselig, Wien, um 1900 \u2665 Antiquit\u00e4ten Online kaufen \u2713 Sichere Lieferung \u2713\" \/>\n<meta property=\"og:url\" content=\"https:\/\/annette-ahrens.at\/onlineshop\/produkt\/versilberter-ei-im-glas-pokal-fa-wolkenstein-glueckselig-wien-um-1900-3\/\" \/>\n<meta property=\"og:site_name\" content=\"Tafelkultur Onlineshop\" \/>\n<meta property=\"article:publisher\" content=\"https:\/\/www.facebook.com\/AnnetteAhrensTafelkultur\" \/>\n<meta property=\"article:modified_time\" content=\"2025-08-04T14:51:25+00:00\" \/>\n<meta property=\"og:image\" content=\"https:\/\/annette-ahrens.at\/onlineshop\/wp-content\/uploads\/2025\/08\/IMG_8351-scaled.jpeg\" \/>\n\t<meta property=\"og:image:width\" content=\"1853\" \/>\n\t<meta property=\"og:image:height\" content=\"2048\" \/>\n<meta name=\"twitter:card\" content=\"summary_large_image\" \/>\n<meta name=\"twitter:label1\" content=\"Gesch\u00e4tzte Lesezeit\">\n\t<meta name=\"twitter:data1\" content=\"1\u00a0Minute\">\n<script type=\"application\/ld+json\" class=\"yoast-schema-graph\">{\"@context\":\"https:\/\/schema.org\",\"@graph\":[{\"@type\":[\"Person\",\"Organization\"],\"@id\":\"https:\/\/annette-ahrens.at\/onlineshop\/#\/schema\/person\/3e19676faae246bba0cb3b7e15f427d8\",\"name\":\"Annette Ahrens\",\"image\":{\"@type\":\"ImageObject\",\"@id\":\"https:\/\/annette-ahrens.at\/onlineshop\/#personlogo\",\"inLanguage\":\"de\",\"url\":\"https:\/\/annette-ahrens.at\/onlineshop\/wp-content\/uploads\/2020\/04\/aa_logo_End.png\",\"width\":800,\"height\":164,\"caption\":\"Annette Ahrens\"},\"logo\":{\"@id\":\"https:\/\/annette-ahrens.at\/onlineshop\/#personlogo\"},\"sameAs\":[\"https:\/\/annette-ahrens.at\",\"https:\/\/www.facebook.com\/AnnetteAhrensTafelkultur\",\"https:\/\/www.instagram.com\/tafelkulturistin\/\",\"https:\/\/de.wikipedia.org\/wiki\/Annette_Ahrens\"]},{\"@type\":\"WebSite\",\"@id\":\"https:\/\/annette-ahrens.at\/onlineshop\/#website\",\"url\":\"https:\/\/annette-ahrens.at\/onlineshop\/\",\"name\":\"Tafelkultur Onlineshop\",\"description\":\"Annette Ahrens\",\"publisher\":{\"@id\":\"https:\/\/annette-ahrens.at\/onlineshop\/#\/schema\/person\/3e19676faae246bba0cb3b7e15f427d8\"},\"potentialAction\":[{\"@type\":\"SearchAction\",\"target\":\"https:\/\/annette-ahrens.at\/onlineshop\/?s={search_term_string}\",\"query-input\":\"required name=search_term_string\"}],\"inLanguage\":\"de\"},{\"@type\":\"ImageObject\",\"@id\":\"https:\/\/annette-ahrens.at\/onlineshop\/produkt\/versilberter-ei-im-glas-pokal-fa-wolkenstein-glueckselig-wien-um-1900-3\/#primaryimage\",\"inLanguage\":\"de\",\"url\":\"https:\/\/annette-ahrens.at\/onlineshop\/wp-content\/uploads\/2025\/08\/IMG_8351-scaled.jpeg\",\"width\":1853,\"height\":2048,\"caption\":\"ei_im_glas_wolkenstein\"},{\"@type\":[\"WebPage\",\"ItemPage\"],\"@id\":\"https:\/\/annette-ahrens.at\/onlineshop\/produkt\/versilberter-ei-im-glas-pokal-fa-wolkenstein-glueckselig-wien-um-1900-3\/#webpage\",\"url\":\"https:\/\/annette-ahrens.at\/onlineshop\/produkt\/versilberter-ei-im-glas-pokal-fa-wolkenstein-glueckselig-wien-um-1900-3\/\",\"name\":\"Versilberter \\\"Ei-im-Glas\\\" Pokal, Fa. Wolkenstein & Gl\\u00fcckselig, Wien, um 1900\",\"isPartOf\":{\"@id\":\"https:\/\/annette-ahrens.at\/onlineshop\/#website\"},\"primaryImageOfPage\":{\"@id\":\"https:\/\/annette-ahrens.at\/onlineshop\/produkt\/versilberter-ei-im-glas-pokal-fa-wolkenstein-glueckselig-wien-um-1900-3\/#primaryimage\"},\"datePublished\":\"2025-08-07T04:41:34+00:00\",\"dateModified\":\"2025-08-04T14:51:25+00:00\",\"description\":\"Versilberter \\\"Ei-im-Glas\\\" Pokal, Fa. Wolkenstein & Gl\\u00fcckselig, Wien, um 1900 \\u2665 Antiquit\\u00e4ten Online kaufen \\u2713 Sichere Lieferung \\u2713\",\"breadcrumb\":{\"@id\":\"https:\/\/annette-ahrens.at\/onlineshop\/produkt\/versilberter-ei-im-glas-pokal-fa-wolkenstein-glueckselig-wien-um-1900-3\/#breadcrumb\"},\"inLanguage\":\"de\",\"potentialAction\":[{\"@type\":\"ReadAction\",\"target\":[\"https:\/\/annette-ahrens.at\/onlineshop\/produkt\/versilberter-ei-im-glas-pokal-fa-wolkenstein-glueckselig-wien-um-1900-3\/\"]}]},{\"@type\":\"BreadcrumbList\",\"@id\":\"https:\/\/annette-ahrens.at\/onlineshop\/produkt\/versilberter-ei-im-glas-pokal-fa-wolkenstein-glueckselig-wien-um-1900-3\/#breadcrumb\",\"itemListElement\":[{\"@type\":\"ListItem\",\"position\":1,\"item\":{\"@type\":\"WebPage\",\"@id\":\"https:\/\/annette-ahrens.at\/onlineshop\/\",\"url\":\"https:\/\/annette-ahrens.at\/onlineshop\/\",\"name\":\"Home\"}},{\"@type\":\"ListItem\",\"position\":2,\"item\":{\"@type\":\"WebPage\",\"@id\":\"https:\/\/annette-ahrens.at\/onlineshop\/alle-tafelkultur-objekte\/\",\"url\":\"https:\/\/annette-ahrens.at\/onlineshop\/alle-tafelkultur-objekte\/\",\"name\":\"Alle Tafelkultur Objekte\"}},{\"@type\":\"ListItem\",\"position\":3,\"item\":{\"@type\":\"WebPage\",\"@id\":\"https:\/\/annette-ahrens.at\/onlineshop\/produkt\/versilberter-ei-im-glas-pokal-fa-wolkenstein-glueckselig-wien-um-1900-3\/\",\"url\":\"https:\/\/annette-ahrens.at\/onlineshop\/produkt\/versilberter-ei-im-glas-pokal-fa-wolkenstein-glueckselig-wien-um-1900-3\/\",\"name\":\"Versilberter &#8220;Ei-im-Glas&#8221; Pokal, Fa. Wolkenstein &#038; Gl\\u00fcckselig, Wien, um 1900\"}}]}]}<\/script>\n<!-- \/ Yoast SEO Premium plugin. -->","_links":{"self":[{"href":"https:\/\/annette-ahrens.at\/onlineshop\/wp-json\/wp\/v2\/product\/38982","targetHints":{"allow":["GET"]}}],"collection":[{"href":"https:\/\/annette-ahrens.at\/onlineshop\/wp-json\/wp\/v2\/product"}],"about":[{"href":"https:\/\/annette-ahrens.at\/onlineshop\/wp-json\/wp\/v2\/types\/product"}],"replies":[{"embeddable":true,"href":"https:\/\/annette-ahrens.at\/onlineshop\/wp-json\/wp\/v2\/comments?post=38982"}],"wp:featuredmedia":[{"embeddable":true,"href":"https:\/\/annette-ahrens.at\/onlineshop\/wp-json\/wp\/v2\/media\/39000"}],"wp:attachment":[{"href":"https:\/\/annette-ahrens.at\/onlineshop\/wp-json\/wp\/v2\/media?parent=38982"}],"wp:term":[{"taxonomy":"product_brand","embeddable":true,"href":"https:\/\/annette-ahrens.at\/onlineshop\/wp-json\/wp\/v2\/product_brand?post=38982"},{"taxonomy":"product_cat","embeddable":true,"href":"https:\/\/annette-ahrens.at\/onlineshop\/wp-json\/wp\/v2\/product_cat?post=38982"},{"taxonomy":"product_tag","embeddable":true,"href":"https:\/\/annette-ahrens.at\/onlineshop\/wp-json\/wp\/v2\/product_tag?post=38982"}],"curies":[{"name":"wp","href":"https:\/\/api.w.org\/{rel}","templated":true}]}}