{"id":39032,"date":"2025-08-17T06:30:49","date_gmt":"2025-08-17T04:30:49","guid":{"rendered":"https:\/\/annette-ahrens.at\/onlineshop\/?post_type=product&#038;p=39032"},"modified":"2025-08-19T10:30:25","modified_gmt":"2025-08-19T08:30:25","slug":"fassform-auf-ovaler-tasse-fuer-senf-kaiserliche-porzellanmanufaktur-wien-um-1805","status":"publish","type":"product","link":"https:\/\/annette-ahrens.at\/onlineshop\/produkt\/fassform-auf-ovaler-tasse-fuer-senf-kaiserliche-porzellanmanufaktur-wien-um-1805\/","title":{"rendered":"\u00a0&#8222;Fassform auf ovaler Tasse \u00e0 la Johann&#8220;, Kaiserliche Porzellanmanufaktur Wien, um 1805"},"content":{"rendered":"<p>&#8222;Fassform auf ovaler Tasse \u00e0 la Johann&#8220;<\/p>\n<p>Kaiserliche Porzellanmanufaktur Wien, um 1805<\/p>\n<p>Porzellan, glasiert, rundes Senffass, (Deckel und kleinem Sch\u00f6pfer fehlen), Bemalung mit Weinblattranke (&#8222;mit gestreuten Bl\u00e4ttern&#8220;), gr\u00fcn ger\u00e4ndert, am Boden gemarkt mit unterglasurblauem Bindenschild, eingepresste Jahreszahl (1)805, altersbedingte Gebrauchsspuren<\/p>\n<p>H 10 cm<\/p>\n<p>Vergleiche: Waltraud Neuwirth, Wiener Porzellan, Formen und Dekore des Biedermeier, Band 1: Tafel-, Kaffee- und Teegeschirre, Wien 2012 (MAK Wien Bibliothek), Seite 39 (Preis-Liste der kais. k\u00f6nigl. Aerarial Porcellan-Manufactur) und Dekor Seite 57, Abbildung 159<\/p>\n","protected":false},"excerpt":{"rendered":"<p>Annettes Etikette: Ein Senffass ist an sich schon sehr selten. Das Formteil &#8222;Fassform auf ovaler Tasse&#8220; gibt es mit unterschiedlichsten Dekoren. Dieses Muster wird im Bestellungsbuch unter der Nummer 97 als &#8222;mit gestreuten Bl\u00e4ttern&#8220; und &#8222;\u00e0 la Johann&#8220; bezeichnet.<\/p>\n","protected":false},"featured_media":39044,"comment_status":"open","ping_status":"closed","template":"","meta":[],"product_brand":[],"product_cat":[130,20,54,43,22],"product_tag":[],"class_list":{"0":"post-39032","1":"product","2":"type-product","3":"status-publish","4":"has-post-thumbnail","6":"product_cat-abendessen","7":"product_cat-lunchtime","8":"product_cat-porzellan","9":"product_cat-senf","10":"product_cat-suess-sauer","12":"first","13":"instock","14":"sold-individually","15":"purchasable","16":"product-type-simple"},"yoast_head":"<!-- This site is optimized with the Yoast SEO Premium plugin v15.8.2 - https:\/\/yoast.com\/wordpress\/plugins\/seo\/ -->\n<title>\u00a0&quot;Fassform auf ovaler Tasse \u00e0 la Johann&quot;, Kaiserliche Porzellanmanufaktur Wien, um 1805<\/title>\n<meta name=\"description\" content=\"\u00a0&quot;Fassform auf ovaler Tasse \u00e0 la Johann&quot;, Kaiserliche Porzellanmanufaktur Wien, um 1805 \u2665 Antiquit\u00e4ten Online kaufen \u2713 Sichere Lieferung \u2713\" \/>\n<meta name=\"robots\" content=\"index, follow, max-snippet:-1, max-image-preview:large, max-video-preview:-1\" \/>\n<link rel=\"canonical\" href=\"https:\/\/annette-ahrens.at\/onlineshop\/produkt\/fassform-auf-ovaler-tasse-fuer-senf-kaiserliche-porzellanmanufaktur-wien-um-1805\/\" \/>\n<meta property=\"og:locale\" content=\"de_DE\" \/>\n<meta property=\"og:type\" content=\"article\" \/>\n<meta property=\"og:title\" content=\"\u00a0&quot;Fassform auf ovaler Tasse \u00e0 la Johann&quot;, Kaiserliche Porzellanmanufaktur Wien, um 1805\" \/>\n<meta property=\"og:description\" content=\"\u00a0&quot;Fassform auf ovaler Tasse \u00e0 la Johann&quot;, Kaiserliche Porzellanmanufaktur Wien, um 1805 \u2665 Antiquit\u00e4ten Online kaufen \u2713 Sichere Lieferung \u2713\" \/>\n<meta property=\"og:url\" content=\"https:\/\/annette-ahrens.at\/onlineshop\/produkt\/fassform-auf-ovaler-tasse-fuer-senf-kaiserliche-porzellanmanufaktur-wien-um-1805\/\" \/>\n<meta property=\"og:site_name\" content=\"Tafelkultur Onlineshop\" \/>\n<meta property=\"article:publisher\" content=\"https:\/\/www.facebook.com\/AnnetteAhrensTafelkultur\" \/>\n<meta property=\"article:modified_time\" content=\"2025-08-19T08:30:25+00:00\" \/>\n<meta property=\"og:image\" content=\"https:\/\/annette-ahrens.at\/onlineshop\/wp-content\/uploads\/2025\/08\/IMG_8387-scaled.jpeg\" \/>\n\t<meta property=\"og:image:width\" content=\"2048\" \/>\n\t<meta property=\"og:image:height\" content=\"1750\" \/>\n<meta name=\"twitter:card\" content=\"summary_large_image\" \/>\n<meta name=\"twitter:label1\" content=\"Gesch\u00e4tzte Lesezeit\">\n\t<meta name=\"twitter:data1\" content=\"1\u00a0Minute\">\n<script type=\"application\/ld+json\" class=\"yoast-schema-graph\">{\"@context\":\"https:\/\/schema.org\",\"@graph\":[{\"@type\":[\"Person\",\"Organization\"],\"@id\":\"https:\/\/annette-ahrens.at\/onlineshop\/#\/schema\/person\/3e19676faae246bba0cb3b7e15f427d8\",\"name\":\"Annette Ahrens\",\"image\":{\"@type\":\"ImageObject\",\"@id\":\"https:\/\/annette-ahrens.at\/onlineshop\/#personlogo\",\"inLanguage\":\"de\",\"url\":\"https:\/\/annette-ahrens.at\/onlineshop\/wp-content\/uploads\/2020\/04\/aa_logo_End.png\",\"width\":800,\"height\":164,\"caption\":\"Annette Ahrens\"},\"logo\":{\"@id\":\"https:\/\/annette-ahrens.at\/onlineshop\/#personlogo\"},\"sameAs\":[\"https:\/\/annette-ahrens.at\",\"https:\/\/www.facebook.com\/AnnetteAhrensTafelkultur\",\"https:\/\/www.instagram.com\/tafelkulturistin\/\",\"https:\/\/de.wikipedia.org\/wiki\/Annette_Ahrens\"]},{\"@type\":\"WebSite\",\"@id\":\"https:\/\/annette-ahrens.at\/onlineshop\/#website\",\"url\":\"https:\/\/annette-ahrens.at\/onlineshop\/\",\"name\":\"Tafelkultur Onlineshop\",\"description\":\"Annette Ahrens\",\"publisher\":{\"@id\":\"https:\/\/annette-ahrens.at\/onlineshop\/#\/schema\/person\/3e19676faae246bba0cb3b7e15f427d8\"},\"potentialAction\":[{\"@type\":\"SearchAction\",\"target\":\"https:\/\/annette-ahrens.at\/onlineshop\/?s={search_term_string}\",\"query-input\":\"required name=search_term_string\"}],\"inLanguage\":\"de\"},{\"@type\":\"ImageObject\",\"@id\":\"https:\/\/annette-ahrens.at\/onlineshop\/produkt\/fassform-auf-ovaler-tasse-fuer-senf-kaiserliche-porzellanmanufaktur-wien-um-1805\/#primaryimage\",\"inLanguage\":\"de\",\"url\":\"https:\/\/annette-ahrens.at\/onlineshop\/wp-content\/uploads\/2025\/08\/IMG_8387-scaled.jpeg\",\"width\":2048,\"height\":1750,\"caption\":\"senffass_alt_wien\"},{\"@type\":[\"WebPage\",\"ItemPage\"],\"@id\":\"https:\/\/annette-ahrens.at\/onlineshop\/produkt\/fassform-auf-ovaler-tasse-fuer-senf-kaiserliche-porzellanmanufaktur-wien-um-1805\/#webpage\",\"url\":\"https:\/\/annette-ahrens.at\/onlineshop\/produkt\/fassform-auf-ovaler-tasse-fuer-senf-kaiserliche-porzellanmanufaktur-wien-um-1805\/\",\"name\":\"\\u00a0\\\"Fassform auf ovaler Tasse \\u00e0 la Johann\\\", Kaiserliche Porzellanmanufaktur Wien, um 1805\",\"isPartOf\":{\"@id\":\"https:\/\/annette-ahrens.at\/onlineshop\/#website\"},\"primaryImageOfPage\":{\"@id\":\"https:\/\/annette-ahrens.at\/onlineshop\/produkt\/fassform-auf-ovaler-tasse-fuer-senf-kaiserliche-porzellanmanufaktur-wien-um-1805\/#primaryimage\"},\"datePublished\":\"2025-08-17T04:30:49+00:00\",\"dateModified\":\"2025-08-19T08:30:25+00:00\",\"description\":\"\\u00a0\\\"Fassform auf ovaler Tasse \\u00e0 la Johann\\\", Kaiserliche Porzellanmanufaktur Wien, um 1805 \\u2665 Antiquit\\u00e4ten Online kaufen \\u2713 Sichere Lieferung \\u2713\",\"breadcrumb\":{\"@id\":\"https:\/\/annette-ahrens.at\/onlineshop\/produkt\/fassform-auf-ovaler-tasse-fuer-senf-kaiserliche-porzellanmanufaktur-wien-um-1805\/#breadcrumb\"},\"inLanguage\":\"de\",\"potentialAction\":[{\"@type\":\"ReadAction\",\"target\":[\"https:\/\/annette-ahrens.at\/onlineshop\/produkt\/fassform-auf-ovaler-tasse-fuer-senf-kaiserliche-porzellanmanufaktur-wien-um-1805\/\"]}]},{\"@type\":\"BreadcrumbList\",\"@id\":\"https:\/\/annette-ahrens.at\/onlineshop\/produkt\/fassform-auf-ovaler-tasse-fuer-senf-kaiserliche-porzellanmanufaktur-wien-um-1805\/#breadcrumb\",\"itemListElement\":[{\"@type\":\"ListItem\",\"position\":1,\"item\":{\"@type\":\"WebPage\",\"@id\":\"https:\/\/annette-ahrens.at\/onlineshop\/\",\"url\":\"https:\/\/annette-ahrens.at\/onlineshop\/\",\"name\":\"Home\"}},{\"@type\":\"ListItem\",\"position\":2,\"item\":{\"@type\":\"WebPage\",\"@id\":\"https:\/\/annette-ahrens.at\/onlineshop\/alle-tafelkultur-objekte\/\",\"url\":\"https:\/\/annette-ahrens.at\/onlineshop\/alle-tafelkultur-objekte\/\",\"name\":\"Alle Tafelkultur Objekte\"}},{\"@type\":\"ListItem\",\"position\":3,\"item\":{\"@type\":\"WebPage\",\"@id\":\"https:\/\/annette-ahrens.at\/onlineshop\/produkt\/fassform-auf-ovaler-tasse-fuer-senf-kaiserliche-porzellanmanufaktur-wien-um-1805\/\",\"url\":\"https:\/\/annette-ahrens.at\/onlineshop\/produkt\/fassform-auf-ovaler-tasse-fuer-senf-kaiserliche-porzellanmanufaktur-wien-um-1805\/\",\"name\":\"\\u00a0&#8222;Fassform auf ovaler Tasse \\u00e0 la Johann&#8220;, Kaiserliche Porzellanmanufaktur Wien, um 1805\"}}]}]}<\/script>\n<!-- \/ Yoast SEO Premium plugin. -->","_links":{"self":[{"href":"https:\/\/annette-ahrens.at\/onlineshop\/wp-json\/wp\/v2\/product\/39032","targetHints":{"allow":["GET"]}}],"collection":[{"href":"https:\/\/annette-ahrens.at\/onlineshop\/wp-json\/wp\/v2\/product"}],"about":[{"href":"https:\/\/annette-ahrens.at\/onlineshop\/wp-json\/wp\/v2\/types\/product"}],"replies":[{"embeddable":true,"href":"https:\/\/annette-ahrens.at\/onlineshop\/wp-json\/wp\/v2\/comments?post=39032"}],"wp:featuredmedia":[{"embeddable":true,"href":"https:\/\/annette-ahrens.at\/onlineshop\/wp-json\/wp\/v2\/media\/39044"}],"wp:attachment":[{"href":"https:\/\/annette-ahrens.at\/onlineshop\/wp-json\/wp\/v2\/media?parent=39032"}],"wp:term":[{"taxonomy":"product_brand","embeddable":true,"href":"https:\/\/annette-ahrens.at\/onlineshop\/wp-json\/wp\/v2\/product_brand?post=39032"},{"taxonomy":"product_cat","embeddable":true,"href":"https:\/\/annette-ahrens.at\/onlineshop\/wp-json\/wp\/v2\/product_cat?post=39032"},{"taxonomy":"product_tag","embeddable":true,"href":"https:\/\/annette-ahrens.at\/onlineshop\/wp-json\/wp\/v2\/product_tag?post=39032"}],"curies":[{"name":"wp","href":"https:\/\/api.w.org\/{rel}","templated":true}]}}