{"id":3912,"date":"2020-10-28T22:56:19","date_gmt":"2020-10-28T21:56:19","guid":{"rendered":"https:\/\/annette-ahrens.at\/onlineshop\/?post_type=product&#038;p=3912"},"modified":"2022-09-19T16:15:52","modified_gmt":"2022-09-19T14:15:52","slug":"paar-silberne-jugendstil-serviettenringe-um-1900","status":"publish","type":"product","link":"https:\/\/annette-ahrens.at\/onlineshop\/produkt\/paar-silberne-jugendstil-serviettenringe-um-1900\/","title":{"rendered":"Paar silberne Jugendstil Serviettenringe, \u00d6sterreich, um 1900"},"content":{"rendered":"<p>Paar silberne Jugendstil Serviettenringe<\/p>\n<p>\u00d6sterreich, um 1900<\/p>\n<p>Silber, rund, Innenvergoldung, Au\u00dfenwandung mit getriebenen Jugendstil-Dekor, \u00f6sterreichische Einfuhrpunze, Meisterpunze AP (wohl Alfred Pollak, Prag &#8211; Wien), in zeitgen\u00f6ssischer Geschenkkassette<\/p>\n<p>Dm 5,2 cm<\/p>\n<p>H 4 cm<\/p>\n<p>44 g<\/p>\n","protected":false},"excerpt":{"rendered":"<p>Annettes Etikette: Serviettenringe sind beliebte Sammelst\u00fccke, noch beliebter sind sie als Hochzeitsgeschenk. Symbolisch, jeder bekommt einen Serviettenring, hier vereint in einer Kassette, quasi in einem Haus. Auf Wunsch kann ich die Serviettenringe auch mit den Namen der Braut und des Br\u00e4utigams individuell handgravieren lassen.<\/p>\n","protected":false},"featured_media":17706,"comment_status":"open","ping_status":"closed","template":"","meta":[],"product_brand":[],"product_cat":[130,291,326,244,328,311,29,293],"product_tag":[],"class_list":{"0":"post-3912","1":"product","2":"type-product","3":"status-publish","4":"has-post-thumbnail","6":"product_cat-abendessen","7":"product_cat-hochzeit","8":"product_cat-servietten","9":"product_cat-serviettenhalter","10":"product_cat-serviettenringe","11":"product_cat-tafelinventar","12":"product_cat-tafelwaesche","13":"product_cat-taufe","15":"first","16":"instock","17":"sold-individually","18":"purchasable","19":"product-type-simple"},"yoast_head":"<!-- This site is optimized with the Yoast SEO Premium plugin v15.8.2 - https:\/\/yoast.com\/wordpress\/plugins\/seo\/ -->\n<title>Paar silberne Jugendstil Serviettenringe, \u00d6sterreich, um 1900<\/title>\n<meta name=\"description\" content=\"Paar silberne Jugendstil Serviettenringe, \u00d6sterreich, um 1900 \u2665 Antiquit\u00e4ten Online kaufen \u2713 Sichere Lieferung \u2713\" \/>\n<meta name=\"robots\" content=\"index, follow, max-snippet:-1, max-image-preview:large, max-video-preview:-1\" \/>\n<link rel=\"canonical\" href=\"https:\/\/annette-ahrens.at\/onlineshop\/produkt\/paar-silberne-jugendstil-serviettenringe-um-1900\/\" \/>\n<meta property=\"og:locale\" content=\"de_DE\" \/>\n<meta property=\"og:type\" content=\"article\" \/>\n<meta property=\"og:title\" content=\"Paar silberne Jugendstil Serviettenringe, \u00d6sterreich, um 1900\" \/>\n<meta property=\"og:description\" content=\"Paar silberne Jugendstil Serviettenringe, \u00d6sterreich, um 1900 \u2665 Antiquit\u00e4ten Online kaufen \u2713 Sichere Lieferung \u2713\" \/>\n<meta property=\"og:url\" content=\"https:\/\/annette-ahrens.at\/onlineshop\/produkt\/paar-silberne-jugendstil-serviettenringe-um-1900\/\" \/>\n<meta property=\"og:site_name\" content=\"Tafelkultur Onlineshop\" \/>\n<meta property=\"article:publisher\" content=\"https:\/\/www.facebook.com\/AnnetteAhrensTafelkultur\" \/>\n<meta property=\"article:modified_time\" content=\"2022-09-19T14:15:52+00:00\" \/>\n<meta property=\"og:image\" content=\"https:\/\/annette-ahrens.at\/onlineshop\/wp-content\/uploads\/2022\/09\/IMG_8859-rotated.jpeg\" \/>\n\t<meta property=\"og:image:width\" content=\"1936\" \/>\n\t<meta property=\"og:image:height\" content=\"1936\" \/>\n<meta name=\"twitter:card\" content=\"summary_large_image\" \/>\n<meta name=\"twitter:label1\" content=\"Gesch\u00e4tzte Lesezeit\">\n\t<meta name=\"twitter:data1\" content=\"1\u00a0Minute\">\n<script type=\"application\/ld+json\" class=\"yoast-schema-graph\">{\"@context\":\"https:\/\/schema.org\",\"@graph\":[{\"@type\":[\"Person\",\"Organization\"],\"@id\":\"https:\/\/annette-ahrens.at\/onlineshop\/#\/schema\/person\/3e19676faae246bba0cb3b7e15f427d8\",\"name\":\"Annette Ahrens\",\"image\":{\"@type\":\"ImageObject\",\"@id\":\"https:\/\/annette-ahrens.at\/onlineshop\/#personlogo\",\"inLanguage\":\"de\",\"url\":\"https:\/\/annette-ahrens.at\/onlineshop\/wp-content\/uploads\/2020\/04\/aa_logo_End.png\",\"width\":800,\"height\":164,\"caption\":\"Annette Ahrens\"},\"logo\":{\"@id\":\"https:\/\/annette-ahrens.at\/onlineshop\/#personlogo\"},\"sameAs\":[\"https:\/\/annette-ahrens.at\",\"https:\/\/www.facebook.com\/AnnetteAhrensTafelkultur\",\"https:\/\/www.instagram.com\/tafelkulturistin\/\",\"https:\/\/de.wikipedia.org\/wiki\/Annette_Ahrens\"]},{\"@type\":\"WebSite\",\"@id\":\"https:\/\/annette-ahrens.at\/onlineshop\/#website\",\"url\":\"https:\/\/annette-ahrens.at\/onlineshop\/\",\"name\":\"Tafelkultur Onlineshop\",\"description\":\"Annette Ahrens\",\"publisher\":{\"@id\":\"https:\/\/annette-ahrens.at\/onlineshop\/#\/schema\/person\/3e19676faae246bba0cb3b7e15f427d8\"},\"potentialAction\":[{\"@type\":\"SearchAction\",\"target\":\"https:\/\/annette-ahrens.at\/onlineshop\/?s={search_term_string}\",\"query-input\":\"required name=search_term_string\"}],\"inLanguage\":\"de\"},{\"@type\":\"ImageObject\",\"@id\":\"https:\/\/annette-ahrens.at\/onlineshop\/produkt\/paar-silberne-jugendstil-serviettenringe-um-1900\/#primaryimage\",\"inLanguage\":\"de\",\"url\":\"https:\/\/annette-ahrens.at\/onlineshop\/wp-content\/uploads\/2022\/09\/IMG_8859-rotated.jpeg\",\"width\":1936,\"height\":1936,\"caption\":\"serviettenringe_silber\"},{\"@type\":[\"WebPage\",\"ItemPage\"],\"@id\":\"https:\/\/annette-ahrens.at\/onlineshop\/produkt\/paar-silberne-jugendstil-serviettenringe-um-1900\/#webpage\",\"url\":\"https:\/\/annette-ahrens.at\/onlineshop\/produkt\/paar-silberne-jugendstil-serviettenringe-um-1900\/\",\"name\":\"Paar silberne Jugendstil Serviettenringe, \\u00d6sterreich, um 1900\",\"isPartOf\":{\"@id\":\"https:\/\/annette-ahrens.at\/onlineshop\/#website\"},\"primaryImageOfPage\":{\"@id\":\"https:\/\/annette-ahrens.at\/onlineshop\/produkt\/paar-silberne-jugendstil-serviettenringe-um-1900\/#primaryimage\"},\"datePublished\":\"2020-10-28T21:56:19+00:00\",\"dateModified\":\"2022-09-19T14:15:52+00:00\",\"description\":\"Paar silberne Jugendstil Serviettenringe, \\u00d6sterreich, um 1900 \\u2665 Antiquit\\u00e4ten Online kaufen \\u2713 Sichere Lieferung \\u2713\",\"breadcrumb\":{\"@id\":\"https:\/\/annette-ahrens.at\/onlineshop\/produkt\/paar-silberne-jugendstil-serviettenringe-um-1900\/#breadcrumb\"},\"inLanguage\":\"de\",\"potentialAction\":[{\"@type\":\"ReadAction\",\"target\":[\"https:\/\/annette-ahrens.at\/onlineshop\/produkt\/paar-silberne-jugendstil-serviettenringe-um-1900\/\"]}]},{\"@type\":\"BreadcrumbList\",\"@id\":\"https:\/\/annette-ahrens.at\/onlineshop\/produkt\/paar-silberne-jugendstil-serviettenringe-um-1900\/#breadcrumb\",\"itemListElement\":[{\"@type\":\"ListItem\",\"position\":1,\"item\":{\"@type\":\"WebPage\",\"@id\":\"https:\/\/annette-ahrens.at\/onlineshop\/\",\"url\":\"https:\/\/annette-ahrens.at\/onlineshop\/\",\"name\":\"Home\"}},{\"@type\":\"ListItem\",\"position\":2,\"item\":{\"@type\":\"WebPage\",\"@id\":\"https:\/\/annette-ahrens.at\/onlineshop\/alle-tafelkultur-objekte\/\",\"url\":\"https:\/\/annette-ahrens.at\/onlineshop\/alle-tafelkultur-objekte\/\",\"name\":\"Alle Tafelkultur Objekte\"}},{\"@type\":\"ListItem\",\"position\":3,\"item\":{\"@type\":\"WebPage\",\"@id\":\"https:\/\/annette-ahrens.at\/onlineshop\/produkt\/paar-silberne-jugendstil-serviettenringe-um-1900\/\",\"url\":\"https:\/\/annette-ahrens.at\/onlineshop\/produkt\/paar-silberne-jugendstil-serviettenringe-um-1900\/\",\"name\":\"Paar silberne Jugendstil Serviettenringe, \\u00d6sterreich, um 1900\"}}]}]}<\/script>\n<!-- \/ Yoast SEO Premium plugin. -->","_links":{"self":[{"href":"https:\/\/annette-ahrens.at\/onlineshop\/wp-json\/wp\/v2\/product\/3912","targetHints":{"allow":["GET"]}}],"collection":[{"href":"https:\/\/annette-ahrens.at\/onlineshop\/wp-json\/wp\/v2\/product"}],"about":[{"href":"https:\/\/annette-ahrens.at\/onlineshop\/wp-json\/wp\/v2\/types\/product"}],"replies":[{"embeddable":true,"href":"https:\/\/annette-ahrens.at\/onlineshop\/wp-json\/wp\/v2\/comments?post=3912"}],"wp:featuredmedia":[{"embeddable":true,"href":"https:\/\/annette-ahrens.at\/onlineshop\/wp-json\/wp\/v2\/media\/17706"}],"wp:attachment":[{"href":"https:\/\/annette-ahrens.at\/onlineshop\/wp-json\/wp\/v2\/media?parent=3912"}],"wp:term":[{"taxonomy":"product_brand","embeddable":true,"href":"https:\/\/annette-ahrens.at\/onlineshop\/wp-json\/wp\/v2\/product_brand?post=3912"},{"taxonomy":"product_cat","embeddable":true,"href":"https:\/\/annette-ahrens.at\/onlineshop\/wp-json\/wp\/v2\/product_cat?post=3912"},{"taxonomy":"product_tag","embeddable":true,"href":"https:\/\/annette-ahrens.at\/onlineshop\/wp-json\/wp\/v2\/product_tag?post=3912"}],"curies":[{"name":"wp","href":"https:\/\/api.w.org\/{rel}","templated":true}]}}