{"id":39180,"date":"2025-08-21T06:23:54","date_gmt":"2025-08-21T04:23:54","guid":{"rendered":"https:\/\/annette-ahrens.at\/onlineshop\/?post_type=product&#038;p=39180"},"modified":"2025-08-18T19:31:35","modified_gmt":"2025-08-18T17:31:35","slug":"craquele-vase-porzellanmanufaktur-augarten-wien-um-1940-2","status":"publish","type":"product","link":"https:\/\/annette-ahrens.at\/onlineshop\/produkt\/craquele-vase-porzellanmanufaktur-augarten-wien-um-1940-2\/","title":{"rendered":"Craquel\u00e9-Vase, Porzellanmanufaktur Augarten, Wien, um 1940"},"content":{"rendered":"<p>Craquel\u00e9-Vase<\/p>\n<p>Porzellanmanufaktur Augarten, Wien, \u00d6sterreich, um 1940<\/p>\n<p>Porzellan, glasiert, Standring, gebauchte Wandung mit abgesetztem Hals, graue Craquel\u00e9-Glasur, am Boden blaue Manufakturmarke bekr\u00f6nter Bindenschild und Wien<\/p>\n<p>H 19,6 cm<\/p>\n<p>Dm 14 cm<\/p>\n<p>Vergleiche: MAK Wien, Inventarnummer Ke 7488, Vase mit Ankaufsdatum von 1938<\/p>\n","protected":false},"excerpt":{"rendered":"<p>Annettes Etikette: Der Ausdruck &#8222;Craquel\u00e9&#8220; stammt vom Franz\u00f6sischen: &#8222;rissig werden&#8220;. Das bewusst herbeigef\u00fchrte Sprungnetz dieses bei der Porzellanmanufaktur Augarten seltenen produzierten Dekors entsteht durch die unterschiedlichen Ausdehnungskoeffizienten von Glasur und Porzellan. Vorbild d\u00fcrften die in Japan entstandenen Raku-Keramiken mit spezieller Brenntechnik gewesen sein, wo die Glasuroberfl\u00e4che beim Abk\u00fchlen reisst.<\/p>\n","protected":false},"featured_media":39181,"comment_status":"open","ping_status":"closed","template":"","meta":[],"product_brand":[],"product_cat":[32,31,294,292,131,280,26],"product_tag":[],"class_list":{"0":"post-39180","1":"product","2":"type-product","3":"status-publish","4":"has-post-thumbnail","6":"product_cat-festefeiern","7":"product_cat-gastgeschenke","8":"product_cat-geburtstag","9":"product_cat-muttertag","10":"product_cat-tafeldekorationen","11":"product_cat-vase","12":"product_cat-wiener-melange","14":"first","15":"instock","16":"sold-individually","17":"purchasable","18":"product-type-simple"},"yoast_head":"<!-- This site is optimized with the Yoast SEO Premium plugin v15.8.2 - https:\/\/yoast.com\/wordpress\/plugins\/seo\/ -->\n<title>Craquel\u00e9-Vase, Porzellanmanufaktur Augarten, Wien, um 1940<\/title>\n<meta name=\"description\" content=\"Craquel\u00e9-Vase, Porzellanmanufaktur Augarten, Wien, um 1940 \u2665 Antiquit\u00e4ten Online kaufen \u2713 Sichere Lieferung \u2713\" \/>\n<meta name=\"robots\" content=\"index, follow, max-snippet:-1, max-image-preview:large, max-video-preview:-1\" \/>\n<link rel=\"canonical\" href=\"https:\/\/annette-ahrens.at\/onlineshop\/produkt\/craquele-vase-porzellanmanufaktur-augarten-wien-um-1940-2\/\" \/>\n<meta property=\"og:locale\" content=\"de_DE\" \/>\n<meta property=\"og:type\" content=\"article\" \/>\n<meta property=\"og:title\" content=\"Craquel\u00e9-Vase, Porzellanmanufaktur Augarten, Wien, um 1940\" \/>\n<meta property=\"og:description\" content=\"Craquel\u00e9-Vase, Porzellanmanufaktur Augarten, Wien, um 1940 \u2665 Antiquit\u00e4ten Online kaufen \u2713 Sichere Lieferung \u2713\" \/>\n<meta property=\"og:url\" content=\"https:\/\/annette-ahrens.at\/onlineshop\/produkt\/craquele-vase-porzellanmanufaktur-augarten-wien-um-1940-2\/\" \/>\n<meta property=\"og:site_name\" content=\"Tafelkultur Onlineshop\" \/>\n<meta property=\"article:publisher\" content=\"https:\/\/www.facebook.com\/AnnetteAhrensTafelkultur\" \/>\n<meta property=\"article:modified_time\" content=\"2025-08-18T17:31:35+00:00\" \/>\n<meta property=\"og:image\" content=\"https:\/\/annette-ahrens.at\/onlineshop\/wp-content\/uploads\/2025\/08\/IMG_8520-scaled.jpeg\" \/>\n\t<meta property=\"og:image:width\" content=\"1660\" \/>\n\t<meta property=\"og:image:height\" content=\"2048\" \/>\n<meta name=\"twitter:card\" content=\"summary_large_image\" \/>\n<meta name=\"twitter:label1\" content=\"Gesch\u00e4tzte Lesezeit\">\n\t<meta name=\"twitter:data1\" content=\"1\u00a0Minute\">\n<script type=\"application\/ld+json\" class=\"yoast-schema-graph\">{\"@context\":\"https:\/\/schema.org\",\"@graph\":[{\"@type\":[\"Person\",\"Organization\"],\"@id\":\"https:\/\/annette-ahrens.at\/onlineshop\/#\/schema\/person\/3e19676faae246bba0cb3b7e15f427d8\",\"name\":\"Annette Ahrens\",\"image\":{\"@type\":\"ImageObject\",\"@id\":\"https:\/\/annette-ahrens.at\/onlineshop\/#personlogo\",\"inLanguage\":\"de\",\"url\":\"https:\/\/annette-ahrens.at\/onlineshop\/wp-content\/uploads\/2020\/04\/aa_logo_End.png\",\"width\":800,\"height\":164,\"caption\":\"Annette Ahrens\"},\"logo\":{\"@id\":\"https:\/\/annette-ahrens.at\/onlineshop\/#personlogo\"},\"sameAs\":[\"https:\/\/annette-ahrens.at\",\"https:\/\/www.facebook.com\/AnnetteAhrensTafelkultur\",\"https:\/\/www.instagram.com\/tafelkulturistin\/\",\"https:\/\/de.wikipedia.org\/wiki\/Annette_Ahrens\"]},{\"@type\":\"WebSite\",\"@id\":\"https:\/\/annette-ahrens.at\/onlineshop\/#website\",\"url\":\"https:\/\/annette-ahrens.at\/onlineshop\/\",\"name\":\"Tafelkultur Onlineshop\",\"description\":\"Annette Ahrens\",\"publisher\":{\"@id\":\"https:\/\/annette-ahrens.at\/onlineshop\/#\/schema\/person\/3e19676faae246bba0cb3b7e15f427d8\"},\"potentialAction\":[{\"@type\":\"SearchAction\",\"target\":\"https:\/\/annette-ahrens.at\/onlineshop\/?s={search_term_string}\",\"query-input\":\"required name=search_term_string\"}],\"inLanguage\":\"de\"},{\"@type\":\"ImageObject\",\"@id\":\"https:\/\/annette-ahrens.at\/onlineshop\/produkt\/craquele-vase-porzellanmanufaktur-augarten-wien-um-1940-2\/#primaryimage\",\"inLanguage\":\"de\",\"url\":\"https:\/\/annette-ahrens.at\/onlineshop\/wp-content\/uploads\/2025\/08\/IMG_8520-scaled.jpeg\",\"width\":1660,\"height\":2048,\"caption\":\"vase_augarten\"},{\"@type\":[\"WebPage\",\"ItemPage\"],\"@id\":\"https:\/\/annette-ahrens.at\/onlineshop\/produkt\/craquele-vase-porzellanmanufaktur-augarten-wien-um-1940-2\/#webpage\",\"url\":\"https:\/\/annette-ahrens.at\/onlineshop\/produkt\/craquele-vase-porzellanmanufaktur-augarten-wien-um-1940-2\/\",\"name\":\"Craquel\\u00e9-Vase, Porzellanmanufaktur Augarten, Wien, um 1940\",\"isPartOf\":{\"@id\":\"https:\/\/annette-ahrens.at\/onlineshop\/#website\"},\"primaryImageOfPage\":{\"@id\":\"https:\/\/annette-ahrens.at\/onlineshop\/produkt\/craquele-vase-porzellanmanufaktur-augarten-wien-um-1940-2\/#primaryimage\"},\"datePublished\":\"2025-08-21T04:23:54+00:00\",\"dateModified\":\"2025-08-18T17:31:35+00:00\",\"description\":\"Craquel\\u00e9-Vase, Porzellanmanufaktur Augarten, Wien, um 1940 \\u2665 Antiquit\\u00e4ten Online kaufen \\u2713 Sichere Lieferung \\u2713\",\"breadcrumb\":{\"@id\":\"https:\/\/annette-ahrens.at\/onlineshop\/produkt\/craquele-vase-porzellanmanufaktur-augarten-wien-um-1940-2\/#breadcrumb\"},\"inLanguage\":\"de\",\"potentialAction\":[{\"@type\":\"ReadAction\",\"target\":[\"https:\/\/annette-ahrens.at\/onlineshop\/produkt\/craquele-vase-porzellanmanufaktur-augarten-wien-um-1940-2\/\"]}]},{\"@type\":\"BreadcrumbList\",\"@id\":\"https:\/\/annette-ahrens.at\/onlineshop\/produkt\/craquele-vase-porzellanmanufaktur-augarten-wien-um-1940-2\/#breadcrumb\",\"itemListElement\":[{\"@type\":\"ListItem\",\"position\":1,\"item\":{\"@type\":\"WebPage\",\"@id\":\"https:\/\/annette-ahrens.at\/onlineshop\/\",\"url\":\"https:\/\/annette-ahrens.at\/onlineshop\/\",\"name\":\"Home\"}},{\"@type\":\"ListItem\",\"position\":2,\"item\":{\"@type\":\"WebPage\",\"@id\":\"https:\/\/annette-ahrens.at\/onlineshop\/alle-tafelkultur-objekte\/\",\"url\":\"https:\/\/annette-ahrens.at\/onlineshop\/alle-tafelkultur-objekte\/\",\"name\":\"Alle Tafelkultur Objekte\"}},{\"@type\":\"ListItem\",\"position\":3,\"item\":{\"@type\":\"WebPage\",\"@id\":\"https:\/\/annette-ahrens.at\/onlineshop\/produkt\/craquele-vase-porzellanmanufaktur-augarten-wien-um-1940-2\/\",\"url\":\"https:\/\/annette-ahrens.at\/onlineshop\/produkt\/craquele-vase-porzellanmanufaktur-augarten-wien-um-1940-2\/\",\"name\":\"Craquel\\u00e9-Vase, Porzellanmanufaktur Augarten, Wien, um 1940\"}}]}]}<\/script>\n<!-- \/ Yoast SEO Premium plugin. -->","_links":{"self":[{"href":"https:\/\/annette-ahrens.at\/onlineshop\/wp-json\/wp\/v2\/product\/39180","targetHints":{"allow":["GET"]}}],"collection":[{"href":"https:\/\/annette-ahrens.at\/onlineshop\/wp-json\/wp\/v2\/product"}],"about":[{"href":"https:\/\/annette-ahrens.at\/onlineshop\/wp-json\/wp\/v2\/types\/product"}],"replies":[{"embeddable":true,"href":"https:\/\/annette-ahrens.at\/onlineshop\/wp-json\/wp\/v2\/comments?post=39180"}],"wp:featuredmedia":[{"embeddable":true,"href":"https:\/\/annette-ahrens.at\/onlineshop\/wp-json\/wp\/v2\/media\/39181"}],"wp:attachment":[{"href":"https:\/\/annette-ahrens.at\/onlineshop\/wp-json\/wp\/v2\/media?parent=39180"}],"wp:term":[{"taxonomy":"product_brand","embeddable":true,"href":"https:\/\/annette-ahrens.at\/onlineshop\/wp-json\/wp\/v2\/product_brand?post=39180"},{"taxonomy":"product_cat","embeddable":true,"href":"https:\/\/annette-ahrens.at\/onlineshop\/wp-json\/wp\/v2\/product_cat?post=39180"},{"taxonomy":"product_tag","embeddable":true,"href":"https:\/\/annette-ahrens.at\/onlineshop\/wp-json\/wp\/v2\/product_tag?post=39180"}],"curies":[{"name":"wp","href":"https:\/\/api.w.org\/{rel}","templated":true}]}}