{"id":39219,"date":"2025-08-24T07:01:33","date_gmt":"2025-08-24T05:01:33","guid":{"rendered":"https:\/\/annette-ahrens.at\/onlineshop\/?post_type=product&#038;p=39219"},"modified":"2025-08-25T10:20:43","modified_gmt":"2025-08-25T08:20:43","slug":"philipp-haeusler-47-teiliges-besteck-europa-fuer-6-personen-fa-berndorf-um-1925","status":"publish","type":"product","link":"https:\/\/annette-ahrens.at\/onlineshop\/produkt\/philipp-haeusler-47-teiliges-besteck-europa-fuer-6-personen-fa-berndorf-um-1925\/","title":{"rendered":"Philipp H\u00e4usler, 46 teiliges Besteck &#8222;Europa&#8220; f\u00fcr 6 Personen, Fa. Berndorf, um 1925"},"content":{"rendered":"<p><span style=\"font-size: 12pt;\">Art Deco Besteck &#8222;Europa&#8220; f\u00fcr 6 Personen<\/span><\/p>\n<p>Entwurf: Philipp H\u00e4usler (geb. am 7. 11. 1887 in Panczowa (Ungarn), gest. am 18. 2. 1966 in Frankfurt am Main) f\u00fcr die Firma Berndorf, um 1925<\/p>\n<p>Alpacca, stark versilbert; 46 St\u00fcck, alle Teile gemarkt mit Firmenzeichen: kreisrunde B\u00e4ren-Marke BERNDORF KRUPP f\u00fcr Alpacca I; \u00a0runde Berndorf Marke, Auflage 90 und 30, alle Messer mit Hohlheft und rostfreien, originalen Berndorf-Klingen mit Wellenschliff; altersbedingte Gebrauchsspuren<\/p>\n<p>Bestehend aus:<\/p>\n<p>6 Bouillonl\u00f6ffel L 18,5 cm<\/p>\n<p>6 Vorspeisgabeln L 18,4 cm<\/p>\n<p>6 Vorspeismesser L 20,8 cm (rostfreie, spitze Messerklingenform vor 1945)<\/p>\n<div title=\"Page 1\">\n<p>6 Kaffeelo\u0308ffel L 14,5 cm<\/p>\n<p>6 Mokkalo\u0308ffel L 9 cm<\/p>\n<p>6 Obstmesser L 18 cm (rostfreie, spitze Messerklingenform vor 1945)<\/p>\n<p>5 Obstgabeln L 15,3 cm<\/p>\n<p>und 5 Vorlegern<\/p>\n<\/div>\n<p>1 Tortenheber<\/p>\n<p>1 Fleischgabel<\/p>\n<p>1 Reisl\u00f6ffel<\/p>\n<p>1 Buttermesser<\/p>\n<p>1 K\u00e4semesser<\/p>\n","protected":false},"excerpt":{"rendered":"<p>Annettes Etikette: Der Architekt Philipp H\u00e4usler (geb. am 7. 11. 1887 in Panczowa (Ungarn), gest. am 18. 2. 1966 in Frankfurt am Main) besuchte die k.k. Lehranstalt f\u00fcr Textilindustrie und studierte von 1905 bis 1911 an der Wiener Kunstgewerbeschule bei Franz Cizek, Hermann Herdtle und Josef Hoffmann. 1911 absolvierte er einen Sonderkurs in Keramik und Email und arbeitete zwischen 1911 und 1913 als Assistent bei Hoffmann. Er lehrte an den Gewerbeschulen in Offenbach am Main und in K\u00f6ln. Von 1920 bis 1925 war er beim Wiener Werkbund t\u00e4tig. H\u00e4usler nahm an der Dessin-Ausstellung (1910), der Winterausstellung des \u00d6sterreichischen Museums f\u00fcr Kunst und Industrie, der Werkbund-Ausstellung 1913, der Ausstellung von Arbeiten des modernen \u00f6sterreichischen Kunsthandwerks und der &#8222;Dagobert-Peche-Ged\u00e4chtnis-Ausstellung&#8220; teil. H\u00e4usler bem\u00fchte sich als ihr letzter Direktor um die Reorganisation und Sanierung der Wiener Werkst\u00e4tte. H\u00e4uslers Nachlass befindet sich zum Teil in der Nationalbibliothek in Wien und weiters in der Wienbibliothek im Rathaus. Die Haptik dieses Besteckes wird in der Anzeige der Fa. Berndorf von 1925 veranschaulicht. Der L\u00f6ffel l\u00e4sst sich tadellos frei balancieren. Die Sonderedition dieser heute nicht mehr produzierten Besteckform mit der Ufa Raute kommt in den sp\u00e4ten 1950er-Jahren bei Bewirtungen von G\u00e4sten der Ufa zum Einsatz. Vgl. M\u00e4nz, Peter; Rother, Rainer und Wick, Klaudia (Hrsg.), Die UFA \u2013 Geschichte einer Marke, Bielefeld 2017, S. 117. Bei diesem Bestecksatz ist das Obstbesteck besonders selten.<\/p>\n","protected":false},"featured_media":39222,"comment_status":"open","ping_status":"closed","template":"","meta":[],"product_brand":[],"product_cat":[276,30,249,32,235,291,242,246,236,237,266,252,250,238,53],"product_tag":[],"class_list":{"0":"post-39219","1":"product","2":"type-product","3":"status-publish","4":"has-post-thumbnail","6":"product_cat-alpacca","7":"product_cat-besteck","8":"product_cat-bouillonloeffel","9":"product_cat-festefeiern","10":"product_cat-gabeln","11":"product_cat-hochzeit","12":"product_cat-kaesemesser","13":"product_cat-kuchengabeln","14":"product_cat-loeffel","15":"product_cat-messer","16":"product_cat-schoepfer","17":"product_cat-suppenloeffel","18":"product_cat-teeloeffel-loeffeln","19":"product_cat-vorleger","20":"product_cat-weihnachten","22":"first","23":"instock","24":"sold-individually","25":"purchasable","26":"product-type-simple"},"yoast_head":"<!-- This site is optimized with the Yoast SEO Premium plugin v15.8.2 - https:\/\/yoast.com\/wordpress\/plugins\/seo\/ -->\n<title>Philipp H\u00e4usler, 46 teiliges Besteck &quot;Europa&quot; f\u00fcr 6 Personen, Fa. Berndorf, um 1925<\/title>\n<meta name=\"description\" content=\"Philipp H\u00e4usler, 46 teiliges Besteck &quot;Europa&quot; f\u00fcr 6 Personen, Fa. Berndorf, um 1925 \u2665 Antiquit\u00e4ten Online kaufen \u2713 Sichere Lieferung \u2713\" \/>\n<meta name=\"robots\" content=\"index, follow, max-snippet:-1, max-image-preview:large, max-video-preview:-1\" \/>\n<link rel=\"canonical\" href=\"https:\/\/annette-ahrens.at\/onlineshop\/produkt\/philipp-haeusler-47-teiliges-besteck-europa-fuer-6-personen-fa-berndorf-um-1925\/\" \/>\n<meta property=\"og:locale\" content=\"de_DE\" \/>\n<meta property=\"og:type\" content=\"article\" \/>\n<meta property=\"og:title\" content=\"Philipp H\u00e4usler, 46 teiliges Besteck &quot;Europa&quot; f\u00fcr 6 Personen, Fa. Berndorf, um 1925\" \/>\n<meta property=\"og:description\" content=\"Philipp H\u00e4usler, 46 teiliges Besteck &quot;Europa&quot; f\u00fcr 6 Personen, Fa. Berndorf, um 1925 \u2665 Antiquit\u00e4ten Online kaufen \u2713 Sichere Lieferung \u2713\" \/>\n<meta property=\"og:url\" content=\"https:\/\/annette-ahrens.at\/onlineshop\/produkt\/philipp-haeusler-47-teiliges-besteck-europa-fuer-6-personen-fa-berndorf-um-1925\/\" \/>\n<meta property=\"og:site_name\" content=\"Tafelkultur Onlineshop\" \/>\n<meta property=\"article:publisher\" content=\"https:\/\/www.facebook.com\/AnnetteAhrensTafelkultur\" \/>\n<meta property=\"article:modified_time\" content=\"2025-08-25T08:20:43+00:00\" \/>\n<meta property=\"og:image\" content=\"https:\/\/annette-ahrens.at\/onlineshop\/wp-content\/uploads\/2025\/08\/IMG_8547-scaled.jpeg\" \/>\n\t<meta property=\"og:image:width\" content=\"1723\" \/>\n\t<meta property=\"og:image:height\" content=\"2048\" \/>\n<meta name=\"twitter:card\" content=\"summary_large_image\" \/>\n<meta name=\"twitter:label1\" content=\"Gesch\u00e4tzte Lesezeit\">\n\t<meta name=\"twitter:data1\" content=\"1\u00a0Minute\">\n<script type=\"application\/ld+json\" class=\"yoast-schema-graph\">{\"@context\":\"https:\/\/schema.org\",\"@graph\":[{\"@type\":[\"Person\",\"Organization\"],\"@id\":\"https:\/\/annette-ahrens.at\/onlineshop\/#\/schema\/person\/3e19676faae246bba0cb3b7e15f427d8\",\"name\":\"Annette Ahrens\",\"image\":{\"@type\":\"ImageObject\",\"@id\":\"https:\/\/annette-ahrens.at\/onlineshop\/#personlogo\",\"inLanguage\":\"de\",\"url\":\"https:\/\/annette-ahrens.at\/onlineshop\/wp-content\/uploads\/2020\/04\/aa_logo_End.png\",\"width\":800,\"height\":164,\"caption\":\"Annette Ahrens\"},\"logo\":{\"@id\":\"https:\/\/annette-ahrens.at\/onlineshop\/#personlogo\"},\"sameAs\":[\"https:\/\/annette-ahrens.at\",\"https:\/\/www.facebook.com\/AnnetteAhrensTafelkultur\",\"https:\/\/www.instagram.com\/tafelkulturistin\/\",\"https:\/\/de.wikipedia.org\/wiki\/Annette_Ahrens\"]},{\"@type\":\"WebSite\",\"@id\":\"https:\/\/annette-ahrens.at\/onlineshop\/#website\",\"url\":\"https:\/\/annette-ahrens.at\/onlineshop\/\",\"name\":\"Tafelkultur Onlineshop\",\"description\":\"Annette Ahrens\",\"publisher\":{\"@id\":\"https:\/\/annette-ahrens.at\/onlineshop\/#\/schema\/person\/3e19676faae246bba0cb3b7e15f427d8\"},\"potentialAction\":[{\"@type\":\"SearchAction\",\"target\":\"https:\/\/annette-ahrens.at\/onlineshop\/?s={search_term_string}\",\"query-input\":\"required name=search_term_string\"}],\"inLanguage\":\"de\"},{\"@type\":\"ImageObject\",\"@id\":\"https:\/\/annette-ahrens.at\/onlineshop\/produkt\/philipp-haeusler-47-teiliges-besteck-europa-fuer-6-personen-fa-berndorf-um-1925\/#primaryimage\",\"inLanguage\":\"de\",\"url\":\"https:\/\/annette-ahrens.at\/onlineshop\/wp-content\/uploads\/2025\/08\/IMG_8547-scaled.jpeg\",\"width\":1723,\"height\":2048,\"caption\":\"besteck_berndorf_europa_h\\u00e4usler\"},{\"@type\":[\"WebPage\",\"ItemPage\"],\"@id\":\"https:\/\/annette-ahrens.at\/onlineshop\/produkt\/philipp-haeusler-47-teiliges-besteck-europa-fuer-6-personen-fa-berndorf-um-1925\/#webpage\",\"url\":\"https:\/\/annette-ahrens.at\/onlineshop\/produkt\/philipp-haeusler-47-teiliges-besteck-europa-fuer-6-personen-fa-berndorf-um-1925\/\",\"name\":\"Philipp H\\u00e4usler, 46 teiliges Besteck \\\"Europa\\\" f\\u00fcr 6 Personen, Fa. Berndorf, um 1925\",\"isPartOf\":{\"@id\":\"https:\/\/annette-ahrens.at\/onlineshop\/#website\"},\"primaryImageOfPage\":{\"@id\":\"https:\/\/annette-ahrens.at\/onlineshop\/produkt\/philipp-haeusler-47-teiliges-besteck-europa-fuer-6-personen-fa-berndorf-um-1925\/#primaryimage\"},\"datePublished\":\"2025-08-24T05:01:33+00:00\",\"dateModified\":\"2025-08-25T08:20:43+00:00\",\"description\":\"Philipp H\\u00e4usler, 46 teiliges Besteck \\\"Europa\\\" f\\u00fcr 6 Personen, Fa. Berndorf, um 1925 \\u2665 Antiquit\\u00e4ten Online kaufen \\u2713 Sichere Lieferung \\u2713\",\"breadcrumb\":{\"@id\":\"https:\/\/annette-ahrens.at\/onlineshop\/produkt\/philipp-haeusler-47-teiliges-besteck-europa-fuer-6-personen-fa-berndorf-um-1925\/#breadcrumb\"},\"inLanguage\":\"de\",\"potentialAction\":[{\"@type\":\"ReadAction\",\"target\":[\"https:\/\/annette-ahrens.at\/onlineshop\/produkt\/philipp-haeusler-47-teiliges-besteck-europa-fuer-6-personen-fa-berndorf-um-1925\/\"]}]},{\"@type\":\"BreadcrumbList\",\"@id\":\"https:\/\/annette-ahrens.at\/onlineshop\/produkt\/philipp-haeusler-47-teiliges-besteck-europa-fuer-6-personen-fa-berndorf-um-1925\/#breadcrumb\",\"itemListElement\":[{\"@type\":\"ListItem\",\"position\":1,\"item\":{\"@type\":\"WebPage\",\"@id\":\"https:\/\/annette-ahrens.at\/onlineshop\/\",\"url\":\"https:\/\/annette-ahrens.at\/onlineshop\/\",\"name\":\"Home\"}},{\"@type\":\"ListItem\",\"position\":2,\"item\":{\"@type\":\"WebPage\",\"@id\":\"https:\/\/annette-ahrens.at\/onlineshop\/alle-tafelkultur-objekte\/\",\"url\":\"https:\/\/annette-ahrens.at\/onlineshop\/alle-tafelkultur-objekte\/\",\"name\":\"Alle Tafelkultur Objekte\"}},{\"@type\":\"ListItem\",\"position\":3,\"item\":{\"@type\":\"WebPage\",\"@id\":\"https:\/\/annette-ahrens.at\/onlineshop\/produkt\/philipp-haeusler-47-teiliges-besteck-europa-fuer-6-personen-fa-berndorf-um-1925\/\",\"url\":\"https:\/\/annette-ahrens.at\/onlineshop\/produkt\/philipp-haeusler-47-teiliges-besteck-europa-fuer-6-personen-fa-berndorf-um-1925\/\",\"name\":\"Philipp H\\u00e4usler, 46 teiliges Besteck &#8222;Europa&#8220; f\\u00fcr 6 Personen, Fa. Berndorf, um 1925\"}}]}]}<\/script>\n<!-- \/ Yoast SEO Premium plugin. -->","_links":{"self":[{"href":"https:\/\/annette-ahrens.at\/onlineshop\/wp-json\/wp\/v2\/product\/39219","targetHints":{"allow":["GET"]}}],"collection":[{"href":"https:\/\/annette-ahrens.at\/onlineshop\/wp-json\/wp\/v2\/product"}],"about":[{"href":"https:\/\/annette-ahrens.at\/onlineshop\/wp-json\/wp\/v2\/types\/product"}],"replies":[{"embeddable":true,"href":"https:\/\/annette-ahrens.at\/onlineshop\/wp-json\/wp\/v2\/comments?post=39219"}],"wp:featuredmedia":[{"embeddable":true,"href":"https:\/\/annette-ahrens.at\/onlineshop\/wp-json\/wp\/v2\/media\/39222"}],"wp:attachment":[{"href":"https:\/\/annette-ahrens.at\/onlineshop\/wp-json\/wp\/v2\/media?parent=39219"}],"wp:term":[{"taxonomy":"product_brand","embeddable":true,"href":"https:\/\/annette-ahrens.at\/onlineshop\/wp-json\/wp\/v2\/product_brand?post=39219"},{"taxonomy":"product_cat","embeddable":true,"href":"https:\/\/annette-ahrens.at\/onlineshop\/wp-json\/wp\/v2\/product_cat?post=39219"},{"taxonomy":"product_tag","embeddable":true,"href":"https:\/\/annette-ahrens.at\/onlineshop\/wp-json\/wp\/v2\/product_tag?post=39219"}],"curies":[{"name":"wp","href":"https:\/\/api.w.org\/{rel}","templated":true}]}}