{"id":39277,"date":"2025-08-30T06:51:58","date_gmt":"2025-08-30T04:51:58","guid":{"rendered":"https:\/\/annette-ahrens.at\/onlineshop\/?post_type=product&#038;p=39277"},"modified":"2025-12-04T10:09:50","modified_gmt":"2025-12-04T09:09:50","slug":"31-teiliges-besteck-ideal-fuer-6-personen-fa-erbe-thueringen-um-1910","status":"publish","type":"product","link":"https:\/\/annette-ahrens.at\/onlineshop\/produkt\/31-teiliges-besteck-ideal-fuer-6-personen-fa-erbe-thueringen-um-1910\/","title":{"rendered":"36 teiliges Besteck &#8222;Ideal&#8220; f\u00fcr 6 Personen, Fa. Erbe, Th\u00fcringen, um 1910"},"content":{"rendered":"<p>36 teiliges Besteck &#8222;Ideal&#8220; f\u00fcr 6 Personen<\/p>\n<p>Fa. Heinrich Adolf Erbe A.G. Metallwaren- und Besteckfabrik, Schmalkalden\/Th\u00fcringen, um 1910<\/p>\n<p>Alpacca, stark versilbert, 36 Teile, alle Teile gemarkt mit Firmenmarke Zentaur 90 bzw 20 Auflage handpolierter Erhaltungszustand<\/p>\n<p>Bestehend aus:<\/p>\n<p>6 Suppenl\u00f6ffel L 20 cm<\/p>\n<p>6 Menumesser L 25 cm<\/p>\n<p>6 Menugabeln L 20 cm<\/p>\n<p>6 Vorspeisgabeln L 18,3 cm<\/p>\n<p>6 Vorspeismesser L 21 cm<\/p>\n<p>6 Teel\u00f6ffel L 13,6 cm (auf getrenntem Foto)<\/p>\n","protected":false},"excerpt":{"rendered":"<p>Annettes Etikette: Die Metallwaren- und Besteckfabrik ERBE AG. wurde von Heinrich Adolf Erbe (Schmalkalden 1831 &#8211; 1891 ebenda) in seinem Geburtsort im Th\u00fcringer Wald gegr\u00fcndet. Als Spezialit\u00e4t werden &#8222;Fein versilberte, Alpacca polierte Aluminium- und verzinnte Essbestecke, Abwiegel\u00f6ffel und verzinnte K\u00fcchenger\u00e4te&#8220; erw\u00e4hnt. Diese aufwendige, geometrisch anmutende Besteckform wurde unter dem Namen &#8222;Ideal&#8220; ab 1910 angeboten und z\u00e4hlt bis heute zu den begehrten Besteckformen des geometrischen Jugendstils.<\/p>\n","protected":false},"featured_media":39279,"comment_status":"open","ping_status":"closed","template":"","meta":[],"product_brand":[],"product_cat":[276,30,203,240,291,295,296,53],"product_tag":[],"class_list":{"0":"post-39277","1":"product","2":"type-product","3":"status-publish","4":"has-post-thumbnail","6":"product_cat-alpacca","7":"product_cat-besteck","8":"product_cat-fisch-speisen","9":"product_cat-fischbesteck","10":"product_cat-hochzeit","11":"product_cat-jagdeinladung","12":"product_cat-silvester","13":"product_cat-weihnachten","15":"first","16":"instock","17":"sold-individually","18":"purchasable","19":"product-type-simple"},"yoast_head":"<!-- This site is optimized with the Yoast SEO Premium plugin v15.8.2 - https:\/\/yoast.com\/wordpress\/plugins\/seo\/ -->\n<title>36 teiliges Besteck &quot;Ideal&quot; f\u00fcr 6 Personen, Fa. Erbe, Th\u00fcringen, um 1910<\/title>\n<meta name=\"description\" content=\"36 teiliges Besteck &quot;Ideal&quot; f\u00fcr 6 Personen, Fa. Erbe, Th\u00fcringen, um 1910 \u2665 Antiquit\u00e4ten Online kaufen \u2713 Sichere Lieferung \u2713\" \/>\n<meta name=\"robots\" content=\"index, follow, max-snippet:-1, max-image-preview:large, max-video-preview:-1\" \/>\n<link rel=\"canonical\" href=\"https:\/\/annette-ahrens.at\/onlineshop\/produkt\/31-teiliges-besteck-ideal-fuer-6-personen-fa-erbe-thueringen-um-1910\/\" \/>\n<meta property=\"og:locale\" content=\"de_DE\" \/>\n<meta property=\"og:type\" content=\"article\" \/>\n<meta property=\"og:title\" content=\"36 teiliges Besteck &quot;Ideal&quot; f\u00fcr 6 Personen, Fa. Erbe, Th\u00fcringen, um 1910\" \/>\n<meta property=\"og:description\" content=\"36 teiliges Besteck &quot;Ideal&quot; f\u00fcr 6 Personen, Fa. Erbe, Th\u00fcringen, um 1910 \u2665 Antiquit\u00e4ten Online kaufen \u2713 Sichere Lieferung \u2713\" \/>\n<meta property=\"og:url\" content=\"https:\/\/annette-ahrens.at\/onlineshop\/produkt\/31-teiliges-besteck-ideal-fuer-6-personen-fa-erbe-thueringen-um-1910\/\" \/>\n<meta property=\"og:site_name\" content=\"Tafelkultur Onlineshop\" \/>\n<meta property=\"article:publisher\" content=\"https:\/\/www.facebook.com\/AnnetteAhrensTafelkultur\" \/>\n<meta property=\"article:modified_time\" content=\"2025-12-04T09:09:50+00:00\" \/>\n<meta property=\"og:image\" content=\"https:\/\/annette-ahrens.at\/onlineshop\/wp-content\/uploads\/2025\/08\/IMG_8637-scaled.jpeg\" \/>\n\t<meta property=\"og:image:width\" content=\"1675\" \/>\n\t<meta property=\"og:image:height\" content=\"2048\" \/>\n<meta name=\"twitter:card\" content=\"summary_large_image\" \/>\n<meta name=\"twitter:label1\" content=\"Gesch\u00e4tzte Lesezeit\">\n\t<meta name=\"twitter:data1\" content=\"1\u00a0Minute\">\n<script type=\"application\/ld+json\" class=\"yoast-schema-graph\">{\"@context\":\"https:\/\/schema.org\",\"@graph\":[{\"@type\":[\"Person\",\"Organization\"],\"@id\":\"https:\/\/annette-ahrens.at\/onlineshop\/#\/schema\/person\/3e19676faae246bba0cb3b7e15f427d8\",\"name\":\"Annette Ahrens\",\"image\":{\"@type\":\"ImageObject\",\"@id\":\"https:\/\/annette-ahrens.at\/onlineshop\/#personlogo\",\"inLanguage\":\"de\",\"url\":\"https:\/\/annette-ahrens.at\/onlineshop\/wp-content\/uploads\/2020\/04\/aa_logo_End.png\",\"width\":800,\"height\":164,\"caption\":\"Annette Ahrens\"},\"logo\":{\"@id\":\"https:\/\/annette-ahrens.at\/onlineshop\/#personlogo\"},\"sameAs\":[\"https:\/\/annette-ahrens.at\",\"https:\/\/www.facebook.com\/AnnetteAhrensTafelkultur\",\"https:\/\/www.instagram.com\/tafelkulturistin\/\",\"https:\/\/de.wikipedia.org\/wiki\/Annette_Ahrens\"]},{\"@type\":\"WebSite\",\"@id\":\"https:\/\/annette-ahrens.at\/onlineshop\/#website\",\"url\":\"https:\/\/annette-ahrens.at\/onlineshop\/\",\"name\":\"Tafelkultur Onlineshop\",\"description\":\"Annette Ahrens\",\"publisher\":{\"@id\":\"https:\/\/annette-ahrens.at\/onlineshop\/#\/schema\/person\/3e19676faae246bba0cb3b7e15f427d8\"},\"potentialAction\":[{\"@type\":\"SearchAction\",\"target\":\"https:\/\/annette-ahrens.at\/onlineshop\/?s={search_term_string}\",\"query-input\":\"required name=search_term_string\"}],\"inLanguage\":\"de\"},{\"@type\":\"ImageObject\",\"@id\":\"https:\/\/annette-ahrens.at\/onlineshop\/produkt\/31-teiliges-besteck-ideal-fuer-6-personen-fa-erbe-thueringen-um-1910\/#primaryimage\",\"inLanguage\":\"de\",\"url\":\"https:\/\/annette-ahrens.at\/onlineshop\/wp-content\/uploads\/2025\/08\/IMG_8637-scaled.jpeg\",\"width\":1675,\"height\":2048,\"caption\":\"besteck_erbe_ideal\"},{\"@type\":[\"WebPage\",\"ItemPage\"],\"@id\":\"https:\/\/annette-ahrens.at\/onlineshop\/produkt\/31-teiliges-besteck-ideal-fuer-6-personen-fa-erbe-thueringen-um-1910\/#webpage\",\"url\":\"https:\/\/annette-ahrens.at\/onlineshop\/produkt\/31-teiliges-besteck-ideal-fuer-6-personen-fa-erbe-thueringen-um-1910\/\",\"name\":\"36 teiliges Besteck \\\"Ideal\\\" f\\u00fcr 6 Personen, Fa. Erbe, Th\\u00fcringen, um 1910\",\"isPartOf\":{\"@id\":\"https:\/\/annette-ahrens.at\/onlineshop\/#website\"},\"primaryImageOfPage\":{\"@id\":\"https:\/\/annette-ahrens.at\/onlineshop\/produkt\/31-teiliges-besteck-ideal-fuer-6-personen-fa-erbe-thueringen-um-1910\/#primaryimage\"},\"datePublished\":\"2025-08-30T04:51:58+00:00\",\"dateModified\":\"2025-12-04T09:09:50+00:00\",\"description\":\"36 teiliges Besteck \\\"Ideal\\\" f\\u00fcr 6 Personen, Fa. Erbe, Th\\u00fcringen, um 1910 \\u2665 Antiquit\\u00e4ten Online kaufen \\u2713 Sichere Lieferung \\u2713\",\"breadcrumb\":{\"@id\":\"https:\/\/annette-ahrens.at\/onlineshop\/produkt\/31-teiliges-besteck-ideal-fuer-6-personen-fa-erbe-thueringen-um-1910\/#breadcrumb\"},\"inLanguage\":\"de\",\"potentialAction\":[{\"@type\":\"ReadAction\",\"target\":[\"https:\/\/annette-ahrens.at\/onlineshop\/produkt\/31-teiliges-besteck-ideal-fuer-6-personen-fa-erbe-thueringen-um-1910\/\"]}]},{\"@type\":\"BreadcrumbList\",\"@id\":\"https:\/\/annette-ahrens.at\/onlineshop\/produkt\/31-teiliges-besteck-ideal-fuer-6-personen-fa-erbe-thueringen-um-1910\/#breadcrumb\",\"itemListElement\":[{\"@type\":\"ListItem\",\"position\":1,\"item\":{\"@type\":\"WebPage\",\"@id\":\"https:\/\/annette-ahrens.at\/onlineshop\/\",\"url\":\"https:\/\/annette-ahrens.at\/onlineshop\/\",\"name\":\"Home\"}},{\"@type\":\"ListItem\",\"position\":2,\"item\":{\"@type\":\"WebPage\",\"@id\":\"https:\/\/annette-ahrens.at\/onlineshop\/alle-tafelkultur-objekte\/\",\"url\":\"https:\/\/annette-ahrens.at\/onlineshop\/alle-tafelkultur-objekte\/\",\"name\":\"Alle Tafelkultur Objekte\"}},{\"@type\":\"ListItem\",\"position\":3,\"item\":{\"@type\":\"WebPage\",\"@id\":\"https:\/\/annette-ahrens.at\/onlineshop\/produkt\/31-teiliges-besteck-ideal-fuer-6-personen-fa-erbe-thueringen-um-1910\/\",\"url\":\"https:\/\/annette-ahrens.at\/onlineshop\/produkt\/31-teiliges-besteck-ideal-fuer-6-personen-fa-erbe-thueringen-um-1910\/\",\"name\":\"36 teiliges Besteck &#8222;Ideal&#8220; f\\u00fcr 6 Personen, Fa. Erbe, Th\\u00fcringen, um 1910\"}}]}]}<\/script>\n<!-- \/ Yoast SEO Premium plugin. -->","_links":{"self":[{"href":"https:\/\/annette-ahrens.at\/onlineshop\/wp-json\/wp\/v2\/product\/39277","targetHints":{"allow":["GET"]}}],"collection":[{"href":"https:\/\/annette-ahrens.at\/onlineshop\/wp-json\/wp\/v2\/product"}],"about":[{"href":"https:\/\/annette-ahrens.at\/onlineshop\/wp-json\/wp\/v2\/types\/product"}],"replies":[{"embeddable":true,"href":"https:\/\/annette-ahrens.at\/onlineshop\/wp-json\/wp\/v2\/comments?post=39277"}],"wp:featuredmedia":[{"embeddable":true,"href":"https:\/\/annette-ahrens.at\/onlineshop\/wp-json\/wp\/v2\/media\/39279"}],"wp:attachment":[{"href":"https:\/\/annette-ahrens.at\/onlineshop\/wp-json\/wp\/v2\/media?parent=39277"}],"wp:term":[{"taxonomy":"product_brand","embeddable":true,"href":"https:\/\/annette-ahrens.at\/onlineshop\/wp-json\/wp\/v2\/product_brand?post=39277"},{"taxonomy":"product_cat","embeddable":true,"href":"https:\/\/annette-ahrens.at\/onlineshop\/wp-json\/wp\/v2\/product_cat?post=39277"},{"taxonomy":"product_tag","embeddable":true,"href":"https:\/\/annette-ahrens.at\/onlineshop\/wp-json\/wp\/v2\/product_tag?post=39277"}],"curies":[{"name":"wp","href":"https:\/\/api.w.org\/{rel}","templated":true}]}}