{"id":39357,"date":"2025-08-29T06:55:01","date_gmt":"2025-08-29T04:55:01","guid":{"rendered":"https:\/\/annette-ahrens.at\/onlineshop\/?post_type=product&#038;p=39357"},"modified":"2025-08-26T00:30:07","modified_gmt":"2025-08-25T22:30:07","slug":"versilberter-jugendstil-untersetzer-fa-berndorf-um-1900-3","status":"publish","type":"product","link":"https:\/\/annette-ahrens.at\/onlineshop\/produkt\/versilberter-jugendstil-untersetzer-fa-berndorf-um-1900-3\/","title":{"rendered":"Versilberter Jugendstil Untersetzer, Fa. Berndorf, um 1900"},"content":{"rendered":"<p>Versilberter Jugendstil Untersetzer<\/p>\n<p>Fa. Berndorf, \u00d6sterreich-Ungarische Monarchie, um 1900<\/p>\n<p>Alpacca, versilbert, runde Form, zylindrische Wandung mit Faltenz\u00fcgen, am Boden gemarkt mit runder B\u00e4renmarke, minimale Gebrauchsspuren<\/p>\n<p>H 7 cm<\/p>\n<p>Dm 9,5 cm<\/p>\n","protected":false},"excerpt":{"rendered":"<p>Annettes Etikette: Der Untersatz verhindert l\u00e4stige R\u00e4nder von Bouteillen auf der kostbar polierten Tischoberfl\u00e4che. <span lang=\"DE\">Die erhaltenen Firmenkataloge dieses Metallwarenherstellers mit \u00fcber 9.000 verschiedenen Artikeln zeigen die hohe Qualit\u00e4t an Entw\u00fcrfen. <\/span><\/p>\n","protected":false},"featured_media":16790,"comment_status":"open","ping_status":"closed","template":"","meta":[],"product_brand":[],"product_cat":[27,215,222,213],"product_tag":[],"class_list":{"0":"post-39357","1":"product","2":"type-product","3":"status-publish","4":"has-post-thumbnail","6":"product_cat-barware","7":"product_cat-champagnerschalen","8":"product_cat-karaffe","9":"product_cat-wein","11":"first","12":"instock","13":"sold-individually","14":"purchasable","15":"product-type-simple"},"yoast_head":"<!-- This site is optimized with the Yoast SEO Premium plugin v15.8.2 - https:\/\/yoast.com\/wordpress\/plugins\/seo\/ -->\n<title>Versilberter Jugendstil Untersetzer, Fa. Berndorf, um 1900<\/title>\n<meta name=\"description\" content=\"Versilberter Jugendstil Untersetzer, Fa. Berndorf, um 1900 \u2665 Antiquit\u00e4ten Online kaufen \u2713 Sichere Lieferung \u2713\" \/>\n<meta name=\"robots\" content=\"index, follow, max-snippet:-1, max-image-preview:large, max-video-preview:-1\" \/>\n<link rel=\"canonical\" href=\"https:\/\/annette-ahrens.at\/onlineshop\/produkt\/versilberter-jugendstil-untersetzer-fa-berndorf-um-1900-3\/\" \/>\n<meta property=\"og:locale\" content=\"de_DE\" \/>\n<meta property=\"og:type\" content=\"article\" \/>\n<meta property=\"og:title\" content=\"Versilberter Jugendstil Untersetzer, Fa. Berndorf, um 1900\" \/>\n<meta property=\"og:description\" content=\"Versilberter Jugendstil Untersetzer, Fa. Berndorf, um 1900 \u2665 Antiquit\u00e4ten Online kaufen \u2713 Sichere Lieferung \u2713\" \/>\n<meta property=\"og:url\" content=\"https:\/\/annette-ahrens.at\/onlineshop\/produkt\/versilberter-jugendstil-untersetzer-fa-berndorf-um-1900-3\/\" \/>\n<meta property=\"og:site_name\" content=\"Tafelkultur Onlineshop\" \/>\n<meta property=\"article:publisher\" content=\"https:\/\/www.facebook.com\/AnnetteAhrensTafelkultur\" \/>\n<meta property=\"article:modified_time\" content=\"2025-08-25T22:30:07+00:00\" \/>\n<meta property=\"og:image\" content=\"https:\/\/annette-ahrens.at\/onlineshop\/wp-content\/uploads\/2022\/08\/IMG_8035-rotated.jpeg\" \/>\n\t<meta property=\"og:image:width\" content=\"1936\" \/>\n\t<meta property=\"og:image:height\" content=\"1936\" \/>\n<meta name=\"twitter:card\" content=\"summary_large_image\" \/>\n<meta name=\"twitter:label1\" content=\"Gesch\u00e4tzte Lesezeit\">\n\t<meta name=\"twitter:data1\" content=\"1\u00a0Minute\">\n<script type=\"application\/ld+json\" class=\"yoast-schema-graph\">{\"@context\":\"https:\/\/schema.org\",\"@graph\":[{\"@type\":[\"Person\",\"Organization\"],\"@id\":\"https:\/\/annette-ahrens.at\/onlineshop\/#\/schema\/person\/3e19676faae246bba0cb3b7e15f427d8\",\"name\":\"Annette Ahrens\",\"image\":{\"@type\":\"ImageObject\",\"@id\":\"https:\/\/annette-ahrens.at\/onlineshop\/#personlogo\",\"inLanguage\":\"de\",\"url\":\"https:\/\/annette-ahrens.at\/onlineshop\/wp-content\/uploads\/2020\/04\/aa_logo_End.png\",\"width\":800,\"height\":164,\"caption\":\"Annette Ahrens\"},\"logo\":{\"@id\":\"https:\/\/annette-ahrens.at\/onlineshop\/#personlogo\"},\"sameAs\":[\"https:\/\/annette-ahrens.at\",\"https:\/\/www.facebook.com\/AnnetteAhrensTafelkultur\",\"https:\/\/www.instagram.com\/tafelkulturistin\/\",\"https:\/\/de.wikipedia.org\/wiki\/Annette_Ahrens\"]},{\"@type\":\"WebSite\",\"@id\":\"https:\/\/annette-ahrens.at\/onlineshop\/#website\",\"url\":\"https:\/\/annette-ahrens.at\/onlineshop\/\",\"name\":\"Tafelkultur Onlineshop\",\"description\":\"Annette Ahrens\",\"publisher\":{\"@id\":\"https:\/\/annette-ahrens.at\/onlineshop\/#\/schema\/person\/3e19676faae246bba0cb3b7e15f427d8\"},\"potentialAction\":[{\"@type\":\"SearchAction\",\"target\":\"https:\/\/annette-ahrens.at\/onlineshop\/?s={search_term_string}\",\"query-input\":\"required name=search_term_string\"}],\"inLanguage\":\"de\"},{\"@type\":\"ImageObject\",\"@id\":\"https:\/\/annette-ahrens.at\/onlineshop\/produkt\/versilberter-jugendstil-untersetzer-fa-berndorf-um-1900-3\/#primaryimage\",\"inLanguage\":\"de\",\"url\":\"https:\/\/annette-ahrens.at\/onlineshop\/wp-content\/uploads\/2022\/08\/IMG_8035-rotated.jpeg\",\"width\":1936,\"height\":1936},{\"@type\":[\"WebPage\",\"ItemPage\"],\"@id\":\"https:\/\/annette-ahrens.at\/onlineshop\/produkt\/versilberter-jugendstil-untersetzer-fa-berndorf-um-1900-3\/#webpage\",\"url\":\"https:\/\/annette-ahrens.at\/onlineshop\/produkt\/versilberter-jugendstil-untersetzer-fa-berndorf-um-1900-3\/\",\"name\":\"Versilberter Jugendstil Untersetzer, Fa. Berndorf, um 1900\",\"isPartOf\":{\"@id\":\"https:\/\/annette-ahrens.at\/onlineshop\/#website\"},\"primaryImageOfPage\":{\"@id\":\"https:\/\/annette-ahrens.at\/onlineshop\/produkt\/versilberter-jugendstil-untersetzer-fa-berndorf-um-1900-3\/#primaryimage\"},\"datePublished\":\"2025-08-29T04:55:01+00:00\",\"dateModified\":\"2025-08-25T22:30:07+00:00\",\"description\":\"Versilberter Jugendstil Untersetzer, Fa. Berndorf, um 1900 \\u2665 Antiquit\\u00e4ten Online kaufen \\u2713 Sichere Lieferung \\u2713\",\"breadcrumb\":{\"@id\":\"https:\/\/annette-ahrens.at\/onlineshop\/produkt\/versilberter-jugendstil-untersetzer-fa-berndorf-um-1900-3\/#breadcrumb\"},\"inLanguage\":\"de\",\"potentialAction\":[{\"@type\":\"ReadAction\",\"target\":[\"https:\/\/annette-ahrens.at\/onlineshop\/produkt\/versilberter-jugendstil-untersetzer-fa-berndorf-um-1900-3\/\"]}]},{\"@type\":\"BreadcrumbList\",\"@id\":\"https:\/\/annette-ahrens.at\/onlineshop\/produkt\/versilberter-jugendstil-untersetzer-fa-berndorf-um-1900-3\/#breadcrumb\",\"itemListElement\":[{\"@type\":\"ListItem\",\"position\":1,\"item\":{\"@type\":\"WebPage\",\"@id\":\"https:\/\/annette-ahrens.at\/onlineshop\/\",\"url\":\"https:\/\/annette-ahrens.at\/onlineshop\/\",\"name\":\"Home\"}},{\"@type\":\"ListItem\",\"position\":2,\"item\":{\"@type\":\"WebPage\",\"@id\":\"https:\/\/annette-ahrens.at\/onlineshop\/alle-tafelkultur-objekte\/\",\"url\":\"https:\/\/annette-ahrens.at\/onlineshop\/alle-tafelkultur-objekte\/\",\"name\":\"Alle Tafelkultur Objekte\"}},{\"@type\":\"ListItem\",\"position\":3,\"item\":{\"@type\":\"WebPage\",\"@id\":\"https:\/\/annette-ahrens.at\/onlineshop\/produkt\/versilberter-jugendstil-untersetzer-fa-berndorf-um-1900-3\/\",\"url\":\"https:\/\/annette-ahrens.at\/onlineshop\/produkt\/versilberter-jugendstil-untersetzer-fa-berndorf-um-1900-3\/\",\"name\":\"Versilberter Jugendstil Untersetzer, Fa. Berndorf, um 1900\"}}]}]}<\/script>\n<!-- \/ Yoast SEO Premium plugin. -->","_links":{"self":[{"href":"https:\/\/annette-ahrens.at\/onlineshop\/wp-json\/wp\/v2\/product\/39357","targetHints":{"allow":["GET"]}}],"collection":[{"href":"https:\/\/annette-ahrens.at\/onlineshop\/wp-json\/wp\/v2\/product"}],"about":[{"href":"https:\/\/annette-ahrens.at\/onlineshop\/wp-json\/wp\/v2\/types\/product"}],"replies":[{"embeddable":true,"href":"https:\/\/annette-ahrens.at\/onlineshop\/wp-json\/wp\/v2\/comments?post=39357"}],"wp:featuredmedia":[{"embeddable":true,"href":"https:\/\/annette-ahrens.at\/onlineshop\/wp-json\/wp\/v2\/media\/16790"}],"wp:attachment":[{"href":"https:\/\/annette-ahrens.at\/onlineshop\/wp-json\/wp\/v2\/media?parent=39357"}],"wp:term":[{"taxonomy":"product_brand","embeddable":true,"href":"https:\/\/annette-ahrens.at\/onlineshop\/wp-json\/wp\/v2\/product_brand?post=39357"},{"taxonomy":"product_cat","embeddable":true,"href":"https:\/\/annette-ahrens.at\/onlineshop\/wp-json\/wp\/v2\/product_cat?post=39357"},{"taxonomy":"product_tag","embeddable":true,"href":"https:\/\/annette-ahrens.at\/onlineshop\/wp-json\/wp\/v2\/product_tag?post=39357"}],"curies":[{"name":"wp","href":"https:\/\/api.w.org\/{rel}","templated":true}]}}