{"id":39566,"date":"2025-09-11T11:19:52","date_gmt":"2025-09-11T09:19:52","guid":{"rendered":"https:\/\/annette-ahrens.at\/onlineshop\/?post_type=product&#038;p=39566"},"modified":"2025-10-08T01:00:47","modified_gmt":"2025-10-07T23:00:47","slug":"jugendstil-salatschuessel-mit-haselnuessen-fa-wmf-geislingen-um-1900","status":"publish","type":"product","link":"https:\/\/annette-ahrens.at\/onlineshop\/produkt\/jugendstil-salatschuessel-mit-haselnuessen-fa-wmf-geislingen-um-1900\/","title":{"rendered":"Jugendstil Salatsch\u00fcssel mit Haseln\u00fcssen, Fa. WMF, Geislingen, um 1900"},"content":{"rendered":"<p>Gro\u00dfe Jugendstil Salatsch\u00fcssel mit Haseln\u00fcssen<\/p>\n<p>Fa. WMF, Geislingen, Deutschland, um 1900<\/p>\n<p>Porzellan, \u00a0bunt staffiert, runde Schale auf drei Kugelf\u00fcssen in Gestalt von Haseln\u00fcssen, versilberte Metallmontierung (teilweise berieben), Metallring gemarkt: &#8222;WMF&#8220;, zugeh\u00f6riges Salatvorlegebesteck mit plastischem Haselnuss-Knauf und WMF Marke, altersbedingte Gebrauchsspuren<\/p>\n<p>Dm 21,5 cm<\/p>\n<p>H 11,7 cm<\/p>\n<p>Vorlegebesteck L 26 cm und 27 cm<\/p>\n","protected":false},"excerpt":{"rendered":"<p>Annettes Etikette: Die vegetabil ausgeformten F\u00fcsschen in Gestalt von Haseln\u00fcssen kokettieren mit dem Betrachter bei Tisch. Sowohl englische Manufakturen wie Wedgwood als auch die W\u00fcrttenbergsche Metallwarenfabrik hatten solcherlei Salatgarnituren um 1900 im Programm. Eine vergleichbare Schale aus meinem Besitz hatte eine Marke der 1880 gegr\u00fcndeten Wiener Filiale von Albert K\u00f6hler. Hier ist sowohl die Schale als auch das zugeh\u00f6rige Salatbesteck mit der WMF-Marke versehen, was auch der erhaltene Produktkatalog bestens belegt.<\/p>\n","protected":false},"featured_media":39951,"comment_status":"open","ping_status":"closed","template":"","meta":[],"product_brand":[],"product_cat":[276,298,299,32,301,300,165,171,40,21,274,279,290],"product_tag":[],"class_list":{"0":"post-39566","1":"product","2":"type-product","3":"status-publish","4":"has-post-thumbnail","6":"product_cat-alpacca","7":"product_cat-buffet","8":"product_cat-cocktailparty","9":"product_cat-festefeiern","10":"product_cat-fondue","11":"product_cat-gartenfest","12":"product_cat-gemuese","13":"product_cat-kartoffel-gemuese","14":"product_cat-kartoffel","15":"product_cat-obst-gemuese","16":"product_cat-porzellan-fachbuecher","17":"product_cat-schale","18":"product_cat-schuessel","20":"first","21":"instock","22":"sold-individually","23":"purchasable","24":"product-type-simple"},"yoast_head":"<!-- This site is optimized with the Yoast SEO Premium plugin v15.8.2 - https:\/\/yoast.com\/wordpress\/plugins\/seo\/ -->\n<title>Jugendstil Salatsch\u00fcssel mit Haseln\u00fcssen, Fa. WMF, Geislingen, um 1900<\/title>\n<meta name=\"description\" content=\"Jugendstil Salatsch\u00fcssel mit Haseln\u00fcssen, Fa. WMF, Geislingen, um 1900 \u2665 Antiquit\u00e4ten Online kaufen \u2713 Sichere Lieferung \u2713\" \/>\n<meta name=\"robots\" content=\"index, follow, max-snippet:-1, max-image-preview:large, max-video-preview:-1\" \/>\n<link rel=\"canonical\" href=\"https:\/\/annette-ahrens.at\/onlineshop\/produkt\/jugendstil-salatschuessel-mit-haselnuessen-fa-wmf-geislingen-um-1900\/\" \/>\n<meta property=\"og:locale\" content=\"de_DE\" \/>\n<meta property=\"og:type\" content=\"article\" \/>\n<meta property=\"og:title\" content=\"Jugendstil Salatsch\u00fcssel mit Haseln\u00fcssen, Fa. WMF, Geislingen, um 1900\" \/>\n<meta property=\"og:description\" content=\"Jugendstil Salatsch\u00fcssel mit Haseln\u00fcssen, Fa. WMF, Geislingen, um 1900 \u2665 Antiquit\u00e4ten Online kaufen \u2713 Sichere Lieferung \u2713\" \/>\n<meta property=\"og:url\" content=\"https:\/\/annette-ahrens.at\/onlineshop\/produkt\/jugendstil-salatschuessel-mit-haselnuessen-fa-wmf-geislingen-um-1900\/\" \/>\n<meta property=\"og:site_name\" content=\"Tafelkultur Onlineshop\" \/>\n<meta property=\"article:publisher\" content=\"https:\/\/www.facebook.com\/AnnetteAhrensTafelkultur\" \/>\n<meta property=\"article:modified_time\" content=\"2025-10-07T23:00:47+00:00\" \/>\n<meta property=\"og:image\" content=\"https:\/\/annette-ahrens.at\/onlineshop\/wp-content\/uploads\/2025\/10\/IMG_9255-scaled.jpeg\" \/>\n\t<meta property=\"og:image:width\" content=\"2007\" \/>\n\t<meta property=\"og:image:height\" content=\"2048\" \/>\n<meta name=\"twitter:card\" content=\"summary_large_image\" \/>\n<meta name=\"twitter:label1\" content=\"Gesch\u00e4tzte Lesezeit\">\n\t<meta name=\"twitter:data1\" content=\"1\u00a0Minute\">\n<script type=\"application\/ld+json\" class=\"yoast-schema-graph\">{\"@context\":\"https:\/\/schema.org\",\"@graph\":[{\"@type\":[\"Person\",\"Organization\"],\"@id\":\"https:\/\/annette-ahrens.at\/onlineshop\/#\/schema\/person\/3e19676faae246bba0cb3b7e15f427d8\",\"name\":\"Annette Ahrens\",\"image\":{\"@type\":\"ImageObject\",\"@id\":\"https:\/\/annette-ahrens.at\/onlineshop\/#personlogo\",\"inLanguage\":\"de\",\"url\":\"https:\/\/annette-ahrens.at\/onlineshop\/wp-content\/uploads\/2020\/04\/aa_logo_End.png\",\"width\":800,\"height\":164,\"caption\":\"Annette Ahrens\"},\"logo\":{\"@id\":\"https:\/\/annette-ahrens.at\/onlineshop\/#personlogo\"},\"sameAs\":[\"https:\/\/annette-ahrens.at\",\"https:\/\/www.facebook.com\/AnnetteAhrensTafelkultur\",\"https:\/\/www.instagram.com\/tafelkulturistin\/\",\"https:\/\/de.wikipedia.org\/wiki\/Annette_Ahrens\"]},{\"@type\":\"WebSite\",\"@id\":\"https:\/\/annette-ahrens.at\/onlineshop\/#website\",\"url\":\"https:\/\/annette-ahrens.at\/onlineshop\/\",\"name\":\"Tafelkultur Onlineshop\",\"description\":\"Annette Ahrens\",\"publisher\":{\"@id\":\"https:\/\/annette-ahrens.at\/onlineshop\/#\/schema\/person\/3e19676faae246bba0cb3b7e15f427d8\"},\"potentialAction\":[{\"@type\":\"SearchAction\",\"target\":\"https:\/\/annette-ahrens.at\/onlineshop\/?s={search_term_string}\",\"query-input\":\"required name=search_term_string\"}],\"inLanguage\":\"de\"},{\"@type\":\"ImageObject\",\"@id\":\"https:\/\/annette-ahrens.at\/onlineshop\/produkt\/jugendstil-salatschuessel-mit-haselnuessen-fa-wmf-geislingen-um-1900\/#primaryimage\",\"inLanguage\":\"de\",\"url\":\"https:\/\/annette-ahrens.at\/onlineshop\/wp-content\/uploads\/2025\/10\/IMG_9255-scaled.jpeg\",\"width\":2007,\"height\":2048,\"caption\":\"salatsch\\u00fcssel_wmf_haseln\\u00fcsse\"},{\"@type\":[\"WebPage\",\"ItemPage\"],\"@id\":\"https:\/\/annette-ahrens.at\/onlineshop\/produkt\/jugendstil-salatschuessel-mit-haselnuessen-fa-wmf-geislingen-um-1900\/#webpage\",\"url\":\"https:\/\/annette-ahrens.at\/onlineshop\/produkt\/jugendstil-salatschuessel-mit-haselnuessen-fa-wmf-geislingen-um-1900\/\",\"name\":\"Jugendstil Salatsch\\u00fcssel mit Haseln\\u00fcssen, Fa. WMF, Geislingen, um 1900\",\"isPartOf\":{\"@id\":\"https:\/\/annette-ahrens.at\/onlineshop\/#website\"},\"primaryImageOfPage\":{\"@id\":\"https:\/\/annette-ahrens.at\/onlineshop\/produkt\/jugendstil-salatschuessel-mit-haselnuessen-fa-wmf-geislingen-um-1900\/#primaryimage\"},\"datePublished\":\"2025-09-11T09:19:52+00:00\",\"dateModified\":\"2025-10-07T23:00:47+00:00\",\"description\":\"Jugendstil Salatsch\\u00fcssel mit Haseln\\u00fcssen, Fa. WMF, Geislingen, um 1900 \\u2665 Antiquit\\u00e4ten Online kaufen \\u2713 Sichere Lieferung \\u2713\",\"breadcrumb\":{\"@id\":\"https:\/\/annette-ahrens.at\/onlineshop\/produkt\/jugendstil-salatschuessel-mit-haselnuessen-fa-wmf-geislingen-um-1900\/#breadcrumb\"},\"inLanguage\":\"de\",\"potentialAction\":[{\"@type\":\"ReadAction\",\"target\":[\"https:\/\/annette-ahrens.at\/onlineshop\/produkt\/jugendstil-salatschuessel-mit-haselnuessen-fa-wmf-geislingen-um-1900\/\"]}]},{\"@type\":\"BreadcrumbList\",\"@id\":\"https:\/\/annette-ahrens.at\/onlineshop\/produkt\/jugendstil-salatschuessel-mit-haselnuessen-fa-wmf-geislingen-um-1900\/#breadcrumb\",\"itemListElement\":[{\"@type\":\"ListItem\",\"position\":1,\"item\":{\"@type\":\"WebPage\",\"@id\":\"https:\/\/annette-ahrens.at\/onlineshop\/\",\"url\":\"https:\/\/annette-ahrens.at\/onlineshop\/\",\"name\":\"Home\"}},{\"@type\":\"ListItem\",\"position\":2,\"item\":{\"@type\":\"WebPage\",\"@id\":\"https:\/\/annette-ahrens.at\/onlineshop\/alle-tafelkultur-objekte\/\",\"url\":\"https:\/\/annette-ahrens.at\/onlineshop\/alle-tafelkultur-objekte\/\",\"name\":\"Alle Tafelkultur Objekte\"}},{\"@type\":\"ListItem\",\"position\":3,\"item\":{\"@type\":\"WebPage\",\"@id\":\"https:\/\/annette-ahrens.at\/onlineshop\/produkt\/jugendstil-salatschuessel-mit-haselnuessen-fa-wmf-geislingen-um-1900\/\",\"url\":\"https:\/\/annette-ahrens.at\/onlineshop\/produkt\/jugendstil-salatschuessel-mit-haselnuessen-fa-wmf-geislingen-um-1900\/\",\"name\":\"Jugendstil Salatsch\\u00fcssel mit Haseln\\u00fcssen, Fa. WMF, Geislingen, um 1900\"}}]}]}<\/script>\n<!-- \/ Yoast SEO Premium plugin. -->","_links":{"self":[{"href":"https:\/\/annette-ahrens.at\/onlineshop\/wp-json\/wp\/v2\/product\/39566","targetHints":{"allow":["GET"]}}],"collection":[{"href":"https:\/\/annette-ahrens.at\/onlineshop\/wp-json\/wp\/v2\/product"}],"about":[{"href":"https:\/\/annette-ahrens.at\/onlineshop\/wp-json\/wp\/v2\/types\/product"}],"replies":[{"embeddable":true,"href":"https:\/\/annette-ahrens.at\/onlineshop\/wp-json\/wp\/v2\/comments?post=39566"}],"wp:featuredmedia":[{"embeddable":true,"href":"https:\/\/annette-ahrens.at\/onlineshop\/wp-json\/wp\/v2\/media\/39951"}],"wp:attachment":[{"href":"https:\/\/annette-ahrens.at\/onlineshop\/wp-json\/wp\/v2\/media?parent=39566"}],"wp:term":[{"taxonomy":"product_brand","embeddable":true,"href":"https:\/\/annette-ahrens.at\/onlineshop\/wp-json\/wp\/v2\/product_brand?post=39566"},{"taxonomy":"product_cat","embeddable":true,"href":"https:\/\/annette-ahrens.at\/onlineshop\/wp-json\/wp\/v2\/product_cat?post=39566"},{"taxonomy":"product_tag","embeddable":true,"href":"https:\/\/annette-ahrens.at\/onlineshop\/wp-json\/wp\/v2\/product_tag?post=39566"}],"curies":[{"name":"wp","href":"https:\/\/api.w.org\/{rel}","templated":true}]}}