{"id":39645,"date":"2025-09-21T06:46:51","date_gmt":"2025-09-21T04:46:51","guid":{"rendered":"https:\/\/annette-ahrens.at\/onlineshop\/?post_type=product&#038;p=39645"},"modified":"2025-09-26T08:13:11","modified_gmt":"2025-09-26T06:13:11","slug":"versilberte-historismus-taufgarnitur-kreuzband-frankreich-um-1880","status":"publish","type":"product","link":"https:\/\/annette-ahrens.at\/onlineshop\/produkt\/versilberte-historismus-taufgarnitur-kreuzband-frankreich-um-1880\/","title":{"rendered":"Versilberte Historismus Taufgarnitur &#8222;Kreuzband&#8220;, Fa. Alf\u00e9nide, Frankreich, um 1900"},"content":{"rendered":"<p>Versilberte Historismus Taufgarnitur<\/p>\n<p>Fa. Alf\u00e9nide, Paris, Frankreich, um 1900<\/p>\n<p>Alpacca, versilbert, bestehend aus Teller, Taufbecher, Serviettenring, Eierbecher und 3 teiligem Besteck, alle mit korrespondierender Dekor &#8222;Rubans&#8220;, gemarkt ALFENIDE, in originaler, gr\u00fcner Geschenkskassette, innen mit hellem Satin tapeziert<\/p>\n<p>Teller Dm 17 cm<\/p>\n<p>Becher H 8 cm<\/p>\n<p>Serviettenring Dm 4,8 cm<\/p>\n<p>&nbsp;<\/p>\n<p>&nbsp;<\/p>\n","protected":false},"excerpt":{"rendered":"<p>Annettes Etikette: Speziell zur Taufe ist es Tradition dem neugeborenen Erdenb\u00fcrger einen silbernen Taufbecher zu schenken. Meist wird der Name des T\u00e4uflings graviert, bei den in Adelskreisen weit verbreiteten, vielen Vornamen, bedeutet dies ein Bravourst\u00fcck f\u00fcr den Graveur. Hier ist sogar eine ganze Taufgarnitur mit Teller, Becher, Besteck, Serviettenring und Eierbecher f\u00fcr den T\u00e4ufling in dekorativem Etui erhalten.<\/p>\n","protected":false},"featured_media":39648,"comment_status":"open","ping_status":"closed","template":"","meta":[],"product_brand":[],"product_cat":[27,245,293],"product_tag":[],"class_list":{"0":"post-39645","1":"product","2":"type-product","3":"status-publish","4":"has-post-thumbnail","6":"product_cat-barware","7":"product_cat-taufbesteck","8":"product_cat-taufe","10":"first","11":"instock","12":"sold-individually","13":"purchasable","14":"product-type-simple"},"yoast_head":"<!-- This site is optimized with the Yoast SEO Premium plugin v15.8.2 - https:\/\/yoast.com\/wordpress\/plugins\/seo\/ -->\n<title>Versilberte Historismus Taufgarnitur &quot;Kreuzband&quot;, Fa. Alf\u00e9nide, Frankreich, um 1900<\/title>\n<meta name=\"description\" content=\"Versilberte Historismus Taufgarnitur &quot;Kreuzband&quot;, Fa. Alf\u00e9nide, Frankreich, um 1900 \u2665 Antiquit\u00e4ten Online kaufen \u2713 Sichere Lieferung \u2713\" \/>\n<meta name=\"robots\" content=\"index, follow, max-snippet:-1, max-image-preview:large, max-video-preview:-1\" \/>\n<link rel=\"canonical\" href=\"https:\/\/annette-ahrens.at\/onlineshop\/produkt\/versilberte-historismus-taufgarnitur-kreuzband-frankreich-um-1880\/\" \/>\n<meta property=\"og:locale\" content=\"de_DE\" \/>\n<meta property=\"og:type\" content=\"article\" \/>\n<meta property=\"og:title\" content=\"Versilberte Historismus Taufgarnitur &quot;Kreuzband&quot;, Fa. Alf\u00e9nide, Frankreich, um 1900\" \/>\n<meta property=\"og:description\" content=\"Versilberte Historismus Taufgarnitur &quot;Kreuzband&quot;, Fa. Alf\u00e9nide, Frankreich, um 1900 \u2665 Antiquit\u00e4ten Online kaufen \u2713 Sichere Lieferung \u2713\" \/>\n<meta property=\"og:url\" content=\"https:\/\/annette-ahrens.at\/onlineshop\/produkt\/versilberte-historismus-taufgarnitur-kreuzband-frankreich-um-1880\/\" \/>\n<meta property=\"og:site_name\" content=\"Tafelkultur Onlineshop\" \/>\n<meta property=\"article:publisher\" content=\"https:\/\/www.facebook.com\/AnnetteAhrensTafelkultur\" \/>\n<meta property=\"article:modified_time\" content=\"2025-09-26T06:13:11+00:00\" \/>\n<meta property=\"og:image\" content=\"https:\/\/annette-ahrens.at\/onlineshop\/wp-content\/uploads\/2025\/09\/IMG_8964-scaled.jpeg\" \/>\n\t<meta property=\"og:image:width\" content=\"1536\" \/>\n\t<meta property=\"og:image:height\" content=\"2048\" \/>\n<meta name=\"twitter:card\" content=\"summary_large_image\" \/>\n<meta name=\"twitter:label1\" content=\"Gesch\u00e4tzte Lesezeit\">\n\t<meta name=\"twitter:data1\" content=\"1\u00a0Minute\">\n<script type=\"application\/ld+json\" class=\"yoast-schema-graph\">{\"@context\":\"https:\/\/schema.org\",\"@graph\":[{\"@type\":[\"Person\",\"Organization\"],\"@id\":\"https:\/\/annette-ahrens.at\/onlineshop\/#\/schema\/person\/3e19676faae246bba0cb3b7e15f427d8\",\"name\":\"Annette Ahrens\",\"image\":{\"@type\":\"ImageObject\",\"@id\":\"https:\/\/annette-ahrens.at\/onlineshop\/#personlogo\",\"inLanguage\":\"de\",\"url\":\"https:\/\/annette-ahrens.at\/onlineshop\/wp-content\/uploads\/2020\/04\/aa_logo_End.png\",\"width\":800,\"height\":164,\"caption\":\"Annette Ahrens\"},\"logo\":{\"@id\":\"https:\/\/annette-ahrens.at\/onlineshop\/#personlogo\"},\"sameAs\":[\"https:\/\/annette-ahrens.at\",\"https:\/\/www.facebook.com\/AnnetteAhrensTafelkultur\",\"https:\/\/www.instagram.com\/tafelkulturistin\/\",\"https:\/\/de.wikipedia.org\/wiki\/Annette_Ahrens\"]},{\"@type\":\"WebSite\",\"@id\":\"https:\/\/annette-ahrens.at\/onlineshop\/#website\",\"url\":\"https:\/\/annette-ahrens.at\/onlineshop\/\",\"name\":\"Tafelkultur Onlineshop\",\"description\":\"Annette Ahrens\",\"publisher\":{\"@id\":\"https:\/\/annette-ahrens.at\/onlineshop\/#\/schema\/person\/3e19676faae246bba0cb3b7e15f427d8\"},\"potentialAction\":[{\"@type\":\"SearchAction\",\"target\":\"https:\/\/annette-ahrens.at\/onlineshop\/?s={search_term_string}\",\"query-input\":\"required name=search_term_string\"}],\"inLanguage\":\"de\"},{\"@type\":\"ImageObject\",\"@id\":\"https:\/\/annette-ahrens.at\/onlineshop\/produkt\/versilberte-historismus-taufgarnitur-kreuzband-frankreich-um-1880\/#primaryimage\",\"inLanguage\":\"de\",\"url\":\"https:\/\/annette-ahrens.at\/onlineshop\/wp-content\/uploads\/2025\/09\/IMG_8964-scaled.jpeg\",\"width\":1536,\"height\":2048,\"caption\":\"taufgarnitur_frankreich\"},{\"@type\":[\"WebPage\",\"ItemPage\"],\"@id\":\"https:\/\/annette-ahrens.at\/onlineshop\/produkt\/versilberte-historismus-taufgarnitur-kreuzband-frankreich-um-1880\/#webpage\",\"url\":\"https:\/\/annette-ahrens.at\/onlineshop\/produkt\/versilberte-historismus-taufgarnitur-kreuzband-frankreich-um-1880\/\",\"name\":\"Versilberte Historismus Taufgarnitur \\\"Kreuzband\\\", Fa. Alf\\u00e9nide, Frankreich, um 1900\",\"isPartOf\":{\"@id\":\"https:\/\/annette-ahrens.at\/onlineshop\/#website\"},\"primaryImageOfPage\":{\"@id\":\"https:\/\/annette-ahrens.at\/onlineshop\/produkt\/versilberte-historismus-taufgarnitur-kreuzband-frankreich-um-1880\/#primaryimage\"},\"datePublished\":\"2025-09-21T04:46:51+00:00\",\"dateModified\":\"2025-09-26T06:13:11+00:00\",\"description\":\"Versilberte Historismus Taufgarnitur \\\"Kreuzband\\\", Fa. Alf\\u00e9nide, Frankreich, um 1900 \\u2665 Antiquit\\u00e4ten Online kaufen \\u2713 Sichere Lieferung \\u2713\",\"breadcrumb\":{\"@id\":\"https:\/\/annette-ahrens.at\/onlineshop\/produkt\/versilberte-historismus-taufgarnitur-kreuzband-frankreich-um-1880\/#breadcrumb\"},\"inLanguage\":\"de\",\"potentialAction\":[{\"@type\":\"ReadAction\",\"target\":[\"https:\/\/annette-ahrens.at\/onlineshop\/produkt\/versilberte-historismus-taufgarnitur-kreuzband-frankreich-um-1880\/\"]}]},{\"@type\":\"BreadcrumbList\",\"@id\":\"https:\/\/annette-ahrens.at\/onlineshop\/produkt\/versilberte-historismus-taufgarnitur-kreuzband-frankreich-um-1880\/#breadcrumb\",\"itemListElement\":[{\"@type\":\"ListItem\",\"position\":1,\"item\":{\"@type\":\"WebPage\",\"@id\":\"https:\/\/annette-ahrens.at\/onlineshop\/\",\"url\":\"https:\/\/annette-ahrens.at\/onlineshop\/\",\"name\":\"Home\"}},{\"@type\":\"ListItem\",\"position\":2,\"item\":{\"@type\":\"WebPage\",\"@id\":\"https:\/\/annette-ahrens.at\/onlineshop\/alle-tafelkultur-objekte\/\",\"url\":\"https:\/\/annette-ahrens.at\/onlineshop\/alle-tafelkultur-objekte\/\",\"name\":\"Alle Tafelkultur Objekte\"}},{\"@type\":\"ListItem\",\"position\":3,\"item\":{\"@type\":\"WebPage\",\"@id\":\"https:\/\/annette-ahrens.at\/onlineshop\/produkt\/versilberte-historismus-taufgarnitur-kreuzband-frankreich-um-1880\/\",\"url\":\"https:\/\/annette-ahrens.at\/onlineshop\/produkt\/versilberte-historismus-taufgarnitur-kreuzband-frankreich-um-1880\/\",\"name\":\"Versilberte Historismus Taufgarnitur &#8222;Kreuzband&#8220;, Fa. Alf\\u00e9nide, Frankreich, um 1900\"}}]}]}<\/script>\n<!-- \/ Yoast SEO Premium plugin. -->","_links":{"self":[{"href":"https:\/\/annette-ahrens.at\/onlineshop\/wp-json\/wp\/v2\/product\/39645","targetHints":{"allow":["GET"]}}],"collection":[{"href":"https:\/\/annette-ahrens.at\/onlineshop\/wp-json\/wp\/v2\/product"}],"about":[{"href":"https:\/\/annette-ahrens.at\/onlineshop\/wp-json\/wp\/v2\/types\/product"}],"replies":[{"embeddable":true,"href":"https:\/\/annette-ahrens.at\/onlineshop\/wp-json\/wp\/v2\/comments?post=39645"}],"wp:featuredmedia":[{"embeddable":true,"href":"https:\/\/annette-ahrens.at\/onlineshop\/wp-json\/wp\/v2\/media\/39648"}],"wp:attachment":[{"href":"https:\/\/annette-ahrens.at\/onlineshop\/wp-json\/wp\/v2\/media?parent=39645"}],"wp:term":[{"taxonomy":"product_brand","embeddable":true,"href":"https:\/\/annette-ahrens.at\/onlineshop\/wp-json\/wp\/v2\/product_brand?post=39645"},{"taxonomy":"product_cat","embeddable":true,"href":"https:\/\/annette-ahrens.at\/onlineshop\/wp-json\/wp\/v2\/product_cat?post=39645"},{"taxonomy":"product_tag","embeddable":true,"href":"https:\/\/annette-ahrens.at\/onlineshop\/wp-json\/wp\/v2\/product_tag?post=39645"}],"curies":[{"name":"wp","href":"https:\/\/api.w.org\/{rel}","templated":true}]}}