{"id":39651,"date":"2025-10-19T07:20:45","date_gmt":"2025-10-19T05:20:45","guid":{"rendered":"https:\/\/annette-ahrens.at\/onlineshop\/?post_type=product&#038;p=39651"},"modified":"2025-10-22T11:59:44","modified_gmt":"2025-10-22T09:59:44","slug":"6-seltene-auflauf-foermchen-in-halterung-frankreich-um-1930-2","status":"publish","type":"product","link":"https:\/\/annette-ahrens.at\/onlineshop\/produkt\/6-seltene-auflauf-foermchen-in-halterung-frankreich-um-1930-2\/","title":{"rendered":"6 seltene Auflauf-F\u00f6rmchen in Halterung, Frankreich, um 1930"},"content":{"rendered":"<p>6 seltene Auflauf-F\u00f6rmchen in Halterung<\/p>\n<p>Frankreich, um 1930<\/p>\n<p>k\u00f6rbchenartige Halterung mit Griff aus Alpacca, stark versilbert, ungemarkt, Hitzebest\u00e4ndige, runde Auflauf-F\u00f6rmchen aus weissem Porzellan, gemarkt Rosenthal KRONACH BAVARIA, minimale Gebrauchsspuren<\/p>\n<p>H\u00f6he 3,5 cm<\/p>\n<p>Dm 6,5 cm<\/p>\n","protected":false},"excerpt":{"rendered":"<p>Annettes Etikette: Diese seltenen Auflaufformen habe ich in Paris entdeckt. Klar, dass die franz\u00f6sische K\u00fcche derlei Soufl\u00e9es in eleganten Schalen zu servieren weiss. Praktisch, denn die heissen Formen k\u00f6nnen so getrost serviert und auch angefasst werden.<\/p>\n","protected":false},"featured_media":40023,"comment_status":"open","ping_status":"closed","template":"","meta":[],"product_brand":[],"product_cat":[276,192,307,24,279],"product_tag":[],"class_list":{"0":"post-39651","1":"product","2":"type-product","3":"status-publish","4":"has-post-thumbnail","6":"product_cat-alpacca","7":"product_cat-dessert","8":"product_cat-pasteten","9":"product_cat-patisserie","10":"product_cat-schale","12":"first","13":"instock","14":"purchasable","15":"product-type-simple"},"yoast_head":"<!-- This site is optimized with the Yoast SEO Premium plugin v15.8.2 - https:\/\/yoast.com\/wordpress\/plugins\/seo\/ -->\n<title>6 seltene Auflauf-F\u00f6rmchen in Halterung, Frankreich, um 1930<\/title>\n<meta name=\"description\" content=\"6 seltene Auflauf-F\u00f6rmchen in Halterung, Frankreich, um 1930 \u2665 Antiquit\u00e4ten Online kaufen \u2713 Sichere Lieferung \u2713\" \/>\n<meta name=\"robots\" content=\"index, follow, max-snippet:-1, max-image-preview:large, max-video-preview:-1\" \/>\n<link rel=\"canonical\" href=\"https:\/\/annette-ahrens.at\/onlineshop\/produkt\/6-seltene-auflauf-foermchen-in-halterung-frankreich-um-1930-2\/\" \/>\n<meta property=\"og:locale\" content=\"de_DE\" \/>\n<meta property=\"og:type\" content=\"article\" \/>\n<meta property=\"og:title\" content=\"6 seltene Auflauf-F\u00f6rmchen in Halterung, Frankreich, um 1930\" \/>\n<meta property=\"og:description\" content=\"6 seltene Auflauf-F\u00f6rmchen in Halterung, Frankreich, um 1930 \u2665 Antiquit\u00e4ten Online kaufen \u2713 Sichere Lieferung \u2713\" \/>\n<meta property=\"og:url\" content=\"https:\/\/annette-ahrens.at\/onlineshop\/produkt\/6-seltene-auflauf-foermchen-in-halterung-frankreich-um-1930-2\/\" \/>\n<meta property=\"og:site_name\" content=\"Tafelkultur Onlineshop\" \/>\n<meta property=\"article:publisher\" content=\"https:\/\/www.facebook.com\/AnnetteAhrensTafelkultur\" \/>\n<meta property=\"article:modified_time\" content=\"2025-10-22T09:59:44+00:00\" \/>\n<meta property=\"og:image\" content=\"https:\/\/annette-ahrens.at\/onlineshop\/wp-content\/uploads\/2025\/10\/IMG_9335-scaled.jpeg\" \/>\n\t<meta property=\"og:image:width\" content=\"2048\" \/>\n\t<meta property=\"og:image:height\" content=\"1534\" \/>\n<meta name=\"twitter:card\" content=\"summary_large_image\" \/>\n<meta name=\"twitter:label1\" content=\"Gesch\u00e4tzte Lesezeit\">\n\t<meta name=\"twitter:data1\" content=\"1\u00a0Minute\">\n<script type=\"application\/ld+json\" class=\"yoast-schema-graph\">{\"@context\":\"https:\/\/schema.org\",\"@graph\":[{\"@type\":[\"Person\",\"Organization\"],\"@id\":\"https:\/\/annette-ahrens.at\/onlineshop\/#\/schema\/person\/3e19676faae246bba0cb3b7e15f427d8\",\"name\":\"Annette Ahrens\",\"image\":{\"@type\":\"ImageObject\",\"@id\":\"https:\/\/annette-ahrens.at\/onlineshop\/#personlogo\",\"inLanguage\":\"de\",\"url\":\"https:\/\/annette-ahrens.at\/onlineshop\/wp-content\/uploads\/2020\/04\/aa_logo_End.png\",\"width\":800,\"height\":164,\"caption\":\"Annette Ahrens\"},\"logo\":{\"@id\":\"https:\/\/annette-ahrens.at\/onlineshop\/#personlogo\"},\"sameAs\":[\"https:\/\/annette-ahrens.at\",\"https:\/\/www.facebook.com\/AnnetteAhrensTafelkultur\",\"https:\/\/www.instagram.com\/tafelkulturistin\/\",\"https:\/\/de.wikipedia.org\/wiki\/Annette_Ahrens\"]},{\"@type\":\"WebSite\",\"@id\":\"https:\/\/annette-ahrens.at\/onlineshop\/#website\",\"url\":\"https:\/\/annette-ahrens.at\/onlineshop\/\",\"name\":\"Tafelkultur Onlineshop\",\"description\":\"Annette Ahrens\",\"publisher\":{\"@id\":\"https:\/\/annette-ahrens.at\/onlineshop\/#\/schema\/person\/3e19676faae246bba0cb3b7e15f427d8\"},\"potentialAction\":[{\"@type\":\"SearchAction\",\"target\":\"https:\/\/annette-ahrens.at\/onlineshop\/?s={search_term_string}\",\"query-input\":\"required name=search_term_string\"}],\"inLanguage\":\"de\"},{\"@type\":\"ImageObject\",\"@id\":\"https:\/\/annette-ahrens.at\/onlineshop\/produkt\/6-seltene-auflauf-foermchen-in-halterung-frankreich-um-1930-2\/#primaryimage\",\"inLanguage\":\"de\",\"url\":\"https:\/\/annette-ahrens.at\/onlineshop\/wp-content\/uploads\/2025\/10\/IMG_9335-scaled.jpeg\",\"width\":2048,\"height\":1534,\"caption\":\"auflaufform\"},{\"@type\":[\"WebPage\",\"ItemPage\"],\"@id\":\"https:\/\/annette-ahrens.at\/onlineshop\/produkt\/6-seltene-auflauf-foermchen-in-halterung-frankreich-um-1930-2\/#webpage\",\"url\":\"https:\/\/annette-ahrens.at\/onlineshop\/produkt\/6-seltene-auflauf-foermchen-in-halterung-frankreich-um-1930-2\/\",\"name\":\"6 seltene Auflauf-F\\u00f6rmchen in Halterung, Frankreich, um 1930\",\"isPartOf\":{\"@id\":\"https:\/\/annette-ahrens.at\/onlineshop\/#website\"},\"primaryImageOfPage\":{\"@id\":\"https:\/\/annette-ahrens.at\/onlineshop\/produkt\/6-seltene-auflauf-foermchen-in-halterung-frankreich-um-1930-2\/#primaryimage\"},\"datePublished\":\"2025-10-19T05:20:45+00:00\",\"dateModified\":\"2025-10-22T09:59:44+00:00\",\"description\":\"6 seltene Auflauf-F\\u00f6rmchen in Halterung, Frankreich, um 1930 \\u2665 Antiquit\\u00e4ten Online kaufen \\u2713 Sichere Lieferung \\u2713\",\"breadcrumb\":{\"@id\":\"https:\/\/annette-ahrens.at\/onlineshop\/produkt\/6-seltene-auflauf-foermchen-in-halterung-frankreich-um-1930-2\/#breadcrumb\"},\"inLanguage\":\"de\",\"potentialAction\":[{\"@type\":\"ReadAction\",\"target\":[\"https:\/\/annette-ahrens.at\/onlineshop\/produkt\/6-seltene-auflauf-foermchen-in-halterung-frankreich-um-1930-2\/\"]}]},{\"@type\":\"BreadcrumbList\",\"@id\":\"https:\/\/annette-ahrens.at\/onlineshop\/produkt\/6-seltene-auflauf-foermchen-in-halterung-frankreich-um-1930-2\/#breadcrumb\",\"itemListElement\":[{\"@type\":\"ListItem\",\"position\":1,\"item\":{\"@type\":\"WebPage\",\"@id\":\"https:\/\/annette-ahrens.at\/onlineshop\/\",\"url\":\"https:\/\/annette-ahrens.at\/onlineshop\/\",\"name\":\"Home\"}},{\"@type\":\"ListItem\",\"position\":2,\"item\":{\"@type\":\"WebPage\",\"@id\":\"https:\/\/annette-ahrens.at\/onlineshop\/alle-tafelkultur-objekte\/\",\"url\":\"https:\/\/annette-ahrens.at\/onlineshop\/alle-tafelkultur-objekte\/\",\"name\":\"Alle Tafelkultur Objekte\"}},{\"@type\":\"ListItem\",\"position\":3,\"item\":{\"@type\":\"WebPage\",\"@id\":\"https:\/\/annette-ahrens.at\/onlineshop\/produkt\/6-seltene-auflauf-foermchen-in-halterung-frankreich-um-1930-2\/\",\"url\":\"https:\/\/annette-ahrens.at\/onlineshop\/produkt\/6-seltene-auflauf-foermchen-in-halterung-frankreich-um-1930-2\/\",\"name\":\"6 seltene Auflauf-F\\u00f6rmchen in Halterung, Frankreich, um 1930\"}}]}]}<\/script>\n<!-- \/ Yoast SEO Premium plugin. -->","_links":{"self":[{"href":"https:\/\/annette-ahrens.at\/onlineshop\/wp-json\/wp\/v2\/product\/39651","targetHints":{"allow":["GET"]}}],"collection":[{"href":"https:\/\/annette-ahrens.at\/onlineshop\/wp-json\/wp\/v2\/product"}],"about":[{"href":"https:\/\/annette-ahrens.at\/onlineshop\/wp-json\/wp\/v2\/types\/product"}],"replies":[{"embeddable":true,"href":"https:\/\/annette-ahrens.at\/onlineshop\/wp-json\/wp\/v2\/comments?post=39651"}],"wp:featuredmedia":[{"embeddable":true,"href":"https:\/\/annette-ahrens.at\/onlineshop\/wp-json\/wp\/v2\/media\/40023"}],"wp:attachment":[{"href":"https:\/\/annette-ahrens.at\/onlineshop\/wp-json\/wp\/v2\/media?parent=39651"}],"wp:term":[{"taxonomy":"product_brand","embeddable":true,"href":"https:\/\/annette-ahrens.at\/onlineshop\/wp-json\/wp\/v2\/product_brand?post=39651"},{"taxonomy":"product_cat","embeddable":true,"href":"https:\/\/annette-ahrens.at\/onlineshop\/wp-json\/wp\/v2\/product_cat?post=39651"},{"taxonomy":"product_tag","embeddable":true,"href":"https:\/\/annette-ahrens.at\/onlineshop\/wp-json\/wp\/v2\/product_tag?post=39651"}],"curies":[{"name":"wp","href":"https:\/\/api.w.org\/{rel}","templated":true}]}}