{"id":39695,"date":"2025-09-29T12:28:42","date_gmt":"2025-09-29T10:28:42","guid":{"rendered":"https:\/\/annette-ahrens.at\/onlineshop\/?post_type=product&#038;p=39695"},"modified":"2025-09-29T14:58:54","modified_gmt":"2025-09-29T12:58:54","slug":"midcentury-eiswuerfelkuehler-als-schwan-mauro-manetti-italien-um-1960","status":"publish","type":"product","link":"https:\/\/annette-ahrens.at\/onlineshop\/produkt\/midcentury-eiswuerfelkuehler-als-schwan-mauro-manetti-italien-um-1960\/","title":{"rendered":"Midcentury Eisw\u00fcrfelk\u00fchler als Schwan, Mauro Manetti, Italien, um 1960"},"content":{"rendered":"<p>Eisw\u00fcrfelk\u00fchler als Schwan<\/p>\n<p>Mauro Manetti f\u00fcr Fonderia d\u00b4Arte, Florenz, Italien, um 1960<\/p>\n<p>Zinnlegierung, vergoldet, in Gestalt eines liegenden Schwans, mit Deckel, innen Kunststoff-Einsatz, am Boden gemarkt LEGA PELTRO, FIRENZE M\/M MADE IN ITALY, tadelloser Erhaltungszustand mit altersbedingen Gebrauchsspuren wie minimaler Abrieb am Deckel<\/p>\n<p>H 27 cm<\/p>\n<p>Dm 14 cm<\/p>\n","protected":false},"excerpt":{"rendered":"<p>Annettes Etikette: Der \u201eEisw\u00fcrfelk\u00fchler Schwan M\u201c von Mauro Manetti ist ein seltener und exklusiver Vintage-Eisk\u00fcbel aus den 1970er Jahren, der in Form eines eleganten Schwans gestaltet ist und vor allem als Designobjekt und Sammlerst\u00fcck gesch\u00e4tzt wird. Die Doppelfunktion, von Eisw\u00fcrfelk\u00fchler und gelungener optischer Ausf\u00fchrung, macht auch heute diesen Schwan zum Hauptdarsteller bei Tisch.<\/p>\n","protected":false},"featured_media":39702,"comment_status":"open","ping_status":"closed","template":"","meta":[],"product_brand":[],"product_cat":[212,219,27,221,298,215,299,32,300,232,20,213],"product_tag":[],"class_list":{"0":"post-39695","1":"product","2":"type-product","3":"status-publish","4":"has-post-thumbnail","6":"product_cat-apertif","7":"product_cat-barutensilien","8":"product_cat-barware","9":"product_cat-bowle","10":"product_cat-buffet","11":"product_cat-champagnerschalen","12":"product_cat-cocktailparty","13":"product_cat-festefeiern","14":"product_cat-gartenfest","15":"product_cat-longdrink","16":"product_cat-lunchtime","17":"product_cat-wein","19":"first","20":"instock","21":"sold-individually","22":"purchasable","23":"product-type-simple"},"yoast_head":"<!-- This site is optimized with the Yoast SEO Premium plugin v15.8.2 - https:\/\/yoast.com\/wordpress\/plugins\/seo\/ -->\n<title>Midcentury Eisw\u00fcrfelk\u00fchler als Schwan, Mauro Manetti, Italien, um 1960<\/title>\n<meta name=\"description\" content=\"Midcentury Eisw\u00fcrfelk\u00fchler als Schwan, Mauro Manetti, Italien, um 1960 \u2665 Antiquit\u00e4ten Online kaufen \u2713 Sichere Lieferung \u2713\" \/>\n<meta name=\"robots\" content=\"index, follow, max-snippet:-1, max-image-preview:large, max-video-preview:-1\" \/>\n<link rel=\"canonical\" href=\"https:\/\/annette-ahrens.at\/onlineshop\/produkt\/midcentury-eiswuerfelkuehler-als-schwan-mauro-manetti-italien-um-1960\/\" \/>\n<meta property=\"og:locale\" content=\"de_DE\" \/>\n<meta property=\"og:type\" content=\"article\" \/>\n<meta property=\"og:title\" content=\"Midcentury Eisw\u00fcrfelk\u00fchler als Schwan, Mauro Manetti, Italien, um 1960\" \/>\n<meta property=\"og:description\" content=\"Midcentury Eisw\u00fcrfelk\u00fchler als Schwan, Mauro Manetti, Italien, um 1960 \u2665 Antiquit\u00e4ten Online kaufen \u2713 Sichere Lieferung \u2713\" \/>\n<meta property=\"og:url\" content=\"https:\/\/annette-ahrens.at\/onlineshop\/produkt\/midcentury-eiswuerfelkuehler-als-schwan-mauro-manetti-italien-um-1960\/\" \/>\n<meta property=\"og:site_name\" content=\"Tafelkultur Onlineshop\" \/>\n<meta property=\"article:publisher\" content=\"https:\/\/www.facebook.com\/AnnetteAhrensTafelkultur\" \/>\n<meta property=\"article:modified_time\" content=\"2025-09-29T12:58:54+00:00\" \/>\n<meta property=\"og:image\" content=\"https:\/\/annette-ahrens.at\/onlineshop\/wp-content\/uploads\/2025\/09\/IMG_9034-scaled.jpeg\" \/>\n\t<meta property=\"og:image:width\" content=\"2048\" \/>\n\t<meta property=\"og:image:height\" content=\"1978\" \/>\n<meta name=\"twitter:card\" content=\"summary_large_image\" \/>\n<meta name=\"twitter:label1\" content=\"Gesch\u00e4tzte Lesezeit\">\n\t<meta name=\"twitter:data1\" content=\"1\u00a0Minute\">\n<script type=\"application\/ld+json\" class=\"yoast-schema-graph\">{\"@context\":\"https:\/\/schema.org\",\"@graph\":[{\"@type\":[\"Person\",\"Organization\"],\"@id\":\"https:\/\/annette-ahrens.at\/onlineshop\/#\/schema\/person\/3e19676faae246bba0cb3b7e15f427d8\",\"name\":\"Annette Ahrens\",\"image\":{\"@type\":\"ImageObject\",\"@id\":\"https:\/\/annette-ahrens.at\/onlineshop\/#personlogo\",\"inLanguage\":\"de\",\"url\":\"https:\/\/annette-ahrens.at\/onlineshop\/wp-content\/uploads\/2020\/04\/aa_logo_End.png\",\"width\":800,\"height\":164,\"caption\":\"Annette Ahrens\"},\"logo\":{\"@id\":\"https:\/\/annette-ahrens.at\/onlineshop\/#personlogo\"},\"sameAs\":[\"https:\/\/annette-ahrens.at\",\"https:\/\/www.facebook.com\/AnnetteAhrensTafelkultur\",\"https:\/\/www.instagram.com\/tafelkulturistin\/\",\"https:\/\/de.wikipedia.org\/wiki\/Annette_Ahrens\"]},{\"@type\":\"WebSite\",\"@id\":\"https:\/\/annette-ahrens.at\/onlineshop\/#website\",\"url\":\"https:\/\/annette-ahrens.at\/onlineshop\/\",\"name\":\"Tafelkultur Onlineshop\",\"description\":\"Annette Ahrens\",\"publisher\":{\"@id\":\"https:\/\/annette-ahrens.at\/onlineshop\/#\/schema\/person\/3e19676faae246bba0cb3b7e15f427d8\"},\"potentialAction\":[{\"@type\":\"SearchAction\",\"target\":\"https:\/\/annette-ahrens.at\/onlineshop\/?s={search_term_string}\",\"query-input\":\"required name=search_term_string\"}],\"inLanguage\":\"de\"},{\"@type\":\"ImageObject\",\"@id\":\"https:\/\/annette-ahrens.at\/onlineshop\/produkt\/midcentury-eiswuerfelkuehler-als-schwan-mauro-manetti-italien-um-1960\/#primaryimage\",\"inLanguage\":\"de\",\"url\":\"https:\/\/annette-ahrens.at\/onlineshop\/wp-content\/uploads\/2025\/09\/IMG_9034-scaled.jpeg\",\"width\":2048,\"height\":1978,\"caption\":\"eisw\\u00fcrfelk\\u00fchler_schwan_manetti\"},{\"@type\":[\"WebPage\",\"ItemPage\"],\"@id\":\"https:\/\/annette-ahrens.at\/onlineshop\/produkt\/midcentury-eiswuerfelkuehler-als-schwan-mauro-manetti-italien-um-1960\/#webpage\",\"url\":\"https:\/\/annette-ahrens.at\/onlineshop\/produkt\/midcentury-eiswuerfelkuehler-als-schwan-mauro-manetti-italien-um-1960\/\",\"name\":\"Midcentury Eisw\\u00fcrfelk\\u00fchler als Schwan, Mauro Manetti, Italien, um 1960\",\"isPartOf\":{\"@id\":\"https:\/\/annette-ahrens.at\/onlineshop\/#website\"},\"primaryImageOfPage\":{\"@id\":\"https:\/\/annette-ahrens.at\/onlineshop\/produkt\/midcentury-eiswuerfelkuehler-als-schwan-mauro-manetti-italien-um-1960\/#primaryimage\"},\"datePublished\":\"2025-09-29T10:28:42+00:00\",\"dateModified\":\"2025-09-29T12:58:54+00:00\",\"description\":\"Midcentury Eisw\\u00fcrfelk\\u00fchler als Schwan, Mauro Manetti, Italien, um 1960 \\u2665 Antiquit\\u00e4ten Online kaufen \\u2713 Sichere Lieferung \\u2713\",\"breadcrumb\":{\"@id\":\"https:\/\/annette-ahrens.at\/onlineshop\/produkt\/midcentury-eiswuerfelkuehler-als-schwan-mauro-manetti-italien-um-1960\/#breadcrumb\"},\"inLanguage\":\"de\",\"potentialAction\":[{\"@type\":\"ReadAction\",\"target\":[\"https:\/\/annette-ahrens.at\/onlineshop\/produkt\/midcentury-eiswuerfelkuehler-als-schwan-mauro-manetti-italien-um-1960\/\"]}]},{\"@type\":\"BreadcrumbList\",\"@id\":\"https:\/\/annette-ahrens.at\/onlineshop\/produkt\/midcentury-eiswuerfelkuehler-als-schwan-mauro-manetti-italien-um-1960\/#breadcrumb\",\"itemListElement\":[{\"@type\":\"ListItem\",\"position\":1,\"item\":{\"@type\":\"WebPage\",\"@id\":\"https:\/\/annette-ahrens.at\/onlineshop\/\",\"url\":\"https:\/\/annette-ahrens.at\/onlineshop\/\",\"name\":\"Home\"}},{\"@type\":\"ListItem\",\"position\":2,\"item\":{\"@type\":\"WebPage\",\"@id\":\"https:\/\/annette-ahrens.at\/onlineshop\/alle-tafelkultur-objekte\/\",\"url\":\"https:\/\/annette-ahrens.at\/onlineshop\/alle-tafelkultur-objekte\/\",\"name\":\"Alle Tafelkultur Objekte\"}},{\"@type\":\"ListItem\",\"position\":3,\"item\":{\"@type\":\"WebPage\",\"@id\":\"https:\/\/annette-ahrens.at\/onlineshop\/produkt\/midcentury-eiswuerfelkuehler-als-schwan-mauro-manetti-italien-um-1960\/\",\"url\":\"https:\/\/annette-ahrens.at\/onlineshop\/produkt\/midcentury-eiswuerfelkuehler-als-schwan-mauro-manetti-italien-um-1960\/\",\"name\":\"Midcentury Eisw\\u00fcrfelk\\u00fchler als Schwan, Mauro Manetti, Italien, um 1960\"}}]}]}<\/script>\n<!-- \/ Yoast SEO Premium plugin. -->","_links":{"self":[{"href":"https:\/\/annette-ahrens.at\/onlineshop\/wp-json\/wp\/v2\/product\/39695","targetHints":{"allow":["GET"]}}],"collection":[{"href":"https:\/\/annette-ahrens.at\/onlineshop\/wp-json\/wp\/v2\/product"}],"about":[{"href":"https:\/\/annette-ahrens.at\/onlineshop\/wp-json\/wp\/v2\/types\/product"}],"replies":[{"embeddable":true,"href":"https:\/\/annette-ahrens.at\/onlineshop\/wp-json\/wp\/v2\/comments?post=39695"}],"wp:featuredmedia":[{"embeddable":true,"href":"https:\/\/annette-ahrens.at\/onlineshop\/wp-json\/wp\/v2\/media\/39702"}],"wp:attachment":[{"href":"https:\/\/annette-ahrens.at\/onlineshop\/wp-json\/wp\/v2\/media?parent=39695"}],"wp:term":[{"taxonomy":"product_brand","embeddable":true,"href":"https:\/\/annette-ahrens.at\/onlineshop\/wp-json\/wp\/v2\/product_brand?post=39695"},{"taxonomy":"product_cat","embeddable":true,"href":"https:\/\/annette-ahrens.at\/onlineshop\/wp-json\/wp\/v2\/product_cat?post=39695"},{"taxonomy":"product_tag","embeddable":true,"href":"https:\/\/annette-ahrens.at\/onlineshop\/wp-json\/wp\/v2\/product_tag?post=39695"}],"curies":[{"name":"wp","href":"https:\/\/api.w.org\/{rel}","templated":true}]}}