{"id":39698,"date":"2025-10-28T18:17:54","date_gmt":"2025-10-28T17:17:54","guid":{"rendered":"https:\/\/annette-ahrens.at\/onlineshop\/?post_type=product&#038;p=39698"},"modified":"2025-10-20T10:14:34","modified_gmt":"2025-10-20T08:14:34","slug":"ovaler-versilberter-glaeserkuehler-frankreich-20-jahrhundert","status":"publish","type":"product","link":"https:\/\/annette-ahrens.at\/onlineshop\/produkt\/ovaler-versilberter-glaeserkuehler-frankreich-20-jahrhundert\/","title":{"rendered":"Ovaler versilberter Gl\u00e4serk\u00fchler, Frankreich, 20. Jahrhundert"},"content":{"rendered":"<p>Ovaler versilberter Gl\u00e4serk\u00fchler<\/p>\n<p>Frankreich, 20. Jahrhundert<\/p>\n<p>Alpacca versilbert, ovaler Gef\u00e4\u00dfk\u00f6rper mit Halterungen f\u00fcr Gl\u00e4ser, zwei seitliche Handhaben, am Boden undeutlich gemarkt mit franz\u00f6sischer Herstellermarke, altersbedingter Erhaltungszustand mit minimalen Gebrauchsspuren wie Abrieb<\/p>\n<p>31,5 x 19,5 cm<\/p>\n<p>H 11 cm<\/p>\n","protected":false},"excerpt":{"rendered":"<p>Annettes Etikette: Die beschriebene Schale wird oft als Jardini\u00e8re (Pflanzengef\u00e4\u00df) angeboten, obwohl es sich tats\u00e4chlich um einen Gl\u00e4serk\u00fchler handelt, der historisch eine eigenst\u00e4ndige Funktion hatte. Die korrekte Nutzung sieht vor, dass Gl\u00e4ser verkehrt, also mit der \u00d6ffnung nach unten, in die mit Eis gef\u00fcllte Schale eingeh\u00e4ngt werden. Dadurch k\u00fchlt das Glas von au\u00dfen ab, sodass das Getr\u00e4nk bei der richtigen Temperatur genossen werden kann\u2014ein Unterschied zur rein dekorativen Pflanzenschale oder Jardini\u00e8re, die h\u00e4ufig verwechselt wird.<\/p>\n","protected":false},"featured_media":40144,"comment_status":"open","ping_status":"closed","template":"","meta":[],"product_brand":[],"product_cat":[27,298,223,131,53],"product_tag":[],"class_list":{"0":"post-39698","1":"product","2":"type-product","3":"status-publish","4":"has-post-thumbnail","6":"product_cat-barware","7":"product_cat-buffet","8":"product_cat-glaeser","9":"product_cat-tafeldekorationen","10":"product_cat-weihnachten","12":"first","13":"instock","14":"sold-individually","15":"purchasable","16":"product-type-simple"},"yoast_head":"<!-- This site is optimized with the Yoast SEO Premium plugin v15.8.2 - https:\/\/yoast.com\/wordpress\/plugins\/seo\/ -->\n<title>Ovaler versilberter Gl\u00e4serk\u00fchler, Frankreich, 20. Jahrhundert<\/title>\n<meta name=\"description\" content=\"Ovaler versilberter Gl\u00e4serk\u00fchler, Frankreich, 20. Jahrhundert \u2665 Antiquit\u00e4ten Online kaufen \u2713 Sichere Lieferung \u2713\" \/>\n<meta name=\"robots\" content=\"index, follow, max-snippet:-1, max-image-preview:large, max-video-preview:-1\" \/>\n<link rel=\"canonical\" href=\"https:\/\/annette-ahrens.at\/onlineshop\/produkt\/ovaler-versilberter-glaeserkuehler-frankreich-20-jahrhundert\/\" \/>\n<meta property=\"og:locale\" content=\"de_DE\" \/>\n<meta property=\"og:type\" content=\"article\" \/>\n<meta property=\"og:title\" content=\"Ovaler versilberter Gl\u00e4serk\u00fchler, Frankreich, 20. Jahrhundert\" \/>\n<meta property=\"og:description\" content=\"Ovaler versilberter Gl\u00e4serk\u00fchler, Frankreich, 20. Jahrhundert \u2665 Antiquit\u00e4ten Online kaufen \u2713 Sichere Lieferung \u2713\" \/>\n<meta property=\"og:url\" content=\"https:\/\/annette-ahrens.at\/onlineshop\/produkt\/ovaler-versilberter-glaeserkuehler-frankreich-20-jahrhundert\/\" \/>\n<meta property=\"og:site_name\" content=\"Tafelkultur Onlineshop\" \/>\n<meta property=\"article:publisher\" content=\"https:\/\/www.facebook.com\/AnnetteAhrensTafelkultur\" \/>\n<meta property=\"article:modified_time\" content=\"2025-10-20T08:14:34+00:00\" \/>\n<meta property=\"og:image\" content=\"https:\/\/annette-ahrens.at\/onlineshop\/wp-content\/uploads\/2025\/10\/IMG_9437-scaled.jpeg\" \/>\n\t<meta property=\"og:image:width\" content=\"1848\" \/>\n\t<meta property=\"og:image:height\" content=\"2048\" \/>\n<meta name=\"twitter:card\" content=\"summary_large_image\" \/>\n<meta name=\"twitter:label1\" content=\"Gesch\u00e4tzte Lesezeit\">\n\t<meta name=\"twitter:data1\" content=\"1\u00a0Minute\">\n<script type=\"application\/ld+json\" class=\"yoast-schema-graph\">{\"@context\":\"https:\/\/schema.org\",\"@graph\":[{\"@type\":[\"Person\",\"Organization\"],\"@id\":\"https:\/\/annette-ahrens.at\/onlineshop\/#\/schema\/person\/3e19676faae246bba0cb3b7e15f427d8\",\"name\":\"Annette Ahrens\",\"image\":{\"@type\":\"ImageObject\",\"@id\":\"https:\/\/annette-ahrens.at\/onlineshop\/#personlogo\",\"inLanguage\":\"de\",\"url\":\"https:\/\/annette-ahrens.at\/onlineshop\/wp-content\/uploads\/2020\/04\/aa_logo_End.png\",\"width\":800,\"height\":164,\"caption\":\"Annette Ahrens\"},\"logo\":{\"@id\":\"https:\/\/annette-ahrens.at\/onlineshop\/#personlogo\"},\"sameAs\":[\"https:\/\/annette-ahrens.at\",\"https:\/\/www.facebook.com\/AnnetteAhrensTafelkultur\",\"https:\/\/www.instagram.com\/tafelkulturistin\/\",\"https:\/\/de.wikipedia.org\/wiki\/Annette_Ahrens\"]},{\"@type\":\"WebSite\",\"@id\":\"https:\/\/annette-ahrens.at\/onlineshop\/#website\",\"url\":\"https:\/\/annette-ahrens.at\/onlineshop\/\",\"name\":\"Tafelkultur Onlineshop\",\"description\":\"Annette Ahrens\",\"publisher\":{\"@id\":\"https:\/\/annette-ahrens.at\/onlineshop\/#\/schema\/person\/3e19676faae246bba0cb3b7e15f427d8\"},\"potentialAction\":[{\"@type\":\"SearchAction\",\"target\":\"https:\/\/annette-ahrens.at\/onlineshop\/?s={search_term_string}\",\"query-input\":\"required name=search_term_string\"}],\"inLanguage\":\"de\"},{\"@type\":\"ImageObject\",\"@id\":\"https:\/\/annette-ahrens.at\/onlineshop\/produkt\/ovaler-versilberter-glaeserkuehler-frankreich-20-jahrhundert\/#primaryimage\",\"inLanguage\":\"de\",\"url\":\"https:\/\/annette-ahrens.at\/onlineshop\/wp-content\/uploads\/2025\/10\/IMG_9437-scaled.jpeg\",\"width\":1848,\"height\":2048,\"caption\":\"gl\\u00e4serk\\u00fchler_frankreich\"},{\"@type\":[\"WebPage\",\"ItemPage\"],\"@id\":\"https:\/\/annette-ahrens.at\/onlineshop\/produkt\/ovaler-versilberter-glaeserkuehler-frankreich-20-jahrhundert\/#webpage\",\"url\":\"https:\/\/annette-ahrens.at\/onlineshop\/produkt\/ovaler-versilberter-glaeserkuehler-frankreich-20-jahrhundert\/\",\"name\":\"Ovaler versilberter Gl\\u00e4serk\\u00fchler, Frankreich, 20. Jahrhundert\",\"isPartOf\":{\"@id\":\"https:\/\/annette-ahrens.at\/onlineshop\/#website\"},\"primaryImageOfPage\":{\"@id\":\"https:\/\/annette-ahrens.at\/onlineshop\/produkt\/ovaler-versilberter-glaeserkuehler-frankreich-20-jahrhundert\/#primaryimage\"},\"datePublished\":\"2025-10-28T17:17:54+00:00\",\"dateModified\":\"2025-10-20T08:14:34+00:00\",\"description\":\"Ovaler versilberter Gl\\u00e4serk\\u00fchler, Frankreich, 20. Jahrhundert \\u2665 Antiquit\\u00e4ten Online kaufen \\u2713 Sichere Lieferung \\u2713\",\"breadcrumb\":{\"@id\":\"https:\/\/annette-ahrens.at\/onlineshop\/produkt\/ovaler-versilberter-glaeserkuehler-frankreich-20-jahrhundert\/#breadcrumb\"},\"inLanguage\":\"de\",\"potentialAction\":[{\"@type\":\"ReadAction\",\"target\":[\"https:\/\/annette-ahrens.at\/onlineshop\/produkt\/ovaler-versilberter-glaeserkuehler-frankreich-20-jahrhundert\/\"]}]},{\"@type\":\"BreadcrumbList\",\"@id\":\"https:\/\/annette-ahrens.at\/onlineshop\/produkt\/ovaler-versilberter-glaeserkuehler-frankreich-20-jahrhundert\/#breadcrumb\",\"itemListElement\":[{\"@type\":\"ListItem\",\"position\":1,\"item\":{\"@type\":\"WebPage\",\"@id\":\"https:\/\/annette-ahrens.at\/onlineshop\/\",\"url\":\"https:\/\/annette-ahrens.at\/onlineshop\/\",\"name\":\"Home\"}},{\"@type\":\"ListItem\",\"position\":2,\"item\":{\"@type\":\"WebPage\",\"@id\":\"https:\/\/annette-ahrens.at\/onlineshop\/alle-tafelkultur-objekte\/\",\"url\":\"https:\/\/annette-ahrens.at\/onlineshop\/alle-tafelkultur-objekte\/\",\"name\":\"Alle Tafelkultur Objekte\"}},{\"@type\":\"ListItem\",\"position\":3,\"item\":{\"@type\":\"WebPage\",\"@id\":\"https:\/\/annette-ahrens.at\/onlineshop\/produkt\/ovaler-versilberter-glaeserkuehler-frankreich-20-jahrhundert\/\",\"url\":\"https:\/\/annette-ahrens.at\/onlineshop\/produkt\/ovaler-versilberter-glaeserkuehler-frankreich-20-jahrhundert\/\",\"name\":\"Ovaler versilberter Gl\\u00e4serk\\u00fchler, Frankreich, 20. Jahrhundert\"}}]}]}<\/script>\n<!-- \/ Yoast SEO Premium plugin. -->","_links":{"self":[{"href":"https:\/\/annette-ahrens.at\/onlineshop\/wp-json\/wp\/v2\/product\/39698","targetHints":{"allow":["GET"]}}],"collection":[{"href":"https:\/\/annette-ahrens.at\/onlineshop\/wp-json\/wp\/v2\/product"}],"about":[{"href":"https:\/\/annette-ahrens.at\/onlineshop\/wp-json\/wp\/v2\/types\/product"}],"replies":[{"embeddable":true,"href":"https:\/\/annette-ahrens.at\/onlineshop\/wp-json\/wp\/v2\/comments?post=39698"}],"wp:featuredmedia":[{"embeddable":true,"href":"https:\/\/annette-ahrens.at\/onlineshop\/wp-json\/wp\/v2\/media\/40144"}],"wp:attachment":[{"href":"https:\/\/annette-ahrens.at\/onlineshop\/wp-json\/wp\/v2\/media?parent=39698"}],"wp:term":[{"taxonomy":"product_brand","embeddable":true,"href":"https:\/\/annette-ahrens.at\/onlineshop\/wp-json\/wp\/v2\/product_brand?post=39698"},{"taxonomy":"product_cat","embeddable":true,"href":"https:\/\/annette-ahrens.at\/onlineshop\/wp-json\/wp\/v2\/product_cat?post=39698"},{"taxonomy":"product_tag","embeddable":true,"href":"https:\/\/annette-ahrens.at\/onlineshop\/wp-json\/wp\/v2\/product_tag?post=39698"}],"curies":[{"name":"wp","href":"https:\/\/api.w.org\/{rel}","templated":true}]}}