{"id":39819,"date":"2025-10-09T06:51:18","date_gmt":"2025-10-09T04:51:18","guid":{"rendered":"https:\/\/annette-ahrens.at\/onlineshop\/?post_type=product&#038;p=39819"},"modified":"2025-10-06T20:57:46","modified_gmt":"2025-10-06T18:57:46","slug":"paar-versilberter-art-deco-salz-und-pfefferstreuer-fa-ercuis-frankreich-um-1930","status":"publish","type":"product","link":"https:\/\/annette-ahrens.at\/onlineshop\/produkt\/paar-versilberter-art-deco-salz-und-pfefferstreuer-fa-ercuis-frankreich-um-1930\/","title":{"rendered":"Paar versilberter Art Deco Salz-und Pfefferstreuer, Fa. Ercuis, Frankreich, um 1930"},"content":{"rendered":"<p>Paar versilberter Art Deco Salz-und Pfefferstreuer<\/p>\n<p>Entwurf: Luc Lanel (V\u00e9sinet 1893 &#8211; 1965 Neuilly-sur-Seine) f\u00fcr\u00a0Fa. Ercuis, Frankreich, um 1930<\/p>\n<p>Alpacca, versilbert, Kugelstreuer\/ Sprinkler, perforierte L\u00f6cher als Streuer &#8222;S&#8220; f\u00fcr Salz und &#8222;P&#8220; f\u00fcr Pfeffer, Schraubdeckel, am Boden gemarkt ERCUIS, handpolierter, tadelloser Erhaltungszustand<\/p>\n<p>H 4,5 cm<\/p>\n","protected":false},"excerpt":{"rendered":"<p>Annettes Etikette: Das Maison Ercuis wurde 1867 in dem kleinen Dorf Ercuis 50 km n\u00f6rdlich von Paris gegr\u00fcndet. 1880 wurde die erste Boutique in Paris er\u00f6ffnet. Die Marke mit dem Centauren wurde 1886 eingef\u00fchrt und firmiert bis heute. Die Entw\u00fcrfe des Designers Luc Lanel wurden sowohl von Christofle als auch von Ercuis ausgef\u00fchrt. Dieser Entwurf eines Streuers ist an Formvollendung kaum zu \u00fcbertreffen!<\/p>\n","protected":false},"featured_media":39823,"comment_status":"open","ping_status":"closed","template":"","meta":[],"product_brand":[],"product_cat":[25,297,276,192,24,53,308,157],"product_tag":[],"class_list":{"0":"post-39819","1":"product","2":"type-product","3":"status-publish","4":"has-post-thumbnail","6":"product_cat-5o-clock-tea","7":"product_cat-adventjause","8":"product_cat-alpacca","9":"product_cat-dessert","10":"product_cat-patisserie","11":"product_cat-weihnachten","12":"product_cat-weihnachtsgebaeck","13":"product_cat-zucker-fruehstueck","15":"first","16":"instock","17":"sold-individually","18":"purchasable","19":"product-type-simple"},"yoast_head":"<!-- This site is optimized with the Yoast SEO Premium plugin v15.8.2 - https:\/\/yoast.com\/wordpress\/plugins\/seo\/ -->\n<title>Paar versilberter Art Deco Salz-und Pfefferstreuer, Fa. Ercuis, Frankreich, um 1930<\/title>\n<meta name=\"description\" content=\"Paar versilberter Art Deco Salz-und Pfefferstreuer, Fa. Ercuis, Frankreich, um 1930 \u2665 Antiquit\u00e4ten Online kaufen \u2713 Sichere Lieferung \u2713\" \/>\n<meta name=\"robots\" content=\"index, follow, max-snippet:-1, max-image-preview:large, max-video-preview:-1\" \/>\n<link rel=\"canonical\" href=\"https:\/\/annette-ahrens.at\/onlineshop\/produkt\/paar-versilberter-art-deco-salz-und-pfefferstreuer-fa-ercuis-frankreich-um-1930\/\" \/>\n<meta property=\"og:locale\" content=\"de_DE\" \/>\n<meta property=\"og:type\" content=\"article\" \/>\n<meta property=\"og:title\" content=\"Paar versilberter Art Deco Salz-und Pfefferstreuer, Fa. Ercuis, Frankreich, um 1930\" \/>\n<meta property=\"og:description\" content=\"Paar versilberter Art Deco Salz-und Pfefferstreuer, Fa. Ercuis, Frankreich, um 1930 \u2665 Antiquit\u00e4ten Online kaufen \u2713 Sichere Lieferung \u2713\" \/>\n<meta property=\"og:url\" content=\"https:\/\/annette-ahrens.at\/onlineshop\/produkt\/paar-versilberter-art-deco-salz-und-pfefferstreuer-fa-ercuis-frankreich-um-1930\/\" \/>\n<meta property=\"og:site_name\" content=\"Tafelkultur Onlineshop\" \/>\n<meta property=\"article:publisher\" content=\"https:\/\/www.facebook.com\/AnnetteAhrensTafelkultur\" \/>\n<meta property=\"article:modified_time\" content=\"2025-10-06T18:57:46+00:00\" \/>\n<meta property=\"og:image\" content=\"https:\/\/annette-ahrens.at\/onlineshop\/wp-content\/uploads\/2025\/10\/IMG_9120-scaled.jpeg\" \/>\n\t<meta property=\"og:image:width\" content=\"2048\" \/>\n\t<meta property=\"og:image:height\" content=\"1787\" \/>\n<meta name=\"twitter:card\" content=\"summary_large_image\" \/>\n<meta name=\"twitter:label1\" content=\"Gesch\u00e4tzte Lesezeit\">\n\t<meta name=\"twitter:data1\" content=\"1\u00a0Minute\">\n<script type=\"application\/ld+json\" class=\"yoast-schema-graph\">{\"@context\":\"https:\/\/schema.org\",\"@graph\":[{\"@type\":[\"Person\",\"Organization\"],\"@id\":\"https:\/\/annette-ahrens.at\/onlineshop\/#\/schema\/person\/3e19676faae246bba0cb3b7e15f427d8\",\"name\":\"Annette Ahrens\",\"image\":{\"@type\":\"ImageObject\",\"@id\":\"https:\/\/annette-ahrens.at\/onlineshop\/#personlogo\",\"inLanguage\":\"de\",\"url\":\"https:\/\/annette-ahrens.at\/onlineshop\/wp-content\/uploads\/2020\/04\/aa_logo_End.png\",\"width\":800,\"height\":164,\"caption\":\"Annette Ahrens\"},\"logo\":{\"@id\":\"https:\/\/annette-ahrens.at\/onlineshop\/#personlogo\"},\"sameAs\":[\"https:\/\/annette-ahrens.at\",\"https:\/\/www.facebook.com\/AnnetteAhrensTafelkultur\",\"https:\/\/www.instagram.com\/tafelkulturistin\/\",\"https:\/\/de.wikipedia.org\/wiki\/Annette_Ahrens\"]},{\"@type\":\"WebSite\",\"@id\":\"https:\/\/annette-ahrens.at\/onlineshop\/#website\",\"url\":\"https:\/\/annette-ahrens.at\/onlineshop\/\",\"name\":\"Tafelkultur Onlineshop\",\"description\":\"Annette Ahrens\",\"publisher\":{\"@id\":\"https:\/\/annette-ahrens.at\/onlineshop\/#\/schema\/person\/3e19676faae246bba0cb3b7e15f427d8\"},\"potentialAction\":[{\"@type\":\"SearchAction\",\"target\":\"https:\/\/annette-ahrens.at\/onlineshop\/?s={search_term_string}\",\"query-input\":\"required name=search_term_string\"}],\"inLanguage\":\"de\"},{\"@type\":\"ImageObject\",\"@id\":\"https:\/\/annette-ahrens.at\/onlineshop\/produkt\/paar-versilberter-art-deco-salz-und-pfefferstreuer-fa-ercuis-frankreich-um-1930\/#primaryimage\",\"inLanguage\":\"de\",\"url\":\"https:\/\/annette-ahrens.at\/onlineshop\/wp-content\/uploads\/2025\/10\/IMG_9120-scaled.jpeg\",\"width\":2048,\"height\":1787,\"caption\":\"streuer_ercuis_lancel\"},{\"@type\":[\"WebPage\",\"ItemPage\"],\"@id\":\"https:\/\/annette-ahrens.at\/onlineshop\/produkt\/paar-versilberter-art-deco-salz-und-pfefferstreuer-fa-ercuis-frankreich-um-1930\/#webpage\",\"url\":\"https:\/\/annette-ahrens.at\/onlineshop\/produkt\/paar-versilberter-art-deco-salz-und-pfefferstreuer-fa-ercuis-frankreich-um-1930\/\",\"name\":\"Paar versilberter Art Deco Salz-und Pfefferstreuer, Fa. Ercuis, Frankreich, um 1930\",\"isPartOf\":{\"@id\":\"https:\/\/annette-ahrens.at\/onlineshop\/#website\"},\"primaryImageOfPage\":{\"@id\":\"https:\/\/annette-ahrens.at\/onlineshop\/produkt\/paar-versilberter-art-deco-salz-und-pfefferstreuer-fa-ercuis-frankreich-um-1930\/#primaryimage\"},\"datePublished\":\"2025-10-09T04:51:18+00:00\",\"dateModified\":\"2025-10-06T18:57:46+00:00\",\"description\":\"Paar versilberter Art Deco Salz-und Pfefferstreuer, Fa. Ercuis, Frankreich, um 1930 \\u2665 Antiquit\\u00e4ten Online kaufen \\u2713 Sichere Lieferung \\u2713\",\"breadcrumb\":{\"@id\":\"https:\/\/annette-ahrens.at\/onlineshop\/produkt\/paar-versilberter-art-deco-salz-und-pfefferstreuer-fa-ercuis-frankreich-um-1930\/#breadcrumb\"},\"inLanguage\":\"de\",\"potentialAction\":[{\"@type\":\"ReadAction\",\"target\":[\"https:\/\/annette-ahrens.at\/onlineshop\/produkt\/paar-versilberter-art-deco-salz-und-pfefferstreuer-fa-ercuis-frankreich-um-1930\/\"]}]},{\"@type\":\"BreadcrumbList\",\"@id\":\"https:\/\/annette-ahrens.at\/onlineshop\/produkt\/paar-versilberter-art-deco-salz-und-pfefferstreuer-fa-ercuis-frankreich-um-1930\/#breadcrumb\",\"itemListElement\":[{\"@type\":\"ListItem\",\"position\":1,\"item\":{\"@type\":\"WebPage\",\"@id\":\"https:\/\/annette-ahrens.at\/onlineshop\/\",\"url\":\"https:\/\/annette-ahrens.at\/onlineshop\/\",\"name\":\"Home\"}},{\"@type\":\"ListItem\",\"position\":2,\"item\":{\"@type\":\"WebPage\",\"@id\":\"https:\/\/annette-ahrens.at\/onlineshop\/alle-tafelkultur-objekte\/\",\"url\":\"https:\/\/annette-ahrens.at\/onlineshop\/alle-tafelkultur-objekte\/\",\"name\":\"Alle Tafelkultur Objekte\"}},{\"@type\":\"ListItem\",\"position\":3,\"item\":{\"@type\":\"WebPage\",\"@id\":\"https:\/\/annette-ahrens.at\/onlineshop\/produkt\/paar-versilberter-art-deco-salz-und-pfefferstreuer-fa-ercuis-frankreich-um-1930\/\",\"url\":\"https:\/\/annette-ahrens.at\/onlineshop\/produkt\/paar-versilberter-art-deco-salz-und-pfefferstreuer-fa-ercuis-frankreich-um-1930\/\",\"name\":\"Paar versilberter Art Deco Salz-und Pfefferstreuer, Fa. Ercuis, Frankreich, um 1930\"}}]}]}<\/script>\n<!-- \/ Yoast SEO Premium plugin. -->","_links":{"self":[{"href":"https:\/\/annette-ahrens.at\/onlineshop\/wp-json\/wp\/v2\/product\/39819","targetHints":{"allow":["GET"]}}],"collection":[{"href":"https:\/\/annette-ahrens.at\/onlineshop\/wp-json\/wp\/v2\/product"}],"about":[{"href":"https:\/\/annette-ahrens.at\/onlineshop\/wp-json\/wp\/v2\/types\/product"}],"replies":[{"embeddable":true,"href":"https:\/\/annette-ahrens.at\/onlineshop\/wp-json\/wp\/v2\/comments?post=39819"}],"wp:featuredmedia":[{"embeddable":true,"href":"https:\/\/annette-ahrens.at\/onlineshop\/wp-json\/wp\/v2\/media\/39823"}],"wp:attachment":[{"href":"https:\/\/annette-ahrens.at\/onlineshop\/wp-json\/wp\/v2\/media?parent=39819"}],"wp:term":[{"taxonomy":"product_brand","embeddable":true,"href":"https:\/\/annette-ahrens.at\/onlineshop\/wp-json\/wp\/v2\/product_brand?post=39819"},{"taxonomy":"product_cat","embeddable":true,"href":"https:\/\/annette-ahrens.at\/onlineshop\/wp-json\/wp\/v2\/product_cat?post=39819"},{"taxonomy":"product_tag","embeddable":true,"href":"https:\/\/annette-ahrens.at\/onlineshop\/wp-json\/wp\/v2\/product_tag?post=39819"}],"curies":[{"name":"wp","href":"https:\/\/api.w.org\/{rel}","templated":true}]}}