{"id":39922,"date":"2025-10-07T19:55:51","date_gmt":"2025-10-07T17:55:51","guid":{"rendered":"https:\/\/annette-ahrens.at\/onlineshop\/?post_type=product&#038;p=39922"},"modified":"2025-10-07T22:24:42","modified_gmt":"2025-10-07T20:24:42","slug":"6-art-deco-messerbaenke-undulations-luc-lanel-fuer-fa-christofle-paris-um-1930-2","status":"publish","type":"product","link":"https:\/\/annette-ahrens.at\/onlineshop\/produkt\/6-art-deco-messerbaenke-undulations-luc-lanel-fuer-fa-christofle-paris-um-1930-2\/","title":{"rendered":"6 Art Deco Messerb\u00e4nke &#8222;Undulations&#8220;, Luc Lanel f\u00fcr Fa. Christofle, Paris, um 1930"},"content":{"rendered":"<p>6 versilberte Art Deco Messerb\u00e4nke &#8222;Undulations&#8220;<\/p>\n<p>Entwurf: Lucien (Luc) Lanel (Le V\u00e9sinet 1893 \u2013 1965 Neuilly-sur-Seine) f\u00fcr Fa. Christofle, Frankreich, um 1930<\/p>\n<p>Alpacca, versilbert, Modell &#8222;Undulations&#8220;, gemarkt CHRISTOFLE FRANCE, minimale Altersspuren<\/p>\n<p>L\u00e4nge 8,5 x 2,5 cm<\/p>\n<p>Literatur: Dominique Forest,\u00a0<span id=\"productTitle\" class=\"a-size-extra-large\">Lanel: Luc &amp; Marjolain, Paris 2005, Seite 30 mit Abbildung der Besteck-Entw\u00fcrfe von Luc Lanel f\u00fcr Christofle<\/span><\/p>\n","protected":false},"excerpt":{"rendered":"<p>Annettes Etikette: Dieser\u00a0Art Deco Entwurf wird dem Leiter der Galvanoplastik von Christofle, dem Designer Lucien (Luc) Lanel (Le V\u00e9sinet 1893 \u2013 1965 Neuilly-sur-Seine) zugeschrieben. Lanel gab als Mitarbeiter sogar eine Fibel der Tischkultur \u201c<em>L\u00b4art de dresser la table<\/em>\u201d f\u00fcr Christofle um 1945 heraus, ein heute antiquarisch begehrtes Werk. Die international sehr gesuchte Firma Christofle geh\u00f6rt f\u00fcr mich zum \u201cMercedes\u201d der Silberschmiede und ich bin stolz diese tollen Messerhalter anbieten zu d\u00fcrfen.<\/p>\n","protected":false},"featured_media":39915,"comment_status":"open","ping_status":"closed","template":"","meta":[],"product_brand":[],"product_cat":[276,30,139,253,18,237],"product_tag":[],"class_list":{"0":"post-39922","1":"product","2":"type-product","3":"status-publish","4":"has-post-thumbnail","6":"product_cat-alpacca","7":"product_cat-besteck","8":"product_cat-butter","9":"product_cat-buttermesser-messer","10":"product_cat-fruehstueck","11":"product_cat-messer","13":"first","14":"instock","15":"sold-individually","16":"purchasable","17":"product-type-simple"},"yoast_head":"<!-- This site is optimized with the Yoast SEO Premium plugin v15.8.2 - https:\/\/yoast.com\/wordpress\/plugins\/seo\/ -->\n<title>6 Art Deco Messerb\u00e4nke &quot;Undulations&quot;, Luc Lanel f\u00fcr Fa. Christofle, Paris, um 1930<\/title>\n<meta name=\"description\" content=\"6 Art Deco Messerb\u00e4nke &quot;Undulations&quot;, Luc Lanel f\u00fcr Fa. Christofle, Paris, um 1930 \u2665 Antiquit\u00e4ten Online kaufen \u2713 Sichere Lieferung \u2713\" \/>\n<meta name=\"robots\" content=\"index, follow, max-snippet:-1, max-image-preview:large, max-video-preview:-1\" \/>\n<link rel=\"canonical\" href=\"https:\/\/annette-ahrens.at\/onlineshop\/produkt\/6-art-deco-messerbaenke-undulations-luc-lanel-fuer-fa-christofle-paris-um-1930-2\/\" \/>\n<meta property=\"og:locale\" content=\"de_DE\" \/>\n<meta property=\"og:type\" content=\"article\" \/>\n<meta property=\"og:title\" content=\"6 Art Deco Messerb\u00e4nke &quot;Undulations&quot;, Luc Lanel f\u00fcr Fa. Christofle, Paris, um 1930\" \/>\n<meta property=\"og:description\" content=\"6 Art Deco Messerb\u00e4nke &quot;Undulations&quot;, Luc Lanel f\u00fcr Fa. Christofle, Paris, um 1930 \u2665 Antiquit\u00e4ten Online kaufen \u2713 Sichere Lieferung \u2713\" \/>\n<meta property=\"og:url\" content=\"https:\/\/annette-ahrens.at\/onlineshop\/produkt\/6-art-deco-messerbaenke-undulations-luc-lanel-fuer-fa-christofle-paris-um-1930-2\/\" \/>\n<meta property=\"og:site_name\" content=\"Tafelkultur Onlineshop\" \/>\n<meta property=\"article:publisher\" content=\"https:\/\/www.facebook.com\/AnnetteAhrensTafelkultur\" \/>\n<meta property=\"article:modified_time\" content=\"2025-10-07T20:24:42+00:00\" \/>\n<meta property=\"og:image\" content=\"https:\/\/annette-ahrens.at\/onlineshop\/wp-content\/uploads\/2025\/10\/IMG_9228-scaled.jpeg\" \/>\n\t<meta property=\"og:image:width\" content=\"1914\" \/>\n\t<meta property=\"og:image:height\" content=\"2048\" \/>\n<meta name=\"twitter:card\" content=\"summary_large_image\" \/>\n<meta name=\"twitter:label1\" content=\"Gesch\u00e4tzte Lesezeit\">\n\t<meta name=\"twitter:data1\" content=\"1\u00a0Minute\">\n<script type=\"application\/ld+json\" class=\"yoast-schema-graph\">{\"@context\":\"https:\/\/schema.org\",\"@graph\":[{\"@type\":[\"Person\",\"Organization\"],\"@id\":\"https:\/\/annette-ahrens.at\/onlineshop\/#\/schema\/person\/3e19676faae246bba0cb3b7e15f427d8\",\"name\":\"Annette Ahrens\",\"image\":{\"@type\":\"ImageObject\",\"@id\":\"https:\/\/annette-ahrens.at\/onlineshop\/#personlogo\",\"inLanguage\":\"de\",\"url\":\"https:\/\/annette-ahrens.at\/onlineshop\/wp-content\/uploads\/2020\/04\/aa_logo_End.png\",\"width\":800,\"height\":164,\"caption\":\"Annette Ahrens\"},\"logo\":{\"@id\":\"https:\/\/annette-ahrens.at\/onlineshop\/#personlogo\"},\"sameAs\":[\"https:\/\/annette-ahrens.at\",\"https:\/\/www.facebook.com\/AnnetteAhrensTafelkultur\",\"https:\/\/www.instagram.com\/tafelkulturistin\/\",\"https:\/\/de.wikipedia.org\/wiki\/Annette_Ahrens\"]},{\"@type\":\"WebSite\",\"@id\":\"https:\/\/annette-ahrens.at\/onlineshop\/#website\",\"url\":\"https:\/\/annette-ahrens.at\/onlineshop\/\",\"name\":\"Tafelkultur Onlineshop\",\"description\":\"Annette Ahrens\",\"publisher\":{\"@id\":\"https:\/\/annette-ahrens.at\/onlineshop\/#\/schema\/person\/3e19676faae246bba0cb3b7e15f427d8\"},\"potentialAction\":[{\"@type\":\"SearchAction\",\"target\":\"https:\/\/annette-ahrens.at\/onlineshop\/?s={search_term_string}\",\"query-input\":\"required name=search_term_string\"}],\"inLanguage\":\"de\"},{\"@type\":\"ImageObject\",\"@id\":\"https:\/\/annette-ahrens.at\/onlineshop\/produkt\/6-art-deco-messerbaenke-undulations-luc-lanel-fuer-fa-christofle-paris-um-1930-2\/#primaryimage\",\"inLanguage\":\"de\",\"url\":\"https:\/\/annette-ahrens.at\/onlineshop\/wp-content\/uploads\/2025\/10\/IMG_9228-scaled.jpeg\",\"width\":1914,\"height\":2048,\"caption\":\"messerb\\u00e4nke_christofle_lanel\"},{\"@type\":[\"WebPage\",\"ItemPage\"],\"@id\":\"https:\/\/annette-ahrens.at\/onlineshop\/produkt\/6-art-deco-messerbaenke-undulations-luc-lanel-fuer-fa-christofle-paris-um-1930-2\/#webpage\",\"url\":\"https:\/\/annette-ahrens.at\/onlineshop\/produkt\/6-art-deco-messerbaenke-undulations-luc-lanel-fuer-fa-christofle-paris-um-1930-2\/\",\"name\":\"6 Art Deco Messerb\\u00e4nke \\\"Undulations\\\", Luc Lanel f\\u00fcr Fa. Christofle, Paris, um 1930\",\"isPartOf\":{\"@id\":\"https:\/\/annette-ahrens.at\/onlineshop\/#website\"},\"primaryImageOfPage\":{\"@id\":\"https:\/\/annette-ahrens.at\/onlineshop\/produkt\/6-art-deco-messerbaenke-undulations-luc-lanel-fuer-fa-christofle-paris-um-1930-2\/#primaryimage\"},\"datePublished\":\"2025-10-07T17:55:51+00:00\",\"dateModified\":\"2025-10-07T20:24:42+00:00\",\"description\":\"6 Art Deco Messerb\\u00e4nke \\\"Undulations\\\", Luc Lanel f\\u00fcr Fa. Christofle, Paris, um 1930 \\u2665 Antiquit\\u00e4ten Online kaufen \\u2713 Sichere Lieferung \\u2713\",\"breadcrumb\":{\"@id\":\"https:\/\/annette-ahrens.at\/onlineshop\/produkt\/6-art-deco-messerbaenke-undulations-luc-lanel-fuer-fa-christofle-paris-um-1930-2\/#breadcrumb\"},\"inLanguage\":\"de\",\"potentialAction\":[{\"@type\":\"ReadAction\",\"target\":[\"https:\/\/annette-ahrens.at\/onlineshop\/produkt\/6-art-deco-messerbaenke-undulations-luc-lanel-fuer-fa-christofle-paris-um-1930-2\/\"]}]},{\"@type\":\"BreadcrumbList\",\"@id\":\"https:\/\/annette-ahrens.at\/onlineshop\/produkt\/6-art-deco-messerbaenke-undulations-luc-lanel-fuer-fa-christofle-paris-um-1930-2\/#breadcrumb\",\"itemListElement\":[{\"@type\":\"ListItem\",\"position\":1,\"item\":{\"@type\":\"WebPage\",\"@id\":\"https:\/\/annette-ahrens.at\/onlineshop\/\",\"url\":\"https:\/\/annette-ahrens.at\/onlineshop\/\",\"name\":\"Home\"}},{\"@type\":\"ListItem\",\"position\":2,\"item\":{\"@type\":\"WebPage\",\"@id\":\"https:\/\/annette-ahrens.at\/onlineshop\/alle-tafelkultur-objekte\/\",\"url\":\"https:\/\/annette-ahrens.at\/onlineshop\/alle-tafelkultur-objekte\/\",\"name\":\"Alle Tafelkultur Objekte\"}},{\"@type\":\"ListItem\",\"position\":3,\"item\":{\"@type\":\"WebPage\",\"@id\":\"https:\/\/annette-ahrens.at\/onlineshop\/produkt\/6-art-deco-messerbaenke-undulations-luc-lanel-fuer-fa-christofle-paris-um-1930-2\/\",\"url\":\"https:\/\/annette-ahrens.at\/onlineshop\/produkt\/6-art-deco-messerbaenke-undulations-luc-lanel-fuer-fa-christofle-paris-um-1930-2\/\",\"name\":\"6 Art Deco Messerb\\u00e4nke &#8222;Undulations&#8220;, Luc Lanel f\\u00fcr Fa. Christofle, Paris, um 1930\"}}]}]}<\/script>\n<!-- \/ Yoast SEO Premium plugin. -->","_links":{"self":[{"href":"https:\/\/annette-ahrens.at\/onlineshop\/wp-json\/wp\/v2\/product\/39922","targetHints":{"allow":["GET"]}}],"collection":[{"href":"https:\/\/annette-ahrens.at\/onlineshop\/wp-json\/wp\/v2\/product"}],"about":[{"href":"https:\/\/annette-ahrens.at\/onlineshop\/wp-json\/wp\/v2\/types\/product"}],"replies":[{"embeddable":true,"href":"https:\/\/annette-ahrens.at\/onlineshop\/wp-json\/wp\/v2\/comments?post=39922"}],"wp:featuredmedia":[{"embeddable":true,"href":"https:\/\/annette-ahrens.at\/onlineshop\/wp-json\/wp\/v2\/media\/39915"}],"wp:attachment":[{"href":"https:\/\/annette-ahrens.at\/onlineshop\/wp-json\/wp\/v2\/media?parent=39922"}],"wp:term":[{"taxonomy":"product_brand","embeddable":true,"href":"https:\/\/annette-ahrens.at\/onlineshop\/wp-json\/wp\/v2\/product_brand?post=39922"},{"taxonomy":"product_cat","embeddable":true,"href":"https:\/\/annette-ahrens.at\/onlineshop\/wp-json\/wp\/v2\/product_cat?post=39922"},{"taxonomy":"product_tag","embeddable":true,"href":"https:\/\/annette-ahrens.at\/onlineshop\/wp-json\/wp\/v2\/product_tag?post=39922"}],"curies":[{"name":"wp","href":"https:\/\/api.w.org\/{rel}","templated":true}]}}