{"id":40089,"date":"2025-12-14T06:52:58","date_gmt":"2025-12-14T05:52:58","guid":{"rendered":"https:\/\/annette-ahrens.at\/onlineshop\/?post_type=product&#038;p=40089"},"modified":"2026-01-12T01:16:51","modified_gmt":"2026-01-12T00:16:51","slug":"josephinischer-kerzenleuchter-mit-loeschhut-wiener-porzellanmanufaktur-um-1797","status":"publish","type":"product","link":"https:\/\/annette-ahrens.at\/onlineshop\/produkt\/josephinischer-kerzenleuchter-mit-loeschhut-wiener-porzellanmanufaktur-um-1797\/","title":{"rendered":"Seltener josephinischer Kerzenleuchter mit L\u00f6schhut, Wiener Porzellanmanufaktur, um 1797"},"content":{"rendered":"<p>Josephinischer Kerzenleuchter mit seltenem, zugeh\u00f6rigen L\u00f6schhut<\/p>\n<p>Wiener Porzellanmanufaktur, um 1797<\/p>\n<p>Porzellan, glasiert, bemalt, runde Basis mit umlaufendem Blau-Weissem Band auf braunem Fond, glatter Schaft mit T\u00fclle, am unglasierten Boden gemarkt mit blauem Bindenschild, Jahreszahl (17)97, seltener, zugeh\u00f6riger L\u00f6schhut bezeichnet &#8222;Bon Soir&#8220;, L\u00f6schhut am Rand fachgerecht restauriert<\/p>\n<p>H\u00f6he 6,3 cm<\/p>\n<p>5,5 x 5,5 cm<\/p>\n","protected":false},"excerpt":{"rendered":"<p>Annettes Etikette: Die im 18. Jahrhundert sehr teuren Kerzen aus Bienenwachs wurden einzeln vom Silberk\u00e4mmerer ausgegeben. Die 2009 stattgefundenen Lichtexperimente in Potsdam haben unsere Wahrnehmung von Licht im 18. Jahrhundert sicherlich nachhaltig ver\u00e4ndert. Waren sowohl alle Kronen als auch die Tisch- und Wandleuchter mit Kerzen best\u00fcckt wurden maximal f\u00fcnf Lux erreicht. Daher war ein Kerzenleuchter bei Tisch essentiell, um zu sehen, was am Teller lag. Hier hat sich der entz\u00fcckende L\u00f6schhut in korrespondierendem Dekor erhalten.<\/p>\n","protected":false},"featured_media":40083,"comment_status":"open","ping_status":"closed","template":"","meta":[],"product_brand":[],"product_cat":[25,48,274,53],"product_tag":[],"class_list":{"0":"post-40089","1":"product","2":"type-product","3":"status-publish","4":"has-post-thumbnail","6":"product_cat-5o-clock-tea","7":"product_cat-kerzenleuchter","8":"product_cat-porzellan-fachbuecher","9":"product_cat-weihnachten","11":"first","12":"instock","13":"sold-individually","14":"purchasable","15":"product-type-simple"},"yoast_head":"<!-- This site is optimized with the Yoast SEO Premium plugin v15.8.2 - https:\/\/yoast.com\/wordpress\/plugins\/seo\/ -->\n<title>Seltener josephinischer Kerzenleuchter mit L\u00f6schhut, Wiener Porzellanmanufaktur, um 1797<\/title>\n<meta name=\"description\" content=\"Seltener josephinischer Kerzenleuchter mit L\u00f6schhut, Wiener Porzellanmanufaktur, um 1797 \u2665 Antiquit\u00e4ten Online kaufen \u2713 Sichere Lieferung \u2713\" \/>\n<meta name=\"robots\" content=\"index, follow, max-snippet:-1, max-image-preview:large, max-video-preview:-1\" \/>\n<link rel=\"canonical\" href=\"https:\/\/annette-ahrens.at\/onlineshop\/produkt\/josephinischer-kerzenleuchter-mit-loeschhut-wiener-porzellanmanufaktur-um-1797\/\" \/>\n<meta property=\"og:locale\" content=\"de_DE\" \/>\n<meta property=\"og:type\" content=\"article\" \/>\n<meta property=\"og:title\" content=\"Seltener josephinischer Kerzenleuchter mit L\u00f6schhut, Wiener Porzellanmanufaktur, um 1797\" \/>\n<meta property=\"og:description\" content=\"Seltener josephinischer Kerzenleuchter mit L\u00f6schhut, Wiener Porzellanmanufaktur, um 1797 \u2665 Antiquit\u00e4ten Online kaufen \u2713 Sichere Lieferung \u2713\" \/>\n<meta property=\"og:url\" content=\"https:\/\/annette-ahrens.at\/onlineshop\/produkt\/josephinischer-kerzenleuchter-mit-loeschhut-wiener-porzellanmanufaktur-um-1797\/\" \/>\n<meta property=\"og:site_name\" content=\"Tafelkultur Onlineshop\" \/>\n<meta property=\"article:publisher\" content=\"https:\/\/www.facebook.com\/AnnetteAhrensTafelkultur\" \/>\n<meta property=\"article:modified_time\" content=\"2026-01-12T00:16:51+00:00\" \/>\n<meta property=\"og:image\" content=\"https:\/\/annette-ahrens.at\/onlineshop\/wp-content\/uploads\/2025\/10\/IMG_9377-scaled.jpeg\" \/>\n\t<meta property=\"og:image:width\" content=\"2026\" \/>\n\t<meta property=\"og:image:height\" content=\"2048\" \/>\n<meta name=\"twitter:card\" content=\"summary_large_image\" \/>\n<meta name=\"twitter:label1\" content=\"Gesch\u00e4tzte Lesezeit\">\n\t<meta name=\"twitter:data1\" content=\"1\u00a0Minute\">\n<script type=\"application\/ld+json\" class=\"yoast-schema-graph\">{\"@context\":\"https:\/\/schema.org\",\"@graph\":[{\"@type\":[\"Person\",\"Organization\"],\"@id\":\"https:\/\/annette-ahrens.at\/onlineshop\/#\/schema\/person\/3e19676faae246bba0cb3b7e15f427d8\",\"name\":\"Annette Ahrens\",\"image\":{\"@type\":\"ImageObject\",\"@id\":\"https:\/\/annette-ahrens.at\/onlineshop\/#personlogo\",\"inLanguage\":\"de\",\"url\":\"https:\/\/annette-ahrens.at\/onlineshop\/wp-content\/uploads\/2020\/04\/aa_logo_End.png\",\"width\":800,\"height\":164,\"caption\":\"Annette Ahrens\"},\"logo\":{\"@id\":\"https:\/\/annette-ahrens.at\/onlineshop\/#personlogo\"},\"sameAs\":[\"https:\/\/annette-ahrens.at\",\"https:\/\/www.facebook.com\/AnnetteAhrensTafelkultur\",\"https:\/\/www.instagram.com\/tafelkulturistin\/\",\"https:\/\/de.wikipedia.org\/wiki\/Annette_Ahrens\"]},{\"@type\":\"WebSite\",\"@id\":\"https:\/\/annette-ahrens.at\/onlineshop\/#website\",\"url\":\"https:\/\/annette-ahrens.at\/onlineshop\/\",\"name\":\"Tafelkultur Onlineshop\",\"description\":\"Annette Ahrens\",\"publisher\":{\"@id\":\"https:\/\/annette-ahrens.at\/onlineshop\/#\/schema\/person\/3e19676faae246bba0cb3b7e15f427d8\"},\"potentialAction\":[{\"@type\":\"SearchAction\",\"target\":\"https:\/\/annette-ahrens.at\/onlineshop\/?s={search_term_string}\",\"query-input\":\"required name=search_term_string\"}],\"inLanguage\":\"de\"},{\"@type\":\"ImageObject\",\"@id\":\"https:\/\/annette-ahrens.at\/onlineshop\/produkt\/josephinischer-kerzenleuchter-mit-loeschhut-wiener-porzellanmanufaktur-um-1797\/#primaryimage\",\"inLanguage\":\"de\",\"url\":\"https:\/\/annette-ahrens.at\/onlineshop\/wp-content\/uploads\/2025\/10\/IMG_9377-scaled.jpeg\",\"width\":2026,\"height\":2048,\"caption\":\"kerzenleuchter_alt_wien1797\"},{\"@type\":[\"WebPage\",\"ItemPage\"],\"@id\":\"https:\/\/annette-ahrens.at\/onlineshop\/produkt\/josephinischer-kerzenleuchter-mit-loeschhut-wiener-porzellanmanufaktur-um-1797\/#webpage\",\"url\":\"https:\/\/annette-ahrens.at\/onlineshop\/produkt\/josephinischer-kerzenleuchter-mit-loeschhut-wiener-porzellanmanufaktur-um-1797\/\",\"name\":\"Seltener josephinischer Kerzenleuchter mit L\\u00f6schhut, Wiener Porzellanmanufaktur, um 1797\",\"isPartOf\":{\"@id\":\"https:\/\/annette-ahrens.at\/onlineshop\/#website\"},\"primaryImageOfPage\":{\"@id\":\"https:\/\/annette-ahrens.at\/onlineshop\/produkt\/josephinischer-kerzenleuchter-mit-loeschhut-wiener-porzellanmanufaktur-um-1797\/#primaryimage\"},\"datePublished\":\"2025-12-14T05:52:58+00:00\",\"dateModified\":\"2026-01-12T00:16:51+00:00\",\"description\":\"Seltener josephinischer Kerzenleuchter mit L\\u00f6schhut, Wiener Porzellanmanufaktur, um 1797 \\u2665 Antiquit\\u00e4ten Online kaufen \\u2713 Sichere Lieferung \\u2713\",\"breadcrumb\":{\"@id\":\"https:\/\/annette-ahrens.at\/onlineshop\/produkt\/josephinischer-kerzenleuchter-mit-loeschhut-wiener-porzellanmanufaktur-um-1797\/#breadcrumb\"},\"inLanguage\":\"de\",\"potentialAction\":[{\"@type\":\"ReadAction\",\"target\":[\"https:\/\/annette-ahrens.at\/onlineshop\/produkt\/josephinischer-kerzenleuchter-mit-loeschhut-wiener-porzellanmanufaktur-um-1797\/\"]}]},{\"@type\":\"BreadcrumbList\",\"@id\":\"https:\/\/annette-ahrens.at\/onlineshop\/produkt\/josephinischer-kerzenleuchter-mit-loeschhut-wiener-porzellanmanufaktur-um-1797\/#breadcrumb\",\"itemListElement\":[{\"@type\":\"ListItem\",\"position\":1,\"item\":{\"@type\":\"WebPage\",\"@id\":\"https:\/\/annette-ahrens.at\/onlineshop\/\",\"url\":\"https:\/\/annette-ahrens.at\/onlineshop\/\",\"name\":\"Home\"}},{\"@type\":\"ListItem\",\"position\":2,\"item\":{\"@type\":\"WebPage\",\"@id\":\"https:\/\/annette-ahrens.at\/onlineshop\/alle-tafelkultur-objekte\/\",\"url\":\"https:\/\/annette-ahrens.at\/onlineshop\/alle-tafelkultur-objekte\/\",\"name\":\"Alle Tafelkultur Objekte\"}},{\"@type\":\"ListItem\",\"position\":3,\"item\":{\"@type\":\"WebPage\",\"@id\":\"https:\/\/annette-ahrens.at\/onlineshop\/produkt\/josephinischer-kerzenleuchter-mit-loeschhut-wiener-porzellanmanufaktur-um-1797\/\",\"url\":\"https:\/\/annette-ahrens.at\/onlineshop\/produkt\/josephinischer-kerzenleuchter-mit-loeschhut-wiener-porzellanmanufaktur-um-1797\/\",\"name\":\"Seltener josephinischer Kerzenleuchter mit L\\u00f6schhut, Wiener Porzellanmanufaktur, um 1797\"}}]}]}<\/script>\n<!-- \/ Yoast SEO Premium plugin. -->","_links":{"self":[{"href":"https:\/\/annette-ahrens.at\/onlineshop\/wp-json\/wp\/v2\/product\/40089","targetHints":{"allow":["GET"]}}],"collection":[{"href":"https:\/\/annette-ahrens.at\/onlineshop\/wp-json\/wp\/v2\/product"}],"about":[{"href":"https:\/\/annette-ahrens.at\/onlineshop\/wp-json\/wp\/v2\/types\/product"}],"replies":[{"embeddable":true,"href":"https:\/\/annette-ahrens.at\/onlineshop\/wp-json\/wp\/v2\/comments?post=40089"}],"wp:featuredmedia":[{"embeddable":true,"href":"https:\/\/annette-ahrens.at\/onlineshop\/wp-json\/wp\/v2\/media\/40083"}],"wp:attachment":[{"href":"https:\/\/annette-ahrens.at\/onlineshop\/wp-json\/wp\/v2\/media?parent=40089"}],"wp:term":[{"taxonomy":"product_brand","embeddable":true,"href":"https:\/\/annette-ahrens.at\/onlineshop\/wp-json\/wp\/v2\/product_brand?post=40089"},{"taxonomy":"product_cat","embeddable":true,"href":"https:\/\/annette-ahrens.at\/onlineshop\/wp-json\/wp\/v2\/product_cat?post=40089"},{"taxonomy":"product_tag","embeddable":true,"href":"https:\/\/annette-ahrens.at\/onlineshop\/wp-json\/wp\/v2\/product_tag?post=40089"}],"curies":[{"name":"wp","href":"https:\/\/api.w.org\/{rel}","templated":true}]}}