{"id":40092,"date":"2025-10-22T06:59:28","date_gmt":"2025-10-22T04:59:28","guid":{"rendered":"https:\/\/annette-ahrens.at\/onlineshop\/?post_type=product&#038;p=40092"},"modified":"2025-10-19T11:38:35","modified_gmt":"2025-10-19T09:38:35","slug":"6-pastellfarbene-eierbecher-oder-schnapsbecher-karlsbad-um-1950-2","status":"publish","type":"product","link":"https:\/\/annette-ahrens.at\/onlineshop\/produkt\/6-pastellfarbene-eierbecher-oder-schnapsbecher-karlsbad-um-1950-2\/","title":{"rendered":"6 pastellfarbene Eierbecher oder Schnapsbecher, Karlsbad, um 1950"},"content":{"rendered":"<p>6 pastellfarbene Eierbecher oder Schnapsbecher<\/p>\n<p>Porzellanmanufaktur Rudolf K\u00e4mpf, Karlsbad, um 1950<\/p>\n<p>Porzellan, pastellfarben bemalt, teilweise vergoldeter Lippenrand, unten gemarkt &#8222;JSK&#8220;, tadellos erhalten<\/p>\n<p>H 4,3 cm<\/p>\n<p>Dm 4 cm<\/p>\n","protected":false},"excerpt":{"rendered":"<p>Annettes Etikette: Die Fahrt durchs Egerland f\u00fchrt an vielen Porzellanmanufakturen vorbei. Im Ortsteil Lou\u010dky befindet sich die Manufaktur von Rudolf K\u00e4mpf Gr\u00fcnlas, welche 1911 gegr\u00fcndet wurde. Um 1950 konnten namhafte K\u00fcnstler f\u00fcr Entw\u00fcrfe zeittypischer Porzellane gewonnen werden. Bis heute wird die Manufaktur ihrem Namen gerecht: alles wird per Hand angefertigt.<\/p>\n","protected":false},"featured_media":40093,"comment_status":"open","ping_status":"closed","template":"","meta":[],"product_brand":[],"product_cat":[142,36,18,218,227],"product_tag":[],"class_list":{"0":"post-40092","1":"product","2":"type-product","3":"status-publish","4":"has-post-thumbnail","6":"product_cat-eier","7":"product_cat-eierbecher","8":"product_cat-fruehstueck","9":"product_cat-schnaps","10":"product_cat-stamperl","12":"first","13":"instock","14":"sold-individually","15":"purchasable","16":"product-type-simple"},"yoast_head":"<!-- This site is optimized with the Yoast SEO Premium plugin v15.8.2 - https:\/\/yoast.com\/wordpress\/plugins\/seo\/ -->\n<title>6 pastellfarbene Eierbecher oder Schnapsbecher, Karlsbad, um 1950<\/title>\n<meta name=\"description\" content=\"6 pastellfarbene Eierbecher oder Schnapsbecher, Karlsbad, um 1950 \u2665 Antiquit\u00e4ten Online kaufen \u2713 Sichere Lieferung \u2713\" \/>\n<meta name=\"robots\" content=\"index, follow, max-snippet:-1, max-image-preview:large, max-video-preview:-1\" \/>\n<link rel=\"canonical\" href=\"https:\/\/annette-ahrens.at\/onlineshop\/produkt\/6-pastellfarbene-eierbecher-oder-schnapsbecher-karlsbad-um-1950-2\/\" \/>\n<meta property=\"og:locale\" content=\"de_DE\" \/>\n<meta property=\"og:type\" content=\"article\" \/>\n<meta property=\"og:title\" content=\"6 pastellfarbene Eierbecher oder Schnapsbecher, Karlsbad, um 1950\" \/>\n<meta property=\"og:description\" content=\"6 pastellfarbene Eierbecher oder Schnapsbecher, Karlsbad, um 1950 \u2665 Antiquit\u00e4ten Online kaufen \u2713 Sichere Lieferung \u2713\" \/>\n<meta property=\"og:url\" content=\"https:\/\/annette-ahrens.at\/onlineshop\/produkt\/6-pastellfarbene-eierbecher-oder-schnapsbecher-karlsbad-um-1950-2\/\" \/>\n<meta property=\"og:site_name\" content=\"Tafelkultur Onlineshop\" \/>\n<meta property=\"article:publisher\" content=\"https:\/\/www.facebook.com\/AnnetteAhrensTafelkultur\" \/>\n<meta property=\"article:modified_time\" content=\"2025-10-19T09:38:35+00:00\" \/>\n<meta property=\"og:image\" content=\"https:\/\/annette-ahrens.at\/onlineshop\/wp-content\/uploads\/2025\/10\/IMG_9394-scaled.jpeg\" \/>\n\t<meta property=\"og:image:width\" content=\"2048\" \/>\n\t<meta property=\"og:image:height\" content=\"1912\" \/>\n<meta name=\"twitter:card\" content=\"summary_large_image\" \/>\n<meta name=\"twitter:label1\" content=\"Gesch\u00e4tzte Lesezeit\">\n\t<meta name=\"twitter:data1\" content=\"1\u00a0Minute\">\n<script type=\"application\/ld+json\" class=\"yoast-schema-graph\">{\"@context\":\"https:\/\/schema.org\",\"@graph\":[{\"@type\":[\"Person\",\"Organization\"],\"@id\":\"https:\/\/annette-ahrens.at\/onlineshop\/#\/schema\/person\/3e19676faae246bba0cb3b7e15f427d8\",\"name\":\"Annette Ahrens\",\"image\":{\"@type\":\"ImageObject\",\"@id\":\"https:\/\/annette-ahrens.at\/onlineshop\/#personlogo\",\"inLanguage\":\"de\",\"url\":\"https:\/\/annette-ahrens.at\/onlineshop\/wp-content\/uploads\/2020\/04\/aa_logo_End.png\",\"width\":800,\"height\":164,\"caption\":\"Annette Ahrens\"},\"logo\":{\"@id\":\"https:\/\/annette-ahrens.at\/onlineshop\/#personlogo\"},\"sameAs\":[\"https:\/\/annette-ahrens.at\",\"https:\/\/www.facebook.com\/AnnetteAhrensTafelkultur\",\"https:\/\/www.instagram.com\/tafelkulturistin\/\",\"https:\/\/de.wikipedia.org\/wiki\/Annette_Ahrens\"]},{\"@type\":\"WebSite\",\"@id\":\"https:\/\/annette-ahrens.at\/onlineshop\/#website\",\"url\":\"https:\/\/annette-ahrens.at\/onlineshop\/\",\"name\":\"Tafelkultur Onlineshop\",\"description\":\"Annette Ahrens\",\"publisher\":{\"@id\":\"https:\/\/annette-ahrens.at\/onlineshop\/#\/schema\/person\/3e19676faae246bba0cb3b7e15f427d8\"},\"potentialAction\":[{\"@type\":\"SearchAction\",\"target\":\"https:\/\/annette-ahrens.at\/onlineshop\/?s={search_term_string}\",\"query-input\":\"required name=search_term_string\"}],\"inLanguage\":\"de\"},{\"@type\":\"ImageObject\",\"@id\":\"https:\/\/annette-ahrens.at\/onlineshop\/produkt\/6-pastellfarbene-eierbecher-oder-schnapsbecher-karlsbad-um-1950-2\/#primaryimage\",\"inLanguage\":\"de\",\"url\":\"https:\/\/annette-ahrens.at\/onlineshop\/wp-content\/uploads\/2025\/10\/IMG_9394-scaled.jpeg\",\"width\":2048,\"height\":1912,\"caption\":\"schnapsbecher_loucky\"},{\"@type\":[\"WebPage\",\"ItemPage\"],\"@id\":\"https:\/\/annette-ahrens.at\/onlineshop\/produkt\/6-pastellfarbene-eierbecher-oder-schnapsbecher-karlsbad-um-1950-2\/#webpage\",\"url\":\"https:\/\/annette-ahrens.at\/onlineshop\/produkt\/6-pastellfarbene-eierbecher-oder-schnapsbecher-karlsbad-um-1950-2\/\",\"name\":\"6 pastellfarbene Eierbecher oder Schnapsbecher, Karlsbad, um 1950\",\"isPartOf\":{\"@id\":\"https:\/\/annette-ahrens.at\/onlineshop\/#website\"},\"primaryImageOfPage\":{\"@id\":\"https:\/\/annette-ahrens.at\/onlineshop\/produkt\/6-pastellfarbene-eierbecher-oder-schnapsbecher-karlsbad-um-1950-2\/#primaryimage\"},\"datePublished\":\"2025-10-22T04:59:28+00:00\",\"dateModified\":\"2025-10-19T09:38:35+00:00\",\"description\":\"6 pastellfarbene Eierbecher oder Schnapsbecher, Karlsbad, um 1950 \\u2665 Antiquit\\u00e4ten Online kaufen \\u2713 Sichere Lieferung \\u2713\",\"breadcrumb\":{\"@id\":\"https:\/\/annette-ahrens.at\/onlineshop\/produkt\/6-pastellfarbene-eierbecher-oder-schnapsbecher-karlsbad-um-1950-2\/#breadcrumb\"},\"inLanguage\":\"de\",\"potentialAction\":[{\"@type\":\"ReadAction\",\"target\":[\"https:\/\/annette-ahrens.at\/onlineshop\/produkt\/6-pastellfarbene-eierbecher-oder-schnapsbecher-karlsbad-um-1950-2\/\"]}]},{\"@type\":\"BreadcrumbList\",\"@id\":\"https:\/\/annette-ahrens.at\/onlineshop\/produkt\/6-pastellfarbene-eierbecher-oder-schnapsbecher-karlsbad-um-1950-2\/#breadcrumb\",\"itemListElement\":[{\"@type\":\"ListItem\",\"position\":1,\"item\":{\"@type\":\"WebPage\",\"@id\":\"https:\/\/annette-ahrens.at\/onlineshop\/\",\"url\":\"https:\/\/annette-ahrens.at\/onlineshop\/\",\"name\":\"Home\"}},{\"@type\":\"ListItem\",\"position\":2,\"item\":{\"@type\":\"WebPage\",\"@id\":\"https:\/\/annette-ahrens.at\/onlineshop\/alle-tafelkultur-objekte\/\",\"url\":\"https:\/\/annette-ahrens.at\/onlineshop\/alle-tafelkultur-objekte\/\",\"name\":\"Alle Tafelkultur Objekte\"}},{\"@type\":\"ListItem\",\"position\":3,\"item\":{\"@type\":\"WebPage\",\"@id\":\"https:\/\/annette-ahrens.at\/onlineshop\/produkt\/6-pastellfarbene-eierbecher-oder-schnapsbecher-karlsbad-um-1950-2\/\",\"url\":\"https:\/\/annette-ahrens.at\/onlineshop\/produkt\/6-pastellfarbene-eierbecher-oder-schnapsbecher-karlsbad-um-1950-2\/\",\"name\":\"6 pastellfarbene Eierbecher oder Schnapsbecher, Karlsbad, um 1950\"}}]}]}<\/script>\n<!-- \/ Yoast SEO Premium plugin. -->","_links":{"self":[{"href":"https:\/\/annette-ahrens.at\/onlineshop\/wp-json\/wp\/v2\/product\/40092","targetHints":{"allow":["GET"]}}],"collection":[{"href":"https:\/\/annette-ahrens.at\/onlineshop\/wp-json\/wp\/v2\/product"}],"about":[{"href":"https:\/\/annette-ahrens.at\/onlineshop\/wp-json\/wp\/v2\/types\/product"}],"replies":[{"embeddable":true,"href":"https:\/\/annette-ahrens.at\/onlineshop\/wp-json\/wp\/v2\/comments?post=40092"}],"wp:featuredmedia":[{"embeddable":true,"href":"https:\/\/annette-ahrens.at\/onlineshop\/wp-json\/wp\/v2\/media\/40093"}],"wp:attachment":[{"href":"https:\/\/annette-ahrens.at\/onlineshop\/wp-json\/wp\/v2\/media?parent=40092"}],"wp:term":[{"taxonomy":"product_brand","embeddable":true,"href":"https:\/\/annette-ahrens.at\/onlineshop\/wp-json\/wp\/v2\/product_brand?post=40092"},{"taxonomy":"product_cat","embeddable":true,"href":"https:\/\/annette-ahrens.at\/onlineshop\/wp-json\/wp\/v2\/product_cat?post=40092"},{"taxonomy":"product_tag","embeddable":true,"href":"https:\/\/annette-ahrens.at\/onlineshop\/wp-json\/wp\/v2\/product_tag?post=40092"}],"curies":[{"name":"wp","href":"https:\/\/api.w.org\/{rel}","templated":true}]}}